{"id":932,"date":"2022-04-05T10:35:26","date_gmt":"2022-04-05T08:35:26","guid":{"rendered":"https:\/\/www.the-gourmand.com\/produit\/ayurveda-pitta-bio\/"},"modified":"2025-09-21T15:02:42","modified_gmt":"2025-09-21T13:02:42","slug":"tisane-du-matin-bio","status":"publish","type":"product","link":"https:\/\/www.the-gourmand.com\/es\/produit\/tisane-du-matin-bio\/","title":{"rendered":"Tisana Matinal Org\u00e1nica"},"content":{"rendered":"<p><span style=\"color: #000000;\"><strong>Tisana matinal Org\u00e1nica\u00a0<\/strong> Mezcla tradicional que aprovecha los beneficios de las plantas para ayudarle a comenzar bien el d\u00eda.\u00a0 Nuestro t\u00e9 de hierbas matutino es agradable para acompa\u00f1arle, especialmente en d\u00edas llenos de actividades.<\/span><\/p>\n<p><span style=\"color: #000000;\">(Contiene ra\u00edz de regaliz : se debe evitar el consumo excesivo de este producto en caso de hipertensi\u00f3n). <\/span><\/p>\n<p><span style=\"color: #000000;\">Ingredientes: Menta*, palitos de canela*, hibisco*, ra\u00edz de regaliz*, jengibre*, hinojo*, c\u00e1scara de naranja*, clavo*, manzanilla*, pimienta rosa*, cardamomo*.<\/span><\/p>\n<p><span style=\"color: #000000;\"><strong> *De agricultura ecol\u00f3gica <\/strong><\/span><\/p>\n","protected":false},"excerpt":{"rendered":"<p><span style=\"color: #000000;\"><strong>Nivel de te\u00edna:<\/strong><\/span><\/p>\n<p><img loading=\"lazy\" decoding=\"async\" class=\"alignnone wp-image-208 size-full\" src=\"https:\/\/www.the-gourmand.com\/wp-content\/uploads\/2022\/03\/taux-de-theine-0-100x320px.png\" alt=\"\" width=\"291\" height=\"88\" \/><\/p>\n<p><span style=\"color: #000000;\"><strong>Tisana matinal Org\u00e1nica\u00a0<\/strong> para ayudarle a comenzar bien el d\u00eda. especialmente en d\u00edas llenos de actividades.<\/span><\/p>\n<p><span style=\"color: #000000;\">Ingredientes: Menta*, palitos de canela*, hibisco*, ra\u00edz de regaliz*, jengibre*, hinojo*, c\u00e1scara de naranja*, clavo*, manzanilla*, pimienta rosa*, cardamomo*.<\/span><\/p>\n<p><strong><span style=\"color: #000000;\"> *De agricultura ecol\u00f3gica<\/span> <\/strong><\/p>\n","protected":false},"featured_media":699,"comment_status":"open","ping_status":"closed","template":"","meta":[],"product_brand":[],"product_cat":[307,157],"product_tag":[],"class_list":{"0":"post-932","1":"product","2":"type-product","3":"status-publish","4":"has-post-thumbnail","6":"product_cat-infusiones","7":"product_cat-para-el-bienestar","8":"description-off","10":"first","11":"instock","12":"shipping-taxable","13":"purchasable","14":"product-type-variable"},"yoast_head":"<!-- This site is optimized with the Yoast SEO plugin v27.3 - https:\/\/yoast.com\/product\/yoast-seo-wordpress\/ -->\n<title>Tisana Matinal org\u00e1nica - Th\u00e9 Gourmand<\/title>\n<meta name=\"description\" content=\"Tisana matinal Org\u00e1nica\u00a0 para ayudarle a comenzar bien el d\u00eda. especialmente en d\u00edas llenos de actividades. Saludable y deliciosa.\" \/>\n<meta name=\"robots\" content=\"index, follow, max-snippet:-1, max-image-preview:large, max-video-preview:-1\" \/>\n<link rel=\"canonical\" href=\"https:\/\/www.the-gourmand.com\/es\/produit\/tisane-du-matin-bio\/\" \/>\n<meta property=\"og:locale\" content=\"es_ES\" \/>\n<meta property=\"og:type\" content=\"article\" \/>\n<meta property=\"og:title\" content=\"Tisana Matinal org\u00e1nica - Th\u00e9 Gourmand\" \/>\n<meta property=\"og:description\" content=\"Tisana matinal Org\u00e1nica\u00a0 para ayudarle a comenzar bien el d\u00eda. especialmente en d\u00edas llenos de actividades. Saludable y deliciosa.\" \/>\n<meta property=\"og:url\" content=\"https:\/\/www.the-gourmand.com\/es\/produit\/tisane-du-matin-bio\/\" \/>\n<meta property=\"og:site_name\" content=\"Th\u00e9 Gourmand\" \/>\n<meta property=\"article:modified_time\" content=\"2025-09-21T13:02:42+00:00\" \/>\n<meta property=\"og:image\" content=\"https:\/\/www.the-gourmand.com\/wp-content\/uploads\/2022\/04\/Ayurveda-pitta-bio-600x600px.jpg\" \/>\n\t<meta property=\"og:image:width\" content=\"600\" \/>\n\t<meta property=\"og:image:height\" content=\"600\" \/>\n\t<meta property=\"og:image:type\" content=\"image\/jpeg\" \/>\n<meta name=\"twitter:card\" content=\"summary_large_image\" \/>\n<script type=\"application\/ld+json\" class=\"yoast-schema-graph\">{\"@context\":\"https:\\\/\\\/schema.org\",\"@graph\":[{\"@type\":\"WebPage\",\"@id\":\"https:\\\/\\\/www.the-gourmand.com\\\/es\\\/produit\\\/tisane-du-matin-bio\\\/\",\"url\":\"https:\\\/\\\/www.the-gourmand.com\\\/es\\\/produit\\\/tisane-du-matin-bio\\\/\",\"name\":\"Tisana Matinal org\u00e1nica - Th\u00e9 Gourmand\",\"isPartOf\":{\"@id\":\"https:\\\/\\\/www.the-gourmand.com\\\/es\\\/#website\"},\"primaryImageOfPage\":{\"@id\":\"https:\\\/\\\/www.the-gourmand.com\\\/es\\\/produit\\\/tisane-du-matin-bio\\\/#primaryimage\"},\"image\":{\"@id\":\"https:\\\/\\\/www.the-gourmand.com\\\/es\\\/produit\\\/tisane-du-matin-bio\\\/#primaryimage\"},\"thumbnailUrl\":\"https:\\\/\\\/www.the-gourmand.com\\\/wp-content\\\/uploads\\\/2022\\\/04\\\/Ayurveda-pitta-bio-600x600px.jpg\",\"datePublished\":\"2022-04-05T08:35:26+00:00\",\"dateModified\":\"2025-09-21T13:02:42+00:00\",\"description\":\"Tisana matinal Org\u00e1nica\u00a0 para ayudarle a comenzar bien el d\u00eda. especialmente en d\u00edas llenos de actividades. Saludable y deliciosa.\",\"breadcrumb\":{\"@id\":\"https:\\\/\\\/www.the-gourmand.com\\\/es\\\/produit\\\/tisane-du-matin-bio\\\/#breadcrumb\"},\"inLanguage\":\"es\",\"potentialAction\":[{\"@type\":\"ReadAction\",\"target\":[\"https:\\\/\\\/www.the-gourmand.com\\\/es\\\/produit\\\/tisane-du-matin-bio\\\/\"]}]},{\"@type\":\"ImageObject\",\"inLanguage\":\"es\",\"@id\":\"https:\\\/\\\/www.the-gourmand.com\\\/es\\\/produit\\\/tisane-du-matin-bio\\\/#primaryimage\",\"url\":\"https:\\\/\\\/www.the-gourmand.com\\\/wp-content\\\/uploads\\\/2022\\\/04\\\/Ayurveda-pitta-bio-600x600px.jpg\",\"contentUrl\":\"https:\\\/\\\/www.the-gourmand.com\\\/wp-content\\\/uploads\\\/2022\\\/04\\\/Ayurveda-pitta-bio-600x600px.jpg\",\"width\":600,\"height\":600},{\"@type\":\"BreadcrumbList\",\"@id\":\"https:\\\/\\\/www.the-gourmand.com\\\/es\\\/produit\\\/tisane-du-matin-bio\\\/#breadcrumb\",\"itemListElement\":[{\"@type\":\"ListItem\",\"position\":1,\"name\":\"Accueil\",\"item\":\"https:\\\/\\\/www.the-gourmand.com\\\/es\\\/\"},{\"@type\":\"ListItem\",\"position\":2,\"name\":\"Productos\",\"item\":\"https:\\\/\\\/www.the-gourmand.com\\\/es\\\/productos\\\/\"},{\"@type\":\"ListItem\",\"position\":3,\"name\":\"Tisana Matinal Org\u00e1nica\"}]},{\"@type\":\"WebSite\",\"@id\":\"https:\\\/\\\/www.the-gourmand.com\\\/es\\\/#website\",\"url\":\"https:\\\/\\\/www.the-gourmand.com\\\/es\\\/\",\"name\":\"Th\u00e9 Gourmand\",\"description\":\"Boutique en ligne de th\u00e9s.\",\"publisher\":{\"@id\":\"https:\\\/\\\/www.the-gourmand.com\\\/es\\\/#organization\"},\"potentialAction\":[{\"@type\":\"SearchAction\",\"target\":{\"@type\":\"EntryPoint\",\"urlTemplate\":\"https:\\\/\\\/www.the-gourmand.com\\\/es\\\/?s={search_term_string}\"},\"query-input\":{\"@type\":\"PropertyValueSpecification\",\"valueRequired\":true,\"valueName\":\"search_term_string\"}}],\"inLanguage\":\"es\"},{\"@type\":\"Organization\",\"@id\":\"https:\\\/\\\/www.the-gourmand.com\\\/es\\\/#organization\",\"name\":\"Th\u00e9 Gourmand\",\"url\":\"https:\\\/\\\/www.the-gourmand.com\\\/es\\\/\",\"logo\":{\"@type\":\"ImageObject\",\"inLanguage\":\"es\",\"@id\":\"https:\\\/\\\/www.the-gourmand.com\\\/es\\\/#\\\/schema\\\/logo\\\/image\\\/\",\"url\":\"https:\\\/\\\/www.the-gourmand.com\\\/wp-content\\\/uploads\\\/2022\\\/02\\\/logo-the-gourmand-320x132px.png\",\"contentUrl\":\"https:\\\/\\\/www.the-gourmand.com\\\/wp-content\\\/uploads\\\/2022\\\/02\\\/logo-the-gourmand-320x132px.png\",\"width\":320,\"height\":132,\"caption\":\"Th\u00e9 Gourmand\"},\"image\":{\"@id\":\"https:\\\/\\\/www.the-gourmand.com\\\/es\\\/#\\\/schema\\\/logo\\\/image\\\/\"}}]}<\/script>\n<!-- \/ Yoast SEO plugin. -->","yoast_head_json":{"title":"Tisana Matinal org\u00e1nica - Th\u00e9 Gourmand","description":"Tisana matinal Org\u00e1nica\u00a0 para ayudarle a comenzar bien el d\u00eda. especialmente en d\u00edas llenos de actividades. Saludable y deliciosa.","robots":{"index":"index","follow":"follow","max-snippet":"max-snippet:-1","max-image-preview":"max-image-preview:large","max-video-preview":"max-video-preview:-1"},"canonical":"https:\/\/www.the-gourmand.com\/es\/produit\/tisane-du-matin-bio\/","og_locale":"es_ES","og_type":"article","og_title":"Tisana Matinal org\u00e1nica - Th\u00e9 Gourmand","og_description":"Tisana matinal Org\u00e1nica\u00a0 para ayudarle a comenzar bien el d\u00eda. especialmente en d\u00edas llenos de actividades. Saludable y deliciosa.","og_url":"https:\/\/www.the-gourmand.com\/es\/produit\/tisane-du-matin-bio\/","og_site_name":"Th\u00e9 Gourmand","article_modified_time":"2025-09-21T13:02:42+00:00","og_image":[{"width":600,"height":600,"url":"https:\/\/www.the-gourmand.com\/wp-content\/uploads\/2022\/04\/Ayurveda-pitta-bio-600x600px.jpg","type":"image\/jpeg"}],"twitter_card":"summary_large_image","schema":{"@context":"https:\/\/schema.org","@graph":[{"@type":"WebPage","@id":"https:\/\/www.the-gourmand.com\/es\/produit\/tisane-du-matin-bio\/","url":"https:\/\/www.the-gourmand.com\/es\/produit\/tisane-du-matin-bio\/","name":"Tisana Matinal org\u00e1nica - Th\u00e9 Gourmand","isPartOf":{"@id":"https:\/\/www.the-gourmand.com\/es\/#website"},"primaryImageOfPage":{"@id":"https:\/\/www.the-gourmand.com\/es\/produit\/tisane-du-matin-bio\/#primaryimage"},"image":{"@id":"https:\/\/www.the-gourmand.com\/es\/produit\/tisane-du-matin-bio\/#primaryimage"},"thumbnailUrl":"https:\/\/www.the-gourmand.com\/wp-content\/uploads\/2022\/04\/Ayurveda-pitta-bio-600x600px.jpg","datePublished":"2022-04-05T08:35:26+00:00","dateModified":"2025-09-21T13:02:42+00:00","description":"Tisana matinal Org\u00e1nica\u00a0 para ayudarle a comenzar bien el d\u00eda. especialmente en d\u00edas llenos de actividades. Saludable y deliciosa.","breadcrumb":{"@id":"https:\/\/www.the-gourmand.com\/es\/produit\/tisane-du-matin-bio\/#breadcrumb"},"inLanguage":"es","potentialAction":[{"@type":"ReadAction","target":["https:\/\/www.the-gourmand.com\/es\/produit\/tisane-du-matin-bio\/"]}]},{"@type":"ImageObject","inLanguage":"es","@id":"https:\/\/www.the-gourmand.com\/es\/produit\/tisane-du-matin-bio\/#primaryimage","url":"https:\/\/www.the-gourmand.com\/wp-content\/uploads\/2022\/04\/Ayurveda-pitta-bio-600x600px.jpg","contentUrl":"https:\/\/www.the-gourmand.com\/wp-content\/uploads\/2022\/04\/Ayurveda-pitta-bio-600x600px.jpg","width":600,"height":600},{"@type":"BreadcrumbList","@id":"https:\/\/www.the-gourmand.com\/es\/produit\/tisane-du-matin-bio\/#breadcrumb","itemListElement":[{"@type":"ListItem","position":1,"name":"Accueil","item":"https:\/\/www.the-gourmand.com\/es\/"},{"@type":"ListItem","position":2,"name":"Productos","item":"https:\/\/www.the-gourmand.com\/es\/productos\/"},{"@type":"ListItem","position":3,"name":"Tisana Matinal Org\u00e1nica"}]},{"@type":"WebSite","@id":"https:\/\/www.the-gourmand.com\/es\/#website","url":"https:\/\/www.the-gourmand.com\/es\/","name":"Th\u00e9 Gourmand","description":"Boutique en ligne de th\u00e9s.","publisher":{"@id":"https:\/\/www.the-gourmand.com\/es\/#organization"},"potentialAction":[{"@type":"SearchAction","target":{"@type":"EntryPoint","urlTemplate":"https:\/\/www.the-gourmand.com\/es\/?s={search_term_string}"},"query-input":{"@type":"PropertyValueSpecification","valueRequired":true,"valueName":"search_term_string"}}],"inLanguage":"es"},{"@type":"Organization","@id":"https:\/\/www.the-gourmand.com\/es\/#organization","name":"Th\u00e9 Gourmand","url":"https:\/\/www.the-gourmand.com\/es\/","logo":{"@type":"ImageObject","inLanguage":"es","@id":"https:\/\/www.the-gourmand.com\/es\/#\/schema\/logo\/image\/","url":"https:\/\/www.the-gourmand.com\/wp-content\/uploads\/2022\/02\/logo-the-gourmand-320x132px.png","contentUrl":"https:\/\/www.the-gourmand.com\/wp-content\/uploads\/2022\/02\/logo-the-gourmand-320x132px.png","width":320,"height":132,"caption":"Th\u00e9 Gourmand"},"image":{"@id":"https:\/\/www.the-gourmand.com\/es\/#\/schema\/logo\/image\/"}}]}},"_links":{"self":[{"href":"https:\/\/www.the-gourmand.com\/es\/wp-json\/wp\/v2\/product\/932","targetHints":{"allow":["GET"]}}],"collection":[{"href":"https:\/\/www.the-gourmand.com\/es\/wp-json\/wp\/v2\/product"}],"about":[{"href":"https:\/\/www.the-gourmand.com\/es\/wp-json\/wp\/v2\/types\/product"}],"replies":[{"embeddable":true,"href":"https:\/\/www.the-gourmand.com\/es\/wp-json\/wp\/v2\/comments?post=932"}],"wp:featuredmedia":[{"embeddable":true,"href":"https:\/\/www.the-gourmand.com\/es\/wp-json\/wp\/v2\/media\/699"}],"wp:attachment":[{"href":"https:\/\/www.the-gourmand.com\/es\/wp-json\/wp\/v2\/media?parent=932"}],"wp:term":[{"taxonomy":"product_brand","embeddable":true,"href":"https:\/\/www.the-gourmand.com\/es\/wp-json\/wp\/v2\/product_brand?post=932"},{"taxonomy":"product_cat","embeddable":true,"href":"https:\/\/www.the-gourmand.com\/es\/wp-json\/wp\/v2\/product_cat?post=932"},{"taxonomy":"product_tag","embeddable":true,"href":"https:\/\/www.the-gourmand.com\/es\/wp-json\/wp\/v2\/product_tag?post=932"}],"curies":[{"name":"wp","href":"https:\/\/api.w.org\/{rel}","templated":true}]}}