{"id":6472,"date":"2025-08-26T16:28:43","date_gmt":"2025-08-26T14:28:43","guid":{"rendered":"https:\/\/www.the-gourmand.com\/?post_type=product&#038;p=6472"},"modified":"2025-09-09T22:05:28","modified_gmt":"2025-09-09T20:05:28","slug":"mezcla-ron-especiado","status":"publish","type":"product","link":"https:\/\/www.the-gourmand.com\/es\/produit\/mezcla-ron-especiado\/","title":{"rendered":"Mezcla Gourmet para Ron Especiado"},"content":{"rendered":"<p><span style=\"color: #000000;\">Ofrecer a nuestros amigos una bebida preparada por nosotros mismos, o preparar postres deliciosos con ingredientes elaborados por nosotros, es un placer a nuestro alcance.\u00a0 Prepara un ron con frutas y especias a tu gusto; Elige entre las opciones que hemos probado con \u00e9xito de antemano, y prepara un ron sin az\u00facares a\u00f1adidos o endulzado a tu gusto, rico en sabor y original. Todas estas mezclas est\u00e1n elaboradas con productos 100% naturales, frutas, especias y flores que solo necesitan ser maceradas durante una semana para ofrecer un ron diferente.\u00a0<\/span><\/p>\n<p><span style=\"color: #000000;\">Como licor, elige un ron blanco o \u00e1mbar, seg\u00fan tu gusto; Tambi\u00e9n puedes usar una ginebra o vodka si lo prefieres.\u00a0 A\u00f1ade todo el contenido de la bolsita al licor y d\u00e9jalo macerar.\u00a0 Despu\u00e9s de una semana, el licor estar\u00e1 listo para ser degustado. En este punto, si quieres, endulza con un poco de alm\u00edbar.<\/span><\/p>\n<p><span style=\"color: #000000;\">Escoja entre:<\/span><\/p>\n<ul>\n<li><span style=\"color: #000000;\"><strong>Br\u00e9sil! \u2013 Naranja, maracuy\u00e1, papaya, hibisco, manzana.<\/strong><\/span><\/li>\n<li><span style=\"color: #000000;\"><strong>Au Jardin Secret \u2013 Sa\u00faco, grosella negra, hibisco, fresas, moras, manzana, frambuesas, rosa mosqueta.<\/strong><\/span><\/li>\n<li><span style=\"color: #000000;\"><strong>Lime \u2013 lim\u00f3n, pomelo, grosella roja y pi\u00f1a<\/strong><\/span><\/li>\n<li><span style=\"color: #000000;\"><strong>Orange Dreams \u2013 Naranja, clementina, cal\u00e9ndula, manzana, hojas de fresa silvestre<\/strong><\/span><\/li>\n<li><span style=\"color: #000000;\"><strong>Orange sanguine \u2013 Naranja, lim\u00f3n, hibisco, manzana<em>. <\/em><\/strong><\/span><\/li>\n<li><span style=\"color: #000000;\"><strong>Orange Cacao (Origen Org\u00e1nico) \u2013 Naranja, cacao, rosa mosqueta, manzana, mandarina, vainilla, remolacha.<\/strong><\/span><\/li>\n<li><span style=\"color: #000000;\"><strong>Pi\u00f1a Colada \u2013 Pi\u00f1a, coco, manzana.<\/strong><\/span><\/li>\n<li><span style=\"color: #000000;\"><strong>Pomme de Cidre \u2013 <\/strong><strong>Manzana, canela, hibisco, <\/strong><strong><u><em><span style=\"color: #ff0000;\">almendras fileteadas<\/span><\/em>,<\/u><\/strong><strong> corteza de rosa mosqueta, bayas de sa\u00faco, pasas, an\u00eds estrellado. <\/strong><\/span><\/li>\n<li><span style=\"color: #000000;\"><strong>G\u00e2teau aux cerises de maman \u2013 cerezas, manzana, uva, pi\u00f1a<\/strong><\/span><\/li>\n<li><span style=\"color: #000000;\"><strong>Vieux gar\u00e7on \u2013 Hibisco, naranja, clementinas, clavo, canela, rosa mosqueta, manzana.<\/strong><\/span><\/li>\n<\/ul>\n<p><span style=\"color: #000000;\"><strong>\u00a0<\/strong><\/span><\/p>\n<p><span style=\"color: #000000;\"><strong>CADA BOLSITA SIRVE PARA 75 CL DE RON.<\/strong><\/span><\/p>\n","protected":false},"excerpt":{"rendered":"<p><strong>Nivel de te\u00edna:<\/strong><\/p>\n<p><img loading=\"lazy\" decoding=\"async\" class=\"alignnone wp-image-208 size-full\" src=\"https:\/\/www.the-gourmand.com\/wp-content\/uploads\/2022\/03\/taux-de-theine-0-100x320px.png\" alt=\"\" width=\"291\" height=\"88\" \/><\/p>\n<p><span style=\"color: #000000;\">Prepara un ron con frutas y especias a tu gusto; Elige entre las opciones que hemos probado con \u00e9xito de antemano, y prepara un ron sin az\u00facar a\u00f1adido o endulzado a tu gusto, rico en sabor y original.<\/span><\/p>\n<p><span style=\"color: #000000;\">Escoja entre:<\/span><\/p>\n<ul>\n<li><span style=\"color: #000000;\"><strong>Br\u00e9sil! \u2013 Naranja, maracuy\u00e1, papaya, hibisco, manzana.<\/strong><\/span><\/li>\n<li><span style=\"color: #000000;\"><strong>Au Jardin Secret \u2013 Sa\u00faco, grosella negra, hibisco, fresas, moras, manzana, frambuesas, rosa mosqueta.<\/strong><\/span><\/li>\n<li><span style=\"color: #000000;\"><strong>Lime \u2013 lim\u00f3n, pomelo, grosella roja y pi\u00f1a<\/strong><\/span><\/li>\n<li><span style=\"color: #000000;\"><strong>Orange Dreams \u2013 Naranja, clementina, cal\u00e9ndula, manzana, hojas de fresa silvestre<\/strong><\/span><\/li>\n<li><span style=\"color: #000000;\"><strong>Orange sanguine \u2013 Naranja, lim\u00f3n, hibisco, manzana<em>. <\/em><\/strong><\/span><\/li>\n<li><span style=\"color: #000000;\"><strong>Orange Cacao (Origen Org\u00e1nico) \u2013 Naranja, cacao, rosa mosqueta, manzana, mandarina, vainilla, remolacha.<\/strong><\/span><\/li>\n<li><span style=\"color: #000000;\"><strong>Pi\u00f1a Colada \u2013 Pi\u00f1a, coco, manzana.<\/strong><\/span><\/li>\n<li><span style=\"color: #000000;\"><strong>Pomme de Cidre \u2013 <\/strong><strong>Manzana, canela, hibisco, <\/strong><strong><u><span style=\"color: #ff0000;\"><em>almendras fileteadas<\/em><\/span>,<\/u><\/strong><strong> corteza de rosa mosqueta, bayas de sa\u00faco, pasas, an\u00eds estrellado. <\/strong><\/span><\/li>\n<li><span style=\"color: #000000;\"><strong>G\u00e2teau aux cerises de maman \u2013 cerezas, manzana, uva, pi\u00f1a<\/strong><\/span><\/li>\n<li><span style=\"color: #000000;\"><strong>Vieux gar\u00e7on \u2013 Hibisco, naranja, clementinas, clavo, canela, rosa mosqueta, manzana.<\/strong><\/span><\/li>\n<\/ul>\n<p><span style=\"color: #000000;\"><strong>\u00a0<\/strong><\/span><\/p>\n<p><span style=\"color: #000000;\"><strong>CADA BOLSITA SIRVE PARA 75 CL DE RON.<\/strong><\/span><\/p>\n<p>&nbsp;<\/p>\n<p>&nbsp;<\/p>\n","protected":false},"featured_media":6479,"comment_status":"open","ping_status":"closed","template":"","meta":[],"product_brand":[],"product_cat":[307,159],"product_tag":[],"class_list":{"0":"post-6472","1":"product","2":"type-product","3":"status-publish","4":"has-post-thumbnail","6":"product_cat-infusiones","7":"product_cat-tisanas-frutas","8":"description-off","10":"first","11":"instock","12":"shipping-taxable","13":"purchasable","14":"product-type-variable"},"yoast_head":"<!-- This site is optimized with the Yoast SEO plugin v27.4 - https:\/\/yoast.com\/product\/yoast-seo-wordpress\/ -->\n<title>Mezcla Gourmet para Ron Especiado - Th\u00e9 Gourmand<\/title>\n<meta name=\"description\" content=\"Prepara un ron con frutas y especias a tu gusto; Elige entre las opciones que hemos probado con \u00e9xito de antemano, y prepara un ron sin az\u00facar a\u00f1adido\" \/>\n<meta name=\"robots\" content=\"index, follow, max-snippet:-1, max-image-preview:large, max-video-preview:-1\" \/>\n<link rel=\"canonical\" href=\"https:\/\/www.the-gourmand.com\/es\/produit\/mezcla-ron-especiado\/\" \/>\n<meta property=\"og:locale\" content=\"es_ES\" \/>\n<meta property=\"og:type\" content=\"article\" \/>\n<meta property=\"og:title\" content=\"Mezcla Gourmet para Ron Especiado - Th\u00e9 Gourmand\" \/>\n<meta property=\"og:description\" content=\"Prepara un ron con frutas y especias a tu gusto; Elige entre las opciones que hemos probado con \u00e9xito de antemano, y prepara un ron sin az\u00facar a\u00f1adido\" \/>\n<meta property=\"og:url\" content=\"https:\/\/www.the-gourmand.com\/es\/produit\/mezcla-ron-especiado\/\" \/>\n<meta property=\"og:site_name\" content=\"Th\u00e9 Gourmand\" \/>\n<meta property=\"article:modified_time\" content=\"2025-09-09T20:05:28+00:00\" \/>\n<meta property=\"og:image\" content=\"https:\/\/www.the-gourmand.com\/wp-content\/uploads\/2025\/08\/RHUM-ARRANGE1.png\" \/>\n\t<meta property=\"og:image:width\" content=\"500\" \/>\n\t<meta property=\"og:image:height\" content=\"500\" \/>\n\t<meta property=\"og:image:type\" content=\"image\/png\" \/>\n<meta name=\"twitter:card\" content=\"summary_large_image\" \/>\n<meta name=\"twitter:label1\" content=\"Tiempo de lectura\" \/>\n\t<meta name=\"twitter:data1\" content=\"1 minuto\" \/>\n<script type=\"application\/ld+json\" class=\"yoast-schema-graph\">{\"@context\":\"https:\\\/\\\/schema.org\",\"@graph\":[{\"@type\":\"WebPage\",\"@id\":\"https:\\\/\\\/www.the-gourmand.com\\\/es\\\/produit\\\/mezcla-ron-especiado\\\/\",\"url\":\"https:\\\/\\\/www.the-gourmand.com\\\/es\\\/produit\\\/mezcla-ron-especiado\\\/\",\"name\":\"Mezcla Gourmet para Ron Especiado - Th\u00e9 Gourmand\",\"isPartOf\":{\"@id\":\"https:\\\/\\\/www.the-gourmand.com\\\/es\\\/#website\"},\"primaryImageOfPage\":{\"@id\":\"https:\\\/\\\/www.the-gourmand.com\\\/es\\\/produit\\\/mezcla-ron-especiado\\\/#primaryimage\"},\"image\":{\"@id\":\"https:\\\/\\\/www.the-gourmand.com\\\/es\\\/produit\\\/mezcla-ron-especiado\\\/#primaryimage\"},\"thumbnailUrl\":\"https:\\\/\\\/www.the-gourmand.com\\\/wp-content\\\/uploads\\\/2025\\\/08\\\/RHUM-ARRANGE1.png\",\"datePublished\":\"2025-08-26T14:28:43+00:00\",\"dateModified\":\"2025-09-09T20:05:28+00:00\",\"description\":\"Prepara un ron con frutas y especias a tu gusto; Elige entre las opciones que hemos probado con \u00e9xito de antemano, y prepara un ron sin az\u00facar a\u00f1adido\",\"breadcrumb\":{\"@id\":\"https:\\\/\\\/www.the-gourmand.com\\\/es\\\/produit\\\/mezcla-ron-especiado\\\/#breadcrumb\"},\"inLanguage\":\"es\",\"potentialAction\":[{\"@type\":\"ReadAction\",\"target\":[\"https:\\\/\\\/www.the-gourmand.com\\\/es\\\/produit\\\/mezcla-ron-especiado\\\/\"]}]},{\"@type\":\"ImageObject\",\"inLanguage\":\"es\",\"@id\":\"https:\\\/\\\/www.the-gourmand.com\\\/es\\\/produit\\\/mezcla-ron-especiado\\\/#primaryimage\",\"url\":\"https:\\\/\\\/www.the-gourmand.com\\\/wp-content\\\/uploads\\\/2025\\\/08\\\/RHUM-ARRANGE1.png\",\"contentUrl\":\"https:\\\/\\\/www.the-gourmand.com\\\/wp-content\\\/uploads\\\/2025\\\/08\\\/RHUM-ARRANGE1.png\",\"width\":500,\"height\":500},{\"@type\":\"BreadcrumbList\",\"@id\":\"https:\\\/\\\/www.the-gourmand.com\\\/es\\\/produit\\\/mezcla-ron-especiado\\\/#breadcrumb\",\"itemListElement\":[{\"@type\":\"ListItem\",\"position\":1,\"name\":\"Accueil\",\"item\":\"https:\\\/\\\/www.the-gourmand.com\\\/es\\\/\"},{\"@type\":\"ListItem\",\"position\":2,\"name\":\"Productos\",\"item\":\"https:\\\/\\\/www.the-gourmand.com\\\/es\\\/productos\\\/\"},{\"@type\":\"ListItem\",\"position\":3,\"name\":\"Mezcla Gourmet para Ron Especiado\"}]},{\"@type\":\"WebSite\",\"@id\":\"https:\\\/\\\/www.the-gourmand.com\\\/es\\\/#website\",\"url\":\"https:\\\/\\\/www.the-gourmand.com\\\/es\\\/\",\"name\":\"Th\u00e9 Gourmand\",\"description\":\"Boutique en ligne de th\u00e9s.\",\"publisher\":{\"@id\":\"https:\\\/\\\/www.the-gourmand.com\\\/es\\\/#organization\"},\"potentialAction\":[{\"@type\":\"SearchAction\",\"target\":{\"@type\":\"EntryPoint\",\"urlTemplate\":\"https:\\\/\\\/www.the-gourmand.com\\\/es\\\/?s={search_term_string}\"},\"query-input\":{\"@type\":\"PropertyValueSpecification\",\"valueRequired\":true,\"valueName\":\"search_term_string\"}}],\"inLanguage\":\"es\"},{\"@type\":\"Organization\",\"@id\":\"https:\\\/\\\/www.the-gourmand.com\\\/es\\\/#organization\",\"name\":\"Th\u00e9 Gourmand\",\"url\":\"https:\\\/\\\/www.the-gourmand.com\\\/es\\\/\",\"logo\":{\"@type\":\"ImageObject\",\"inLanguage\":\"es\",\"@id\":\"https:\\\/\\\/www.the-gourmand.com\\\/es\\\/#\\\/schema\\\/logo\\\/image\\\/\",\"url\":\"https:\\\/\\\/www.the-gourmand.com\\\/wp-content\\\/uploads\\\/2022\\\/02\\\/logo-the-gourmand-320x132px.png\",\"contentUrl\":\"https:\\\/\\\/www.the-gourmand.com\\\/wp-content\\\/uploads\\\/2022\\\/02\\\/logo-the-gourmand-320x132px.png\",\"width\":320,\"height\":132,\"caption\":\"Th\u00e9 Gourmand\"},\"image\":{\"@id\":\"https:\\\/\\\/www.the-gourmand.com\\\/es\\\/#\\\/schema\\\/logo\\\/image\\\/\"}}]}<\/script>\n<!-- \/ Yoast SEO plugin. -->","yoast_head_json":{"title":"Mezcla Gourmet para Ron Especiado - Th\u00e9 Gourmand","description":"Prepara un ron con frutas y especias a tu gusto; Elige entre las opciones que hemos probado con \u00e9xito de antemano, y prepara un ron sin az\u00facar a\u00f1adido","robots":{"index":"index","follow":"follow","max-snippet":"max-snippet:-1","max-image-preview":"max-image-preview:large","max-video-preview":"max-video-preview:-1"},"canonical":"https:\/\/www.the-gourmand.com\/es\/produit\/mezcla-ron-especiado\/","og_locale":"es_ES","og_type":"article","og_title":"Mezcla Gourmet para Ron Especiado - Th\u00e9 Gourmand","og_description":"Prepara un ron con frutas y especias a tu gusto; Elige entre las opciones que hemos probado con \u00e9xito de antemano, y prepara un ron sin az\u00facar a\u00f1adido","og_url":"https:\/\/www.the-gourmand.com\/es\/produit\/mezcla-ron-especiado\/","og_site_name":"Th\u00e9 Gourmand","article_modified_time":"2025-09-09T20:05:28+00:00","og_image":[{"width":500,"height":500,"url":"https:\/\/www.the-gourmand.com\/wp-content\/uploads\/2025\/08\/RHUM-ARRANGE1.png","type":"image\/png"}],"twitter_card":"summary_large_image","twitter_misc":{"Tiempo de lectura":"1 minuto"},"schema":{"@context":"https:\/\/schema.org","@graph":[{"@type":"WebPage","@id":"https:\/\/www.the-gourmand.com\/es\/produit\/mezcla-ron-especiado\/","url":"https:\/\/www.the-gourmand.com\/es\/produit\/mezcla-ron-especiado\/","name":"Mezcla Gourmet para Ron Especiado - Th\u00e9 Gourmand","isPartOf":{"@id":"https:\/\/www.the-gourmand.com\/es\/#website"},"primaryImageOfPage":{"@id":"https:\/\/www.the-gourmand.com\/es\/produit\/mezcla-ron-especiado\/#primaryimage"},"image":{"@id":"https:\/\/www.the-gourmand.com\/es\/produit\/mezcla-ron-especiado\/#primaryimage"},"thumbnailUrl":"https:\/\/www.the-gourmand.com\/wp-content\/uploads\/2025\/08\/RHUM-ARRANGE1.png","datePublished":"2025-08-26T14:28:43+00:00","dateModified":"2025-09-09T20:05:28+00:00","description":"Prepara un ron con frutas y especias a tu gusto; Elige entre las opciones que hemos probado con \u00e9xito de antemano, y prepara un ron sin az\u00facar a\u00f1adido","breadcrumb":{"@id":"https:\/\/www.the-gourmand.com\/es\/produit\/mezcla-ron-especiado\/#breadcrumb"},"inLanguage":"es","potentialAction":[{"@type":"ReadAction","target":["https:\/\/www.the-gourmand.com\/es\/produit\/mezcla-ron-especiado\/"]}]},{"@type":"ImageObject","inLanguage":"es","@id":"https:\/\/www.the-gourmand.com\/es\/produit\/mezcla-ron-especiado\/#primaryimage","url":"https:\/\/www.the-gourmand.com\/wp-content\/uploads\/2025\/08\/RHUM-ARRANGE1.png","contentUrl":"https:\/\/www.the-gourmand.com\/wp-content\/uploads\/2025\/08\/RHUM-ARRANGE1.png","width":500,"height":500},{"@type":"BreadcrumbList","@id":"https:\/\/www.the-gourmand.com\/es\/produit\/mezcla-ron-especiado\/#breadcrumb","itemListElement":[{"@type":"ListItem","position":1,"name":"Accueil","item":"https:\/\/www.the-gourmand.com\/es\/"},{"@type":"ListItem","position":2,"name":"Productos","item":"https:\/\/www.the-gourmand.com\/es\/productos\/"},{"@type":"ListItem","position":3,"name":"Mezcla Gourmet para Ron Especiado"}]},{"@type":"WebSite","@id":"https:\/\/www.the-gourmand.com\/es\/#website","url":"https:\/\/www.the-gourmand.com\/es\/","name":"Th\u00e9 Gourmand","description":"Boutique en ligne de th\u00e9s.","publisher":{"@id":"https:\/\/www.the-gourmand.com\/es\/#organization"},"potentialAction":[{"@type":"SearchAction","target":{"@type":"EntryPoint","urlTemplate":"https:\/\/www.the-gourmand.com\/es\/?s={search_term_string}"},"query-input":{"@type":"PropertyValueSpecification","valueRequired":true,"valueName":"search_term_string"}}],"inLanguage":"es"},{"@type":"Organization","@id":"https:\/\/www.the-gourmand.com\/es\/#organization","name":"Th\u00e9 Gourmand","url":"https:\/\/www.the-gourmand.com\/es\/","logo":{"@type":"ImageObject","inLanguage":"es","@id":"https:\/\/www.the-gourmand.com\/es\/#\/schema\/logo\/image\/","url":"https:\/\/www.the-gourmand.com\/wp-content\/uploads\/2022\/02\/logo-the-gourmand-320x132px.png","contentUrl":"https:\/\/www.the-gourmand.com\/wp-content\/uploads\/2022\/02\/logo-the-gourmand-320x132px.png","width":320,"height":132,"caption":"Th\u00e9 Gourmand"},"image":{"@id":"https:\/\/www.the-gourmand.com\/es\/#\/schema\/logo\/image\/"}}]}},"_links":{"self":[{"href":"https:\/\/www.the-gourmand.com\/es\/wp-json\/wp\/v2\/product\/6472","targetHints":{"allow":["GET"]}}],"collection":[{"href":"https:\/\/www.the-gourmand.com\/es\/wp-json\/wp\/v2\/product"}],"about":[{"href":"https:\/\/www.the-gourmand.com\/es\/wp-json\/wp\/v2\/types\/product"}],"replies":[{"embeddable":true,"href":"https:\/\/www.the-gourmand.com\/es\/wp-json\/wp\/v2\/comments?post=6472"}],"wp:featuredmedia":[{"embeddable":true,"href":"https:\/\/www.the-gourmand.com\/es\/wp-json\/wp\/v2\/media\/6479"}],"wp:attachment":[{"href":"https:\/\/www.the-gourmand.com\/es\/wp-json\/wp\/v2\/media?parent=6472"}],"wp:term":[{"taxonomy":"product_brand","embeddable":true,"href":"https:\/\/www.the-gourmand.com\/es\/wp-json\/wp\/v2\/product_brand?post=6472"},{"taxonomy":"product_cat","embeddable":true,"href":"https:\/\/www.the-gourmand.com\/es\/wp-json\/wp\/v2\/product_cat?post=6472"},{"taxonomy":"product_tag","embeddable":true,"href":"https:\/\/www.the-gourmand.com\/es\/wp-json\/wp\/v2\/product_tag?post=6472"}],"curies":[{"name":"wp","href":"https:\/\/api.w.org\/{rel}","templated":true}]}}