{"id":6379,"date":"2025-05-22T19:20:38","date_gmt":"2025-05-22T17:20:38","guid":{"rendered":"https:\/\/www.the-gourmand.com\/?post_type=product&#038;p=6379"},"modified":"2025-08-29T12:48:48","modified_gmt":"2025-08-29T10:48:48","slug":"pina-colada-infusion","status":"publish","type":"product","link":"https:\/\/www.the-gourmand.com\/es\/produit\/pina-colada-infusion\/","title":{"rendered":"Pi\u00f1a Colada Infusi\u00f3n"},"content":{"rendered":"<p><span style=\"color: #000000;\">Cuando escuchamos<strong> \u00abPi\u00f1a Colada\u00bb<\/strong> inmediatamente pensamos en una bebida agradable, que nos acompa\u00f1a en los buenos momentos de descanso y convivencia con nuestros amigos y familiares. \u00a1Y s\u00ed! <strong>Pi\u00f1a Colada<\/strong> armoniza el buen sabor de la pi\u00f1a con el coco, frutas tropicales, y esta magn\u00edfica mezcla nos ofrece el sabor tradicional de la bebida caribe\u00f1a, excelente como base para una bebida caliente, pero deliciosa combinaci\u00f3n para preparar una bebida fr\u00eda con la que poder deleitarnos durante la temporada de verano.<\/span><\/p>\n<p><span style=\"color: #000000;\"><strong>Ingredientes:<\/strong> Pi\u00f1a confitada, coco, manzana.<\/span><\/p>\n","protected":false},"excerpt":{"rendered":"<p><strong>Nivel de te\u00edna:<\/strong><\/p>\n<p><img loading=\"lazy\" decoding=\"async\" class=\"alignnone wp-image-208 size-full\" src=\"https:\/\/www.the-gourmand.com\/wp-content\/uploads\/2022\/03\/taux-de-theine-0-100x320px.png\" alt=\"\" width=\"291\" height=\"88\" \/><\/p>\n<p><span style=\"color: #000000;\">\u00a0Selecci\u00f3n de frutas para darte una deliciosa bebida durante los d\u00edas soleados de verano.\u00a0 Aunque nos lo imaginamos como un t\u00e9 helado, caliente tambi\u00e9n es bueno.\u00a0 D\u00e9jate encantar por nuestra <strong>Infusi\u00f3n Pi\u00f1a Colada, <\/strong>una mezcla dulce y original.\u00a0\u00a0<\/span><\/p>\n<p><span style=\"color: #000000;\"> <strong>Ingredientes:<\/strong> Pi\u00f1a confitada, coco, manzana.<\/span><\/p>\n<p>&nbsp;<\/p>\n<p>&nbsp;<\/p>\n","protected":false},"featured_media":6526,"comment_status":"open","ping_status":"closed","template":"","meta":[],"product_brand":[],"product_cat":[158,307,159],"product_tag":[],"class_list":{"0":"post-6379","1":"product","2":"type-product","3":"status-publish","4":"has-post-thumbnail","6":"product_cat-carcade","7":"product_cat-infusiones","8":"product_cat-tisanas-frutas","9":"description-off","11":"first","12":"instock","13":"shipping-taxable","14":"purchasable","15":"product-type-variable"},"yoast_head":"<!-- This site is optimized with the Yoast SEO plugin v27.4 - https:\/\/yoast.com\/product\/yoast-seo-wordpress\/ -->\n<title>Pi\u00f1a Colada - Th\u00e9 Gourmand<\/title>\n<meta name=\"description\" content=\"Pi\u00f1a Colada es una selecci\u00f3n de frutas para prepararse una deliciosa bebida con pi\u00f1a, coco y manzana. Fr\u00eda o caliente es deliciosa. Sin te\u00edna.\" \/>\n<meta name=\"robots\" content=\"index, follow, max-snippet:-1, max-image-preview:large, max-video-preview:-1\" \/>\n<link rel=\"canonical\" href=\"https:\/\/www.the-gourmand.com\/es\/produit\/pina-colada-infusion\/\" \/>\n<meta property=\"og:locale\" content=\"es_ES\" \/>\n<meta property=\"og:type\" content=\"article\" \/>\n<meta property=\"og:title\" content=\"Pi\u00f1a Colada - Th\u00e9 Gourmand\" \/>\n<meta property=\"og:description\" content=\"Pi\u00f1a Colada es una selecci\u00f3n de frutas para prepararse una deliciosa bebida con pi\u00f1a, coco y manzana. Fr\u00eda o caliente es deliciosa. Sin te\u00edna.\" \/>\n<meta property=\"og:url\" content=\"https:\/\/www.the-gourmand.com\/es\/produit\/pina-colada-infusion\/\" \/>\n<meta property=\"og:site_name\" content=\"Th\u00e9 Gourmand\" \/>\n<meta property=\"article:modified_time\" content=\"2025-08-29T10:48:48+00:00\" \/>\n<meta property=\"og:image\" content=\"https:\/\/www.the-gourmand.com\/wp-content\/uploads\/2025\/05\/PINA-COLADA-infusion-SANS-HIBISCUS-1024x1024.png\" \/>\n\t<meta property=\"og:image:width\" content=\"1024\" \/>\n\t<meta property=\"og:image:height\" content=\"1024\" \/>\n\t<meta property=\"og:image:type\" content=\"image\/png\" \/>\n<meta name=\"twitter:card\" content=\"summary_large_image\" \/>\n<script type=\"application\/ld+json\" class=\"yoast-schema-graph\">{\"@context\":\"https:\\\/\\\/schema.org\",\"@graph\":[{\"@type\":\"WebPage\",\"@id\":\"https:\\\/\\\/www.the-gourmand.com\\\/es\\\/produit\\\/pina-colada-infusion\\\/\",\"url\":\"https:\\\/\\\/www.the-gourmand.com\\\/es\\\/produit\\\/pina-colada-infusion\\\/\",\"name\":\"Pi\u00f1a Colada - Th\u00e9 Gourmand\",\"isPartOf\":{\"@id\":\"https:\\\/\\\/www.the-gourmand.com\\\/es\\\/#website\"},\"primaryImageOfPage\":{\"@id\":\"https:\\\/\\\/www.the-gourmand.com\\\/es\\\/produit\\\/pina-colada-infusion\\\/#primaryimage\"},\"image\":{\"@id\":\"https:\\\/\\\/www.the-gourmand.com\\\/es\\\/produit\\\/pina-colada-infusion\\\/#primaryimage\"},\"thumbnailUrl\":\"https:\\\/\\\/www.the-gourmand.com\\\/wp-content\\\/uploads\\\/2025\\\/05\\\/PINA-COLADA-infusion-SANS-HIBISCUS.png\",\"datePublished\":\"2025-05-22T17:20:38+00:00\",\"dateModified\":\"2025-08-29T10:48:48+00:00\",\"description\":\"Pi\u00f1a Colada es una selecci\u00f3n de frutas para prepararse una deliciosa bebida con pi\u00f1a, coco y manzana. Fr\u00eda o caliente es deliciosa. Sin te\u00edna.\",\"breadcrumb\":{\"@id\":\"https:\\\/\\\/www.the-gourmand.com\\\/es\\\/produit\\\/pina-colada-infusion\\\/#breadcrumb\"},\"inLanguage\":\"es\",\"potentialAction\":[{\"@type\":\"ReadAction\",\"target\":[\"https:\\\/\\\/www.the-gourmand.com\\\/es\\\/produit\\\/pina-colada-infusion\\\/\"]}]},{\"@type\":\"ImageObject\",\"inLanguage\":\"es\",\"@id\":\"https:\\\/\\\/www.the-gourmand.com\\\/es\\\/produit\\\/pina-colada-infusion\\\/#primaryimage\",\"url\":\"https:\\\/\\\/www.the-gourmand.com\\\/wp-content\\\/uploads\\\/2025\\\/05\\\/PINA-COLADA-infusion-SANS-HIBISCUS.png\",\"contentUrl\":\"https:\\\/\\\/www.the-gourmand.com\\\/wp-content\\\/uploads\\\/2025\\\/05\\\/PINA-COLADA-infusion-SANS-HIBISCUS.png\",\"width\":2000,\"height\":2000},{\"@type\":\"BreadcrumbList\",\"@id\":\"https:\\\/\\\/www.the-gourmand.com\\\/es\\\/produit\\\/pina-colada-infusion\\\/#breadcrumb\",\"itemListElement\":[{\"@type\":\"ListItem\",\"position\":1,\"name\":\"Accueil\",\"item\":\"https:\\\/\\\/www.the-gourmand.com\\\/es\\\/\"},{\"@type\":\"ListItem\",\"position\":2,\"name\":\"Productos\",\"item\":\"https:\\\/\\\/www.the-gourmand.com\\\/es\\\/productos\\\/\"},{\"@type\":\"ListItem\",\"position\":3,\"name\":\"Pi\u00f1a Colada Infusi\u00f3n\"}]},{\"@type\":\"WebSite\",\"@id\":\"https:\\\/\\\/www.the-gourmand.com\\\/es\\\/#website\",\"url\":\"https:\\\/\\\/www.the-gourmand.com\\\/es\\\/\",\"name\":\"Th\u00e9 Gourmand\",\"description\":\"Boutique en ligne de th\u00e9s.\",\"publisher\":{\"@id\":\"https:\\\/\\\/www.the-gourmand.com\\\/es\\\/#organization\"},\"potentialAction\":[{\"@type\":\"SearchAction\",\"target\":{\"@type\":\"EntryPoint\",\"urlTemplate\":\"https:\\\/\\\/www.the-gourmand.com\\\/es\\\/?s={search_term_string}\"},\"query-input\":{\"@type\":\"PropertyValueSpecification\",\"valueRequired\":true,\"valueName\":\"search_term_string\"}}],\"inLanguage\":\"es\"},{\"@type\":\"Organization\",\"@id\":\"https:\\\/\\\/www.the-gourmand.com\\\/es\\\/#organization\",\"name\":\"Th\u00e9 Gourmand\",\"url\":\"https:\\\/\\\/www.the-gourmand.com\\\/es\\\/\",\"logo\":{\"@type\":\"ImageObject\",\"inLanguage\":\"es\",\"@id\":\"https:\\\/\\\/www.the-gourmand.com\\\/es\\\/#\\\/schema\\\/logo\\\/image\\\/\",\"url\":\"https:\\\/\\\/www.the-gourmand.com\\\/wp-content\\\/uploads\\\/2022\\\/02\\\/logo-the-gourmand-320x132px.png\",\"contentUrl\":\"https:\\\/\\\/www.the-gourmand.com\\\/wp-content\\\/uploads\\\/2022\\\/02\\\/logo-the-gourmand-320x132px.png\",\"width\":320,\"height\":132,\"caption\":\"Th\u00e9 Gourmand\"},\"image\":{\"@id\":\"https:\\\/\\\/www.the-gourmand.com\\\/es\\\/#\\\/schema\\\/logo\\\/image\\\/\"}}]}<\/script>\n<!-- \/ Yoast SEO plugin. -->","yoast_head_json":{"title":"Pi\u00f1a Colada - Th\u00e9 Gourmand","description":"Pi\u00f1a Colada es una selecci\u00f3n de frutas para prepararse una deliciosa bebida con pi\u00f1a, coco y manzana. Fr\u00eda o caliente es deliciosa. Sin te\u00edna.","robots":{"index":"index","follow":"follow","max-snippet":"max-snippet:-1","max-image-preview":"max-image-preview:large","max-video-preview":"max-video-preview:-1"},"canonical":"https:\/\/www.the-gourmand.com\/es\/produit\/pina-colada-infusion\/","og_locale":"es_ES","og_type":"article","og_title":"Pi\u00f1a Colada - Th\u00e9 Gourmand","og_description":"Pi\u00f1a Colada es una selecci\u00f3n de frutas para prepararse una deliciosa bebida con pi\u00f1a, coco y manzana. Fr\u00eda o caliente es deliciosa. Sin te\u00edna.","og_url":"https:\/\/www.the-gourmand.com\/es\/produit\/pina-colada-infusion\/","og_site_name":"Th\u00e9 Gourmand","article_modified_time":"2025-08-29T10:48:48+00:00","og_image":[{"width":1024,"height":1024,"url":"https:\/\/www.the-gourmand.com\/wp-content\/uploads\/2025\/05\/PINA-COLADA-infusion-SANS-HIBISCUS-1024x1024.png","type":"image\/png"}],"twitter_card":"summary_large_image","schema":{"@context":"https:\/\/schema.org","@graph":[{"@type":"WebPage","@id":"https:\/\/www.the-gourmand.com\/es\/produit\/pina-colada-infusion\/","url":"https:\/\/www.the-gourmand.com\/es\/produit\/pina-colada-infusion\/","name":"Pi\u00f1a Colada - Th\u00e9 Gourmand","isPartOf":{"@id":"https:\/\/www.the-gourmand.com\/es\/#website"},"primaryImageOfPage":{"@id":"https:\/\/www.the-gourmand.com\/es\/produit\/pina-colada-infusion\/#primaryimage"},"image":{"@id":"https:\/\/www.the-gourmand.com\/es\/produit\/pina-colada-infusion\/#primaryimage"},"thumbnailUrl":"https:\/\/www.the-gourmand.com\/wp-content\/uploads\/2025\/05\/PINA-COLADA-infusion-SANS-HIBISCUS.png","datePublished":"2025-05-22T17:20:38+00:00","dateModified":"2025-08-29T10:48:48+00:00","description":"Pi\u00f1a Colada es una selecci\u00f3n de frutas para prepararse una deliciosa bebida con pi\u00f1a, coco y manzana. Fr\u00eda o caliente es deliciosa. Sin te\u00edna.","breadcrumb":{"@id":"https:\/\/www.the-gourmand.com\/es\/produit\/pina-colada-infusion\/#breadcrumb"},"inLanguage":"es","potentialAction":[{"@type":"ReadAction","target":["https:\/\/www.the-gourmand.com\/es\/produit\/pina-colada-infusion\/"]}]},{"@type":"ImageObject","inLanguage":"es","@id":"https:\/\/www.the-gourmand.com\/es\/produit\/pina-colada-infusion\/#primaryimage","url":"https:\/\/www.the-gourmand.com\/wp-content\/uploads\/2025\/05\/PINA-COLADA-infusion-SANS-HIBISCUS.png","contentUrl":"https:\/\/www.the-gourmand.com\/wp-content\/uploads\/2025\/05\/PINA-COLADA-infusion-SANS-HIBISCUS.png","width":2000,"height":2000},{"@type":"BreadcrumbList","@id":"https:\/\/www.the-gourmand.com\/es\/produit\/pina-colada-infusion\/#breadcrumb","itemListElement":[{"@type":"ListItem","position":1,"name":"Accueil","item":"https:\/\/www.the-gourmand.com\/es\/"},{"@type":"ListItem","position":2,"name":"Productos","item":"https:\/\/www.the-gourmand.com\/es\/productos\/"},{"@type":"ListItem","position":3,"name":"Pi\u00f1a Colada Infusi\u00f3n"}]},{"@type":"WebSite","@id":"https:\/\/www.the-gourmand.com\/es\/#website","url":"https:\/\/www.the-gourmand.com\/es\/","name":"Th\u00e9 Gourmand","description":"Boutique en ligne de th\u00e9s.","publisher":{"@id":"https:\/\/www.the-gourmand.com\/es\/#organization"},"potentialAction":[{"@type":"SearchAction","target":{"@type":"EntryPoint","urlTemplate":"https:\/\/www.the-gourmand.com\/es\/?s={search_term_string}"},"query-input":{"@type":"PropertyValueSpecification","valueRequired":true,"valueName":"search_term_string"}}],"inLanguage":"es"},{"@type":"Organization","@id":"https:\/\/www.the-gourmand.com\/es\/#organization","name":"Th\u00e9 Gourmand","url":"https:\/\/www.the-gourmand.com\/es\/","logo":{"@type":"ImageObject","inLanguage":"es","@id":"https:\/\/www.the-gourmand.com\/es\/#\/schema\/logo\/image\/","url":"https:\/\/www.the-gourmand.com\/wp-content\/uploads\/2022\/02\/logo-the-gourmand-320x132px.png","contentUrl":"https:\/\/www.the-gourmand.com\/wp-content\/uploads\/2022\/02\/logo-the-gourmand-320x132px.png","width":320,"height":132,"caption":"Th\u00e9 Gourmand"},"image":{"@id":"https:\/\/www.the-gourmand.com\/es\/#\/schema\/logo\/image\/"}}]}},"_links":{"self":[{"href":"https:\/\/www.the-gourmand.com\/es\/wp-json\/wp\/v2\/product\/6379","targetHints":{"allow":["GET"]}}],"collection":[{"href":"https:\/\/www.the-gourmand.com\/es\/wp-json\/wp\/v2\/product"}],"about":[{"href":"https:\/\/www.the-gourmand.com\/es\/wp-json\/wp\/v2\/types\/product"}],"replies":[{"embeddable":true,"href":"https:\/\/www.the-gourmand.com\/es\/wp-json\/wp\/v2\/comments?post=6379"}],"wp:featuredmedia":[{"embeddable":true,"href":"https:\/\/www.the-gourmand.com\/es\/wp-json\/wp\/v2\/media\/6526"}],"wp:attachment":[{"href":"https:\/\/www.the-gourmand.com\/es\/wp-json\/wp\/v2\/media?parent=6379"}],"wp:term":[{"taxonomy":"product_brand","embeddable":true,"href":"https:\/\/www.the-gourmand.com\/es\/wp-json\/wp\/v2\/product_brand?post=6379"},{"taxonomy":"product_cat","embeddable":true,"href":"https:\/\/www.the-gourmand.com\/es\/wp-json\/wp\/v2\/product_cat?post=6379"},{"taxonomy":"product_tag","embeddable":true,"href":"https:\/\/www.the-gourmand.com\/es\/wp-json\/wp\/v2\/product_tag?post=6379"}],"curies":[{"name":"wp","href":"https:\/\/api.w.org\/{rel}","templated":true}]}}