{"id":6290,"date":"2025-03-27T22:47:31","date_gmt":"2025-03-27T21:47:31","guid":{"rendered":"https:\/\/www.the-gourmand.com\/?post_type=product&#038;p=6290"},"modified":"2025-08-07T21:27:11","modified_gmt":"2025-08-07T19:27:11","slug":"poulfok-infusion","status":"publish","type":"product","link":"https:\/\/www.the-gourmand.com\/es\/produit\/poulfok-infusion\/","title":{"rendered":"Poulfok Tisana"},"content":{"rendered":"<p><span style=\"color: #000000;\">\u00bfTe apetece un delicioso muffin? Hemos creado una receta perfecta a base de jugoso y espumoso aroma a lim\u00f3n y amapola. Los trozos de manzanas confitadas y de pi\u00f1a le dan a esta creaci\u00f3n de frutas unas notas dulces muy agradables, las semillas de c\u00e1\u00f1amo sin c\u00e1scara se combinan perfectamente. La radiante ralladura y los gr\u00e1nulos de lim\u00f3n no solo apoyan visualmente la mezcla, sino que tambi\u00e9n proporcionan una nota c\u00edtrica fresca adicional que subraya perfectamente la nota cremosa de esta mezcla. Las amapolas rojas son la guinda del pastel. Esta mezcla tambi\u00e9n est\u00e1 disponible en una versi\u00f3n de t\u00e9 verde, para los amantes del t\u00e9 con lim\u00f3n con mucho sabor.\u00a0 Esta mezcla es tan deliciosa que la tenemos tambi\u00e9n en la version t\u00e9 : <strong>Poulfok t\u00e9 verde.<\/strong><\/span><\/p>\n<p><span style=\"color: #000000;\"><strong>Ingredientes:<\/strong> trozos de manzana y cubos de pi\u00f1a confitados, semillas de c\u00e1\u00f1amo sin c\u00e1scara (6%), aroma natural, c\u00e1scara de lim\u00f3n liofilizada, gr\u00e1nulos de lim\u00f3n liofilizado, aceite de lim\u00f3n natural, hojas de stevia, p\u00e9talos de amapola.<\/span><\/p>\n","protected":false},"excerpt":{"rendered":"<p><strong>Nivel de te\u00edna:<\/strong><\/p>\n<p><img loading=\"lazy\" decoding=\"async\" class=\"alignnone wp-image-208 size-full\" src=\"https:\/\/www.the-gourmand.com\/wp-content\/uploads\/2022\/03\/taux-de-theine-0-100x320px.png\" alt=\"\" width=\"291\" height=\"88\" \/><\/p>\n<p><span style=\"color: #000000;\">Radiante mezcla de citricos.\u00a0 El lim\u00f3n acompa\u00f1ado de frutas y de p\u00e9talos de amapola que ofrece una bebida deliciosa tanto fr\u00eda como caliente. Todos estar\u00e1, encantados con ella.<\/span><\/p>\n<p><span style=\"color: #000000;\"><strong>Ingredientes:<\/strong> trozos de manzana y cubos de pi\u00f1a confitados, semillas de c\u00e1\u00f1amo sin c\u00e1scara (6%), aroma natural, c\u00e1scara de lim\u00f3n liofilizada, gr\u00e1nulos de lim\u00f3n liofilizado, aceite de lim\u00f3n natural, hojas de stevia, p\u00e9talos de amapola.<\/span><\/p>\n<p>&nbsp;<\/p>\n<p>&nbsp;<\/p>\n","protected":false},"featured_media":6305,"comment_status":"open","ping_status":"closed","template":"","meta":[],"product_brand":[],"product_cat":[307,159],"product_tag":[],"class_list":{"0":"post-6290","1":"product","2":"type-product","3":"status-publish","4":"has-post-thumbnail","6":"product_cat-infusiones","7":"product_cat-tisanas-frutas","8":"description-off","10":"first","11":"instock","12":"shipping-taxable","13":"purchasable","14":"product-type-variable"},"yoast_head":"<!-- This site is optimized with the Yoast SEO plugin v27.4 - https:\/\/yoast.com\/product\/yoast-seo-wordpress\/ -->\n<title>Poulfok tisana - Th\u00e9 Gourmand<\/title>\n<meta name=\"description\" content=\"Deliciosa mezcla rica en lim\u00f3n con frutas, p\u00e9talos de amapola y c\u00e1\u00f1amo, para beberse fr\u00eda o caliente a cualquier momento del d\u00eda. Sin te\u00edna.\" \/>\n<meta name=\"robots\" content=\"index, follow, max-snippet:-1, max-image-preview:large, max-video-preview:-1\" \/>\n<link rel=\"canonical\" href=\"https:\/\/www.the-gourmand.com\/es\/produit\/poulfok-infusion\/\" \/>\n<meta property=\"og:locale\" content=\"es_ES\" \/>\n<meta property=\"og:type\" content=\"article\" \/>\n<meta property=\"og:title\" content=\"Poulfok tisana - Th\u00e9 Gourmand\" \/>\n<meta property=\"og:description\" content=\"Deliciosa mezcla rica en lim\u00f3n con frutas, p\u00e9talos de amapola y c\u00e1\u00f1amo, para beberse fr\u00eda o caliente a cualquier momento del d\u00eda. Sin te\u00edna.\" \/>\n<meta property=\"og:url\" content=\"https:\/\/www.the-gourmand.com\/es\/produit\/poulfok-infusion\/\" \/>\n<meta property=\"og:site_name\" content=\"Th\u00e9 Gourmand\" \/>\n<meta property=\"article:modified_time\" content=\"2025-08-07T19:27:11+00:00\" \/>\n<meta property=\"og:image\" content=\"https:\/\/www.the-gourmand.com\/wp-content\/uploads\/2025\/03\/POULFOK-INFUSION.jpeg\" \/>\n\t<meta property=\"og:image:width\" content=\"2000\" \/>\n\t<meta property=\"og:image:height\" content=\"2000\" \/>\n\t<meta property=\"og:image:type\" content=\"image\/jpeg\" \/>\n<meta name=\"twitter:card\" content=\"summary_large_image\" \/>\n<meta name=\"twitter:label1\" content=\"Tiempo de lectura\" \/>\n\t<meta name=\"twitter:data1\" content=\"1 minuto\" \/>\n<script type=\"application\/ld+json\" class=\"yoast-schema-graph\">{\"@context\":\"https:\\\/\\\/schema.org\",\"@graph\":[{\"@type\":\"WebPage\",\"@id\":\"https:\\\/\\\/www.the-gourmand.com\\\/es\\\/produit\\\/poulfok-infusion\\\/\",\"url\":\"https:\\\/\\\/www.the-gourmand.com\\\/es\\\/produit\\\/poulfok-infusion\\\/\",\"name\":\"Poulfok tisana - Th\u00e9 Gourmand\",\"isPartOf\":{\"@id\":\"https:\\\/\\\/www.the-gourmand.com\\\/es\\\/#website\"},\"primaryImageOfPage\":{\"@id\":\"https:\\\/\\\/www.the-gourmand.com\\\/es\\\/produit\\\/poulfok-infusion\\\/#primaryimage\"},\"image\":{\"@id\":\"https:\\\/\\\/www.the-gourmand.com\\\/es\\\/produit\\\/poulfok-infusion\\\/#primaryimage\"},\"thumbnailUrl\":\"https:\\\/\\\/www.the-gourmand.com\\\/wp-content\\\/uploads\\\/2025\\\/03\\\/POULFOK-INFUSION.jpeg\",\"datePublished\":\"2025-03-27T21:47:31+00:00\",\"dateModified\":\"2025-08-07T19:27:11+00:00\",\"description\":\"Deliciosa mezcla rica en lim\u00f3n con frutas, p\u00e9talos de amapola y c\u00e1\u00f1amo, para beberse fr\u00eda o caliente a cualquier momento del d\u00eda. Sin te\u00edna.\",\"breadcrumb\":{\"@id\":\"https:\\\/\\\/www.the-gourmand.com\\\/es\\\/produit\\\/poulfok-infusion\\\/#breadcrumb\"},\"inLanguage\":\"es\",\"potentialAction\":[{\"@type\":\"ReadAction\",\"target\":[\"https:\\\/\\\/www.the-gourmand.com\\\/es\\\/produit\\\/poulfok-infusion\\\/\"]}]},{\"@type\":\"ImageObject\",\"inLanguage\":\"es\",\"@id\":\"https:\\\/\\\/www.the-gourmand.com\\\/es\\\/produit\\\/poulfok-infusion\\\/#primaryimage\",\"url\":\"https:\\\/\\\/www.the-gourmand.com\\\/wp-content\\\/uploads\\\/2025\\\/03\\\/POULFOK-INFUSION.jpeg\",\"contentUrl\":\"https:\\\/\\\/www.the-gourmand.com\\\/wp-content\\\/uploads\\\/2025\\\/03\\\/POULFOK-INFUSION.jpeg\",\"width\":2000,\"height\":2000},{\"@type\":\"BreadcrumbList\",\"@id\":\"https:\\\/\\\/www.the-gourmand.com\\\/es\\\/produit\\\/poulfok-infusion\\\/#breadcrumb\",\"itemListElement\":[{\"@type\":\"ListItem\",\"position\":1,\"name\":\"Accueil\",\"item\":\"https:\\\/\\\/www.the-gourmand.com\\\/es\\\/\"},{\"@type\":\"ListItem\",\"position\":2,\"name\":\"Productos\",\"item\":\"https:\\\/\\\/www.the-gourmand.com\\\/es\\\/productos\\\/\"},{\"@type\":\"ListItem\",\"position\":3,\"name\":\"Poulfok Tisana\"}]},{\"@type\":\"WebSite\",\"@id\":\"https:\\\/\\\/www.the-gourmand.com\\\/es\\\/#website\",\"url\":\"https:\\\/\\\/www.the-gourmand.com\\\/es\\\/\",\"name\":\"Th\u00e9 Gourmand\",\"description\":\"Boutique en ligne de th\u00e9s.\",\"publisher\":{\"@id\":\"https:\\\/\\\/www.the-gourmand.com\\\/es\\\/#organization\"},\"potentialAction\":[{\"@type\":\"SearchAction\",\"target\":{\"@type\":\"EntryPoint\",\"urlTemplate\":\"https:\\\/\\\/www.the-gourmand.com\\\/es\\\/?s={search_term_string}\"},\"query-input\":{\"@type\":\"PropertyValueSpecification\",\"valueRequired\":true,\"valueName\":\"search_term_string\"}}],\"inLanguage\":\"es\"},{\"@type\":\"Organization\",\"@id\":\"https:\\\/\\\/www.the-gourmand.com\\\/es\\\/#organization\",\"name\":\"Th\u00e9 Gourmand\",\"url\":\"https:\\\/\\\/www.the-gourmand.com\\\/es\\\/\",\"logo\":{\"@type\":\"ImageObject\",\"inLanguage\":\"es\",\"@id\":\"https:\\\/\\\/www.the-gourmand.com\\\/es\\\/#\\\/schema\\\/logo\\\/image\\\/\",\"url\":\"https:\\\/\\\/www.the-gourmand.com\\\/wp-content\\\/uploads\\\/2022\\\/02\\\/logo-the-gourmand-320x132px.png\",\"contentUrl\":\"https:\\\/\\\/www.the-gourmand.com\\\/wp-content\\\/uploads\\\/2022\\\/02\\\/logo-the-gourmand-320x132px.png\",\"width\":320,\"height\":132,\"caption\":\"Th\u00e9 Gourmand\"},\"image\":{\"@id\":\"https:\\\/\\\/www.the-gourmand.com\\\/es\\\/#\\\/schema\\\/logo\\\/image\\\/\"}}]}<\/script>\n<!-- \/ Yoast SEO plugin. -->","yoast_head_json":{"title":"Poulfok tisana - Th\u00e9 Gourmand","description":"Deliciosa mezcla rica en lim\u00f3n con frutas, p\u00e9talos de amapola y c\u00e1\u00f1amo, para beberse fr\u00eda o caliente a cualquier momento del d\u00eda. Sin te\u00edna.","robots":{"index":"index","follow":"follow","max-snippet":"max-snippet:-1","max-image-preview":"max-image-preview:large","max-video-preview":"max-video-preview:-1"},"canonical":"https:\/\/www.the-gourmand.com\/es\/produit\/poulfok-infusion\/","og_locale":"es_ES","og_type":"article","og_title":"Poulfok tisana - Th\u00e9 Gourmand","og_description":"Deliciosa mezcla rica en lim\u00f3n con frutas, p\u00e9talos de amapola y c\u00e1\u00f1amo, para beberse fr\u00eda o caliente a cualquier momento del d\u00eda. Sin te\u00edna.","og_url":"https:\/\/www.the-gourmand.com\/es\/produit\/poulfok-infusion\/","og_site_name":"Th\u00e9 Gourmand","article_modified_time":"2025-08-07T19:27:11+00:00","og_image":[{"width":2000,"height":2000,"url":"https:\/\/www.the-gourmand.com\/wp-content\/uploads\/2025\/03\/POULFOK-INFUSION.jpeg","type":"image\/jpeg"}],"twitter_card":"summary_large_image","twitter_misc":{"Tiempo de lectura":"1 minuto"},"schema":{"@context":"https:\/\/schema.org","@graph":[{"@type":"WebPage","@id":"https:\/\/www.the-gourmand.com\/es\/produit\/poulfok-infusion\/","url":"https:\/\/www.the-gourmand.com\/es\/produit\/poulfok-infusion\/","name":"Poulfok tisana - Th\u00e9 Gourmand","isPartOf":{"@id":"https:\/\/www.the-gourmand.com\/es\/#website"},"primaryImageOfPage":{"@id":"https:\/\/www.the-gourmand.com\/es\/produit\/poulfok-infusion\/#primaryimage"},"image":{"@id":"https:\/\/www.the-gourmand.com\/es\/produit\/poulfok-infusion\/#primaryimage"},"thumbnailUrl":"https:\/\/www.the-gourmand.com\/wp-content\/uploads\/2025\/03\/POULFOK-INFUSION.jpeg","datePublished":"2025-03-27T21:47:31+00:00","dateModified":"2025-08-07T19:27:11+00:00","description":"Deliciosa mezcla rica en lim\u00f3n con frutas, p\u00e9talos de amapola y c\u00e1\u00f1amo, para beberse fr\u00eda o caliente a cualquier momento del d\u00eda. Sin te\u00edna.","breadcrumb":{"@id":"https:\/\/www.the-gourmand.com\/es\/produit\/poulfok-infusion\/#breadcrumb"},"inLanguage":"es","potentialAction":[{"@type":"ReadAction","target":["https:\/\/www.the-gourmand.com\/es\/produit\/poulfok-infusion\/"]}]},{"@type":"ImageObject","inLanguage":"es","@id":"https:\/\/www.the-gourmand.com\/es\/produit\/poulfok-infusion\/#primaryimage","url":"https:\/\/www.the-gourmand.com\/wp-content\/uploads\/2025\/03\/POULFOK-INFUSION.jpeg","contentUrl":"https:\/\/www.the-gourmand.com\/wp-content\/uploads\/2025\/03\/POULFOK-INFUSION.jpeg","width":2000,"height":2000},{"@type":"BreadcrumbList","@id":"https:\/\/www.the-gourmand.com\/es\/produit\/poulfok-infusion\/#breadcrumb","itemListElement":[{"@type":"ListItem","position":1,"name":"Accueil","item":"https:\/\/www.the-gourmand.com\/es\/"},{"@type":"ListItem","position":2,"name":"Productos","item":"https:\/\/www.the-gourmand.com\/es\/productos\/"},{"@type":"ListItem","position":3,"name":"Poulfok Tisana"}]},{"@type":"WebSite","@id":"https:\/\/www.the-gourmand.com\/es\/#website","url":"https:\/\/www.the-gourmand.com\/es\/","name":"Th\u00e9 Gourmand","description":"Boutique en ligne de th\u00e9s.","publisher":{"@id":"https:\/\/www.the-gourmand.com\/es\/#organization"},"potentialAction":[{"@type":"SearchAction","target":{"@type":"EntryPoint","urlTemplate":"https:\/\/www.the-gourmand.com\/es\/?s={search_term_string}"},"query-input":{"@type":"PropertyValueSpecification","valueRequired":true,"valueName":"search_term_string"}}],"inLanguage":"es"},{"@type":"Organization","@id":"https:\/\/www.the-gourmand.com\/es\/#organization","name":"Th\u00e9 Gourmand","url":"https:\/\/www.the-gourmand.com\/es\/","logo":{"@type":"ImageObject","inLanguage":"es","@id":"https:\/\/www.the-gourmand.com\/es\/#\/schema\/logo\/image\/","url":"https:\/\/www.the-gourmand.com\/wp-content\/uploads\/2022\/02\/logo-the-gourmand-320x132px.png","contentUrl":"https:\/\/www.the-gourmand.com\/wp-content\/uploads\/2022\/02\/logo-the-gourmand-320x132px.png","width":320,"height":132,"caption":"Th\u00e9 Gourmand"},"image":{"@id":"https:\/\/www.the-gourmand.com\/es\/#\/schema\/logo\/image\/"}}]}},"_links":{"self":[{"href":"https:\/\/www.the-gourmand.com\/es\/wp-json\/wp\/v2\/product\/6290","targetHints":{"allow":["GET"]}}],"collection":[{"href":"https:\/\/www.the-gourmand.com\/es\/wp-json\/wp\/v2\/product"}],"about":[{"href":"https:\/\/www.the-gourmand.com\/es\/wp-json\/wp\/v2\/types\/product"}],"replies":[{"embeddable":true,"href":"https:\/\/www.the-gourmand.com\/es\/wp-json\/wp\/v2\/comments?post=6290"}],"wp:featuredmedia":[{"embeddable":true,"href":"https:\/\/www.the-gourmand.com\/es\/wp-json\/wp\/v2\/media\/6305"}],"wp:attachment":[{"href":"https:\/\/www.the-gourmand.com\/es\/wp-json\/wp\/v2\/media?parent=6290"}],"wp:term":[{"taxonomy":"product_brand","embeddable":true,"href":"https:\/\/www.the-gourmand.com\/es\/wp-json\/wp\/v2\/product_brand?post=6290"},{"taxonomy":"product_cat","embeddable":true,"href":"https:\/\/www.the-gourmand.com\/es\/wp-json\/wp\/v2\/product_cat?post=6290"},{"taxonomy":"product_tag","embeddable":true,"href":"https:\/\/www.the-gourmand.com\/es\/wp-json\/wp\/v2\/product_tag?post=6290"}],"curies":[{"name":"wp","href":"https:\/\/api.w.org\/{rel}","templated":true}]}}