{"id":6219,"date":"2025-02-28T21:07:16","date_gmt":"2025-02-28T20:07:16","guid":{"rendered":"https:\/\/www.the-gourmand.com\/?post_type=product&#038;p=6219"},"modified":"2025-03-01T01:39:58","modified_gmt":"2025-03-01T00:39:58","slug":"caramel-rooibos","status":"publish","type":"product","link":"https:\/\/www.the-gourmand.com\/es\/produit\/caramel-rooibos\/","title":{"rendered":"Caramel Rooibos"},"content":{"rendered":"<p><span style=\"color: #000000;\">Perlas de sal como l\u00e1grimas, \u00a1pero l\u00e1grimas de felicidad! La combinaci\u00f3n de caramelo dulce y nuestro \u00faltimo descubrimiento: la sal perlada africana de Namibia tambi\u00e9n encanta todos los sentidos en Rooibos. Las notas de caramelo maravillosamente cremosas se fusionan con una emocionante pizca de perlas de sal, que tambi\u00e9n se pueden separar individualmente debido a su tama\u00f1o. \u00a0\u00a1D\u00e9jate sorprender por esta experiencia de sabor! <\/span><\/p>\n<p><span style=\"color: #000000;\"><strong>Ingredientes:<\/strong> Rooibos, <span style=\"color: #ff0000;\"><strong><em>trozos de caramelo de nata<\/em><\/strong>, <strong><em>trozos de almendras<\/em><\/strong>, <em><strong>trozos de<\/strong><\/em> <strong><em>avellana<\/em><\/strong>,<\/span> perlas de sal. Valor nutricional: 5 KCal\/100ml<\/span><\/p>\n","protected":false},"excerpt":{"rendered":"<p><strong>Nivel de te\u00edna:<\/strong><\/p>\n<p><img loading=\"lazy\" decoding=\"async\" class=\"alignnone wp-image-208 size-full\" src=\"https:\/\/www.the-gourmand.com\/wp-content\/uploads\/2022\/03\/taux-de-theine-0-100x320px.png\" alt=\"\" width=\"291\" height=\"88\" \/><\/p>\n<p><span style=\"color: #000000;\">Quien viaja a Breta\u00f1a en Francia queda encantado con su caramelo con mantequilla salada.\u00a0 Y este Rooibos tiene el verdadero sabor del caramelo de Breta\u00f1a, tierra del mago Merl\u00edn !<\/span><\/p>\n<p><span style=\"color: #000000;\"><strong>Ingredientes:<\/strong> Rooibos, <span style=\"color: #ff0000;\"><strong><em>trozos de caramelo de nata<\/em><\/strong>, <strong><em>trozos de almendras<\/em><\/strong>, <strong><em>trozos de<\/em><\/strong> <strong><em>avellana<\/em><\/strong>,<\/span> perlas de sal. Valor nutricional: 5 KCal\/100ml<br \/>\n<\/span><\/p>\n<p>&nbsp;<\/p>\n<p>&nbsp;<\/p>\n","protected":false},"featured_media":6234,"comment_status":"open","ping_status":"closed","template":"","meta":[],"product_brand":[],"product_cat":[307,161],"product_tag":[],"class_list":{"0":"post-6219","1":"product","2":"type-product","3":"status-publish","4":"has-post-thumbnail","6":"product_cat-infusiones","7":"product_cat-rooibos","8":"description-off","10":"first","11":"outofstock","12":"shipping-taxable","13":"purchasable","14":"product-type-variable"},"yoast_head":"<!-- This site is optimized with the Yoast SEO plugin v27.4 - https:\/\/yoast.com\/product\/yoast-seo-wordpress\/ -->\n<title>Caramel Rooibos - Th\u00e9 Gourmand<\/title>\n<meta name=\"description\" content=\"Rooibos, con el t\u00edpico sabor del caramelo de Breta\u00f1a. Un viaje a la tierra del mago Merl\u00edn, de Asterix y de Obelix. Sin te\u00edna.\" \/>\n<meta name=\"robots\" content=\"index, follow, max-snippet:-1, max-image-preview:large, max-video-preview:-1\" \/>\n<link rel=\"canonical\" href=\"https:\/\/www.the-gourmand.com\/es\/produit\/caramel-rooibos\/\" \/>\n<meta property=\"og:locale\" content=\"es_ES\" \/>\n<meta property=\"og:type\" content=\"article\" \/>\n<meta property=\"og:title\" content=\"Caramel Rooibos - Th\u00e9 Gourmand\" \/>\n<meta property=\"og:description\" content=\"Rooibos, con el t\u00edpico sabor del caramelo de Breta\u00f1a. Un viaje a la tierra del mago Merl\u00edn, de Asterix y de Obelix. Sin te\u00edna.\" \/>\n<meta property=\"og:url\" content=\"https:\/\/www.the-gourmand.com\/es\/produit\/caramel-rooibos\/\" \/>\n<meta property=\"og:site_name\" content=\"Th\u00e9 Gourmand\" \/>\n<meta property=\"article:modified_time\" content=\"2025-03-01T00:39:58+00:00\" \/>\n<meta property=\"og:image\" content=\"https:\/\/www.the-gourmand.com\/wp-content\/uploads\/2025\/02\/CARAMEL-ROOIBOS.jpeg\" \/>\n\t<meta property=\"og:image:width\" content=\"2000\" \/>\n\t<meta property=\"og:image:height\" content=\"2000\" \/>\n\t<meta property=\"og:image:type\" content=\"image\/jpeg\" \/>\n<meta name=\"twitter:card\" content=\"summary_large_image\" \/>\n<script type=\"application\/ld+json\" class=\"yoast-schema-graph\">{\"@context\":\"https:\\\/\\\/schema.org\",\"@graph\":[{\"@type\":\"WebPage\",\"@id\":\"https:\\\/\\\/www.the-gourmand.com\\\/es\\\/produit\\\/caramel-rooibos\\\/\",\"url\":\"https:\\\/\\\/www.the-gourmand.com\\\/es\\\/produit\\\/caramel-rooibos\\\/\",\"name\":\"Caramel Rooibos - Th\u00e9 Gourmand\",\"isPartOf\":{\"@id\":\"https:\\\/\\\/www.the-gourmand.com\\\/es\\\/#website\"},\"primaryImageOfPage\":{\"@id\":\"https:\\\/\\\/www.the-gourmand.com\\\/es\\\/produit\\\/caramel-rooibos\\\/#primaryimage\"},\"image\":{\"@id\":\"https:\\\/\\\/www.the-gourmand.com\\\/es\\\/produit\\\/caramel-rooibos\\\/#primaryimage\"},\"thumbnailUrl\":\"https:\\\/\\\/www.the-gourmand.com\\\/wp-content\\\/uploads\\\/2025\\\/02\\\/CARAMEL-ROOIBOS.jpeg\",\"datePublished\":\"2025-02-28T20:07:16+00:00\",\"dateModified\":\"2025-03-01T00:39:58+00:00\",\"description\":\"Rooibos, con el t\u00edpico sabor del caramelo de Breta\u00f1a. Un viaje a la tierra del mago Merl\u00edn, de Asterix y de Obelix. Sin te\u00edna.\",\"breadcrumb\":{\"@id\":\"https:\\\/\\\/www.the-gourmand.com\\\/es\\\/produit\\\/caramel-rooibos\\\/#breadcrumb\"},\"inLanguage\":\"es\",\"potentialAction\":[{\"@type\":\"ReadAction\",\"target\":[\"https:\\\/\\\/www.the-gourmand.com\\\/es\\\/produit\\\/caramel-rooibos\\\/\"]}]},{\"@type\":\"ImageObject\",\"inLanguage\":\"es\",\"@id\":\"https:\\\/\\\/www.the-gourmand.com\\\/es\\\/produit\\\/caramel-rooibos\\\/#primaryimage\",\"url\":\"https:\\\/\\\/www.the-gourmand.com\\\/wp-content\\\/uploads\\\/2025\\\/02\\\/CARAMEL-ROOIBOS.jpeg\",\"contentUrl\":\"https:\\\/\\\/www.the-gourmand.com\\\/wp-content\\\/uploads\\\/2025\\\/02\\\/CARAMEL-ROOIBOS.jpeg\",\"width\":2000,\"height\":2000},{\"@type\":\"BreadcrumbList\",\"@id\":\"https:\\\/\\\/www.the-gourmand.com\\\/es\\\/produit\\\/caramel-rooibos\\\/#breadcrumb\",\"itemListElement\":[{\"@type\":\"ListItem\",\"position\":1,\"name\":\"Accueil\",\"item\":\"https:\\\/\\\/www.the-gourmand.com\\\/es\\\/\"},{\"@type\":\"ListItem\",\"position\":2,\"name\":\"Productos\",\"item\":\"https:\\\/\\\/www.the-gourmand.com\\\/es\\\/productos\\\/\"},{\"@type\":\"ListItem\",\"position\":3,\"name\":\"Caramel Rooibos\"}]},{\"@type\":\"WebSite\",\"@id\":\"https:\\\/\\\/www.the-gourmand.com\\\/es\\\/#website\",\"url\":\"https:\\\/\\\/www.the-gourmand.com\\\/es\\\/\",\"name\":\"Th\u00e9 Gourmand\",\"description\":\"Boutique en ligne de th\u00e9s.\",\"publisher\":{\"@id\":\"https:\\\/\\\/www.the-gourmand.com\\\/es\\\/#organization\"},\"potentialAction\":[{\"@type\":\"SearchAction\",\"target\":{\"@type\":\"EntryPoint\",\"urlTemplate\":\"https:\\\/\\\/www.the-gourmand.com\\\/es\\\/?s={search_term_string}\"},\"query-input\":{\"@type\":\"PropertyValueSpecification\",\"valueRequired\":true,\"valueName\":\"search_term_string\"}}],\"inLanguage\":\"es\"},{\"@type\":\"Organization\",\"@id\":\"https:\\\/\\\/www.the-gourmand.com\\\/es\\\/#organization\",\"name\":\"Th\u00e9 Gourmand\",\"url\":\"https:\\\/\\\/www.the-gourmand.com\\\/es\\\/\",\"logo\":{\"@type\":\"ImageObject\",\"inLanguage\":\"es\",\"@id\":\"https:\\\/\\\/www.the-gourmand.com\\\/es\\\/#\\\/schema\\\/logo\\\/image\\\/\",\"url\":\"https:\\\/\\\/www.the-gourmand.com\\\/wp-content\\\/uploads\\\/2022\\\/02\\\/logo-the-gourmand-320x132px.png\",\"contentUrl\":\"https:\\\/\\\/www.the-gourmand.com\\\/wp-content\\\/uploads\\\/2022\\\/02\\\/logo-the-gourmand-320x132px.png\",\"width\":320,\"height\":132,\"caption\":\"Th\u00e9 Gourmand\"},\"image\":{\"@id\":\"https:\\\/\\\/www.the-gourmand.com\\\/es\\\/#\\\/schema\\\/logo\\\/image\\\/\"}}]}<\/script>\n<!-- \/ Yoast SEO plugin. -->","yoast_head_json":{"title":"Caramel Rooibos - Th\u00e9 Gourmand","description":"Rooibos, con el t\u00edpico sabor del caramelo de Breta\u00f1a. Un viaje a la tierra del mago Merl\u00edn, de Asterix y de Obelix. Sin te\u00edna.","robots":{"index":"index","follow":"follow","max-snippet":"max-snippet:-1","max-image-preview":"max-image-preview:large","max-video-preview":"max-video-preview:-1"},"canonical":"https:\/\/www.the-gourmand.com\/es\/produit\/caramel-rooibos\/","og_locale":"es_ES","og_type":"article","og_title":"Caramel Rooibos - Th\u00e9 Gourmand","og_description":"Rooibos, con el t\u00edpico sabor del caramelo de Breta\u00f1a. Un viaje a la tierra del mago Merl\u00edn, de Asterix y de Obelix. Sin te\u00edna.","og_url":"https:\/\/www.the-gourmand.com\/es\/produit\/caramel-rooibos\/","og_site_name":"Th\u00e9 Gourmand","article_modified_time":"2025-03-01T00:39:58+00:00","og_image":[{"width":2000,"height":2000,"url":"https:\/\/www.the-gourmand.com\/wp-content\/uploads\/2025\/02\/CARAMEL-ROOIBOS.jpeg","type":"image\/jpeg"}],"twitter_card":"summary_large_image","schema":{"@context":"https:\/\/schema.org","@graph":[{"@type":"WebPage","@id":"https:\/\/www.the-gourmand.com\/es\/produit\/caramel-rooibos\/","url":"https:\/\/www.the-gourmand.com\/es\/produit\/caramel-rooibos\/","name":"Caramel Rooibos - Th\u00e9 Gourmand","isPartOf":{"@id":"https:\/\/www.the-gourmand.com\/es\/#website"},"primaryImageOfPage":{"@id":"https:\/\/www.the-gourmand.com\/es\/produit\/caramel-rooibos\/#primaryimage"},"image":{"@id":"https:\/\/www.the-gourmand.com\/es\/produit\/caramel-rooibos\/#primaryimage"},"thumbnailUrl":"https:\/\/www.the-gourmand.com\/wp-content\/uploads\/2025\/02\/CARAMEL-ROOIBOS.jpeg","datePublished":"2025-02-28T20:07:16+00:00","dateModified":"2025-03-01T00:39:58+00:00","description":"Rooibos, con el t\u00edpico sabor del caramelo de Breta\u00f1a. Un viaje a la tierra del mago Merl\u00edn, de Asterix y de Obelix. Sin te\u00edna.","breadcrumb":{"@id":"https:\/\/www.the-gourmand.com\/es\/produit\/caramel-rooibos\/#breadcrumb"},"inLanguage":"es","potentialAction":[{"@type":"ReadAction","target":["https:\/\/www.the-gourmand.com\/es\/produit\/caramel-rooibos\/"]}]},{"@type":"ImageObject","inLanguage":"es","@id":"https:\/\/www.the-gourmand.com\/es\/produit\/caramel-rooibos\/#primaryimage","url":"https:\/\/www.the-gourmand.com\/wp-content\/uploads\/2025\/02\/CARAMEL-ROOIBOS.jpeg","contentUrl":"https:\/\/www.the-gourmand.com\/wp-content\/uploads\/2025\/02\/CARAMEL-ROOIBOS.jpeg","width":2000,"height":2000},{"@type":"BreadcrumbList","@id":"https:\/\/www.the-gourmand.com\/es\/produit\/caramel-rooibos\/#breadcrumb","itemListElement":[{"@type":"ListItem","position":1,"name":"Accueil","item":"https:\/\/www.the-gourmand.com\/es\/"},{"@type":"ListItem","position":2,"name":"Productos","item":"https:\/\/www.the-gourmand.com\/es\/productos\/"},{"@type":"ListItem","position":3,"name":"Caramel Rooibos"}]},{"@type":"WebSite","@id":"https:\/\/www.the-gourmand.com\/es\/#website","url":"https:\/\/www.the-gourmand.com\/es\/","name":"Th\u00e9 Gourmand","description":"Boutique en ligne de th\u00e9s.","publisher":{"@id":"https:\/\/www.the-gourmand.com\/es\/#organization"},"potentialAction":[{"@type":"SearchAction","target":{"@type":"EntryPoint","urlTemplate":"https:\/\/www.the-gourmand.com\/es\/?s={search_term_string}"},"query-input":{"@type":"PropertyValueSpecification","valueRequired":true,"valueName":"search_term_string"}}],"inLanguage":"es"},{"@type":"Organization","@id":"https:\/\/www.the-gourmand.com\/es\/#organization","name":"Th\u00e9 Gourmand","url":"https:\/\/www.the-gourmand.com\/es\/","logo":{"@type":"ImageObject","inLanguage":"es","@id":"https:\/\/www.the-gourmand.com\/es\/#\/schema\/logo\/image\/","url":"https:\/\/www.the-gourmand.com\/wp-content\/uploads\/2022\/02\/logo-the-gourmand-320x132px.png","contentUrl":"https:\/\/www.the-gourmand.com\/wp-content\/uploads\/2022\/02\/logo-the-gourmand-320x132px.png","width":320,"height":132,"caption":"Th\u00e9 Gourmand"},"image":{"@id":"https:\/\/www.the-gourmand.com\/es\/#\/schema\/logo\/image\/"}}]}},"_links":{"self":[{"href":"https:\/\/www.the-gourmand.com\/es\/wp-json\/wp\/v2\/product\/6219","targetHints":{"allow":["GET"]}}],"collection":[{"href":"https:\/\/www.the-gourmand.com\/es\/wp-json\/wp\/v2\/product"}],"about":[{"href":"https:\/\/www.the-gourmand.com\/es\/wp-json\/wp\/v2\/types\/product"}],"replies":[{"embeddable":true,"href":"https:\/\/www.the-gourmand.com\/es\/wp-json\/wp\/v2\/comments?post=6219"}],"wp:featuredmedia":[{"embeddable":true,"href":"https:\/\/www.the-gourmand.com\/es\/wp-json\/wp\/v2\/media\/6234"}],"wp:attachment":[{"href":"https:\/\/www.the-gourmand.com\/es\/wp-json\/wp\/v2\/media?parent=6219"}],"wp:term":[{"taxonomy":"product_brand","embeddable":true,"href":"https:\/\/www.the-gourmand.com\/es\/wp-json\/wp\/v2\/product_brand?post=6219"},{"taxonomy":"product_cat","embeddable":true,"href":"https:\/\/www.the-gourmand.com\/es\/wp-json\/wp\/v2\/product_cat?post=6219"},{"taxonomy":"product_tag","embeddable":true,"href":"https:\/\/www.the-gourmand.com\/es\/wp-json\/wp\/v2\/product_tag?post=6219"}],"curies":[{"name":"wp","href":"https:\/\/api.w.org\/{rel}","templated":true}]}}