{"id":5317,"date":"2024-02-22T13:10:04","date_gmt":"2024-02-22T12:10:04","guid":{"rendered":"https:\/\/www.the-gourmand.com\/?post_type=product&#038;p=5317"},"modified":"2025-07-04T14:39:16","modified_gmt":"2025-07-04T12:39:16","slug":"clochette","status":"publish","type":"product","link":"https:\/\/www.the-gourmand.com\/es\/produit\/clochette\/","title":{"rendered":"Clochette"},"content":{"rendered":"<p><span style=\"color: #000000;\">Campanita es esa peque\u00f1a hada que nos hace volar con su polvo m\u00e1gico, y \u00bfqu\u00e9 mejor nombre podr\u00edamos darle a esta deliciosa infusi\u00f3n llena de sabor y muy bonita? Ninguno porque Campanita, Clochette, nuestra infusi\u00f3n, es original, muy afrutada, llena de sabor y simplemente deliciosa. Cerezas y guindas en armon\u00eda, rodajas de <em><strong><span style=\"color: #ff0000;\">almendra<\/span><\/strong><\/em> y notas cremosas para completar el placer. Caliente o fr\u00edo, \u00a1puede convertirse en su bebida favorita!<\/span><\/p>\n<p><span style=\"color: #000000;\"><strong> Ingredientes:<\/strong> trozos de manzana, trozos de<em><strong><span style=\"color: #ff0000;\"> almendra<\/span><\/strong><\/em>, manzanas en cubos, aroma, gotas de cereza \u00e1cida liofilizadas, leche de coco, pimienta rosa, trozos de cereza \u00e1cida liofilizada, tomillo de monta\u00f1a.<\/span><\/p>\n","protected":false},"excerpt":{"rendered":"<p><strong>Nivel de te\u00edna:<\/strong><\/p>\n<p><img loading=\"lazy\" decoding=\"async\" class=\"alignnone wp-image-208 size-full\" src=\"https:\/\/www.the-gourmand.com\/wp-content\/uploads\/2022\/03\/taux-de-theine-0-100x320px.png\" alt=\"\" width=\"291\" height=\"88\" \/><\/p>\n<p><span style=\"color: #000000;\">Como una rosquilla con mermelada de cerezas, con chips de <em><strong><span style=\"color: #ff0000;\">almendras<\/span><\/strong><\/em>, trozos de guindas y notas cremosas de galletas, \u00a1todo en una taza de infusi\u00f3n afrutada!<\/span><\/p>\n<p><span style=\"color: #000000;\"><strong> Ingredientes:<\/strong> trozos de manzana, trozos de<em><strong><span style=\"color: #ff0000;\"> almendra<\/span><\/strong><\/em>, manzanas en cubos, gotas de cereza \u00e1cida liofilizadas, leche de coco, pimienta rosa, trozos de cereza \u00e1cida liofilizada, tomillo de monta\u00f1a.<\/span><\/p>\n","protected":false},"featured_media":5327,"comment_status":"open","ping_status":"closed","template":"","meta":[],"product_brand":[],"product_cat":[307,159],"product_tag":[],"class_list":{"0":"post-5317","1":"product","2":"type-product","3":"status-publish","4":"has-post-thumbnail","6":"product_cat-infusiones","7":"product_cat-tisanas-frutas","8":"description-off","10":"first","11":"instock","12":"shipping-taxable","13":"purchasable","14":"product-type-variable"},"yoast_head":"<!-- This site is optimized with the Yoast SEO plugin v27.4 - https:\/\/yoast.com\/product\/yoast-seo-wordpress\/ -->\n<title>Clochette (tisana) Th\u00e9 Gourmand<\/title>\n<meta name=\"description\" content=\"Como una rosquilla con mermelada de cerezas, con chips de almendras, trozos de guindas y notas cremosas de galletas, \u00a1todo en una taza de infusi\u00f3n afrutada!\" \/>\n<meta name=\"robots\" content=\"index, follow, max-snippet:-1, max-image-preview:large, max-video-preview:-1\" \/>\n<link rel=\"canonical\" href=\"https:\/\/www.the-gourmand.com\/es\/produit\/clochette\/\" \/>\n<meta property=\"og:locale\" content=\"es_ES\" \/>\n<meta property=\"og:type\" content=\"article\" \/>\n<meta property=\"og:title\" content=\"Clochette (tisana) Th\u00e9 Gourmand\" \/>\n<meta property=\"og:description\" content=\"Como una rosquilla con mermelada de cerezas, con chips de almendras, trozos de guindas y notas cremosas de galletas, \u00a1todo en una taza de infusi\u00f3n afrutada!\" \/>\n<meta property=\"og:url\" content=\"https:\/\/www.the-gourmand.com\/es\/produit\/clochette\/\" \/>\n<meta property=\"og:site_name\" content=\"Th\u00e9 Gourmand\" \/>\n<meta property=\"article:modified_time\" content=\"2025-07-04T12:39:16+00:00\" \/>\n<meta property=\"og:image\" content=\"https:\/\/www.the-gourmand.com\/wp-content\/uploads\/2024\/02\/CLOCHETTE.jpeg\" \/>\n\t<meta property=\"og:image:width\" content=\"2000\" \/>\n\t<meta property=\"og:image:height\" content=\"2000\" \/>\n\t<meta property=\"og:image:type\" content=\"image\/jpeg\" \/>\n<meta name=\"twitter:card\" content=\"summary_large_image\" \/>\n<meta name=\"twitter:label1\" content=\"Tiempo de lectura\" \/>\n\t<meta name=\"twitter:data1\" content=\"1 minuto\" \/>\n<script type=\"application\/ld+json\" class=\"yoast-schema-graph\">{\"@context\":\"https:\\\/\\\/schema.org\",\"@graph\":[{\"@type\":\"WebPage\",\"@id\":\"https:\\\/\\\/www.the-gourmand.com\\\/es\\\/produit\\\/clochette\\\/\",\"url\":\"https:\\\/\\\/www.the-gourmand.com\\\/es\\\/produit\\\/clochette\\\/\",\"name\":\"Clochette (tisana) Th\u00e9 Gourmand\",\"isPartOf\":{\"@id\":\"https:\\\/\\\/www.the-gourmand.com\\\/es\\\/#website\"},\"primaryImageOfPage\":{\"@id\":\"https:\\\/\\\/www.the-gourmand.com\\\/es\\\/produit\\\/clochette\\\/#primaryimage\"},\"image\":{\"@id\":\"https:\\\/\\\/www.the-gourmand.com\\\/es\\\/produit\\\/clochette\\\/#primaryimage\"},\"thumbnailUrl\":\"https:\\\/\\\/www.the-gourmand.com\\\/wp-content\\\/uploads\\\/2024\\\/02\\\/CLOCHETTE.jpeg\",\"datePublished\":\"2024-02-22T12:10:04+00:00\",\"dateModified\":\"2025-07-04T12:39:16+00:00\",\"description\":\"Como una rosquilla con mermelada de cerezas, con chips de almendras, trozos de guindas y notas cremosas de galletas, \u00a1todo en una taza de infusi\u00f3n afrutada!\",\"breadcrumb\":{\"@id\":\"https:\\\/\\\/www.the-gourmand.com\\\/es\\\/produit\\\/clochette\\\/#breadcrumb\"},\"inLanguage\":\"es\",\"potentialAction\":[{\"@type\":\"ReadAction\",\"target\":[\"https:\\\/\\\/www.the-gourmand.com\\\/es\\\/produit\\\/clochette\\\/\"]}]},{\"@type\":\"ImageObject\",\"inLanguage\":\"es\",\"@id\":\"https:\\\/\\\/www.the-gourmand.com\\\/es\\\/produit\\\/clochette\\\/#primaryimage\",\"url\":\"https:\\\/\\\/www.the-gourmand.com\\\/wp-content\\\/uploads\\\/2024\\\/02\\\/CLOCHETTE.jpeg\",\"contentUrl\":\"https:\\\/\\\/www.the-gourmand.com\\\/wp-content\\\/uploads\\\/2024\\\/02\\\/CLOCHETTE.jpeg\",\"width\":2000,\"height\":2000},{\"@type\":\"BreadcrumbList\",\"@id\":\"https:\\\/\\\/www.the-gourmand.com\\\/es\\\/produit\\\/clochette\\\/#breadcrumb\",\"itemListElement\":[{\"@type\":\"ListItem\",\"position\":1,\"name\":\"Accueil\",\"item\":\"https:\\\/\\\/www.the-gourmand.com\\\/es\\\/\"},{\"@type\":\"ListItem\",\"position\":2,\"name\":\"Productos\",\"item\":\"https:\\\/\\\/www.the-gourmand.com\\\/es\\\/productos\\\/\"},{\"@type\":\"ListItem\",\"position\":3,\"name\":\"Clochette\"}]},{\"@type\":\"WebSite\",\"@id\":\"https:\\\/\\\/www.the-gourmand.com\\\/es\\\/#website\",\"url\":\"https:\\\/\\\/www.the-gourmand.com\\\/es\\\/\",\"name\":\"Th\u00e9 Gourmand\",\"description\":\"Boutique en ligne de th\u00e9s.\",\"publisher\":{\"@id\":\"https:\\\/\\\/www.the-gourmand.com\\\/es\\\/#organization\"},\"potentialAction\":[{\"@type\":\"SearchAction\",\"target\":{\"@type\":\"EntryPoint\",\"urlTemplate\":\"https:\\\/\\\/www.the-gourmand.com\\\/es\\\/?s={search_term_string}\"},\"query-input\":{\"@type\":\"PropertyValueSpecification\",\"valueRequired\":true,\"valueName\":\"search_term_string\"}}],\"inLanguage\":\"es\"},{\"@type\":\"Organization\",\"@id\":\"https:\\\/\\\/www.the-gourmand.com\\\/es\\\/#organization\",\"name\":\"Th\u00e9 Gourmand\",\"url\":\"https:\\\/\\\/www.the-gourmand.com\\\/es\\\/\",\"logo\":{\"@type\":\"ImageObject\",\"inLanguage\":\"es\",\"@id\":\"https:\\\/\\\/www.the-gourmand.com\\\/es\\\/#\\\/schema\\\/logo\\\/image\\\/\",\"url\":\"https:\\\/\\\/www.the-gourmand.com\\\/wp-content\\\/uploads\\\/2022\\\/02\\\/logo-the-gourmand-320x132px.png\",\"contentUrl\":\"https:\\\/\\\/www.the-gourmand.com\\\/wp-content\\\/uploads\\\/2022\\\/02\\\/logo-the-gourmand-320x132px.png\",\"width\":320,\"height\":132,\"caption\":\"Th\u00e9 Gourmand\"},\"image\":{\"@id\":\"https:\\\/\\\/www.the-gourmand.com\\\/es\\\/#\\\/schema\\\/logo\\\/image\\\/\"}}]}<\/script>\n<!-- \/ Yoast SEO plugin. -->","yoast_head_json":{"title":"Clochette (tisana) Th\u00e9 Gourmand","description":"Como una rosquilla con mermelada de cerezas, con chips de almendras, trozos de guindas y notas cremosas de galletas, \u00a1todo en una taza de infusi\u00f3n afrutada!","robots":{"index":"index","follow":"follow","max-snippet":"max-snippet:-1","max-image-preview":"max-image-preview:large","max-video-preview":"max-video-preview:-1"},"canonical":"https:\/\/www.the-gourmand.com\/es\/produit\/clochette\/","og_locale":"es_ES","og_type":"article","og_title":"Clochette (tisana) Th\u00e9 Gourmand","og_description":"Como una rosquilla con mermelada de cerezas, con chips de almendras, trozos de guindas y notas cremosas de galletas, \u00a1todo en una taza de infusi\u00f3n afrutada!","og_url":"https:\/\/www.the-gourmand.com\/es\/produit\/clochette\/","og_site_name":"Th\u00e9 Gourmand","article_modified_time":"2025-07-04T12:39:16+00:00","og_image":[{"width":2000,"height":2000,"url":"https:\/\/www.the-gourmand.com\/wp-content\/uploads\/2024\/02\/CLOCHETTE.jpeg","type":"image\/jpeg"}],"twitter_card":"summary_large_image","twitter_misc":{"Tiempo de lectura":"1 minuto"},"schema":{"@context":"https:\/\/schema.org","@graph":[{"@type":"WebPage","@id":"https:\/\/www.the-gourmand.com\/es\/produit\/clochette\/","url":"https:\/\/www.the-gourmand.com\/es\/produit\/clochette\/","name":"Clochette (tisana) Th\u00e9 Gourmand","isPartOf":{"@id":"https:\/\/www.the-gourmand.com\/es\/#website"},"primaryImageOfPage":{"@id":"https:\/\/www.the-gourmand.com\/es\/produit\/clochette\/#primaryimage"},"image":{"@id":"https:\/\/www.the-gourmand.com\/es\/produit\/clochette\/#primaryimage"},"thumbnailUrl":"https:\/\/www.the-gourmand.com\/wp-content\/uploads\/2024\/02\/CLOCHETTE.jpeg","datePublished":"2024-02-22T12:10:04+00:00","dateModified":"2025-07-04T12:39:16+00:00","description":"Como una rosquilla con mermelada de cerezas, con chips de almendras, trozos de guindas y notas cremosas de galletas, \u00a1todo en una taza de infusi\u00f3n afrutada!","breadcrumb":{"@id":"https:\/\/www.the-gourmand.com\/es\/produit\/clochette\/#breadcrumb"},"inLanguage":"es","potentialAction":[{"@type":"ReadAction","target":["https:\/\/www.the-gourmand.com\/es\/produit\/clochette\/"]}]},{"@type":"ImageObject","inLanguage":"es","@id":"https:\/\/www.the-gourmand.com\/es\/produit\/clochette\/#primaryimage","url":"https:\/\/www.the-gourmand.com\/wp-content\/uploads\/2024\/02\/CLOCHETTE.jpeg","contentUrl":"https:\/\/www.the-gourmand.com\/wp-content\/uploads\/2024\/02\/CLOCHETTE.jpeg","width":2000,"height":2000},{"@type":"BreadcrumbList","@id":"https:\/\/www.the-gourmand.com\/es\/produit\/clochette\/#breadcrumb","itemListElement":[{"@type":"ListItem","position":1,"name":"Accueil","item":"https:\/\/www.the-gourmand.com\/es\/"},{"@type":"ListItem","position":2,"name":"Productos","item":"https:\/\/www.the-gourmand.com\/es\/productos\/"},{"@type":"ListItem","position":3,"name":"Clochette"}]},{"@type":"WebSite","@id":"https:\/\/www.the-gourmand.com\/es\/#website","url":"https:\/\/www.the-gourmand.com\/es\/","name":"Th\u00e9 Gourmand","description":"Boutique en ligne de th\u00e9s.","publisher":{"@id":"https:\/\/www.the-gourmand.com\/es\/#organization"},"potentialAction":[{"@type":"SearchAction","target":{"@type":"EntryPoint","urlTemplate":"https:\/\/www.the-gourmand.com\/es\/?s={search_term_string}"},"query-input":{"@type":"PropertyValueSpecification","valueRequired":true,"valueName":"search_term_string"}}],"inLanguage":"es"},{"@type":"Organization","@id":"https:\/\/www.the-gourmand.com\/es\/#organization","name":"Th\u00e9 Gourmand","url":"https:\/\/www.the-gourmand.com\/es\/","logo":{"@type":"ImageObject","inLanguage":"es","@id":"https:\/\/www.the-gourmand.com\/es\/#\/schema\/logo\/image\/","url":"https:\/\/www.the-gourmand.com\/wp-content\/uploads\/2022\/02\/logo-the-gourmand-320x132px.png","contentUrl":"https:\/\/www.the-gourmand.com\/wp-content\/uploads\/2022\/02\/logo-the-gourmand-320x132px.png","width":320,"height":132,"caption":"Th\u00e9 Gourmand"},"image":{"@id":"https:\/\/www.the-gourmand.com\/es\/#\/schema\/logo\/image\/"}}]}},"_links":{"self":[{"href":"https:\/\/www.the-gourmand.com\/es\/wp-json\/wp\/v2\/product\/5317","targetHints":{"allow":["GET"]}}],"collection":[{"href":"https:\/\/www.the-gourmand.com\/es\/wp-json\/wp\/v2\/product"}],"about":[{"href":"https:\/\/www.the-gourmand.com\/es\/wp-json\/wp\/v2\/types\/product"}],"replies":[{"embeddable":true,"href":"https:\/\/www.the-gourmand.com\/es\/wp-json\/wp\/v2\/comments?post=5317"}],"wp:featuredmedia":[{"embeddable":true,"href":"https:\/\/www.the-gourmand.com\/es\/wp-json\/wp\/v2\/media\/5327"}],"wp:attachment":[{"href":"https:\/\/www.the-gourmand.com\/es\/wp-json\/wp\/v2\/media?parent=5317"}],"wp:term":[{"taxonomy":"product_brand","embeddable":true,"href":"https:\/\/www.the-gourmand.com\/es\/wp-json\/wp\/v2\/product_brand?post=5317"},{"taxonomy":"product_cat","embeddable":true,"href":"https:\/\/www.the-gourmand.com\/es\/wp-json\/wp\/v2\/product_cat?post=5317"},{"taxonomy":"product_tag","embeddable":true,"href":"https:\/\/www.the-gourmand.com\/es\/wp-json\/wp\/v2\/product_tag?post=5317"}],"curies":[{"name":"wp","href":"https:\/\/api.w.org\/{rel}","templated":true}]}}