{"id":5072,"date":"2023-10-05T14:47:13","date_gmt":"2023-10-05T12:47:13","guid":{"rendered":"https:\/\/www.the-gourmand.com\/?post_type=product&#038;p=5072"},"modified":"2023-10-09T01:49:06","modified_gmt":"2023-10-08T23:49:06","slug":"cafe-kachalu-bio-colombia","status":"publish","type":"product","link":"https:\/\/www.the-gourmand.com\/es\/produit\/cafe-kachalu-bio-colombia\/","title":{"rendered":"Caf\u00e9 Org\u00e1nico Kachal\u00fa de Colombia"},"content":{"rendered":"<p><span style=\"color: #000000;\"><strong>Origen y cultivo:<\/strong> Es en medio de la selva sudamericana, en el coraz\u00f3n de Colombia, donde se encuentran las fincas Kachal\u00fa, las cuales gozan de un clima c\u00e1lido y h\u00famedo durante todo el a\u00f1o. En comparaci\u00f3n con Brasil, Colombia tiene la ventaja decisiva de no temer las olas de fr\u00edo que podr\u00edan destruir toda una cosecha. <\/span><\/p>\n<p><span style=\"color: #000000;\"><strong>Caracter\u00edstica y sabor:<\/strong> Para un sudamericano, tiene un car\u00e1cter sorprendentemente fuerte, casi terroso y picante. El dulzor intenso se complementa con sabores complejos que van desde el caramelo hasta el chocolate con un toque de fruta dulce. <strong>Origen ecol\u00f3gico<\/strong><\/span><\/p>\n","protected":false},"excerpt":{"rendered":"<p><span style=\"color: #000000;\"><strong>Nivel de cafe\u00edna:<\/strong><\/span><\/p>\n<p><img loading=\"lazy\" decoding=\"async\" class=\"alignnone wp-image-5078 \" src=\"https:\/\/www.the-gourmand.com\/wp-content\/uploads\/2023\/10\/2.0-GRANOS-DE-CAFE-DE-5-COLOMBIA.png\" alt=\"\" width=\"178\" height=\"46\" \/><\/p>\n<p><span style=\"color: #000000;\">Excelente caf\u00e9 de Colombia, de <strong>origen org\u00e1nico<\/strong>, Kachal\u00fa, rico en sabor, arom\u00e1tico y contenido medio de cafe\u00edna. 100% Ar\u00e1bica<\/span><\/p>\n","protected":false},"featured_media":5075,"comment_status":"open","ping_status":"closed","template":"","meta":[],"product_brand":[],"product_cat":[489],"product_tag":[],"class_list":{"0":"post-5072","1":"product","2":"type-product","3":"status-publish","4":"has-post-thumbnail","6":"product_cat-cafe-es","7":"description-off","9":"first","10":"instock","11":"shipping-taxable","12":"purchasable","13":"product-type-simple"},"yoast_head":"<!-- This site is optimized with the Yoast SEO plugin v27.4 - https:\/\/yoast.com\/product\/yoast-seo-wordpress\/ -->\n<title>Caf\u00e9 Org\u00e1nico Kachal\u00fa de Colombia - Th\u00e9 Gourmand<\/title>\n<meta name=\"description\" content=\"Caf\u00e9 fuerte, rico en cafe\u00edna, arom\u00e1tico y sin amargura, econ\u00f3mico y delicioso. Magn\u00edfico para el desayuno.\" \/>\n<meta name=\"robots\" content=\"index, follow, max-snippet:-1, max-image-preview:large, max-video-preview:-1\" \/>\n<link rel=\"canonical\" href=\"https:\/\/www.the-gourmand.com\/es\/produit\/cafe-kachalu-bio-colombia\/\" \/>\n<meta property=\"og:locale\" content=\"es_ES\" \/>\n<meta property=\"og:type\" content=\"article\" \/>\n<meta property=\"og:title\" content=\"Caf\u00e9 Org\u00e1nico Kachal\u00fa de Colombia - Th\u00e9 Gourmand\" \/>\n<meta property=\"og:description\" content=\"Caf\u00e9 fuerte, rico en cafe\u00edna, arom\u00e1tico y sin amargura, econ\u00f3mico y delicioso. Magn\u00edfico para el desayuno.\" \/>\n<meta property=\"og:url\" content=\"https:\/\/www.the-gourmand.com\/es\/produit\/cafe-kachalu-bio-colombia\/\" \/>\n<meta property=\"og:site_name\" content=\"Th\u00e9 Gourmand\" \/>\n<meta property=\"article:modified_time\" content=\"2023-10-08T23:49:06+00:00\" \/>\n<meta property=\"og:image\" content=\"https:\/\/www.the-gourmand.com\/wp-content\/uploads\/2023\/10\/COLOMBIE-KACHALU-BIO.jpeg\" \/>\n\t<meta property=\"og:image:width\" content=\"500\" \/>\n\t<meta property=\"og:image:height\" content=\"500\" \/>\n\t<meta property=\"og:image:type\" content=\"image\/jpeg\" \/>\n<meta name=\"twitter:card\" content=\"summary_large_image\" \/>\n<meta name=\"twitter:label1\" content=\"Tiempo de lectura\" \/>\n\t<meta name=\"twitter:data1\" content=\"1 minuto\" \/>\n<script type=\"application\/ld+json\" class=\"yoast-schema-graph\">{\"@context\":\"https:\\\/\\\/schema.org\",\"@graph\":[{\"@type\":\"WebPage\",\"@id\":\"https:\\\/\\\/www.the-gourmand.com\\\/es\\\/produit\\\/cafe-kachalu-bio-colombia\\\/\",\"url\":\"https:\\\/\\\/www.the-gourmand.com\\\/es\\\/produit\\\/cafe-kachalu-bio-colombia\\\/\",\"name\":\"Caf\u00e9 Org\u00e1nico Kachal\u00fa de Colombia - Th\u00e9 Gourmand\",\"isPartOf\":{\"@id\":\"https:\\\/\\\/www.the-gourmand.com\\\/es\\\/#website\"},\"primaryImageOfPage\":{\"@id\":\"https:\\\/\\\/www.the-gourmand.com\\\/es\\\/produit\\\/cafe-kachalu-bio-colombia\\\/#primaryimage\"},\"image\":{\"@id\":\"https:\\\/\\\/www.the-gourmand.com\\\/es\\\/produit\\\/cafe-kachalu-bio-colombia\\\/#primaryimage\"},\"thumbnailUrl\":\"https:\\\/\\\/www.the-gourmand.com\\\/wp-content\\\/uploads\\\/2023\\\/10\\\/COLOMBIE-KACHALU-BIO.jpeg\",\"datePublished\":\"2023-10-05T12:47:13+00:00\",\"dateModified\":\"2023-10-08T23:49:06+00:00\",\"description\":\"Caf\u00e9 fuerte, rico en cafe\u00edna, arom\u00e1tico y sin amargura, econ\u00f3mico y delicioso. Magn\u00edfico para el desayuno.\",\"breadcrumb\":{\"@id\":\"https:\\\/\\\/www.the-gourmand.com\\\/es\\\/produit\\\/cafe-kachalu-bio-colombia\\\/#breadcrumb\"},\"inLanguage\":\"es\",\"potentialAction\":[{\"@type\":\"ReadAction\",\"target\":[\"https:\\\/\\\/www.the-gourmand.com\\\/es\\\/produit\\\/cafe-kachalu-bio-colombia\\\/\"]}]},{\"@type\":\"ImageObject\",\"inLanguage\":\"es\",\"@id\":\"https:\\\/\\\/www.the-gourmand.com\\\/es\\\/produit\\\/cafe-kachalu-bio-colombia\\\/#primaryimage\",\"url\":\"https:\\\/\\\/www.the-gourmand.com\\\/wp-content\\\/uploads\\\/2023\\\/10\\\/COLOMBIE-KACHALU-BIO.jpeg\",\"contentUrl\":\"https:\\\/\\\/www.the-gourmand.com\\\/wp-content\\\/uploads\\\/2023\\\/10\\\/COLOMBIE-KACHALU-BIO.jpeg\",\"width\":500,\"height\":500},{\"@type\":\"BreadcrumbList\",\"@id\":\"https:\\\/\\\/www.the-gourmand.com\\\/es\\\/produit\\\/cafe-kachalu-bio-colombia\\\/#breadcrumb\",\"itemListElement\":[{\"@type\":\"ListItem\",\"position\":1,\"name\":\"Accueil\",\"item\":\"https:\\\/\\\/www.the-gourmand.com\\\/es\\\/\"},{\"@type\":\"ListItem\",\"position\":2,\"name\":\"Productos\",\"item\":\"https:\\\/\\\/www.the-gourmand.com\\\/es\\\/productos\\\/\"},{\"@type\":\"ListItem\",\"position\":3,\"name\":\"Caf\u00e9 Org\u00e1nico Kachal\u00fa de Colombia\"}]},{\"@type\":\"WebSite\",\"@id\":\"https:\\\/\\\/www.the-gourmand.com\\\/es\\\/#website\",\"url\":\"https:\\\/\\\/www.the-gourmand.com\\\/es\\\/\",\"name\":\"Th\u00e9 Gourmand\",\"description\":\"Boutique en ligne de th\u00e9s.\",\"publisher\":{\"@id\":\"https:\\\/\\\/www.the-gourmand.com\\\/es\\\/#organization\"},\"potentialAction\":[{\"@type\":\"SearchAction\",\"target\":{\"@type\":\"EntryPoint\",\"urlTemplate\":\"https:\\\/\\\/www.the-gourmand.com\\\/es\\\/?s={search_term_string}\"},\"query-input\":{\"@type\":\"PropertyValueSpecification\",\"valueRequired\":true,\"valueName\":\"search_term_string\"}}],\"inLanguage\":\"es\"},{\"@type\":\"Organization\",\"@id\":\"https:\\\/\\\/www.the-gourmand.com\\\/es\\\/#organization\",\"name\":\"Th\u00e9 Gourmand\",\"url\":\"https:\\\/\\\/www.the-gourmand.com\\\/es\\\/\",\"logo\":{\"@type\":\"ImageObject\",\"inLanguage\":\"es\",\"@id\":\"https:\\\/\\\/www.the-gourmand.com\\\/es\\\/#\\\/schema\\\/logo\\\/image\\\/\",\"url\":\"https:\\\/\\\/www.the-gourmand.com\\\/wp-content\\\/uploads\\\/2022\\\/02\\\/logo-the-gourmand-320x132px.png\",\"contentUrl\":\"https:\\\/\\\/www.the-gourmand.com\\\/wp-content\\\/uploads\\\/2022\\\/02\\\/logo-the-gourmand-320x132px.png\",\"width\":320,\"height\":132,\"caption\":\"Th\u00e9 Gourmand\"},\"image\":{\"@id\":\"https:\\\/\\\/www.the-gourmand.com\\\/es\\\/#\\\/schema\\\/logo\\\/image\\\/\"}}]}<\/script>\n<!-- \/ Yoast SEO plugin. -->","yoast_head_json":{"title":"Caf\u00e9 Org\u00e1nico Kachal\u00fa de Colombia - Th\u00e9 Gourmand","description":"Caf\u00e9 fuerte, rico en cafe\u00edna, arom\u00e1tico y sin amargura, econ\u00f3mico y delicioso. Magn\u00edfico para el desayuno.","robots":{"index":"index","follow":"follow","max-snippet":"max-snippet:-1","max-image-preview":"max-image-preview:large","max-video-preview":"max-video-preview:-1"},"canonical":"https:\/\/www.the-gourmand.com\/es\/produit\/cafe-kachalu-bio-colombia\/","og_locale":"es_ES","og_type":"article","og_title":"Caf\u00e9 Org\u00e1nico Kachal\u00fa de Colombia - Th\u00e9 Gourmand","og_description":"Caf\u00e9 fuerte, rico en cafe\u00edna, arom\u00e1tico y sin amargura, econ\u00f3mico y delicioso. Magn\u00edfico para el desayuno.","og_url":"https:\/\/www.the-gourmand.com\/es\/produit\/cafe-kachalu-bio-colombia\/","og_site_name":"Th\u00e9 Gourmand","article_modified_time":"2023-10-08T23:49:06+00:00","og_image":[{"width":500,"height":500,"url":"https:\/\/www.the-gourmand.com\/wp-content\/uploads\/2023\/10\/COLOMBIE-KACHALU-BIO.jpeg","type":"image\/jpeg"}],"twitter_card":"summary_large_image","twitter_misc":{"Tiempo de lectura":"1 minuto"},"schema":{"@context":"https:\/\/schema.org","@graph":[{"@type":"WebPage","@id":"https:\/\/www.the-gourmand.com\/es\/produit\/cafe-kachalu-bio-colombia\/","url":"https:\/\/www.the-gourmand.com\/es\/produit\/cafe-kachalu-bio-colombia\/","name":"Caf\u00e9 Org\u00e1nico Kachal\u00fa de Colombia - Th\u00e9 Gourmand","isPartOf":{"@id":"https:\/\/www.the-gourmand.com\/es\/#website"},"primaryImageOfPage":{"@id":"https:\/\/www.the-gourmand.com\/es\/produit\/cafe-kachalu-bio-colombia\/#primaryimage"},"image":{"@id":"https:\/\/www.the-gourmand.com\/es\/produit\/cafe-kachalu-bio-colombia\/#primaryimage"},"thumbnailUrl":"https:\/\/www.the-gourmand.com\/wp-content\/uploads\/2023\/10\/COLOMBIE-KACHALU-BIO.jpeg","datePublished":"2023-10-05T12:47:13+00:00","dateModified":"2023-10-08T23:49:06+00:00","description":"Caf\u00e9 fuerte, rico en cafe\u00edna, arom\u00e1tico y sin amargura, econ\u00f3mico y delicioso. Magn\u00edfico para el desayuno.","breadcrumb":{"@id":"https:\/\/www.the-gourmand.com\/es\/produit\/cafe-kachalu-bio-colombia\/#breadcrumb"},"inLanguage":"es","potentialAction":[{"@type":"ReadAction","target":["https:\/\/www.the-gourmand.com\/es\/produit\/cafe-kachalu-bio-colombia\/"]}]},{"@type":"ImageObject","inLanguage":"es","@id":"https:\/\/www.the-gourmand.com\/es\/produit\/cafe-kachalu-bio-colombia\/#primaryimage","url":"https:\/\/www.the-gourmand.com\/wp-content\/uploads\/2023\/10\/COLOMBIE-KACHALU-BIO.jpeg","contentUrl":"https:\/\/www.the-gourmand.com\/wp-content\/uploads\/2023\/10\/COLOMBIE-KACHALU-BIO.jpeg","width":500,"height":500},{"@type":"BreadcrumbList","@id":"https:\/\/www.the-gourmand.com\/es\/produit\/cafe-kachalu-bio-colombia\/#breadcrumb","itemListElement":[{"@type":"ListItem","position":1,"name":"Accueil","item":"https:\/\/www.the-gourmand.com\/es\/"},{"@type":"ListItem","position":2,"name":"Productos","item":"https:\/\/www.the-gourmand.com\/es\/productos\/"},{"@type":"ListItem","position":3,"name":"Caf\u00e9 Org\u00e1nico Kachal\u00fa de Colombia"}]},{"@type":"WebSite","@id":"https:\/\/www.the-gourmand.com\/es\/#website","url":"https:\/\/www.the-gourmand.com\/es\/","name":"Th\u00e9 Gourmand","description":"Boutique en ligne de th\u00e9s.","publisher":{"@id":"https:\/\/www.the-gourmand.com\/es\/#organization"},"potentialAction":[{"@type":"SearchAction","target":{"@type":"EntryPoint","urlTemplate":"https:\/\/www.the-gourmand.com\/es\/?s={search_term_string}"},"query-input":{"@type":"PropertyValueSpecification","valueRequired":true,"valueName":"search_term_string"}}],"inLanguage":"es"},{"@type":"Organization","@id":"https:\/\/www.the-gourmand.com\/es\/#organization","name":"Th\u00e9 Gourmand","url":"https:\/\/www.the-gourmand.com\/es\/","logo":{"@type":"ImageObject","inLanguage":"es","@id":"https:\/\/www.the-gourmand.com\/es\/#\/schema\/logo\/image\/","url":"https:\/\/www.the-gourmand.com\/wp-content\/uploads\/2022\/02\/logo-the-gourmand-320x132px.png","contentUrl":"https:\/\/www.the-gourmand.com\/wp-content\/uploads\/2022\/02\/logo-the-gourmand-320x132px.png","width":320,"height":132,"caption":"Th\u00e9 Gourmand"},"image":{"@id":"https:\/\/www.the-gourmand.com\/es\/#\/schema\/logo\/image\/"}}]}},"_links":{"self":[{"href":"https:\/\/www.the-gourmand.com\/es\/wp-json\/wp\/v2\/product\/5072","targetHints":{"allow":["GET"]}}],"collection":[{"href":"https:\/\/www.the-gourmand.com\/es\/wp-json\/wp\/v2\/product"}],"about":[{"href":"https:\/\/www.the-gourmand.com\/es\/wp-json\/wp\/v2\/types\/product"}],"replies":[{"embeddable":true,"href":"https:\/\/www.the-gourmand.com\/es\/wp-json\/wp\/v2\/comments?post=5072"}],"wp:featuredmedia":[{"embeddable":true,"href":"https:\/\/www.the-gourmand.com\/es\/wp-json\/wp\/v2\/media\/5075"}],"wp:attachment":[{"href":"https:\/\/www.the-gourmand.com\/es\/wp-json\/wp\/v2\/media?parent=5072"}],"wp:term":[{"taxonomy":"product_brand","embeddable":true,"href":"https:\/\/www.the-gourmand.com\/es\/wp-json\/wp\/v2\/product_brand?post=5072"},{"taxonomy":"product_cat","embeddable":true,"href":"https:\/\/www.the-gourmand.com\/es\/wp-json\/wp\/v2\/product_cat?post=5072"},{"taxonomy":"product_tag","embeddable":true,"href":"https:\/\/www.the-gourmand.com\/es\/wp-json\/wp\/v2\/product_tag?post=5072"}],"curies":[{"name":"wp","href":"https:\/\/api.w.org\/{rel}","templated":true}]}}