{"id":4844,"date":"2023-08-11T12:09:54","date_gmt":"2023-08-11T10:09:54","guid":{"rendered":"https:\/\/www.the-gourmand.com\/?post_type=product&#038;p=4844"},"modified":"2024-03-26T23:57:49","modified_gmt":"2024-03-26T22:57:49","slug":"curcumangue","status":"publish","type":"product","link":"https:\/\/www.the-gourmand.com\/es\/produit\/curcumangue\/","title":{"rendered":"Curcu&#8217;Mangue"},"content":{"rendered":"<p><span style=\"color: #000000;\">Exquisita infusion, rica en sabor de frutas con dulces trozos de manzana y jengibre confitado que endulzan el sabor ligeramente agrio y especiado de la ra\u00edz de c\u00farcuma. El hinojo le da una dulzura extra suave a esta mezcla. Visualmente destaca esta creaci\u00f3n con ex\u00f3ticos copos de mango, t\u00e9 verde claro de monta\u00f1a griega y ortigas verdes-oscuras. Las jugosas notas de mango completan esta perfecta tisana especiada con un agradable toque de frescura.<\/span><\/p>\n<p><span style=\"color: #000000;\">Ingredientes: trozos de manzana, cubo de jengibre (az\u00facar, jengibre, acidulante: \u00e1cido c\u00edtrico), rodajas de c\u00farcuma, hinojo, hojas de ortiga, Copos de mango, t\u00e9 griego de monta\u00f1a, cal\u00e9ndula.<\/span><\/p>\n","protected":false},"excerpt":{"rendered":"<p><strong>Nivel de te\u00edna:<\/strong><\/p>\n<p><img loading=\"lazy\" decoding=\"async\" class=\"alignnone wp-image-208 size-full\" src=\"https:\/\/www.the-gourmand.com\/wp-content\/uploads\/2022\/03\/taux-de-theine-0-100x320px.png\" alt=\"\" width=\"291\" height=\"88\" \/><\/p>\n<p><span style=\"color: #000000;\">Deliciosa infusion de c\u00farcuma, mango, manzana, hinojo, jenjibre y t\u00e9 de las monta\u00f1as griegas fresca, delicada y rica en sabor al mismo tiempo.<\/span><\/p>\n<p><span style=\"color: #000000;\">Ingredientes: trozos de manzana, cubo de jengibre (az\u00facar, jengibre, acidulante: \u00e1cido c\u00edtrico), rodajas de c\u00farcuma, hinojo, hojas de ortiga, Copos de mango, t\u00e9 griego de monta\u00f1a, cal\u00e9ndula.<\/span><\/p>\n","protected":false},"featured_media":4859,"comment_status":"open","ping_status":"closed","template":"","meta":[],"product_brand":[],"product_cat":[307,157,159],"product_tag":[],"class_list":{"0":"post-4844","1":"product","2":"type-product","3":"status-publish","4":"has-post-thumbnail","6":"product_cat-infusiones","7":"product_cat-para-el-bienestar","8":"product_cat-tisanas-frutas","9":"description-off","11":"first","12":"instock","13":"shipping-taxable","14":"purchasable","15":"product-type-variable"},"yoast_head":"<!-- This site is optimized with the Yoast SEO plugin v27.4 - https:\/\/yoast.com\/product\/yoast-seo-wordpress\/ -->\n<title>Curcu&#039;Mangue - Th\u00e9 Gourmand<\/title>\n<meta name=\"description\" content=\"Deliciosa infusion de c\u00farcuma, mango, manzana, hinojo, jenjibre y t\u00e9 de las monta\u00f1as griegas fresca, delicada y rica en sabor al mismo tiempo.\" \/>\n<meta name=\"robots\" content=\"index, follow, max-snippet:-1, max-image-preview:large, max-video-preview:-1\" \/>\n<link rel=\"canonical\" href=\"https:\/\/www.the-gourmand.com\/es\/produit\/curcumangue\/\" \/>\n<meta property=\"og:locale\" content=\"es_ES\" \/>\n<meta property=\"og:type\" content=\"article\" \/>\n<meta property=\"og:title\" content=\"Curcu&#039;Mangue - Th\u00e9 Gourmand\" \/>\n<meta property=\"og:description\" content=\"Deliciosa infusion de c\u00farcuma, mango, manzana, hinojo, jenjibre y t\u00e9 de las monta\u00f1as griegas fresca, delicada y rica en sabor al mismo tiempo.\" \/>\n<meta property=\"og:url\" content=\"https:\/\/www.the-gourmand.com\/es\/produit\/curcumangue\/\" \/>\n<meta property=\"og:site_name\" content=\"Th\u00e9 Gourmand\" \/>\n<meta property=\"article:modified_time\" content=\"2024-03-26T22:57:49+00:00\" \/>\n<meta property=\"og:image\" content=\"https:\/\/www.the-gourmand.com\/wp-content\/uploads\/2023\/08\/CurcuMangue.jpeg\" \/>\n\t<meta property=\"og:image:width\" content=\"500\" \/>\n\t<meta property=\"og:image:height\" content=\"500\" \/>\n\t<meta property=\"og:image:type\" content=\"image\/jpeg\" \/>\n<meta name=\"twitter:card\" content=\"summary_large_image\" \/>\n<meta name=\"twitter:label1\" content=\"Tiempo de lectura\" \/>\n\t<meta name=\"twitter:data1\" content=\"1 minuto\" \/>\n<script type=\"application\/ld+json\" class=\"yoast-schema-graph\">{\"@context\":\"https:\\\/\\\/schema.org\",\"@graph\":[{\"@type\":\"WebPage\",\"@id\":\"https:\\\/\\\/www.the-gourmand.com\\\/es\\\/produit\\\/curcumangue\\\/\",\"url\":\"https:\\\/\\\/www.the-gourmand.com\\\/es\\\/produit\\\/curcumangue\\\/\",\"name\":\"Curcu'Mangue - Th\u00e9 Gourmand\",\"isPartOf\":{\"@id\":\"https:\\\/\\\/www.the-gourmand.com\\\/es\\\/#website\"},\"primaryImageOfPage\":{\"@id\":\"https:\\\/\\\/www.the-gourmand.com\\\/es\\\/produit\\\/curcumangue\\\/#primaryimage\"},\"image\":{\"@id\":\"https:\\\/\\\/www.the-gourmand.com\\\/es\\\/produit\\\/curcumangue\\\/#primaryimage\"},\"thumbnailUrl\":\"https:\\\/\\\/www.the-gourmand.com\\\/wp-content\\\/uploads\\\/2023\\\/08\\\/CurcuMangue.jpeg\",\"datePublished\":\"2023-08-11T10:09:54+00:00\",\"dateModified\":\"2024-03-26T22:57:49+00:00\",\"description\":\"Deliciosa infusion de c\u00farcuma, mango, manzana, hinojo, jenjibre y t\u00e9 de las monta\u00f1as griegas fresca, delicada y rica en sabor al mismo tiempo.\",\"breadcrumb\":{\"@id\":\"https:\\\/\\\/www.the-gourmand.com\\\/es\\\/produit\\\/curcumangue\\\/#breadcrumb\"},\"inLanguage\":\"es\",\"potentialAction\":[{\"@type\":\"ReadAction\",\"target\":[\"https:\\\/\\\/www.the-gourmand.com\\\/es\\\/produit\\\/curcumangue\\\/\"]}]},{\"@type\":\"ImageObject\",\"inLanguage\":\"es\",\"@id\":\"https:\\\/\\\/www.the-gourmand.com\\\/es\\\/produit\\\/curcumangue\\\/#primaryimage\",\"url\":\"https:\\\/\\\/www.the-gourmand.com\\\/wp-content\\\/uploads\\\/2023\\\/08\\\/CurcuMangue.jpeg\",\"contentUrl\":\"https:\\\/\\\/www.the-gourmand.com\\\/wp-content\\\/uploads\\\/2023\\\/08\\\/CurcuMangue.jpeg\",\"width\":500,\"height\":500},{\"@type\":\"BreadcrumbList\",\"@id\":\"https:\\\/\\\/www.the-gourmand.com\\\/es\\\/produit\\\/curcumangue\\\/#breadcrumb\",\"itemListElement\":[{\"@type\":\"ListItem\",\"position\":1,\"name\":\"Accueil\",\"item\":\"https:\\\/\\\/www.the-gourmand.com\\\/es\\\/\"},{\"@type\":\"ListItem\",\"position\":2,\"name\":\"Productos\",\"item\":\"https:\\\/\\\/www.the-gourmand.com\\\/es\\\/productos\\\/\"},{\"@type\":\"ListItem\",\"position\":3,\"name\":\"Curcu&rsquo;Mangue\"}]},{\"@type\":\"WebSite\",\"@id\":\"https:\\\/\\\/www.the-gourmand.com\\\/es\\\/#website\",\"url\":\"https:\\\/\\\/www.the-gourmand.com\\\/es\\\/\",\"name\":\"Th\u00e9 Gourmand\",\"description\":\"Boutique en ligne de th\u00e9s.\",\"publisher\":{\"@id\":\"https:\\\/\\\/www.the-gourmand.com\\\/es\\\/#organization\"},\"potentialAction\":[{\"@type\":\"SearchAction\",\"target\":{\"@type\":\"EntryPoint\",\"urlTemplate\":\"https:\\\/\\\/www.the-gourmand.com\\\/es\\\/?s={search_term_string}\"},\"query-input\":{\"@type\":\"PropertyValueSpecification\",\"valueRequired\":true,\"valueName\":\"search_term_string\"}}],\"inLanguage\":\"es\"},{\"@type\":\"Organization\",\"@id\":\"https:\\\/\\\/www.the-gourmand.com\\\/es\\\/#organization\",\"name\":\"Th\u00e9 Gourmand\",\"url\":\"https:\\\/\\\/www.the-gourmand.com\\\/es\\\/\",\"logo\":{\"@type\":\"ImageObject\",\"inLanguage\":\"es\",\"@id\":\"https:\\\/\\\/www.the-gourmand.com\\\/es\\\/#\\\/schema\\\/logo\\\/image\\\/\",\"url\":\"https:\\\/\\\/www.the-gourmand.com\\\/wp-content\\\/uploads\\\/2022\\\/02\\\/logo-the-gourmand-320x132px.png\",\"contentUrl\":\"https:\\\/\\\/www.the-gourmand.com\\\/wp-content\\\/uploads\\\/2022\\\/02\\\/logo-the-gourmand-320x132px.png\",\"width\":320,\"height\":132,\"caption\":\"Th\u00e9 Gourmand\"},\"image\":{\"@id\":\"https:\\\/\\\/www.the-gourmand.com\\\/es\\\/#\\\/schema\\\/logo\\\/image\\\/\"}}]}<\/script>\n<!-- \/ Yoast SEO plugin. -->","yoast_head_json":{"title":"Curcu'Mangue - Th\u00e9 Gourmand","description":"Deliciosa infusion de c\u00farcuma, mango, manzana, hinojo, jenjibre y t\u00e9 de las monta\u00f1as griegas fresca, delicada y rica en sabor al mismo tiempo.","robots":{"index":"index","follow":"follow","max-snippet":"max-snippet:-1","max-image-preview":"max-image-preview:large","max-video-preview":"max-video-preview:-1"},"canonical":"https:\/\/www.the-gourmand.com\/es\/produit\/curcumangue\/","og_locale":"es_ES","og_type":"article","og_title":"Curcu'Mangue - Th\u00e9 Gourmand","og_description":"Deliciosa infusion de c\u00farcuma, mango, manzana, hinojo, jenjibre y t\u00e9 de las monta\u00f1as griegas fresca, delicada y rica en sabor al mismo tiempo.","og_url":"https:\/\/www.the-gourmand.com\/es\/produit\/curcumangue\/","og_site_name":"Th\u00e9 Gourmand","article_modified_time":"2024-03-26T22:57:49+00:00","og_image":[{"width":500,"height":500,"url":"https:\/\/www.the-gourmand.com\/wp-content\/uploads\/2023\/08\/CurcuMangue.jpeg","type":"image\/jpeg"}],"twitter_card":"summary_large_image","twitter_misc":{"Tiempo de lectura":"1 minuto"},"schema":{"@context":"https:\/\/schema.org","@graph":[{"@type":"WebPage","@id":"https:\/\/www.the-gourmand.com\/es\/produit\/curcumangue\/","url":"https:\/\/www.the-gourmand.com\/es\/produit\/curcumangue\/","name":"Curcu'Mangue - Th\u00e9 Gourmand","isPartOf":{"@id":"https:\/\/www.the-gourmand.com\/es\/#website"},"primaryImageOfPage":{"@id":"https:\/\/www.the-gourmand.com\/es\/produit\/curcumangue\/#primaryimage"},"image":{"@id":"https:\/\/www.the-gourmand.com\/es\/produit\/curcumangue\/#primaryimage"},"thumbnailUrl":"https:\/\/www.the-gourmand.com\/wp-content\/uploads\/2023\/08\/CurcuMangue.jpeg","datePublished":"2023-08-11T10:09:54+00:00","dateModified":"2024-03-26T22:57:49+00:00","description":"Deliciosa infusion de c\u00farcuma, mango, manzana, hinojo, jenjibre y t\u00e9 de las monta\u00f1as griegas fresca, delicada y rica en sabor al mismo tiempo.","breadcrumb":{"@id":"https:\/\/www.the-gourmand.com\/es\/produit\/curcumangue\/#breadcrumb"},"inLanguage":"es","potentialAction":[{"@type":"ReadAction","target":["https:\/\/www.the-gourmand.com\/es\/produit\/curcumangue\/"]}]},{"@type":"ImageObject","inLanguage":"es","@id":"https:\/\/www.the-gourmand.com\/es\/produit\/curcumangue\/#primaryimage","url":"https:\/\/www.the-gourmand.com\/wp-content\/uploads\/2023\/08\/CurcuMangue.jpeg","contentUrl":"https:\/\/www.the-gourmand.com\/wp-content\/uploads\/2023\/08\/CurcuMangue.jpeg","width":500,"height":500},{"@type":"BreadcrumbList","@id":"https:\/\/www.the-gourmand.com\/es\/produit\/curcumangue\/#breadcrumb","itemListElement":[{"@type":"ListItem","position":1,"name":"Accueil","item":"https:\/\/www.the-gourmand.com\/es\/"},{"@type":"ListItem","position":2,"name":"Productos","item":"https:\/\/www.the-gourmand.com\/es\/productos\/"},{"@type":"ListItem","position":3,"name":"Curcu&rsquo;Mangue"}]},{"@type":"WebSite","@id":"https:\/\/www.the-gourmand.com\/es\/#website","url":"https:\/\/www.the-gourmand.com\/es\/","name":"Th\u00e9 Gourmand","description":"Boutique en ligne de th\u00e9s.","publisher":{"@id":"https:\/\/www.the-gourmand.com\/es\/#organization"},"potentialAction":[{"@type":"SearchAction","target":{"@type":"EntryPoint","urlTemplate":"https:\/\/www.the-gourmand.com\/es\/?s={search_term_string}"},"query-input":{"@type":"PropertyValueSpecification","valueRequired":true,"valueName":"search_term_string"}}],"inLanguage":"es"},{"@type":"Organization","@id":"https:\/\/www.the-gourmand.com\/es\/#organization","name":"Th\u00e9 Gourmand","url":"https:\/\/www.the-gourmand.com\/es\/","logo":{"@type":"ImageObject","inLanguage":"es","@id":"https:\/\/www.the-gourmand.com\/es\/#\/schema\/logo\/image\/","url":"https:\/\/www.the-gourmand.com\/wp-content\/uploads\/2022\/02\/logo-the-gourmand-320x132px.png","contentUrl":"https:\/\/www.the-gourmand.com\/wp-content\/uploads\/2022\/02\/logo-the-gourmand-320x132px.png","width":320,"height":132,"caption":"Th\u00e9 Gourmand"},"image":{"@id":"https:\/\/www.the-gourmand.com\/es\/#\/schema\/logo\/image\/"}}]}},"_links":{"self":[{"href":"https:\/\/www.the-gourmand.com\/es\/wp-json\/wp\/v2\/product\/4844","targetHints":{"allow":["GET"]}}],"collection":[{"href":"https:\/\/www.the-gourmand.com\/es\/wp-json\/wp\/v2\/product"}],"about":[{"href":"https:\/\/www.the-gourmand.com\/es\/wp-json\/wp\/v2\/types\/product"}],"replies":[{"embeddable":true,"href":"https:\/\/www.the-gourmand.com\/es\/wp-json\/wp\/v2\/comments?post=4844"}],"wp:featuredmedia":[{"embeddable":true,"href":"https:\/\/www.the-gourmand.com\/es\/wp-json\/wp\/v2\/media\/4859"}],"wp:attachment":[{"href":"https:\/\/www.the-gourmand.com\/es\/wp-json\/wp\/v2\/media?parent=4844"}],"wp:term":[{"taxonomy":"product_brand","embeddable":true,"href":"https:\/\/www.the-gourmand.com\/es\/wp-json\/wp\/v2\/product_brand?post=4844"},{"taxonomy":"product_cat","embeddable":true,"href":"https:\/\/www.the-gourmand.com\/es\/wp-json\/wp\/v2\/product_cat?post=4844"},{"taxonomy":"product_tag","embeddable":true,"href":"https:\/\/www.the-gourmand.com\/es\/wp-json\/wp\/v2\/product_tag?post=4844"}],"curies":[{"name":"wp","href":"https:\/\/api.w.org\/{rel}","templated":true}]}}