{"id":4779,"date":"2023-07-11T12:21:48","date_gmt":"2023-07-11T10:21:48","guid":{"rendered":"https:\/\/www.the-gourmand.com\/?post_type=product&#038;p=4779"},"modified":"2025-11-16T01:52:15","modified_gmt":"2025-11-16T00:52:15","slug":"lata-metalica-para-100g","status":"publish","type":"product","link":"https:\/\/www.the-gourmand.com\/es\/produit\/lata-metalica-para-100g\/","title":{"rendered":"Lata met\u00e1lica cuadrada para 100g de t\u00e9"},"content":{"rendered":"<p><span style=\"color: #000000;\">Sencilla caja de metal cuadrada, que puede contener 100g de t\u00e9. Econ\u00f3mica, conveniente, f\u00e1cil de abrir y de buena calidad. Como est\u00e1 hecha de metal, se puede limpiar con un pa\u00f1o h\u00famedo.<\/span><\/p>\n","protected":false},"excerpt":{"rendered":"<p><span style=\"color: #000000;\">Excelente y econ\u00f3mica caja de metal para conservar mejor su t\u00e9. Capacidad 100g.<\/span><\/p>\n","protected":false},"featured_media":4782,"comment_status":"open","ping_status":"closed","template":"","meta":[],"product_brand":[],"product_cat":[155],"product_tag":[],"class_list":{"0":"post-4779","1":"product","2":"type-product","3":"status-publish","4":"has-post-thumbnail","6":"product_cat-accesorios","7":"description-off","9":"first","10":"instock","11":"shipping-taxable","12":"purchasable","13":"product-type-simple"},"yoast_head":"<!-- This site is optimized with the Yoast SEO plugin v27.4 - https:\/\/yoast.com\/product\/yoast-seo-wordpress\/ -->\n<title>Lata met\u00e1lica para 100g de t\u00e9 - Th\u00e9 Gourmand<\/title>\n<meta name=\"description\" content=\"Sencilla lata met\u00e1lica para 100 g, econ\u00f3mica y de talla muy \u00fatil; excelente para mantener la calidad de su t\u00e9 a granel.\" \/>\n<meta name=\"robots\" content=\"index, follow, max-snippet:-1, max-image-preview:large, max-video-preview:-1\" \/>\n<link rel=\"canonical\" href=\"https:\/\/www.the-gourmand.com\/es\/produit\/lata-metalica-para-100g\/\" \/>\n<meta property=\"og:locale\" content=\"es_ES\" \/>\n<meta property=\"og:type\" content=\"article\" \/>\n<meta property=\"og:title\" content=\"Lata met\u00e1lica para 100g de t\u00e9 - Th\u00e9 Gourmand\" \/>\n<meta property=\"og:description\" content=\"Sencilla lata met\u00e1lica para 100 g, econ\u00f3mica y de talla muy \u00fatil; excelente para mantener la calidad de su t\u00e9 a granel.\" \/>\n<meta property=\"og:url\" content=\"https:\/\/www.the-gourmand.com\/es\/produit\/lata-metalica-para-100g\/\" \/>\n<meta property=\"og:site_name\" content=\"Th\u00e9 Gourmand\" \/>\n<meta property=\"article:modified_time\" content=\"2025-11-16T00:52:15+00:00\" \/>\n<meta property=\"og:image\" content=\"https:\/\/www.the-gourmand.com\/wp-content\/uploads\/2023\/07\/70437.jpg\" \/>\n\t<meta property=\"og:image:width\" content=\"600\" \/>\n\t<meta property=\"og:image:height\" content=\"450\" \/>\n\t<meta property=\"og:image:type\" content=\"image\/jpeg\" \/>\n<meta name=\"twitter:card\" content=\"summary_large_image\" \/>\n<meta name=\"twitter:label1\" content=\"Tiempo de lectura\" \/>\n\t<meta name=\"twitter:data1\" content=\"1 minuto\" \/>\n<script type=\"application\/ld+json\" class=\"yoast-schema-graph\">{\"@context\":\"https:\\\/\\\/schema.org\",\"@graph\":[{\"@type\":\"WebPage\",\"@id\":\"https:\\\/\\\/www.the-gourmand.com\\\/es\\\/produit\\\/lata-metalica-para-100g\\\/\",\"url\":\"https:\\\/\\\/www.the-gourmand.com\\\/es\\\/produit\\\/lata-metalica-para-100g\\\/\",\"name\":\"Lata met\u00e1lica para 100g de t\u00e9 - Th\u00e9 Gourmand\",\"isPartOf\":{\"@id\":\"https:\\\/\\\/www.the-gourmand.com\\\/es\\\/#website\"},\"primaryImageOfPage\":{\"@id\":\"https:\\\/\\\/www.the-gourmand.com\\\/es\\\/produit\\\/lata-metalica-para-100g\\\/#primaryimage\"},\"image\":{\"@id\":\"https:\\\/\\\/www.the-gourmand.com\\\/es\\\/produit\\\/lata-metalica-para-100g\\\/#primaryimage\"},\"thumbnailUrl\":\"https:\\\/\\\/www.the-gourmand.com\\\/wp-content\\\/uploads\\\/2023\\\/07\\\/70437.jpg\",\"datePublished\":\"2023-07-11T10:21:48+00:00\",\"dateModified\":\"2025-11-16T00:52:15+00:00\",\"description\":\"Sencilla lata met\u00e1lica para 100 g, econ\u00f3mica y de talla muy \u00fatil; excelente para mantener la calidad de su t\u00e9 a granel.\",\"breadcrumb\":{\"@id\":\"https:\\\/\\\/www.the-gourmand.com\\\/es\\\/produit\\\/lata-metalica-para-100g\\\/#breadcrumb\"},\"inLanguage\":\"es\",\"potentialAction\":[{\"@type\":\"ReadAction\",\"target\":[\"https:\\\/\\\/www.the-gourmand.com\\\/es\\\/produit\\\/lata-metalica-para-100g\\\/\"]}]},{\"@type\":\"ImageObject\",\"inLanguage\":\"es\",\"@id\":\"https:\\\/\\\/www.the-gourmand.com\\\/es\\\/produit\\\/lata-metalica-para-100g\\\/#primaryimage\",\"url\":\"https:\\\/\\\/www.the-gourmand.com\\\/wp-content\\\/uploads\\\/2023\\\/07\\\/70437.jpg\",\"contentUrl\":\"https:\\\/\\\/www.the-gourmand.com\\\/wp-content\\\/uploads\\\/2023\\\/07\\\/70437.jpg\",\"width\":600,\"height\":450},{\"@type\":\"BreadcrumbList\",\"@id\":\"https:\\\/\\\/www.the-gourmand.com\\\/es\\\/produit\\\/lata-metalica-para-100g\\\/#breadcrumb\",\"itemListElement\":[{\"@type\":\"ListItem\",\"position\":1,\"name\":\"Accueil\",\"item\":\"https:\\\/\\\/www.the-gourmand.com\\\/es\\\/\"},{\"@type\":\"ListItem\",\"position\":2,\"name\":\"Productos\",\"item\":\"https:\\\/\\\/www.the-gourmand.com\\\/es\\\/productos\\\/\"},{\"@type\":\"ListItem\",\"position\":3,\"name\":\"Lata met\u00e1lica cuadrada para 100g de t\u00e9\"}]},{\"@type\":\"WebSite\",\"@id\":\"https:\\\/\\\/www.the-gourmand.com\\\/es\\\/#website\",\"url\":\"https:\\\/\\\/www.the-gourmand.com\\\/es\\\/\",\"name\":\"Th\u00e9 Gourmand\",\"description\":\"Boutique en ligne de th\u00e9s.\",\"publisher\":{\"@id\":\"https:\\\/\\\/www.the-gourmand.com\\\/es\\\/#organization\"},\"potentialAction\":[{\"@type\":\"SearchAction\",\"target\":{\"@type\":\"EntryPoint\",\"urlTemplate\":\"https:\\\/\\\/www.the-gourmand.com\\\/es\\\/?s={search_term_string}\"},\"query-input\":{\"@type\":\"PropertyValueSpecification\",\"valueRequired\":true,\"valueName\":\"search_term_string\"}}],\"inLanguage\":\"es\"},{\"@type\":\"Organization\",\"@id\":\"https:\\\/\\\/www.the-gourmand.com\\\/es\\\/#organization\",\"name\":\"Th\u00e9 Gourmand\",\"url\":\"https:\\\/\\\/www.the-gourmand.com\\\/es\\\/\",\"logo\":{\"@type\":\"ImageObject\",\"inLanguage\":\"es\",\"@id\":\"https:\\\/\\\/www.the-gourmand.com\\\/es\\\/#\\\/schema\\\/logo\\\/image\\\/\",\"url\":\"https:\\\/\\\/www.the-gourmand.com\\\/wp-content\\\/uploads\\\/2022\\\/02\\\/logo-the-gourmand-320x132px.png\",\"contentUrl\":\"https:\\\/\\\/www.the-gourmand.com\\\/wp-content\\\/uploads\\\/2022\\\/02\\\/logo-the-gourmand-320x132px.png\",\"width\":320,\"height\":132,\"caption\":\"Th\u00e9 Gourmand\"},\"image\":{\"@id\":\"https:\\\/\\\/www.the-gourmand.com\\\/es\\\/#\\\/schema\\\/logo\\\/image\\\/\"}}]}<\/script>\n<!-- \/ Yoast SEO plugin. -->","yoast_head_json":{"title":"Lata met\u00e1lica para 100g de t\u00e9 - Th\u00e9 Gourmand","description":"Sencilla lata met\u00e1lica para 100 g, econ\u00f3mica y de talla muy \u00fatil; excelente para mantener la calidad de su t\u00e9 a granel.","robots":{"index":"index","follow":"follow","max-snippet":"max-snippet:-1","max-image-preview":"max-image-preview:large","max-video-preview":"max-video-preview:-1"},"canonical":"https:\/\/www.the-gourmand.com\/es\/produit\/lata-metalica-para-100g\/","og_locale":"es_ES","og_type":"article","og_title":"Lata met\u00e1lica para 100g de t\u00e9 - Th\u00e9 Gourmand","og_description":"Sencilla lata met\u00e1lica para 100 g, econ\u00f3mica y de talla muy \u00fatil; excelente para mantener la calidad de su t\u00e9 a granel.","og_url":"https:\/\/www.the-gourmand.com\/es\/produit\/lata-metalica-para-100g\/","og_site_name":"Th\u00e9 Gourmand","article_modified_time":"2025-11-16T00:52:15+00:00","og_image":[{"width":600,"height":450,"url":"https:\/\/www.the-gourmand.com\/wp-content\/uploads\/2023\/07\/70437.jpg","type":"image\/jpeg"}],"twitter_card":"summary_large_image","twitter_misc":{"Tiempo de lectura":"1 minuto"},"schema":{"@context":"https:\/\/schema.org","@graph":[{"@type":"WebPage","@id":"https:\/\/www.the-gourmand.com\/es\/produit\/lata-metalica-para-100g\/","url":"https:\/\/www.the-gourmand.com\/es\/produit\/lata-metalica-para-100g\/","name":"Lata met\u00e1lica para 100g de t\u00e9 - Th\u00e9 Gourmand","isPartOf":{"@id":"https:\/\/www.the-gourmand.com\/es\/#website"},"primaryImageOfPage":{"@id":"https:\/\/www.the-gourmand.com\/es\/produit\/lata-metalica-para-100g\/#primaryimage"},"image":{"@id":"https:\/\/www.the-gourmand.com\/es\/produit\/lata-metalica-para-100g\/#primaryimage"},"thumbnailUrl":"https:\/\/www.the-gourmand.com\/wp-content\/uploads\/2023\/07\/70437.jpg","datePublished":"2023-07-11T10:21:48+00:00","dateModified":"2025-11-16T00:52:15+00:00","description":"Sencilla lata met\u00e1lica para 100 g, econ\u00f3mica y de talla muy \u00fatil; excelente para mantener la calidad de su t\u00e9 a granel.","breadcrumb":{"@id":"https:\/\/www.the-gourmand.com\/es\/produit\/lata-metalica-para-100g\/#breadcrumb"},"inLanguage":"es","potentialAction":[{"@type":"ReadAction","target":["https:\/\/www.the-gourmand.com\/es\/produit\/lata-metalica-para-100g\/"]}]},{"@type":"ImageObject","inLanguage":"es","@id":"https:\/\/www.the-gourmand.com\/es\/produit\/lata-metalica-para-100g\/#primaryimage","url":"https:\/\/www.the-gourmand.com\/wp-content\/uploads\/2023\/07\/70437.jpg","contentUrl":"https:\/\/www.the-gourmand.com\/wp-content\/uploads\/2023\/07\/70437.jpg","width":600,"height":450},{"@type":"BreadcrumbList","@id":"https:\/\/www.the-gourmand.com\/es\/produit\/lata-metalica-para-100g\/#breadcrumb","itemListElement":[{"@type":"ListItem","position":1,"name":"Accueil","item":"https:\/\/www.the-gourmand.com\/es\/"},{"@type":"ListItem","position":2,"name":"Productos","item":"https:\/\/www.the-gourmand.com\/es\/productos\/"},{"@type":"ListItem","position":3,"name":"Lata met\u00e1lica cuadrada para 100g de t\u00e9"}]},{"@type":"WebSite","@id":"https:\/\/www.the-gourmand.com\/es\/#website","url":"https:\/\/www.the-gourmand.com\/es\/","name":"Th\u00e9 Gourmand","description":"Boutique en ligne de th\u00e9s.","publisher":{"@id":"https:\/\/www.the-gourmand.com\/es\/#organization"},"potentialAction":[{"@type":"SearchAction","target":{"@type":"EntryPoint","urlTemplate":"https:\/\/www.the-gourmand.com\/es\/?s={search_term_string}"},"query-input":{"@type":"PropertyValueSpecification","valueRequired":true,"valueName":"search_term_string"}}],"inLanguage":"es"},{"@type":"Organization","@id":"https:\/\/www.the-gourmand.com\/es\/#organization","name":"Th\u00e9 Gourmand","url":"https:\/\/www.the-gourmand.com\/es\/","logo":{"@type":"ImageObject","inLanguage":"es","@id":"https:\/\/www.the-gourmand.com\/es\/#\/schema\/logo\/image\/","url":"https:\/\/www.the-gourmand.com\/wp-content\/uploads\/2022\/02\/logo-the-gourmand-320x132px.png","contentUrl":"https:\/\/www.the-gourmand.com\/wp-content\/uploads\/2022\/02\/logo-the-gourmand-320x132px.png","width":320,"height":132,"caption":"Th\u00e9 Gourmand"},"image":{"@id":"https:\/\/www.the-gourmand.com\/es\/#\/schema\/logo\/image\/"}}]}},"_links":{"self":[{"href":"https:\/\/www.the-gourmand.com\/es\/wp-json\/wp\/v2\/product\/4779","targetHints":{"allow":["GET"]}}],"collection":[{"href":"https:\/\/www.the-gourmand.com\/es\/wp-json\/wp\/v2\/product"}],"about":[{"href":"https:\/\/www.the-gourmand.com\/es\/wp-json\/wp\/v2\/types\/product"}],"replies":[{"embeddable":true,"href":"https:\/\/www.the-gourmand.com\/es\/wp-json\/wp\/v2\/comments?post=4779"}],"wp:featuredmedia":[{"embeddable":true,"href":"https:\/\/www.the-gourmand.com\/es\/wp-json\/wp\/v2\/media\/4782"}],"wp:attachment":[{"href":"https:\/\/www.the-gourmand.com\/es\/wp-json\/wp\/v2\/media?parent=4779"}],"wp:term":[{"taxonomy":"product_brand","embeddable":true,"href":"https:\/\/www.the-gourmand.com\/es\/wp-json\/wp\/v2\/product_brand?post=4779"},{"taxonomy":"product_cat","embeddable":true,"href":"https:\/\/www.the-gourmand.com\/es\/wp-json\/wp\/v2\/product_cat?post=4779"},{"taxonomy":"product_tag","embeddable":true,"href":"https:\/\/www.the-gourmand.com\/es\/wp-json\/wp\/v2\/product_tag?post=4779"}],"curies":[{"name":"wp","href":"https:\/\/api.w.org\/{rel}","templated":true}]}}