{"id":4684,"date":"2023-03-02T22:27:15","date_gmt":"2023-03-02T21:27:15","guid":{"rendered":"https:\/\/www.the-gourmand.com\/?post_type=product&#038;p=4684"},"modified":"2023-09-26T15:29:40","modified_gmt":"2023-09-26T13:29:40","slug":"cafe-expresso-italiano","status":"publish","type":"product","link":"https:\/\/www.the-gourmand.com\/es\/produit\/cafe-expresso-italiano\/","title":{"rendered":"Caf\u00e9 Expresso Siciliano"},"content":{"rendered":"<p><span style=\"color: #000000;\">Origen y cultura: La riqueza de los caf\u00e9s sudamericanos combinada con la acidez terrosa de Asia da lugar a un bouquet fuerte y atractivo en nuestro Espresso Siciliano, una mezcla en\u00e9rgica que nos transporta a Italia, pa\u00eds apreciado por su caf\u00e9. <\/span><\/p>\n<p><span style=\"color: #000000;\">Caracter\u00edstica y sabor: El grano tostado oscuro ofrece el sabor intenso y fuerte tan apreciado por los amantes del espresso. El impresionante temperamento de Espresso Siciliano lo convierte en el caf\u00e9 \u00f3ptimo para un capuchino intenso o latte macchiato. La elecci\u00f3n para el caf\u00e9 de la ma\u00f1ana y siempre excelente preparado con un percolador o con una cafetera italiana. <\/span><\/p>\n<p><span style=\"color: #000000;\">Econ\u00f3mico y rico en cafe\u00edna, con cuerpo y sin amargura.<\/span><\/p>\n","protected":false},"excerpt":{"rendered":"<p><strong>Nivel de cafe\u00edna:<\/strong><\/p>\n<p><img loading=\"lazy\" decoding=\"async\" class=\"alignnone wp-image-4895 \" src=\"https:\/\/www.the-gourmand.com\/wp-content\/uploads\/2023\/03\/5.0-GRANOS-DE-CAFE-DE-5.png\" alt=\"\" width=\"172\" height=\"53\" \/><\/p>\n<p><span style=\"color: #000000;\">Caf\u00e9 fuerte, rico en cafe\u00edna, arom\u00e1tico y sin amargura, econ\u00f3mico y delicioso. Magn\u00edfico para el desayuno.<\/span><\/p>\n","protected":false},"featured_media":5092,"comment_status":"open","ping_status":"closed","template":"","meta":[],"product_brand":[],"product_cat":[489],"product_tag":[],"class_list":{"0":"post-4684","1":"product","2":"type-product","3":"status-publish","4":"has-post-thumbnail","6":"product_cat-cafe-es","7":"description-off","9":"first","10":"instock","11":"shipping-taxable","12":"purchasable","13":"product-type-simple"},"yoast_head":"<!-- This site is optimized with the Yoast SEO plugin v27.4 - https:\/\/yoast.com\/product\/yoast-seo-wordpress\/ -->\n<title>Caf\u00e9 Expresso Siciliano<\/title>\n<meta name=\"description\" content=\"Caf\u00e9 fuerte, rico en cafe\u00edna, arom\u00e1tico y sin amargura, econ\u00f3mico y delicioso. Magn\u00edfico para el desayuno.\" \/>\n<meta name=\"robots\" content=\"index, follow, max-snippet:-1, max-image-preview:large, max-video-preview:-1\" \/>\n<link rel=\"canonical\" href=\"https:\/\/www.the-gourmand.com\/es\/produit\/cafe-expresso-italiano\/\" \/>\n<meta property=\"og:locale\" content=\"es_ES\" \/>\n<meta property=\"og:type\" content=\"article\" \/>\n<meta property=\"og:title\" content=\"Caf\u00e9 Expresso Siciliano\" \/>\n<meta property=\"og:description\" content=\"Caf\u00e9 fuerte, rico en cafe\u00edna, arom\u00e1tico y sin amargura, econ\u00f3mico y delicioso. Magn\u00edfico para el desayuno.\" \/>\n<meta property=\"og:url\" content=\"https:\/\/www.the-gourmand.com\/es\/produit\/cafe-expresso-italiano\/\" \/>\n<meta property=\"og:site_name\" content=\"Th\u00e9 Gourmand\" \/>\n<meta property=\"article:modified_time\" content=\"2023-09-26T13:29:40+00:00\" \/>\n<meta property=\"og:image\" content=\"https:\/\/www.the-gourmand.com\/wp-content\/uploads\/2023\/03\/EXPRESSO-SICILIANO.jpeg\" \/>\n\t<meta property=\"og:image:width\" content=\"500\" \/>\n\t<meta property=\"og:image:height\" content=\"500\" \/>\n\t<meta property=\"og:image:type\" content=\"image\/jpeg\" \/>\n<meta name=\"twitter:card\" content=\"summary_large_image\" \/>\n<meta name=\"twitter:label1\" content=\"Tiempo de lectura\" \/>\n\t<meta name=\"twitter:data1\" content=\"1 minuto\" \/>\n<script type=\"application\/ld+json\" class=\"yoast-schema-graph\">{\"@context\":\"https:\\\/\\\/schema.org\",\"@graph\":[{\"@type\":\"WebPage\",\"@id\":\"https:\\\/\\\/www.the-gourmand.com\\\/es\\\/produit\\\/cafe-expresso-italiano\\\/\",\"url\":\"https:\\\/\\\/www.the-gourmand.com\\\/es\\\/produit\\\/cafe-expresso-italiano\\\/\",\"name\":\"Caf\u00e9 Expresso Siciliano\",\"isPartOf\":{\"@id\":\"https:\\\/\\\/www.the-gourmand.com\\\/es\\\/#website\"},\"primaryImageOfPage\":{\"@id\":\"https:\\\/\\\/www.the-gourmand.com\\\/es\\\/produit\\\/cafe-expresso-italiano\\\/#primaryimage\"},\"image\":{\"@id\":\"https:\\\/\\\/www.the-gourmand.com\\\/es\\\/produit\\\/cafe-expresso-italiano\\\/#primaryimage\"},\"thumbnailUrl\":\"https:\\\/\\\/www.the-gourmand.com\\\/wp-content\\\/uploads\\\/2023\\\/03\\\/EXPRESSO-SICILIANO.jpeg\",\"datePublished\":\"2023-03-02T21:27:15+00:00\",\"dateModified\":\"2023-09-26T13:29:40+00:00\",\"description\":\"Caf\u00e9 fuerte, rico en cafe\u00edna, arom\u00e1tico y sin amargura, econ\u00f3mico y delicioso. Magn\u00edfico para el desayuno.\",\"breadcrumb\":{\"@id\":\"https:\\\/\\\/www.the-gourmand.com\\\/es\\\/produit\\\/cafe-expresso-italiano\\\/#breadcrumb\"},\"inLanguage\":\"es\",\"potentialAction\":[{\"@type\":\"ReadAction\",\"target\":[\"https:\\\/\\\/www.the-gourmand.com\\\/es\\\/produit\\\/cafe-expresso-italiano\\\/\"]}]},{\"@type\":\"ImageObject\",\"inLanguage\":\"es\",\"@id\":\"https:\\\/\\\/www.the-gourmand.com\\\/es\\\/produit\\\/cafe-expresso-italiano\\\/#primaryimage\",\"url\":\"https:\\\/\\\/www.the-gourmand.com\\\/wp-content\\\/uploads\\\/2023\\\/03\\\/EXPRESSO-SICILIANO.jpeg\",\"contentUrl\":\"https:\\\/\\\/www.the-gourmand.com\\\/wp-content\\\/uploads\\\/2023\\\/03\\\/EXPRESSO-SICILIANO.jpeg\",\"width\":500,\"height\":500},{\"@type\":\"BreadcrumbList\",\"@id\":\"https:\\\/\\\/www.the-gourmand.com\\\/es\\\/produit\\\/cafe-expresso-italiano\\\/#breadcrumb\",\"itemListElement\":[{\"@type\":\"ListItem\",\"position\":1,\"name\":\"Accueil\",\"item\":\"https:\\\/\\\/www.the-gourmand.com\\\/es\\\/\"},{\"@type\":\"ListItem\",\"position\":2,\"name\":\"Productos\",\"item\":\"https:\\\/\\\/www.the-gourmand.com\\\/es\\\/productos\\\/\"},{\"@type\":\"ListItem\",\"position\":3,\"name\":\"Caf\u00e9 Expresso Siciliano\"}]},{\"@type\":\"WebSite\",\"@id\":\"https:\\\/\\\/www.the-gourmand.com\\\/es\\\/#website\",\"url\":\"https:\\\/\\\/www.the-gourmand.com\\\/es\\\/\",\"name\":\"Th\u00e9 Gourmand\",\"description\":\"Boutique en ligne de th\u00e9s.\",\"publisher\":{\"@id\":\"https:\\\/\\\/www.the-gourmand.com\\\/es\\\/#organization\"},\"potentialAction\":[{\"@type\":\"SearchAction\",\"target\":{\"@type\":\"EntryPoint\",\"urlTemplate\":\"https:\\\/\\\/www.the-gourmand.com\\\/es\\\/?s={search_term_string}\"},\"query-input\":{\"@type\":\"PropertyValueSpecification\",\"valueRequired\":true,\"valueName\":\"search_term_string\"}}],\"inLanguage\":\"es\"},{\"@type\":\"Organization\",\"@id\":\"https:\\\/\\\/www.the-gourmand.com\\\/es\\\/#organization\",\"name\":\"Th\u00e9 Gourmand\",\"url\":\"https:\\\/\\\/www.the-gourmand.com\\\/es\\\/\",\"logo\":{\"@type\":\"ImageObject\",\"inLanguage\":\"es\",\"@id\":\"https:\\\/\\\/www.the-gourmand.com\\\/es\\\/#\\\/schema\\\/logo\\\/image\\\/\",\"url\":\"https:\\\/\\\/www.the-gourmand.com\\\/wp-content\\\/uploads\\\/2022\\\/02\\\/logo-the-gourmand-320x132px.png\",\"contentUrl\":\"https:\\\/\\\/www.the-gourmand.com\\\/wp-content\\\/uploads\\\/2022\\\/02\\\/logo-the-gourmand-320x132px.png\",\"width\":320,\"height\":132,\"caption\":\"Th\u00e9 Gourmand\"},\"image\":{\"@id\":\"https:\\\/\\\/www.the-gourmand.com\\\/es\\\/#\\\/schema\\\/logo\\\/image\\\/\"}}]}<\/script>\n<!-- \/ Yoast SEO plugin. -->","yoast_head_json":{"title":"Caf\u00e9 Expresso Siciliano","description":"Caf\u00e9 fuerte, rico en cafe\u00edna, arom\u00e1tico y sin amargura, econ\u00f3mico y delicioso. Magn\u00edfico para el desayuno.","robots":{"index":"index","follow":"follow","max-snippet":"max-snippet:-1","max-image-preview":"max-image-preview:large","max-video-preview":"max-video-preview:-1"},"canonical":"https:\/\/www.the-gourmand.com\/es\/produit\/cafe-expresso-italiano\/","og_locale":"es_ES","og_type":"article","og_title":"Caf\u00e9 Expresso Siciliano","og_description":"Caf\u00e9 fuerte, rico en cafe\u00edna, arom\u00e1tico y sin amargura, econ\u00f3mico y delicioso. Magn\u00edfico para el desayuno.","og_url":"https:\/\/www.the-gourmand.com\/es\/produit\/cafe-expresso-italiano\/","og_site_name":"Th\u00e9 Gourmand","article_modified_time":"2023-09-26T13:29:40+00:00","og_image":[{"width":500,"height":500,"url":"https:\/\/www.the-gourmand.com\/wp-content\/uploads\/2023\/03\/EXPRESSO-SICILIANO.jpeg","type":"image\/jpeg"}],"twitter_card":"summary_large_image","twitter_misc":{"Tiempo de lectura":"1 minuto"},"schema":{"@context":"https:\/\/schema.org","@graph":[{"@type":"WebPage","@id":"https:\/\/www.the-gourmand.com\/es\/produit\/cafe-expresso-italiano\/","url":"https:\/\/www.the-gourmand.com\/es\/produit\/cafe-expresso-italiano\/","name":"Caf\u00e9 Expresso Siciliano","isPartOf":{"@id":"https:\/\/www.the-gourmand.com\/es\/#website"},"primaryImageOfPage":{"@id":"https:\/\/www.the-gourmand.com\/es\/produit\/cafe-expresso-italiano\/#primaryimage"},"image":{"@id":"https:\/\/www.the-gourmand.com\/es\/produit\/cafe-expresso-italiano\/#primaryimage"},"thumbnailUrl":"https:\/\/www.the-gourmand.com\/wp-content\/uploads\/2023\/03\/EXPRESSO-SICILIANO.jpeg","datePublished":"2023-03-02T21:27:15+00:00","dateModified":"2023-09-26T13:29:40+00:00","description":"Caf\u00e9 fuerte, rico en cafe\u00edna, arom\u00e1tico y sin amargura, econ\u00f3mico y delicioso. Magn\u00edfico para el desayuno.","breadcrumb":{"@id":"https:\/\/www.the-gourmand.com\/es\/produit\/cafe-expresso-italiano\/#breadcrumb"},"inLanguage":"es","potentialAction":[{"@type":"ReadAction","target":["https:\/\/www.the-gourmand.com\/es\/produit\/cafe-expresso-italiano\/"]}]},{"@type":"ImageObject","inLanguage":"es","@id":"https:\/\/www.the-gourmand.com\/es\/produit\/cafe-expresso-italiano\/#primaryimage","url":"https:\/\/www.the-gourmand.com\/wp-content\/uploads\/2023\/03\/EXPRESSO-SICILIANO.jpeg","contentUrl":"https:\/\/www.the-gourmand.com\/wp-content\/uploads\/2023\/03\/EXPRESSO-SICILIANO.jpeg","width":500,"height":500},{"@type":"BreadcrumbList","@id":"https:\/\/www.the-gourmand.com\/es\/produit\/cafe-expresso-italiano\/#breadcrumb","itemListElement":[{"@type":"ListItem","position":1,"name":"Accueil","item":"https:\/\/www.the-gourmand.com\/es\/"},{"@type":"ListItem","position":2,"name":"Productos","item":"https:\/\/www.the-gourmand.com\/es\/productos\/"},{"@type":"ListItem","position":3,"name":"Caf\u00e9 Expresso Siciliano"}]},{"@type":"WebSite","@id":"https:\/\/www.the-gourmand.com\/es\/#website","url":"https:\/\/www.the-gourmand.com\/es\/","name":"Th\u00e9 Gourmand","description":"Boutique en ligne de th\u00e9s.","publisher":{"@id":"https:\/\/www.the-gourmand.com\/es\/#organization"},"potentialAction":[{"@type":"SearchAction","target":{"@type":"EntryPoint","urlTemplate":"https:\/\/www.the-gourmand.com\/es\/?s={search_term_string}"},"query-input":{"@type":"PropertyValueSpecification","valueRequired":true,"valueName":"search_term_string"}}],"inLanguage":"es"},{"@type":"Organization","@id":"https:\/\/www.the-gourmand.com\/es\/#organization","name":"Th\u00e9 Gourmand","url":"https:\/\/www.the-gourmand.com\/es\/","logo":{"@type":"ImageObject","inLanguage":"es","@id":"https:\/\/www.the-gourmand.com\/es\/#\/schema\/logo\/image\/","url":"https:\/\/www.the-gourmand.com\/wp-content\/uploads\/2022\/02\/logo-the-gourmand-320x132px.png","contentUrl":"https:\/\/www.the-gourmand.com\/wp-content\/uploads\/2022\/02\/logo-the-gourmand-320x132px.png","width":320,"height":132,"caption":"Th\u00e9 Gourmand"},"image":{"@id":"https:\/\/www.the-gourmand.com\/es\/#\/schema\/logo\/image\/"}}]}},"_links":{"self":[{"href":"https:\/\/www.the-gourmand.com\/es\/wp-json\/wp\/v2\/product\/4684","targetHints":{"allow":["GET"]}}],"collection":[{"href":"https:\/\/www.the-gourmand.com\/es\/wp-json\/wp\/v2\/product"}],"about":[{"href":"https:\/\/www.the-gourmand.com\/es\/wp-json\/wp\/v2\/types\/product"}],"replies":[{"embeddable":true,"href":"https:\/\/www.the-gourmand.com\/es\/wp-json\/wp\/v2\/comments?post=4684"}],"wp:featuredmedia":[{"embeddable":true,"href":"https:\/\/www.the-gourmand.com\/es\/wp-json\/wp\/v2\/media\/5092"}],"wp:attachment":[{"href":"https:\/\/www.the-gourmand.com\/es\/wp-json\/wp\/v2\/media?parent=4684"}],"wp:term":[{"taxonomy":"product_brand","embeddable":true,"href":"https:\/\/www.the-gourmand.com\/es\/wp-json\/wp\/v2\/product_brand?post=4684"},{"taxonomy":"product_cat","embeddable":true,"href":"https:\/\/www.the-gourmand.com\/es\/wp-json\/wp\/v2\/product_cat?post=4684"},{"taxonomy":"product_tag","embeddable":true,"href":"https:\/\/www.the-gourmand.com\/es\/wp-json\/wp\/v2\/product_tag?post=4684"}],"curies":[{"name":"wp","href":"https:\/\/api.w.org\/{rel}","templated":true}]}}