{"id":3892,"date":"2022-08-05T02:17:53","date_gmt":"2022-08-05T00:17:53","guid":{"rendered":"https:\/\/www.the-gourmand.com\/?post_type=product&#038;p=3892"},"modified":"2024-12-13T14:18:11","modified_gmt":"2024-12-13T13:18:11","slug":"bon-repas-bio","status":"publish","type":"product","link":"https:\/\/www.the-gourmand.com\/es\/produit\/bon-repas-bio\/","title":{"rendered":"Bon Repas Bio"},"content":{"rendered":"<p><span style=\"color: #000000;\">Una buena comida tambi\u00e9n debe darnos buenos recuerdos, y una infusi\u00f3n puede ayudarnos a la felicidad.\u00a0 Bon REpas Bio ha sido idealmente dise\u00f1ada para nuestro bien despu\u00e9s de las comidas, durante los viajes, cuando estamos cansados o cuando las condiciones de nuestra comida de trabajo han sido un poco dif\u00edciles. Una taza al menos una vez al d\u00eda durante una semana ayuda a nuestro cuerpo, de forma natural, a recuperar nuestro bienestar.<\/span><\/p>\n<p><span style=\"color: #000000;\">\u00a0Ingredientes: B\u00e1lsamo de lim\u00f3n*, manzanilla*, hinojo*, ra\u00edz de regaliz*, an\u00eds*, alcaravea*, zanahoria*, menta*, flores de l\u00fapulo*, verbena entera*, flores de cal\u00e9ndula*.<\/span><\/p>\n<p><strong><span style=\"color: #000000;\"> *De agricultura ecol\u00f3gica.<\/span> <\/strong><\/p>\n","protected":false},"excerpt":{"rendered":"<p><strong>Nivel de te\u00edna:<\/strong><\/p>\n<p><img loading=\"lazy\" decoding=\"async\" class=\"alignnone wp-image-208 size-full\" src=\"https:\/\/www.the-gourmand.com\/wp-content\/uploads\/2022\/03\/taux-de-theine-0-100x320px.png\" alt=\"\" width=\"291\" height=\"88\" \/><\/p>\n<p><span style=\"color: #000000;\">Bon Repas Bio, infusi\u00f3n para terminar bien las comidas, para facilitar una digesti\u00f3n adecuada, para beber en cualquier momento del d\u00eda, porque sin te\u00edna y deliciosa; te ofrecer\u00e1 bien y felicidad. <\/span><\/p>\n<p><span style=\"color: #000000;\">Ingredientes: B\u00e1lsamo de lim\u00f3n*, manzanilla*, hinojo*, ra\u00edz de regaliz*, an\u00eds*, alcaravea*, zanahoria*, menta*, flores de l\u00fapulo*, verbena entera*, flores de cal\u00e9ndula*.<\/span><\/p>\n<p><strong><span style=\"color: #000000;\"> *De agricultura ecol\u00f3gica.<\/span> <\/strong><\/p>\n<p><strong>\u00a0<\/strong><\/p>\n","protected":false},"featured_media":3907,"comment_status":"open","ping_status":"closed","template":"","meta":[],"product_brand":[],"product_cat":[307,157],"product_tag":[],"class_list":{"0":"post-3892","1":"product","2":"type-product","3":"status-publish","4":"has-post-thumbnail","6":"product_cat-infusiones","7":"product_cat-para-el-bienestar","8":"description-off","10":"first","11":"instock","12":"shipping-taxable","13":"purchasable","14":"product-type-variable"},"yoast_head":"<!-- This site is optimized with the Yoast SEO plugin v27.3 - https:\/\/yoast.com\/product\/yoast-seo-wordpress\/ -->\n<title>Bon Repas Bio (tisana) - Th\u00e9 Gourmand<\/title>\n<meta name=\"description\" content=\"Bon Repas Bio, infusi\u00f3n para terminar bien las comidas, para facilitar una digesti\u00f3n adecuada, para beber en cualquier momento del d\u00eda, deliciosa.\" \/>\n<meta name=\"robots\" content=\"index, follow, max-snippet:-1, max-image-preview:large, max-video-preview:-1\" \/>\n<link rel=\"canonical\" href=\"https:\/\/www.the-gourmand.com\/es\/produit\/bon-repas-bio\/\" \/>\n<meta property=\"og:locale\" content=\"es_ES\" \/>\n<meta property=\"og:type\" content=\"article\" \/>\n<meta property=\"og:title\" content=\"Bon Repas Bio (tisana) - Th\u00e9 Gourmand\" \/>\n<meta property=\"og:description\" content=\"Bon Repas Bio, infusi\u00f3n para terminar bien las comidas, para facilitar una digesti\u00f3n adecuada, para beber en cualquier momento del d\u00eda, deliciosa.\" \/>\n<meta property=\"og:url\" content=\"https:\/\/www.the-gourmand.com\/es\/produit\/bon-repas-bio\/\" \/>\n<meta property=\"og:site_name\" content=\"Th\u00e9 Gourmand\" \/>\n<meta property=\"article:modified_time\" content=\"2024-12-13T13:18:11+00:00\" \/>\n<meta property=\"og:image\" content=\"https:\/\/www.the-gourmand.com\/wp-content\/uploads\/2022\/08\/elixir-bonrepas-bio.jpeg\" \/>\n\t<meta property=\"og:image:width\" content=\"500\" \/>\n\t<meta property=\"og:image:height\" content=\"500\" \/>\n\t<meta property=\"og:image:type\" content=\"image\/jpeg\" \/>\n<meta name=\"twitter:card\" content=\"summary_large_image\" \/>\n<meta name=\"twitter:label1\" content=\"Tiempo de lectura\" \/>\n\t<meta name=\"twitter:data1\" content=\"1 minuto\" \/>\n<script type=\"application\/ld+json\" class=\"yoast-schema-graph\">{\"@context\":\"https:\\\/\\\/schema.org\",\"@graph\":[{\"@type\":\"WebPage\",\"@id\":\"https:\\\/\\\/www.the-gourmand.com\\\/es\\\/produit\\\/bon-repas-bio\\\/\",\"url\":\"https:\\\/\\\/www.the-gourmand.com\\\/es\\\/produit\\\/bon-repas-bio\\\/\",\"name\":\"Bon Repas Bio (tisana) - Th\u00e9 Gourmand\",\"isPartOf\":{\"@id\":\"https:\\\/\\\/www.the-gourmand.com\\\/es\\\/#website\"},\"primaryImageOfPage\":{\"@id\":\"https:\\\/\\\/www.the-gourmand.com\\\/es\\\/produit\\\/bon-repas-bio\\\/#primaryimage\"},\"image\":{\"@id\":\"https:\\\/\\\/www.the-gourmand.com\\\/es\\\/produit\\\/bon-repas-bio\\\/#primaryimage\"},\"thumbnailUrl\":\"https:\\\/\\\/www.the-gourmand.com\\\/wp-content\\\/uploads\\\/2022\\\/08\\\/elixir-bonrepas-bio.jpeg\",\"datePublished\":\"2022-08-05T00:17:53+00:00\",\"dateModified\":\"2024-12-13T13:18:11+00:00\",\"description\":\"Bon Repas Bio, infusi\u00f3n para terminar bien las comidas, para facilitar una digesti\u00f3n adecuada, para beber en cualquier momento del d\u00eda, deliciosa.\",\"breadcrumb\":{\"@id\":\"https:\\\/\\\/www.the-gourmand.com\\\/es\\\/produit\\\/bon-repas-bio\\\/#breadcrumb\"},\"inLanguage\":\"es\",\"potentialAction\":[{\"@type\":\"ReadAction\",\"target\":[\"https:\\\/\\\/www.the-gourmand.com\\\/es\\\/produit\\\/bon-repas-bio\\\/\"]}]},{\"@type\":\"ImageObject\",\"inLanguage\":\"es\",\"@id\":\"https:\\\/\\\/www.the-gourmand.com\\\/es\\\/produit\\\/bon-repas-bio\\\/#primaryimage\",\"url\":\"https:\\\/\\\/www.the-gourmand.com\\\/wp-content\\\/uploads\\\/2022\\\/08\\\/elixir-bonrepas-bio.jpeg\",\"contentUrl\":\"https:\\\/\\\/www.the-gourmand.com\\\/wp-content\\\/uploads\\\/2022\\\/08\\\/elixir-bonrepas-bio.jpeg\",\"width\":500,\"height\":500},{\"@type\":\"BreadcrumbList\",\"@id\":\"https:\\\/\\\/www.the-gourmand.com\\\/es\\\/produit\\\/bon-repas-bio\\\/#breadcrumb\",\"itemListElement\":[{\"@type\":\"ListItem\",\"position\":1,\"name\":\"Accueil\",\"item\":\"https:\\\/\\\/www.the-gourmand.com\\\/es\\\/\"},{\"@type\":\"ListItem\",\"position\":2,\"name\":\"Productos\",\"item\":\"https:\\\/\\\/www.the-gourmand.com\\\/es\\\/productos\\\/\"},{\"@type\":\"ListItem\",\"position\":3,\"name\":\"Bon Repas Bio\"}]},{\"@type\":\"WebSite\",\"@id\":\"https:\\\/\\\/www.the-gourmand.com\\\/es\\\/#website\",\"url\":\"https:\\\/\\\/www.the-gourmand.com\\\/es\\\/\",\"name\":\"Th\u00e9 Gourmand\",\"description\":\"Boutique en ligne de th\u00e9s.\",\"publisher\":{\"@id\":\"https:\\\/\\\/www.the-gourmand.com\\\/es\\\/#organization\"},\"potentialAction\":[{\"@type\":\"SearchAction\",\"target\":{\"@type\":\"EntryPoint\",\"urlTemplate\":\"https:\\\/\\\/www.the-gourmand.com\\\/es\\\/?s={search_term_string}\"},\"query-input\":{\"@type\":\"PropertyValueSpecification\",\"valueRequired\":true,\"valueName\":\"search_term_string\"}}],\"inLanguage\":\"es\"},{\"@type\":\"Organization\",\"@id\":\"https:\\\/\\\/www.the-gourmand.com\\\/es\\\/#organization\",\"name\":\"Th\u00e9 Gourmand\",\"url\":\"https:\\\/\\\/www.the-gourmand.com\\\/es\\\/\",\"logo\":{\"@type\":\"ImageObject\",\"inLanguage\":\"es\",\"@id\":\"https:\\\/\\\/www.the-gourmand.com\\\/es\\\/#\\\/schema\\\/logo\\\/image\\\/\",\"url\":\"https:\\\/\\\/www.the-gourmand.com\\\/wp-content\\\/uploads\\\/2022\\\/02\\\/logo-the-gourmand-320x132px.png\",\"contentUrl\":\"https:\\\/\\\/www.the-gourmand.com\\\/wp-content\\\/uploads\\\/2022\\\/02\\\/logo-the-gourmand-320x132px.png\",\"width\":320,\"height\":132,\"caption\":\"Th\u00e9 Gourmand\"},\"image\":{\"@id\":\"https:\\\/\\\/www.the-gourmand.com\\\/es\\\/#\\\/schema\\\/logo\\\/image\\\/\"}}]}<\/script>\n<!-- \/ Yoast SEO plugin. -->","yoast_head_json":{"title":"Bon Repas Bio (tisana) - Th\u00e9 Gourmand","description":"Bon Repas Bio, infusi\u00f3n para terminar bien las comidas, para facilitar una digesti\u00f3n adecuada, para beber en cualquier momento del d\u00eda, deliciosa.","robots":{"index":"index","follow":"follow","max-snippet":"max-snippet:-1","max-image-preview":"max-image-preview:large","max-video-preview":"max-video-preview:-1"},"canonical":"https:\/\/www.the-gourmand.com\/es\/produit\/bon-repas-bio\/","og_locale":"es_ES","og_type":"article","og_title":"Bon Repas Bio (tisana) - Th\u00e9 Gourmand","og_description":"Bon Repas Bio, infusi\u00f3n para terminar bien las comidas, para facilitar una digesti\u00f3n adecuada, para beber en cualquier momento del d\u00eda, deliciosa.","og_url":"https:\/\/www.the-gourmand.com\/es\/produit\/bon-repas-bio\/","og_site_name":"Th\u00e9 Gourmand","article_modified_time":"2024-12-13T13:18:11+00:00","og_image":[{"width":500,"height":500,"url":"https:\/\/www.the-gourmand.com\/wp-content\/uploads\/2022\/08\/elixir-bonrepas-bio.jpeg","type":"image\/jpeg"}],"twitter_card":"summary_large_image","twitter_misc":{"Tiempo de lectura":"1 minuto"},"schema":{"@context":"https:\/\/schema.org","@graph":[{"@type":"WebPage","@id":"https:\/\/www.the-gourmand.com\/es\/produit\/bon-repas-bio\/","url":"https:\/\/www.the-gourmand.com\/es\/produit\/bon-repas-bio\/","name":"Bon Repas Bio (tisana) - Th\u00e9 Gourmand","isPartOf":{"@id":"https:\/\/www.the-gourmand.com\/es\/#website"},"primaryImageOfPage":{"@id":"https:\/\/www.the-gourmand.com\/es\/produit\/bon-repas-bio\/#primaryimage"},"image":{"@id":"https:\/\/www.the-gourmand.com\/es\/produit\/bon-repas-bio\/#primaryimage"},"thumbnailUrl":"https:\/\/www.the-gourmand.com\/wp-content\/uploads\/2022\/08\/elixir-bonrepas-bio.jpeg","datePublished":"2022-08-05T00:17:53+00:00","dateModified":"2024-12-13T13:18:11+00:00","description":"Bon Repas Bio, infusi\u00f3n para terminar bien las comidas, para facilitar una digesti\u00f3n adecuada, para beber en cualquier momento del d\u00eda, deliciosa.","breadcrumb":{"@id":"https:\/\/www.the-gourmand.com\/es\/produit\/bon-repas-bio\/#breadcrumb"},"inLanguage":"es","potentialAction":[{"@type":"ReadAction","target":["https:\/\/www.the-gourmand.com\/es\/produit\/bon-repas-bio\/"]}]},{"@type":"ImageObject","inLanguage":"es","@id":"https:\/\/www.the-gourmand.com\/es\/produit\/bon-repas-bio\/#primaryimage","url":"https:\/\/www.the-gourmand.com\/wp-content\/uploads\/2022\/08\/elixir-bonrepas-bio.jpeg","contentUrl":"https:\/\/www.the-gourmand.com\/wp-content\/uploads\/2022\/08\/elixir-bonrepas-bio.jpeg","width":500,"height":500},{"@type":"BreadcrumbList","@id":"https:\/\/www.the-gourmand.com\/es\/produit\/bon-repas-bio\/#breadcrumb","itemListElement":[{"@type":"ListItem","position":1,"name":"Accueil","item":"https:\/\/www.the-gourmand.com\/es\/"},{"@type":"ListItem","position":2,"name":"Productos","item":"https:\/\/www.the-gourmand.com\/es\/productos\/"},{"@type":"ListItem","position":3,"name":"Bon Repas Bio"}]},{"@type":"WebSite","@id":"https:\/\/www.the-gourmand.com\/es\/#website","url":"https:\/\/www.the-gourmand.com\/es\/","name":"Th\u00e9 Gourmand","description":"Boutique en ligne de th\u00e9s.","publisher":{"@id":"https:\/\/www.the-gourmand.com\/es\/#organization"},"potentialAction":[{"@type":"SearchAction","target":{"@type":"EntryPoint","urlTemplate":"https:\/\/www.the-gourmand.com\/es\/?s={search_term_string}"},"query-input":{"@type":"PropertyValueSpecification","valueRequired":true,"valueName":"search_term_string"}}],"inLanguage":"es"},{"@type":"Organization","@id":"https:\/\/www.the-gourmand.com\/es\/#organization","name":"Th\u00e9 Gourmand","url":"https:\/\/www.the-gourmand.com\/es\/","logo":{"@type":"ImageObject","inLanguage":"es","@id":"https:\/\/www.the-gourmand.com\/es\/#\/schema\/logo\/image\/","url":"https:\/\/www.the-gourmand.com\/wp-content\/uploads\/2022\/02\/logo-the-gourmand-320x132px.png","contentUrl":"https:\/\/www.the-gourmand.com\/wp-content\/uploads\/2022\/02\/logo-the-gourmand-320x132px.png","width":320,"height":132,"caption":"Th\u00e9 Gourmand"},"image":{"@id":"https:\/\/www.the-gourmand.com\/es\/#\/schema\/logo\/image\/"}}]}},"_links":{"self":[{"href":"https:\/\/www.the-gourmand.com\/es\/wp-json\/wp\/v2\/product\/3892","targetHints":{"allow":["GET"]}}],"collection":[{"href":"https:\/\/www.the-gourmand.com\/es\/wp-json\/wp\/v2\/product"}],"about":[{"href":"https:\/\/www.the-gourmand.com\/es\/wp-json\/wp\/v2\/types\/product"}],"replies":[{"embeddable":true,"href":"https:\/\/www.the-gourmand.com\/es\/wp-json\/wp\/v2\/comments?post=3892"}],"wp:featuredmedia":[{"embeddable":true,"href":"https:\/\/www.the-gourmand.com\/es\/wp-json\/wp\/v2\/media\/3907"}],"wp:attachment":[{"href":"https:\/\/www.the-gourmand.com\/es\/wp-json\/wp\/v2\/media?parent=3892"}],"wp:term":[{"taxonomy":"product_brand","embeddable":true,"href":"https:\/\/www.the-gourmand.com\/es\/wp-json\/wp\/v2\/product_brand?post=3892"},{"taxonomy":"product_cat","embeddable":true,"href":"https:\/\/www.the-gourmand.com\/es\/wp-json\/wp\/v2\/product_cat?post=3892"},{"taxonomy":"product_tag","embeddable":true,"href":"https:\/\/www.the-gourmand.com\/es\/wp-json\/wp\/v2\/product_tag?post=3892"}],"curies":[{"name":"wp","href":"https:\/\/api.w.org\/{rel}","templated":true}]}}