{"id":3585,"date":"2022-07-31T20:43:44","date_gmt":"2022-07-31T18:43:44","guid":{"rendered":"https:\/\/www.the-gourmand.com\/?post_type=product&#038;p=3585"},"modified":"2023-02-15T18:08:35","modified_gmt":"2023-02-15T17:08:35","slug":"bissap-epice","status":"publish","type":"product","link":"https:\/\/www.the-gourmand.com\/es\/produit\/bissap-epice\/","title":{"rendered":"Bissap \u00e9pic\u00e9"},"content":{"rendered":"<p><span style=\"color: #000000;\">Beber durante la temporada de calor es esencial, pero tambi\u00e9n puede ser un gran placer cuando la bebida es buena, bonita, fresca y nos relajamos de inmediato. Se trata de las flores de hibisco, la bebida tradicional en varios pa\u00edses, que ha sido, entre otras cosas, la bebida favorita de personajes como Anwar Sadat, premio Nobel de la Paz en 1978.<\/span><\/p>\n<p><span style=\"color: #000000;\"> Bissap \u00e9pic\u00e9 es nuestra receta original de flores de hibisco, afrutadas y con especias, una nueva versi\u00f3n de la bebida de siempre con un color que invita a degustarla.\u00a0 \u00a1Es un t\u00e9 fr\u00edo, un aperitivo sin alcohol y una bebida para ni\u00f1os que le encantar\u00e1! Y caliente, a la manera tradicional, todos lo aman tambi\u00e9n.<br \/>\n<\/span><\/p>\n<p><span style=\"color: #000000;\">Ingredientes: flores de hibisco, manzana, escaramujos, bayas de sa\u00faco, viscum, canela, clementinas, rodajas de naranja, clavo. <\/span><\/p>\n<p><span style=\"color: #000000;\">Descubra c\u00f3mo preparar Bissap \u00e9pic\u00e9 as\u00ed como otras bebidas de verano en nuestra \u00a0\u00a0<\/span><strong><a href=\"https:\/\/www.the-gourmand.com\/en\/news\/\">pesta\u00f1a \u00bfSAB\u00cdAS QUE&#8230;?<\/a><\/strong><\/p>\n","protected":false},"excerpt":{"rendered":"<p><strong>Nivel de te\u00edna:<\/strong><\/p>\n<p><img loading=\"lazy\" decoding=\"async\" class=\"alignnone wp-image-208 size-full\" src=\"https:\/\/www.the-gourmand.com\/wp-content\/uploads\/2022\/03\/taux-de-theine-0-100x320px.png\" alt=\"\" width=\"291\" height=\"88\" \/><\/p>\n<p style=\"text-align: justify;\"><span style=\"color: #000000;\">\u00a1Bissap \u00e9pic\u00e9, nuestra receta original de flores de hibisco afrutadas y con especias para preparar su bebida favorita de verano! Un t\u00e9 fr\u00edo, un aperitivo sin alcohol y una bebida para ni\u00f1os que le encantar\u00e1. <\/span><\/p>\n<p style=\"text-align: justify;\"><span style=\"color: #000000;\">Ingredientes: flores de hibisco, manzana, escaramujos, bayas de sa\u00faco, viscum, canela, clementinas, rodajas de naranja, clavo. <\/span><\/p>\n<p style=\"text-align: justify;\"><span style=\"color: #000000;\">Descubra c\u00f3mo preparar BISSAP \u00c9PIC\u00c9 as\u00ed como otras bebidas de verano en nuestra \u00a0<\/span><strong><a href=\"https:\/\/www.the-gourmand.com\/actualites\/\">pesta\u00f1a \u00bfSAB\u00cdAS QUE&#8230;?<\/a><\/strong><\/p>\n","protected":false},"featured_media":3592,"comment_status":"open","ping_status":"closed","template":"","meta":[],"product_brand":[],"product_cat":[158,307],"product_tag":[],"class_list":{"0":"post-3585","1":"product","2":"type-product","3":"status-publish","4":"has-post-thumbnail","6":"product_cat-carcade","7":"product_cat-infusiones","8":"description-off","10":"first","11":"instock","12":"shipping-taxable","13":"purchasable","14":"product-type-variable"},"yoast_head":"<!-- This site is optimized with the Yoast SEO plugin v27.4 - https:\/\/yoast.com\/product\/yoast-seo-wordpress\/ -->\n<title>Bissap \u00e9pic\u00e9 (hibiscus) - Th\u00e9 Guormand<\/title>\n<meta name=\"description\" content=\"\u00a1Bissap \u00e9pic\u00e9, nuestra receta original de flores de hibisco afrutadas y con especias para preparar su bebida favorita de verano! Sin te\u00edna\" \/>\n<meta name=\"robots\" content=\"index, follow, max-snippet:-1, max-image-preview:large, max-video-preview:-1\" \/>\n<link rel=\"canonical\" href=\"https:\/\/www.the-gourmand.com\/es\/produit\/bissap-epice\/\" \/>\n<meta property=\"og:locale\" content=\"es_ES\" \/>\n<meta property=\"og:type\" content=\"article\" \/>\n<meta property=\"og:title\" content=\"Bissap \u00e9pic\u00e9 (hibiscus) - Th\u00e9 Guormand\" \/>\n<meta property=\"og:description\" content=\"\u00a1Bissap \u00e9pic\u00e9, nuestra receta original de flores de hibisco afrutadas y con especias para preparar su bebida favorita de verano! Sin te\u00edna\" \/>\n<meta property=\"og:url\" content=\"https:\/\/www.the-gourmand.com\/es\/produit\/bissap-epice\/\" \/>\n<meta property=\"og:site_name\" content=\"Th\u00e9 Gourmand\" \/>\n<meta property=\"article:modified_time\" content=\"2023-02-15T17:08:35+00:00\" \/>\n<meta property=\"og:image\" content=\"https:\/\/www.the-gourmand.com\/wp-content\/uploads\/2022\/07\/bissap-epice.jpeg\" \/>\n\t<meta property=\"og:image:width\" content=\"2000\" \/>\n\t<meta property=\"og:image:height\" content=\"2000\" \/>\n\t<meta property=\"og:image:type\" content=\"image\/jpeg\" \/>\n<meta name=\"twitter:card\" content=\"summary_large_image\" \/>\n<meta name=\"twitter:label1\" content=\"Tiempo de lectura\" \/>\n\t<meta name=\"twitter:data1\" content=\"1 minuto\" \/>\n<script type=\"application\/ld+json\" class=\"yoast-schema-graph\">{\"@context\":\"https:\\\/\\\/schema.org\",\"@graph\":[{\"@type\":\"WebPage\",\"@id\":\"https:\\\/\\\/www.the-gourmand.com\\\/es\\\/produit\\\/bissap-epice\\\/\",\"url\":\"https:\\\/\\\/www.the-gourmand.com\\\/es\\\/produit\\\/bissap-epice\\\/\",\"name\":\"Bissap \u00e9pic\u00e9 (hibiscus) - Th\u00e9 Guormand\",\"isPartOf\":{\"@id\":\"https:\\\/\\\/www.the-gourmand.com\\\/es\\\/#website\"},\"primaryImageOfPage\":{\"@id\":\"https:\\\/\\\/www.the-gourmand.com\\\/es\\\/produit\\\/bissap-epice\\\/#primaryimage\"},\"image\":{\"@id\":\"https:\\\/\\\/www.the-gourmand.com\\\/es\\\/produit\\\/bissap-epice\\\/#primaryimage\"},\"thumbnailUrl\":\"https:\\\/\\\/www.the-gourmand.com\\\/wp-content\\\/uploads\\\/2022\\\/07\\\/bissap-epice.jpeg\",\"datePublished\":\"2022-07-31T18:43:44+00:00\",\"dateModified\":\"2023-02-15T17:08:35+00:00\",\"description\":\"\u00a1Bissap \u00e9pic\u00e9, nuestra receta original de flores de hibisco afrutadas y con especias para preparar su bebida favorita de verano! Sin te\u00edna\",\"breadcrumb\":{\"@id\":\"https:\\\/\\\/www.the-gourmand.com\\\/es\\\/produit\\\/bissap-epice\\\/#breadcrumb\"},\"inLanguage\":\"es\",\"potentialAction\":[{\"@type\":\"ReadAction\",\"target\":[\"https:\\\/\\\/www.the-gourmand.com\\\/es\\\/produit\\\/bissap-epice\\\/\"]}]},{\"@type\":\"ImageObject\",\"inLanguage\":\"es\",\"@id\":\"https:\\\/\\\/www.the-gourmand.com\\\/es\\\/produit\\\/bissap-epice\\\/#primaryimage\",\"url\":\"https:\\\/\\\/www.the-gourmand.com\\\/wp-content\\\/uploads\\\/2022\\\/07\\\/bissap-epice.jpeg\",\"contentUrl\":\"https:\\\/\\\/www.the-gourmand.com\\\/wp-content\\\/uploads\\\/2022\\\/07\\\/bissap-epice.jpeg\",\"width\":2000,\"height\":2000},{\"@type\":\"BreadcrumbList\",\"@id\":\"https:\\\/\\\/www.the-gourmand.com\\\/es\\\/produit\\\/bissap-epice\\\/#breadcrumb\",\"itemListElement\":[{\"@type\":\"ListItem\",\"position\":1,\"name\":\"Accueil\",\"item\":\"https:\\\/\\\/www.the-gourmand.com\\\/es\\\/\"},{\"@type\":\"ListItem\",\"position\":2,\"name\":\"Productos\",\"item\":\"https:\\\/\\\/www.the-gourmand.com\\\/es\\\/productos\\\/\"},{\"@type\":\"ListItem\",\"position\":3,\"name\":\"Bissap \u00e9pic\u00e9\"}]},{\"@type\":\"WebSite\",\"@id\":\"https:\\\/\\\/www.the-gourmand.com\\\/es\\\/#website\",\"url\":\"https:\\\/\\\/www.the-gourmand.com\\\/es\\\/\",\"name\":\"Th\u00e9 Gourmand\",\"description\":\"Boutique en ligne de th\u00e9s.\",\"publisher\":{\"@id\":\"https:\\\/\\\/www.the-gourmand.com\\\/es\\\/#organization\"},\"potentialAction\":[{\"@type\":\"SearchAction\",\"target\":{\"@type\":\"EntryPoint\",\"urlTemplate\":\"https:\\\/\\\/www.the-gourmand.com\\\/es\\\/?s={search_term_string}\"},\"query-input\":{\"@type\":\"PropertyValueSpecification\",\"valueRequired\":true,\"valueName\":\"search_term_string\"}}],\"inLanguage\":\"es\"},{\"@type\":\"Organization\",\"@id\":\"https:\\\/\\\/www.the-gourmand.com\\\/es\\\/#organization\",\"name\":\"Th\u00e9 Gourmand\",\"url\":\"https:\\\/\\\/www.the-gourmand.com\\\/es\\\/\",\"logo\":{\"@type\":\"ImageObject\",\"inLanguage\":\"es\",\"@id\":\"https:\\\/\\\/www.the-gourmand.com\\\/es\\\/#\\\/schema\\\/logo\\\/image\\\/\",\"url\":\"https:\\\/\\\/www.the-gourmand.com\\\/wp-content\\\/uploads\\\/2022\\\/02\\\/logo-the-gourmand-320x132px.png\",\"contentUrl\":\"https:\\\/\\\/www.the-gourmand.com\\\/wp-content\\\/uploads\\\/2022\\\/02\\\/logo-the-gourmand-320x132px.png\",\"width\":320,\"height\":132,\"caption\":\"Th\u00e9 Gourmand\"},\"image\":{\"@id\":\"https:\\\/\\\/www.the-gourmand.com\\\/es\\\/#\\\/schema\\\/logo\\\/image\\\/\"}}]}<\/script>\n<!-- \/ Yoast SEO plugin. -->","yoast_head_json":{"title":"Bissap \u00e9pic\u00e9 (hibiscus) - Th\u00e9 Guormand","description":"\u00a1Bissap \u00e9pic\u00e9, nuestra receta original de flores de hibisco afrutadas y con especias para preparar su bebida favorita de verano! Sin te\u00edna","robots":{"index":"index","follow":"follow","max-snippet":"max-snippet:-1","max-image-preview":"max-image-preview:large","max-video-preview":"max-video-preview:-1"},"canonical":"https:\/\/www.the-gourmand.com\/es\/produit\/bissap-epice\/","og_locale":"es_ES","og_type":"article","og_title":"Bissap \u00e9pic\u00e9 (hibiscus) - Th\u00e9 Guormand","og_description":"\u00a1Bissap \u00e9pic\u00e9, nuestra receta original de flores de hibisco afrutadas y con especias para preparar su bebida favorita de verano! Sin te\u00edna","og_url":"https:\/\/www.the-gourmand.com\/es\/produit\/bissap-epice\/","og_site_name":"Th\u00e9 Gourmand","article_modified_time":"2023-02-15T17:08:35+00:00","og_image":[{"width":2000,"height":2000,"url":"https:\/\/www.the-gourmand.com\/wp-content\/uploads\/2022\/07\/bissap-epice.jpeg","type":"image\/jpeg"}],"twitter_card":"summary_large_image","twitter_misc":{"Tiempo de lectura":"1 minuto"},"schema":{"@context":"https:\/\/schema.org","@graph":[{"@type":"WebPage","@id":"https:\/\/www.the-gourmand.com\/es\/produit\/bissap-epice\/","url":"https:\/\/www.the-gourmand.com\/es\/produit\/bissap-epice\/","name":"Bissap \u00e9pic\u00e9 (hibiscus) - Th\u00e9 Guormand","isPartOf":{"@id":"https:\/\/www.the-gourmand.com\/es\/#website"},"primaryImageOfPage":{"@id":"https:\/\/www.the-gourmand.com\/es\/produit\/bissap-epice\/#primaryimage"},"image":{"@id":"https:\/\/www.the-gourmand.com\/es\/produit\/bissap-epice\/#primaryimage"},"thumbnailUrl":"https:\/\/www.the-gourmand.com\/wp-content\/uploads\/2022\/07\/bissap-epice.jpeg","datePublished":"2022-07-31T18:43:44+00:00","dateModified":"2023-02-15T17:08:35+00:00","description":"\u00a1Bissap \u00e9pic\u00e9, nuestra receta original de flores de hibisco afrutadas y con especias para preparar su bebida favorita de verano! Sin te\u00edna","breadcrumb":{"@id":"https:\/\/www.the-gourmand.com\/es\/produit\/bissap-epice\/#breadcrumb"},"inLanguage":"es","potentialAction":[{"@type":"ReadAction","target":["https:\/\/www.the-gourmand.com\/es\/produit\/bissap-epice\/"]}]},{"@type":"ImageObject","inLanguage":"es","@id":"https:\/\/www.the-gourmand.com\/es\/produit\/bissap-epice\/#primaryimage","url":"https:\/\/www.the-gourmand.com\/wp-content\/uploads\/2022\/07\/bissap-epice.jpeg","contentUrl":"https:\/\/www.the-gourmand.com\/wp-content\/uploads\/2022\/07\/bissap-epice.jpeg","width":2000,"height":2000},{"@type":"BreadcrumbList","@id":"https:\/\/www.the-gourmand.com\/es\/produit\/bissap-epice\/#breadcrumb","itemListElement":[{"@type":"ListItem","position":1,"name":"Accueil","item":"https:\/\/www.the-gourmand.com\/es\/"},{"@type":"ListItem","position":2,"name":"Productos","item":"https:\/\/www.the-gourmand.com\/es\/productos\/"},{"@type":"ListItem","position":3,"name":"Bissap \u00e9pic\u00e9"}]},{"@type":"WebSite","@id":"https:\/\/www.the-gourmand.com\/es\/#website","url":"https:\/\/www.the-gourmand.com\/es\/","name":"Th\u00e9 Gourmand","description":"Boutique en ligne de th\u00e9s.","publisher":{"@id":"https:\/\/www.the-gourmand.com\/es\/#organization"},"potentialAction":[{"@type":"SearchAction","target":{"@type":"EntryPoint","urlTemplate":"https:\/\/www.the-gourmand.com\/es\/?s={search_term_string}"},"query-input":{"@type":"PropertyValueSpecification","valueRequired":true,"valueName":"search_term_string"}}],"inLanguage":"es"},{"@type":"Organization","@id":"https:\/\/www.the-gourmand.com\/es\/#organization","name":"Th\u00e9 Gourmand","url":"https:\/\/www.the-gourmand.com\/es\/","logo":{"@type":"ImageObject","inLanguage":"es","@id":"https:\/\/www.the-gourmand.com\/es\/#\/schema\/logo\/image\/","url":"https:\/\/www.the-gourmand.com\/wp-content\/uploads\/2022\/02\/logo-the-gourmand-320x132px.png","contentUrl":"https:\/\/www.the-gourmand.com\/wp-content\/uploads\/2022\/02\/logo-the-gourmand-320x132px.png","width":320,"height":132,"caption":"Th\u00e9 Gourmand"},"image":{"@id":"https:\/\/www.the-gourmand.com\/es\/#\/schema\/logo\/image\/"}}]}},"_links":{"self":[{"href":"https:\/\/www.the-gourmand.com\/es\/wp-json\/wp\/v2\/product\/3585","targetHints":{"allow":["GET"]}}],"collection":[{"href":"https:\/\/www.the-gourmand.com\/es\/wp-json\/wp\/v2\/product"}],"about":[{"href":"https:\/\/www.the-gourmand.com\/es\/wp-json\/wp\/v2\/types\/product"}],"replies":[{"embeddable":true,"href":"https:\/\/www.the-gourmand.com\/es\/wp-json\/wp\/v2\/comments?post=3585"}],"wp:featuredmedia":[{"embeddable":true,"href":"https:\/\/www.the-gourmand.com\/es\/wp-json\/wp\/v2\/media\/3592"}],"wp:attachment":[{"href":"https:\/\/www.the-gourmand.com\/es\/wp-json\/wp\/v2\/media?parent=3585"}],"wp:term":[{"taxonomy":"product_brand","embeddable":true,"href":"https:\/\/www.the-gourmand.com\/es\/wp-json\/wp\/v2\/product_brand?post=3585"},{"taxonomy":"product_cat","embeddable":true,"href":"https:\/\/www.the-gourmand.com\/es\/wp-json\/wp\/v2\/product_cat?post=3585"},{"taxonomy":"product_tag","embeddable":true,"href":"https:\/\/www.the-gourmand.com\/es\/wp-json\/wp\/v2\/product_tag?post=3585"}],"curies":[{"name":"wp","href":"https:\/\/api.w.org\/{rel}","templated":true}]}}