{"id":3509,"date":"2022-07-30T22:08:55","date_gmt":"2022-07-30T20:08:55","guid":{"rendered":"https:\/\/www.the-gourmand.com\/?post_type=product&#038;p=3509"},"modified":"2023-02-13T20:39:54","modified_gmt":"2023-02-13T19:39:54","slug":"rooibos-bio","status":"publish","type":"product","link":"https:\/\/www.the-gourmand.com\/es\/produit\/rooibos-bio\/","title":{"rendered":"Rooibos Bio"},"content":{"rendered":"<p><span style=\"color: #000000;\">El pa\u00eds de origen del Rooibos Bio o \u00abarbusto rojo\u00bb es Sud\u00e1frica. Los nativos usaban esta secoya para hacer un t\u00e9 afrutado y dulce, mucho antes que los europeos. Las ramas del arbusto se secan al sol y luego se cortan en trozos peque\u00f1os.<\/span><\/p>\n<p><span style=\"color: #000000;\"> El Rooibos se export\u00f3 por primera vez a pa\u00edses distantes en el siglo XIX, y su exportaci\u00f3n ha seguido creciendo desde entonces. El resultado fue un cultivo controlado del arbusto que una vez fue silvestre. El Rooibos de alta calidad se puede identificar por su color rub\u00ed oscuro y el sabor dulce, caracter\u00edstico y arom\u00e1tico.<\/span><\/p>\n<p><span style=\"color: #000000;\"><strong> *Producto de la agricultura ecol\u00f3gica<\/strong><\/span><\/p>\n","protected":false},"excerpt":{"rendered":"<p><strong>Nivel de te\u00edna:<\/strong><\/p>\n<p><img loading=\"lazy\" decoding=\"async\" class=\"alignnone wp-image-208 size-full\" src=\"https:\/\/www.the-gourmand.com\/wp-content\/uploads\/2022\/03\/taux-de-theine-0-100x320px.png\" alt=\"\" width=\"291\" height=\"88\" \/><\/p>\n<p><span style=\"color: #000000;\">Rooibos Bio, producto noble, bien conocido por sus virtudes calmantes, de sabor suave para beber durante todo el d\u00eda, pero especialmente por la noche. Caliente o frio es delicioso.<\/span><\/p>\n<p><span style=\"color: #000000;\"><strong> Origen BIO<\/strong><\/span><\/p>\n<p>&nbsp;<\/p>\n","protected":false},"featured_media":3526,"comment_status":"open","ping_status":"closed","template":"","meta":[],"product_brand":[],"product_cat":[307,157,161],"product_tag":[],"class_list":{"0":"post-3509","1":"product","2":"type-product","3":"status-publish","4":"has-post-thumbnail","6":"product_cat-infusiones","7":"product_cat-para-el-bienestar","8":"product_cat-rooibos","9":"description-off","11":"first","12":"instock","13":"shipping-taxable","14":"purchasable","15":"product-type-variable"},"yoast_head":"<!-- This site is optimized with the Yoast SEO plugin v27.3 - https:\/\/yoast.com\/product\/yoast-seo-wordpress\/ -->\n<title>Rooibos Bio ( Org\u00e1nico) - Th\u00e9 Gourmand<\/title>\n<meta name=\"description\" content=\"Rooibos, producto noble, bien conocido por sus virtudes calmantes, muy agradable durante todo el d\u00eda, pero especialmente por la noche. Origen BIO\" \/>\n<meta name=\"robots\" content=\"index, follow, max-snippet:-1, max-image-preview:large, max-video-preview:-1\" \/>\n<link rel=\"canonical\" href=\"https:\/\/www.the-gourmand.com\/es\/produit\/rooibos-bio\/\" \/>\n<meta property=\"og:locale\" content=\"es_ES\" \/>\n<meta property=\"og:type\" content=\"article\" \/>\n<meta property=\"og:title\" content=\"Rooibos Bio ( Org\u00e1nico) - Th\u00e9 Gourmand\" \/>\n<meta property=\"og:description\" content=\"Rooibos, producto noble, bien conocido por sus virtudes calmantes, muy agradable durante todo el d\u00eda, pero especialmente por la noche. Origen BIO\" \/>\n<meta property=\"og:url\" content=\"https:\/\/www.the-gourmand.com\/es\/produit\/rooibos-bio\/\" \/>\n<meta property=\"og:site_name\" content=\"Th\u00e9 Gourmand\" \/>\n<meta property=\"article:modified_time\" content=\"2023-02-13T19:39:54+00:00\" \/>\n<meta property=\"og:image\" content=\"https:\/\/www.the-gourmand.com\/wp-content\/uploads\/2022\/07\/rooibos-bio.jpeg\" \/>\n\t<meta property=\"og:image:width\" content=\"500\" \/>\n\t<meta property=\"og:image:height\" content=\"500\" \/>\n\t<meta property=\"og:image:type\" content=\"image\/jpeg\" \/>\n<meta name=\"twitter:card\" content=\"summary_large_image\" \/>\n<meta name=\"twitter:label1\" content=\"Tiempo de lectura\" \/>\n\t<meta name=\"twitter:data1\" content=\"1 minuto\" \/>\n<script type=\"application\/ld+json\" class=\"yoast-schema-graph\">{\"@context\":\"https:\\\/\\\/schema.org\",\"@graph\":[{\"@type\":\"WebPage\",\"@id\":\"https:\\\/\\\/www.the-gourmand.com\\\/es\\\/produit\\\/rooibos-bio\\\/\",\"url\":\"https:\\\/\\\/www.the-gourmand.com\\\/es\\\/produit\\\/rooibos-bio\\\/\",\"name\":\"Rooibos Bio ( Org\u00e1nico) - Th\u00e9 Gourmand\",\"isPartOf\":{\"@id\":\"https:\\\/\\\/www.the-gourmand.com\\\/es\\\/#website\"},\"primaryImageOfPage\":{\"@id\":\"https:\\\/\\\/www.the-gourmand.com\\\/es\\\/produit\\\/rooibos-bio\\\/#primaryimage\"},\"image\":{\"@id\":\"https:\\\/\\\/www.the-gourmand.com\\\/es\\\/produit\\\/rooibos-bio\\\/#primaryimage\"},\"thumbnailUrl\":\"https:\\\/\\\/www.the-gourmand.com\\\/wp-content\\\/uploads\\\/2022\\\/07\\\/rooibos-bio.jpeg\",\"datePublished\":\"2022-07-30T20:08:55+00:00\",\"dateModified\":\"2023-02-13T19:39:54+00:00\",\"description\":\"Rooibos, producto noble, bien conocido por sus virtudes calmantes, muy agradable durante todo el d\u00eda, pero especialmente por la noche. Origen BIO\",\"breadcrumb\":{\"@id\":\"https:\\\/\\\/www.the-gourmand.com\\\/es\\\/produit\\\/rooibos-bio\\\/#breadcrumb\"},\"inLanguage\":\"es\",\"potentialAction\":[{\"@type\":\"ReadAction\",\"target\":[\"https:\\\/\\\/www.the-gourmand.com\\\/es\\\/produit\\\/rooibos-bio\\\/\"]}]},{\"@type\":\"ImageObject\",\"inLanguage\":\"es\",\"@id\":\"https:\\\/\\\/www.the-gourmand.com\\\/es\\\/produit\\\/rooibos-bio\\\/#primaryimage\",\"url\":\"https:\\\/\\\/www.the-gourmand.com\\\/wp-content\\\/uploads\\\/2022\\\/07\\\/rooibos-bio.jpeg\",\"contentUrl\":\"https:\\\/\\\/www.the-gourmand.com\\\/wp-content\\\/uploads\\\/2022\\\/07\\\/rooibos-bio.jpeg\",\"width\":500,\"height\":500},{\"@type\":\"BreadcrumbList\",\"@id\":\"https:\\\/\\\/www.the-gourmand.com\\\/es\\\/produit\\\/rooibos-bio\\\/#breadcrumb\",\"itemListElement\":[{\"@type\":\"ListItem\",\"position\":1,\"name\":\"Accueil\",\"item\":\"https:\\\/\\\/www.the-gourmand.com\\\/es\\\/\"},{\"@type\":\"ListItem\",\"position\":2,\"name\":\"Productos\",\"item\":\"https:\\\/\\\/www.the-gourmand.com\\\/es\\\/productos\\\/\"},{\"@type\":\"ListItem\",\"position\":3,\"name\":\"Rooibos Bio\"}]},{\"@type\":\"WebSite\",\"@id\":\"https:\\\/\\\/www.the-gourmand.com\\\/es\\\/#website\",\"url\":\"https:\\\/\\\/www.the-gourmand.com\\\/es\\\/\",\"name\":\"Th\u00e9 Gourmand\",\"description\":\"Boutique en ligne de th\u00e9s.\",\"publisher\":{\"@id\":\"https:\\\/\\\/www.the-gourmand.com\\\/es\\\/#organization\"},\"potentialAction\":[{\"@type\":\"SearchAction\",\"target\":{\"@type\":\"EntryPoint\",\"urlTemplate\":\"https:\\\/\\\/www.the-gourmand.com\\\/es\\\/?s={search_term_string}\"},\"query-input\":{\"@type\":\"PropertyValueSpecification\",\"valueRequired\":true,\"valueName\":\"search_term_string\"}}],\"inLanguage\":\"es\"},{\"@type\":\"Organization\",\"@id\":\"https:\\\/\\\/www.the-gourmand.com\\\/es\\\/#organization\",\"name\":\"Th\u00e9 Gourmand\",\"url\":\"https:\\\/\\\/www.the-gourmand.com\\\/es\\\/\",\"logo\":{\"@type\":\"ImageObject\",\"inLanguage\":\"es\",\"@id\":\"https:\\\/\\\/www.the-gourmand.com\\\/es\\\/#\\\/schema\\\/logo\\\/image\\\/\",\"url\":\"https:\\\/\\\/www.the-gourmand.com\\\/wp-content\\\/uploads\\\/2022\\\/02\\\/logo-the-gourmand-320x132px.png\",\"contentUrl\":\"https:\\\/\\\/www.the-gourmand.com\\\/wp-content\\\/uploads\\\/2022\\\/02\\\/logo-the-gourmand-320x132px.png\",\"width\":320,\"height\":132,\"caption\":\"Th\u00e9 Gourmand\"},\"image\":{\"@id\":\"https:\\\/\\\/www.the-gourmand.com\\\/es\\\/#\\\/schema\\\/logo\\\/image\\\/\"}}]}<\/script>\n<!-- \/ Yoast SEO plugin. -->","yoast_head_json":{"title":"Rooibos Bio ( Org\u00e1nico) - Th\u00e9 Gourmand","description":"Rooibos, producto noble, bien conocido por sus virtudes calmantes, muy agradable durante todo el d\u00eda, pero especialmente por la noche. Origen BIO","robots":{"index":"index","follow":"follow","max-snippet":"max-snippet:-1","max-image-preview":"max-image-preview:large","max-video-preview":"max-video-preview:-1"},"canonical":"https:\/\/www.the-gourmand.com\/es\/produit\/rooibos-bio\/","og_locale":"es_ES","og_type":"article","og_title":"Rooibos Bio ( Org\u00e1nico) - Th\u00e9 Gourmand","og_description":"Rooibos, producto noble, bien conocido por sus virtudes calmantes, muy agradable durante todo el d\u00eda, pero especialmente por la noche. Origen BIO","og_url":"https:\/\/www.the-gourmand.com\/es\/produit\/rooibos-bio\/","og_site_name":"Th\u00e9 Gourmand","article_modified_time":"2023-02-13T19:39:54+00:00","og_image":[{"width":500,"height":500,"url":"https:\/\/www.the-gourmand.com\/wp-content\/uploads\/2022\/07\/rooibos-bio.jpeg","type":"image\/jpeg"}],"twitter_card":"summary_large_image","twitter_misc":{"Tiempo de lectura":"1 minuto"},"schema":{"@context":"https:\/\/schema.org","@graph":[{"@type":"WebPage","@id":"https:\/\/www.the-gourmand.com\/es\/produit\/rooibos-bio\/","url":"https:\/\/www.the-gourmand.com\/es\/produit\/rooibos-bio\/","name":"Rooibos Bio ( Org\u00e1nico) - Th\u00e9 Gourmand","isPartOf":{"@id":"https:\/\/www.the-gourmand.com\/es\/#website"},"primaryImageOfPage":{"@id":"https:\/\/www.the-gourmand.com\/es\/produit\/rooibos-bio\/#primaryimage"},"image":{"@id":"https:\/\/www.the-gourmand.com\/es\/produit\/rooibos-bio\/#primaryimage"},"thumbnailUrl":"https:\/\/www.the-gourmand.com\/wp-content\/uploads\/2022\/07\/rooibos-bio.jpeg","datePublished":"2022-07-30T20:08:55+00:00","dateModified":"2023-02-13T19:39:54+00:00","description":"Rooibos, producto noble, bien conocido por sus virtudes calmantes, muy agradable durante todo el d\u00eda, pero especialmente por la noche. Origen BIO","breadcrumb":{"@id":"https:\/\/www.the-gourmand.com\/es\/produit\/rooibos-bio\/#breadcrumb"},"inLanguage":"es","potentialAction":[{"@type":"ReadAction","target":["https:\/\/www.the-gourmand.com\/es\/produit\/rooibos-bio\/"]}]},{"@type":"ImageObject","inLanguage":"es","@id":"https:\/\/www.the-gourmand.com\/es\/produit\/rooibos-bio\/#primaryimage","url":"https:\/\/www.the-gourmand.com\/wp-content\/uploads\/2022\/07\/rooibos-bio.jpeg","contentUrl":"https:\/\/www.the-gourmand.com\/wp-content\/uploads\/2022\/07\/rooibos-bio.jpeg","width":500,"height":500},{"@type":"BreadcrumbList","@id":"https:\/\/www.the-gourmand.com\/es\/produit\/rooibos-bio\/#breadcrumb","itemListElement":[{"@type":"ListItem","position":1,"name":"Accueil","item":"https:\/\/www.the-gourmand.com\/es\/"},{"@type":"ListItem","position":2,"name":"Productos","item":"https:\/\/www.the-gourmand.com\/es\/productos\/"},{"@type":"ListItem","position":3,"name":"Rooibos Bio"}]},{"@type":"WebSite","@id":"https:\/\/www.the-gourmand.com\/es\/#website","url":"https:\/\/www.the-gourmand.com\/es\/","name":"Th\u00e9 Gourmand","description":"Boutique en ligne de th\u00e9s.","publisher":{"@id":"https:\/\/www.the-gourmand.com\/es\/#organization"},"potentialAction":[{"@type":"SearchAction","target":{"@type":"EntryPoint","urlTemplate":"https:\/\/www.the-gourmand.com\/es\/?s={search_term_string}"},"query-input":{"@type":"PropertyValueSpecification","valueRequired":true,"valueName":"search_term_string"}}],"inLanguage":"es"},{"@type":"Organization","@id":"https:\/\/www.the-gourmand.com\/es\/#organization","name":"Th\u00e9 Gourmand","url":"https:\/\/www.the-gourmand.com\/es\/","logo":{"@type":"ImageObject","inLanguage":"es","@id":"https:\/\/www.the-gourmand.com\/es\/#\/schema\/logo\/image\/","url":"https:\/\/www.the-gourmand.com\/wp-content\/uploads\/2022\/02\/logo-the-gourmand-320x132px.png","contentUrl":"https:\/\/www.the-gourmand.com\/wp-content\/uploads\/2022\/02\/logo-the-gourmand-320x132px.png","width":320,"height":132,"caption":"Th\u00e9 Gourmand"},"image":{"@id":"https:\/\/www.the-gourmand.com\/es\/#\/schema\/logo\/image\/"}}]}},"_links":{"self":[{"href":"https:\/\/www.the-gourmand.com\/es\/wp-json\/wp\/v2\/product\/3509","targetHints":{"allow":["GET"]}}],"collection":[{"href":"https:\/\/www.the-gourmand.com\/es\/wp-json\/wp\/v2\/product"}],"about":[{"href":"https:\/\/www.the-gourmand.com\/es\/wp-json\/wp\/v2\/types\/product"}],"replies":[{"embeddable":true,"href":"https:\/\/www.the-gourmand.com\/es\/wp-json\/wp\/v2\/comments?post=3509"}],"wp:featuredmedia":[{"embeddable":true,"href":"https:\/\/www.the-gourmand.com\/es\/wp-json\/wp\/v2\/media\/3526"}],"wp:attachment":[{"href":"https:\/\/www.the-gourmand.com\/es\/wp-json\/wp\/v2\/media?parent=3509"}],"wp:term":[{"taxonomy":"product_brand","embeddable":true,"href":"https:\/\/www.the-gourmand.com\/es\/wp-json\/wp\/v2\/product_brand?post=3509"},{"taxonomy":"product_cat","embeddable":true,"href":"https:\/\/www.the-gourmand.com\/es\/wp-json\/wp\/v2\/product_cat?post=3509"},{"taxonomy":"product_tag","embeddable":true,"href":"https:\/\/www.the-gourmand.com\/es\/wp-json\/wp\/v2\/product_tag?post=3509"}],"curies":[{"name":"wp","href":"https:\/\/api.w.org\/{rel}","templated":true}]}}