{"id":3250,"date":"2022-07-15T19:52:10","date_gmt":"2022-07-15T17:52:10","guid":{"rendered":"https:\/\/www.the-gourmand.com\/?post_type=product&#038;p=3250"},"modified":"2023-01-30T14:46:48","modified_gmt":"2023-01-30T13:46:48","slug":"kenilworth-ceylan-op1","status":"publish","type":"product","link":"https:\/\/www.the-gourmand.com\/es\/produit\/kenilworth-ceylan-op1\/","title":{"rendered":"Kenilworth Ceylan OP1"},"content":{"rendered":"<p><span style=\"color: #000000;\">Kenilworth Garden es conocido por producir t\u00e9 de <strong>excelente calidad<\/strong>; en un \u00e1rea cultivada de 308 hect\u00e1reas, esta plantaci\u00f3n todav\u00eda produce hojas de cualidades ortodoxas en grandes cantidades, en comparaci\u00f3n con muchos otros jardines de t\u00e9 en Ceil\u00e1n. Sorprendentemente hermosas y negras, las hojas en forma de aguja de pino, dan un sabor con cuerpo. La infusi\u00f3n es de color rojo oscuro con un ligero sabor delicado con notas de especias.<\/span><\/p>\n<p><span style=\"color: #000000;\">Un gran cl\u00e1sico entre los grandes. \u00a1Sus fans no lo cambian por otro! La alta calidad de este t\u00e9 le da el nombre de \u00abT\u00e9 de Ceil\u00e1n\u00bb, que est\u00e1 reservado solo para los mejores t\u00e9s de Sri Lanka.<\/span><\/p>\n<p>&nbsp;<\/p>\n<p>&nbsp;<\/p>\n<p><strong>\u00a0<\/strong><\/p>\n","protected":false},"excerpt":{"rendered":"<p><strong>Nivel de te\u00edna:<\/strong><\/p>\n<p><img loading=\"lazy\" decoding=\"async\" class=\"alignnone wp-image-595 size-full\" src=\"https:\/\/www.the-gourmand.com\/wp-content\/uploads\/2022\/03\/taux-de-theine-3-100x320px.png\" alt=\"\" width=\"291\" height=\"88\" \/><\/p>\n<p><span style=\"color: #000000;\">Kenilworth, t\u00e9 de Ceil\u00e1n, clasificado OP 1 por su<strong> alta calidad<\/strong>, con hojas en forma de aguja de pino, muy negras, y con una infusi\u00f3n de color rojo oscuro con un ligero sabor dulce y con notas a especias.<\/span><\/p>\n<p>&nbsp;<\/p>\n","protected":false},"featured_media":3257,"comment_status":"open","ping_status":"closed","template":"","meta":[],"product_brand":[],"product_cat":[163,305],"product_tag":[],"class_list":{"0":"post-3250","1":"product","2":"type-product","3":"status-publish","4":"has-post-thumbnail","6":"product_cat-negro-pu-erh-origen","7":"product_cat-tes-es","8":"description-off","10":"first","11":"instock","12":"shipping-taxable","13":"purchasable","14":"product-type-variable"},"yoast_head":"<!-- This site is optimized with the Yoast SEO plugin v27.3 - https:\/\/yoast.com\/product\/yoast-seo-wordpress\/ -->\n<title>Kenilworth Ceylan OP1 t\u00e9 negro de alt\u00edsima calidad<\/title>\n<meta name=\"description\" content=\"Kenilworth, t\u00e9 de Ceil\u00e1n, clasificado OP 1 por su alta calidad, con hojas en forma de aguja de pino, muy negras, y con una infusi\u00f3n de color rojo oscuro.\" \/>\n<meta name=\"robots\" content=\"index, follow, max-snippet:-1, max-image-preview:large, max-video-preview:-1\" \/>\n<link rel=\"canonical\" href=\"https:\/\/www.the-gourmand.com\/es\/produit\/kenilworth-ceylan-op1\/\" \/>\n<meta property=\"og:locale\" content=\"es_ES\" \/>\n<meta property=\"og:type\" content=\"article\" \/>\n<meta property=\"og:title\" content=\"Kenilworth Ceylan OP1 t\u00e9 negro de alt\u00edsima calidad\" \/>\n<meta property=\"og:description\" content=\"Kenilworth, t\u00e9 de Ceil\u00e1n, clasificado OP 1 por su alta calidad, con hojas en forma de aguja de pino, muy negras, y con una infusi\u00f3n de color rojo oscuro.\" \/>\n<meta property=\"og:url\" content=\"https:\/\/www.the-gourmand.com\/es\/produit\/kenilworth-ceylan-op1\/\" \/>\n<meta property=\"og:site_name\" content=\"Th\u00e9 Gourmand\" \/>\n<meta property=\"article:modified_time\" content=\"2023-01-30T13:46:48+00:00\" \/>\n<meta property=\"og:image\" content=\"https:\/\/www.the-gourmand.com\/wp-content\/uploads\/2022\/07\/kenilworth-op1-scaled.jpeg\" \/>\n\t<meta property=\"og:image:width\" content=\"2560\" \/>\n\t<meta property=\"og:image:height\" content=\"1610\" \/>\n\t<meta property=\"og:image:type\" content=\"image\/jpeg\" \/>\n<meta name=\"twitter:card\" content=\"summary_large_image\" \/>\n<meta name=\"twitter:label1\" content=\"Tiempo de lectura\" \/>\n\t<meta name=\"twitter:data1\" content=\"1 minuto\" \/>\n<script type=\"application\/ld+json\" class=\"yoast-schema-graph\">{\"@context\":\"https:\\\/\\\/schema.org\",\"@graph\":[{\"@type\":\"WebPage\",\"@id\":\"https:\\\/\\\/www.the-gourmand.com\\\/es\\\/produit\\\/kenilworth-ceylan-op1\\\/\",\"url\":\"https:\\\/\\\/www.the-gourmand.com\\\/es\\\/produit\\\/kenilworth-ceylan-op1\\\/\",\"name\":\"Kenilworth Ceylan OP1 t\u00e9 negro de alt\u00edsima calidad\",\"isPartOf\":{\"@id\":\"https:\\\/\\\/www.the-gourmand.com\\\/es\\\/#website\"},\"primaryImageOfPage\":{\"@id\":\"https:\\\/\\\/www.the-gourmand.com\\\/es\\\/produit\\\/kenilworth-ceylan-op1\\\/#primaryimage\"},\"image\":{\"@id\":\"https:\\\/\\\/www.the-gourmand.com\\\/es\\\/produit\\\/kenilworth-ceylan-op1\\\/#primaryimage\"},\"thumbnailUrl\":\"https:\\\/\\\/www.the-gourmand.com\\\/wp-content\\\/uploads\\\/2022\\\/07\\\/kenilworth-op1-scaled.jpeg\",\"datePublished\":\"2022-07-15T17:52:10+00:00\",\"dateModified\":\"2023-01-30T13:46:48+00:00\",\"description\":\"Kenilworth, t\u00e9 de Ceil\u00e1n, clasificado OP 1 por su alta calidad, con hojas en forma de aguja de pino, muy negras, y con una infusi\u00f3n de color rojo oscuro.\",\"breadcrumb\":{\"@id\":\"https:\\\/\\\/www.the-gourmand.com\\\/es\\\/produit\\\/kenilworth-ceylan-op1\\\/#breadcrumb\"},\"inLanguage\":\"es\",\"potentialAction\":[{\"@type\":\"ReadAction\",\"target\":[\"https:\\\/\\\/www.the-gourmand.com\\\/es\\\/produit\\\/kenilworth-ceylan-op1\\\/\"]}]},{\"@type\":\"ImageObject\",\"inLanguage\":\"es\",\"@id\":\"https:\\\/\\\/www.the-gourmand.com\\\/es\\\/produit\\\/kenilworth-ceylan-op1\\\/#primaryimage\",\"url\":\"https:\\\/\\\/www.the-gourmand.com\\\/wp-content\\\/uploads\\\/2022\\\/07\\\/kenilworth-op1-scaled.jpeg\",\"contentUrl\":\"https:\\\/\\\/www.the-gourmand.com\\\/wp-content\\\/uploads\\\/2022\\\/07\\\/kenilworth-op1-scaled.jpeg\",\"width\":2560,\"height\":1610},{\"@type\":\"BreadcrumbList\",\"@id\":\"https:\\\/\\\/www.the-gourmand.com\\\/es\\\/produit\\\/kenilworth-ceylan-op1\\\/#breadcrumb\",\"itemListElement\":[{\"@type\":\"ListItem\",\"position\":1,\"name\":\"Accueil\",\"item\":\"https:\\\/\\\/www.the-gourmand.com\\\/es\\\/\"},{\"@type\":\"ListItem\",\"position\":2,\"name\":\"Productos\",\"item\":\"https:\\\/\\\/www.the-gourmand.com\\\/es\\\/productos\\\/\"},{\"@type\":\"ListItem\",\"position\":3,\"name\":\"Kenilworth Ceylan OP1\"}]},{\"@type\":\"WebSite\",\"@id\":\"https:\\\/\\\/www.the-gourmand.com\\\/es\\\/#website\",\"url\":\"https:\\\/\\\/www.the-gourmand.com\\\/es\\\/\",\"name\":\"Th\u00e9 Gourmand\",\"description\":\"Boutique en ligne de th\u00e9s.\",\"publisher\":{\"@id\":\"https:\\\/\\\/www.the-gourmand.com\\\/es\\\/#organization\"},\"potentialAction\":[{\"@type\":\"SearchAction\",\"target\":{\"@type\":\"EntryPoint\",\"urlTemplate\":\"https:\\\/\\\/www.the-gourmand.com\\\/es\\\/?s={search_term_string}\"},\"query-input\":{\"@type\":\"PropertyValueSpecification\",\"valueRequired\":true,\"valueName\":\"search_term_string\"}}],\"inLanguage\":\"es\"},{\"@type\":\"Organization\",\"@id\":\"https:\\\/\\\/www.the-gourmand.com\\\/es\\\/#organization\",\"name\":\"Th\u00e9 Gourmand\",\"url\":\"https:\\\/\\\/www.the-gourmand.com\\\/es\\\/\",\"logo\":{\"@type\":\"ImageObject\",\"inLanguage\":\"es\",\"@id\":\"https:\\\/\\\/www.the-gourmand.com\\\/es\\\/#\\\/schema\\\/logo\\\/image\\\/\",\"url\":\"https:\\\/\\\/www.the-gourmand.com\\\/wp-content\\\/uploads\\\/2022\\\/02\\\/logo-the-gourmand-320x132px.png\",\"contentUrl\":\"https:\\\/\\\/www.the-gourmand.com\\\/wp-content\\\/uploads\\\/2022\\\/02\\\/logo-the-gourmand-320x132px.png\",\"width\":320,\"height\":132,\"caption\":\"Th\u00e9 Gourmand\"},\"image\":{\"@id\":\"https:\\\/\\\/www.the-gourmand.com\\\/es\\\/#\\\/schema\\\/logo\\\/image\\\/\"}}]}<\/script>\n<!-- \/ Yoast SEO plugin. -->","yoast_head_json":{"title":"Kenilworth Ceylan OP1 t\u00e9 negro de alt\u00edsima calidad","description":"Kenilworth, t\u00e9 de Ceil\u00e1n, clasificado OP 1 por su alta calidad, con hojas en forma de aguja de pino, muy negras, y con una infusi\u00f3n de color rojo oscuro.","robots":{"index":"index","follow":"follow","max-snippet":"max-snippet:-1","max-image-preview":"max-image-preview:large","max-video-preview":"max-video-preview:-1"},"canonical":"https:\/\/www.the-gourmand.com\/es\/produit\/kenilworth-ceylan-op1\/","og_locale":"es_ES","og_type":"article","og_title":"Kenilworth Ceylan OP1 t\u00e9 negro de alt\u00edsima calidad","og_description":"Kenilworth, t\u00e9 de Ceil\u00e1n, clasificado OP 1 por su alta calidad, con hojas en forma de aguja de pino, muy negras, y con una infusi\u00f3n de color rojo oscuro.","og_url":"https:\/\/www.the-gourmand.com\/es\/produit\/kenilworth-ceylan-op1\/","og_site_name":"Th\u00e9 Gourmand","article_modified_time":"2023-01-30T13:46:48+00:00","og_image":[{"width":2560,"height":1610,"url":"https:\/\/www.the-gourmand.com\/wp-content\/uploads\/2022\/07\/kenilworth-op1-scaled.jpeg","type":"image\/jpeg"}],"twitter_card":"summary_large_image","twitter_misc":{"Tiempo de lectura":"1 minuto"},"schema":{"@context":"https:\/\/schema.org","@graph":[{"@type":"WebPage","@id":"https:\/\/www.the-gourmand.com\/es\/produit\/kenilworth-ceylan-op1\/","url":"https:\/\/www.the-gourmand.com\/es\/produit\/kenilworth-ceylan-op1\/","name":"Kenilworth Ceylan OP1 t\u00e9 negro de alt\u00edsima calidad","isPartOf":{"@id":"https:\/\/www.the-gourmand.com\/es\/#website"},"primaryImageOfPage":{"@id":"https:\/\/www.the-gourmand.com\/es\/produit\/kenilworth-ceylan-op1\/#primaryimage"},"image":{"@id":"https:\/\/www.the-gourmand.com\/es\/produit\/kenilworth-ceylan-op1\/#primaryimage"},"thumbnailUrl":"https:\/\/www.the-gourmand.com\/wp-content\/uploads\/2022\/07\/kenilworth-op1-scaled.jpeg","datePublished":"2022-07-15T17:52:10+00:00","dateModified":"2023-01-30T13:46:48+00:00","description":"Kenilworth, t\u00e9 de Ceil\u00e1n, clasificado OP 1 por su alta calidad, con hojas en forma de aguja de pino, muy negras, y con una infusi\u00f3n de color rojo oscuro.","breadcrumb":{"@id":"https:\/\/www.the-gourmand.com\/es\/produit\/kenilworth-ceylan-op1\/#breadcrumb"},"inLanguage":"es","potentialAction":[{"@type":"ReadAction","target":["https:\/\/www.the-gourmand.com\/es\/produit\/kenilworth-ceylan-op1\/"]}]},{"@type":"ImageObject","inLanguage":"es","@id":"https:\/\/www.the-gourmand.com\/es\/produit\/kenilworth-ceylan-op1\/#primaryimage","url":"https:\/\/www.the-gourmand.com\/wp-content\/uploads\/2022\/07\/kenilworth-op1-scaled.jpeg","contentUrl":"https:\/\/www.the-gourmand.com\/wp-content\/uploads\/2022\/07\/kenilworth-op1-scaled.jpeg","width":2560,"height":1610},{"@type":"BreadcrumbList","@id":"https:\/\/www.the-gourmand.com\/es\/produit\/kenilworth-ceylan-op1\/#breadcrumb","itemListElement":[{"@type":"ListItem","position":1,"name":"Accueil","item":"https:\/\/www.the-gourmand.com\/es\/"},{"@type":"ListItem","position":2,"name":"Productos","item":"https:\/\/www.the-gourmand.com\/es\/productos\/"},{"@type":"ListItem","position":3,"name":"Kenilworth Ceylan OP1"}]},{"@type":"WebSite","@id":"https:\/\/www.the-gourmand.com\/es\/#website","url":"https:\/\/www.the-gourmand.com\/es\/","name":"Th\u00e9 Gourmand","description":"Boutique en ligne de th\u00e9s.","publisher":{"@id":"https:\/\/www.the-gourmand.com\/es\/#organization"},"potentialAction":[{"@type":"SearchAction","target":{"@type":"EntryPoint","urlTemplate":"https:\/\/www.the-gourmand.com\/es\/?s={search_term_string}"},"query-input":{"@type":"PropertyValueSpecification","valueRequired":true,"valueName":"search_term_string"}}],"inLanguage":"es"},{"@type":"Organization","@id":"https:\/\/www.the-gourmand.com\/es\/#organization","name":"Th\u00e9 Gourmand","url":"https:\/\/www.the-gourmand.com\/es\/","logo":{"@type":"ImageObject","inLanguage":"es","@id":"https:\/\/www.the-gourmand.com\/es\/#\/schema\/logo\/image\/","url":"https:\/\/www.the-gourmand.com\/wp-content\/uploads\/2022\/02\/logo-the-gourmand-320x132px.png","contentUrl":"https:\/\/www.the-gourmand.com\/wp-content\/uploads\/2022\/02\/logo-the-gourmand-320x132px.png","width":320,"height":132,"caption":"Th\u00e9 Gourmand"},"image":{"@id":"https:\/\/www.the-gourmand.com\/es\/#\/schema\/logo\/image\/"}}]}},"_links":{"self":[{"href":"https:\/\/www.the-gourmand.com\/es\/wp-json\/wp\/v2\/product\/3250","targetHints":{"allow":["GET"]}}],"collection":[{"href":"https:\/\/www.the-gourmand.com\/es\/wp-json\/wp\/v2\/product"}],"about":[{"href":"https:\/\/www.the-gourmand.com\/es\/wp-json\/wp\/v2\/types\/product"}],"replies":[{"embeddable":true,"href":"https:\/\/www.the-gourmand.com\/es\/wp-json\/wp\/v2\/comments?post=3250"}],"wp:featuredmedia":[{"embeddable":true,"href":"https:\/\/www.the-gourmand.com\/es\/wp-json\/wp\/v2\/media\/3257"}],"wp:attachment":[{"href":"https:\/\/www.the-gourmand.com\/es\/wp-json\/wp\/v2\/media?parent=3250"}],"wp:term":[{"taxonomy":"product_brand","embeddable":true,"href":"https:\/\/www.the-gourmand.com\/es\/wp-json\/wp\/v2\/product_brand?post=3250"},{"taxonomy":"product_cat","embeddable":true,"href":"https:\/\/www.the-gourmand.com\/es\/wp-json\/wp\/v2\/product_cat?post=3250"},{"taxonomy":"product_tag","embeddable":true,"href":"https:\/\/www.the-gourmand.com\/es\/wp-json\/wp\/v2\/product_tag?post=3250"}],"curies":[{"name":"wp","href":"https:\/\/api.w.org\/{rel}","templated":true}]}}