{"id":3171,"date":"2022-07-15T16:01:24","date_gmt":"2022-07-15T14:01:24","guid":{"rendered":"https:\/\/www.the-gourmand.com\/?post_type=product&#038;p=3171"},"modified":"2023-01-28T20:56:14","modified_gmt":"2023-01-28T19:56:14","slug":"jun-chiyabari-bio","status":"publish","type":"product","link":"https:\/\/www.the-gourmand.com\/es\/produit\/jun-chiyabari-bio\/","title":{"rendered":"Jun Chiyabari Bio"},"content":{"rendered":"<p><span style=\"color: #000000;\">\u00a1Estamos encantados de ofrecerle esta extraordinaria selecci\u00f3n de la agricultura ecol\u00f3gica! La historia de \u00e9xito comenz\u00f3 en el a\u00f1o 2000, cuando tres amantes del t\u00e9 fundaron este delicioso y exclusivo jard\u00edn de 75 hect\u00e1reas en el este de<strong> Nepal<\/strong> para producir t\u00e9 en estrecha colaboraci\u00f3n con varios peque\u00f1os agricultores, incluyendo los semifermentados de alta calidad para competir seriamente con los Oolong de Darjeeling y de Formosa. Cada a\u00f1o se exportan pocos lotes, menos de 100 kg netos. <\/span><\/p>\n<p><span style=\"color: #000000;\">Ellos producen tambi\u00e9n producen este magn\u00edfico t\u00e9 negro, el Jun Chiyabari Bio, cuyas hojas, durante su infusi\u00f3n, desprenden un intenso aroma a flores de heno; el licor tiene un sabor complejo, arom\u00e1tico-fresco, ligeramente terroso, con una nota dulce. <strong>Origen BIO Bajo en te\u00edna.<\/strong><\/span><\/p>\n<p>&nbsp;<\/p>\n<p>&nbsp;<\/p>\n<p>&nbsp;<\/p>\n<p><strong>\u00a0<\/strong><\/p>\n","protected":false},"excerpt":{"rendered":"<p><strong>Nivel de te\u00edna:<\/strong><\/p>\n<p><img loading=\"lazy\" decoding=\"async\" class=\"alignnone wp-image-593 size-full\" src=\"https:\/\/www.the-gourmand.com\/wp-content\/uploads\/2022\/03\/taux-de-theine-2-100x320px.png\" alt=\"\" width=\"291\" height=\"88\" \/><\/p>\n<p><span style=\"color: #000000;\">Jun Chiyabari Bio, <strong>extraordinario<\/strong> t\u00e9 negro de <strong>Nepal<\/strong>, intensa fragancia de gran finura; bajo en te\u00edna, sabor fresco con notas dulces. <strong>Origen BIO<\/strong><\/span><\/p>\n<p>&nbsp;<\/p>\n","protected":false},"featured_media":3186,"comment_status":"open","ping_status":"closed","template":"","meta":[],"product_brand":[],"product_cat":[163,305],"product_tag":[],"class_list":{"0":"post-3171","1":"product","2":"type-product","3":"status-publish","4":"has-post-thumbnail","6":"product_cat-negro-pu-erh-origen","7":"product_cat-tes-es","8":"description-off","10":"first","11":"instock","12":"shipping-taxable","13":"purchasable","14":"product-type-variable"},"yoast_head":"<!-- This site is optimized with the Yoast SEO plugin v27.4 - https:\/\/yoast.com\/product\/yoast-seo-wordpress\/ -->\n<title>Jun Chiyabari Bio de Nepal<\/title>\n<meta name=\"description\" content=\"Jun Chiyabari Bio, extraordinario t\u00e9 negro de Nepal, intensa fragancia de gran finura; bajo en te\u00edna, sabor fresco con notas dulces. Origen BIO\" \/>\n<meta name=\"robots\" content=\"index, follow, max-snippet:-1, max-image-preview:large, max-video-preview:-1\" \/>\n<link rel=\"canonical\" href=\"https:\/\/www.the-gourmand.com\/es\/produit\/jun-chiyabari-bio\/\" \/>\n<meta property=\"og:locale\" content=\"es_ES\" \/>\n<meta property=\"og:type\" content=\"article\" \/>\n<meta property=\"og:title\" content=\"Jun Chiyabari Bio de Nepal\" \/>\n<meta property=\"og:description\" content=\"Jun Chiyabari Bio, extraordinario t\u00e9 negro de Nepal, intensa fragancia de gran finura; bajo en te\u00edna, sabor fresco con notas dulces. Origen BIO\" \/>\n<meta property=\"og:url\" content=\"https:\/\/www.the-gourmand.com\/es\/produit\/jun-chiyabari-bio\/\" \/>\n<meta property=\"og:site_name\" content=\"Th\u00e9 Gourmand\" \/>\n<meta property=\"article:modified_time\" content=\"2023-01-28T19:56:14+00:00\" \/>\n<meta property=\"og:image\" content=\"https:\/\/www.the-gourmand.com\/wp-content\/uploads\/2022\/07\/jun-chiyabari-bio.jpeg\" \/>\n\t<meta property=\"og:image:width\" content=\"500\" \/>\n\t<meta property=\"og:image:height\" content=\"500\" \/>\n\t<meta property=\"og:image:type\" content=\"image\/jpeg\" \/>\n<meta name=\"twitter:card\" content=\"summary_large_image\" \/>\n<meta name=\"twitter:label1\" content=\"Tiempo de lectura\" \/>\n\t<meta name=\"twitter:data1\" content=\"1 minuto\" \/>\n<script type=\"application\/ld+json\" class=\"yoast-schema-graph\">{\"@context\":\"https:\\\/\\\/schema.org\",\"@graph\":[{\"@type\":\"WebPage\",\"@id\":\"https:\\\/\\\/www.the-gourmand.com\\\/es\\\/produit\\\/jun-chiyabari-bio\\\/\",\"url\":\"https:\\\/\\\/www.the-gourmand.com\\\/es\\\/produit\\\/jun-chiyabari-bio\\\/\",\"name\":\"Jun Chiyabari Bio de Nepal\",\"isPartOf\":{\"@id\":\"https:\\\/\\\/www.the-gourmand.com\\\/es\\\/#website\"},\"primaryImageOfPage\":{\"@id\":\"https:\\\/\\\/www.the-gourmand.com\\\/es\\\/produit\\\/jun-chiyabari-bio\\\/#primaryimage\"},\"image\":{\"@id\":\"https:\\\/\\\/www.the-gourmand.com\\\/es\\\/produit\\\/jun-chiyabari-bio\\\/#primaryimage\"},\"thumbnailUrl\":\"https:\\\/\\\/www.the-gourmand.com\\\/wp-content\\\/uploads\\\/2022\\\/07\\\/jun-chiyabari-bio.jpeg\",\"datePublished\":\"2022-07-15T14:01:24+00:00\",\"dateModified\":\"2023-01-28T19:56:14+00:00\",\"description\":\"Jun Chiyabari Bio, extraordinario t\u00e9 negro de Nepal, intensa fragancia de gran finura; bajo en te\u00edna, sabor fresco con notas dulces. Origen BIO\",\"breadcrumb\":{\"@id\":\"https:\\\/\\\/www.the-gourmand.com\\\/es\\\/produit\\\/jun-chiyabari-bio\\\/#breadcrumb\"},\"inLanguage\":\"es\",\"potentialAction\":[{\"@type\":\"ReadAction\",\"target\":[\"https:\\\/\\\/www.the-gourmand.com\\\/es\\\/produit\\\/jun-chiyabari-bio\\\/\"]}]},{\"@type\":\"ImageObject\",\"inLanguage\":\"es\",\"@id\":\"https:\\\/\\\/www.the-gourmand.com\\\/es\\\/produit\\\/jun-chiyabari-bio\\\/#primaryimage\",\"url\":\"https:\\\/\\\/www.the-gourmand.com\\\/wp-content\\\/uploads\\\/2022\\\/07\\\/jun-chiyabari-bio.jpeg\",\"contentUrl\":\"https:\\\/\\\/www.the-gourmand.com\\\/wp-content\\\/uploads\\\/2022\\\/07\\\/jun-chiyabari-bio.jpeg\",\"width\":500,\"height\":500},{\"@type\":\"BreadcrumbList\",\"@id\":\"https:\\\/\\\/www.the-gourmand.com\\\/es\\\/produit\\\/jun-chiyabari-bio\\\/#breadcrumb\",\"itemListElement\":[{\"@type\":\"ListItem\",\"position\":1,\"name\":\"Accueil\",\"item\":\"https:\\\/\\\/www.the-gourmand.com\\\/es\\\/\"},{\"@type\":\"ListItem\",\"position\":2,\"name\":\"Productos\",\"item\":\"https:\\\/\\\/www.the-gourmand.com\\\/es\\\/productos\\\/\"},{\"@type\":\"ListItem\",\"position\":3,\"name\":\"Jun Chiyabari Bio\"}]},{\"@type\":\"WebSite\",\"@id\":\"https:\\\/\\\/www.the-gourmand.com\\\/es\\\/#website\",\"url\":\"https:\\\/\\\/www.the-gourmand.com\\\/es\\\/\",\"name\":\"Th\u00e9 Gourmand\",\"description\":\"Boutique en ligne de th\u00e9s.\",\"publisher\":{\"@id\":\"https:\\\/\\\/www.the-gourmand.com\\\/es\\\/#organization\"},\"potentialAction\":[{\"@type\":\"SearchAction\",\"target\":{\"@type\":\"EntryPoint\",\"urlTemplate\":\"https:\\\/\\\/www.the-gourmand.com\\\/es\\\/?s={search_term_string}\"},\"query-input\":{\"@type\":\"PropertyValueSpecification\",\"valueRequired\":true,\"valueName\":\"search_term_string\"}}],\"inLanguage\":\"es\"},{\"@type\":\"Organization\",\"@id\":\"https:\\\/\\\/www.the-gourmand.com\\\/es\\\/#organization\",\"name\":\"Th\u00e9 Gourmand\",\"url\":\"https:\\\/\\\/www.the-gourmand.com\\\/es\\\/\",\"logo\":{\"@type\":\"ImageObject\",\"inLanguage\":\"es\",\"@id\":\"https:\\\/\\\/www.the-gourmand.com\\\/es\\\/#\\\/schema\\\/logo\\\/image\\\/\",\"url\":\"https:\\\/\\\/www.the-gourmand.com\\\/wp-content\\\/uploads\\\/2022\\\/02\\\/logo-the-gourmand-320x132px.png\",\"contentUrl\":\"https:\\\/\\\/www.the-gourmand.com\\\/wp-content\\\/uploads\\\/2022\\\/02\\\/logo-the-gourmand-320x132px.png\",\"width\":320,\"height\":132,\"caption\":\"Th\u00e9 Gourmand\"},\"image\":{\"@id\":\"https:\\\/\\\/www.the-gourmand.com\\\/es\\\/#\\\/schema\\\/logo\\\/image\\\/\"}}]}<\/script>\n<!-- \/ Yoast SEO plugin. -->","yoast_head_json":{"title":"Jun Chiyabari Bio de Nepal","description":"Jun Chiyabari Bio, extraordinario t\u00e9 negro de Nepal, intensa fragancia de gran finura; bajo en te\u00edna, sabor fresco con notas dulces. Origen BIO","robots":{"index":"index","follow":"follow","max-snippet":"max-snippet:-1","max-image-preview":"max-image-preview:large","max-video-preview":"max-video-preview:-1"},"canonical":"https:\/\/www.the-gourmand.com\/es\/produit\/jun-chiyabari-bio\/","og_locale":"es_ES","og_type":"article","og_title":"Jun Chiyabari Bio de Nepal","og_description":"Jun Chiyabari Bio, extraordinario t\u00e9 negro de Nepal, intensa fragancia de gran finura; bajo en te\u00edna, sabor fresco con notas dulces. Origen BIO","og_url":"https:\/\/www.the-gourmand.com\/es\/produit\/jun-chiyabari-bio\/","og_site_name":"Th\u00e9 Gourmand","article_modified_time":"2023-01-28T19:56:14+00:00","og_image":[{"width":500,"height":500,"url":"https:\/\/www.the-gourmand.com\/wp-content\/uploads\/2022\/07\/jun-chiyabari-bio.jpeg","type":"image\/jpeg"}],"twitter_card":"summary_large_image","twitter_misc":{"Tiempo de lectura":"1 minuto"},"schema":{"@context":"https:\/\/schema.org","@graph":[{"@type":"WebPage","@id":"https:\/\/www.the-gourmand.com\/es\/produit\/jun-chiyabari-bio\/","url":"https:\/\/www.the-gourmand.com\/es\/produit\/jun-chiyabari-bio\/","name":"Jun Chiyabari Bio de Nepal","isPartOf":{"@id":"https:\/\/www.the-gourmand.com\/es\/#website"},"primaryImageOfPage":{"@id":"https:\/\/www.the-gourmand.com\/es\/produit\/jun-chiyabari-bio\/#primaryimage"},"image":{"@id":"https:\/\/www.the-gourmand.com\/es\/produit\/jun-chiyabari-bio\/#primaryimage"},"thumbnailUrl":"https:\/\/www.the-gourmand.com\/wp-content\/uploads\/2022\/07\/jun-chiyabari-bio.jpeg","datePublished":"2022-07-15T14:01:24+00:00","dateModified":"2023-01-28T19:56:14+00:00","description":"Jun Chiyabari Bio, extraordinario t\u00e9 negro de Nepal, intensa fragancia de gran finura; bajo en te\u00edna, sabor fresco con notas dulces. Origen BIO","breadcrumb":{"@id":"https:\/\/www.the-gourmand.com\/es\/produit\/jun-chiyabari-bio\/#breadcrumb"},"inLanguage":"es","potentialAction":[{"@type":"ReadAction","target":["https:\/\/www.the-gourmand.com\/es\/produit\/jun-chiyabari-bio\/"]}]},{"@type":"ImageObject","inLanguage":"es","@id":"https:\/\/www.the-gourmand.com\/es\/produit\/jun-chiyabari-bio\/#primaryimage","url":"https:\/\/www.the-gourmand.com\/wp-content\/uploads\/2022\/07\/jun-chiyabari-bio.jpeg","contentUrl":"https:\/\/www.the-gourmand.com\/wp-content\/uploads\/2022\/07\/jun-chiyabari-bio.jpeg","width":500,"height":500},{"@type":"BreadcrumbList","@id":"https:\/\/www.the-gourmand.com\/es\/produit\/jun-chiyabari-bio\/#breadcrumb","itemListElement":[{"@type":"ListItem","position":1,"name":"Accueil","item":"https:\/\/www.the-gourmand.com\/es\/"},{"@type":"ListItem","position":2,"name":"Productos","item":"https:\/\/www.the-gourmand.com\/es\/productos\/"},{"@type":"ListItem","position":3,"name":"Jun Chiyabari Bio"}]},{"@type":"WebSite","@id":"https:\/\/www.the-gourmand.com\/es\/#website","url":"https:\/\/www.the-gourmand.com\/es\/","name":"Th\u00e9 Gourmand","description":"Boutique en ligne de th\u00e9s.","publisher":{"@id":"https:\/\/www.the-gourmand.com\/es\/#organization"},"potentialAction":[{"@type":"SearchAction","target":{"@type":"EntryPoint","urlTemplate":"https:\/\/www.the-gourmand.com\/es\/?s={search_term_string}"},"query-input":{"@type":"PropertyValueSpecification","valueRequired":true,"valueName":"search_term_string"}}],"inLanguage":"es"},{"@type":"Organization","@id":"https:\/\/www.the-gourmand.com\/es\/#organization","name":"Th\u00e9 Gourmand","url":"https:\/\/www.the-gourmand.com\/es\/","logo":{"@type":"ImageObject","inLanguage":"es","@id":"https:\/\/www.the-gourmand.com\/es\/#\/schema\/logo\/image\/","url":"https:\/\/www.the-gourmand.com\/wp-content\/uploads\/2022\/02\/logo-the-gourmand-320x132px.png","contentUrl":"https:\/\/www.the-gourmand.com\/wp-content\/uploads\/2022\/02\/logo-the-gourmand-320x132px.png","width":320,"height":132,"caption":"Th\u00e9 Gourmand"},"image":{"@id":"https:\/\/www.the-gourmand.com\/es\/#\/schema\/logo\/image\/"}}]}},"_links":{"self":[{"href":"https:\/\/www.the-gourmand.com\/es\/wp-json\/wp\/v2\/product\/3171","targetHints":{"allow":["GET"]}}],"collection":[{"href":"https:\/\/www.the-gourmand.com\/es\/wp-json\/wp\/v2\/product"}],"about":[{"href":"https:\/\/www.the-gourmand.com\/es\/wp-json\/wp\/v2\/types\/product"}],"replies":[{"embeddable":true,"href":"https:\/\/www.the-gourmand.com\/es\/wp-json\/wp\/v2\/comments?post=3171"}],"wp:featuredmedia":[{"embeddable":true,"href":"https:\/\/www.the-gourmand.com\/es\/wp-json\/wp\/v2\/media\/3186"}],"wp:attachment":[{"href":"https:\/\/www.the-gourmand.com\/es\/wp-json\/wp\/v2\/media?parent=3171"}],"wp:term":[{"taxonomy":"product_brand","embeddable":true,"href":"https:\/\/www.the-gourmand.com\/es\/wp-json\/wp\/v2\/product_brand?post=3171"},{"taxonomy":"product_cat","embeddable":true,"href":"https:\/\/www.the-gourmand.com\/es\/wp-json\/wp\/v2\/product_cat?post=3171"},{"taxonomy":"product_tag","embeddable":true,"href":"https:\/\/www.the-gourmand.com\/es\/wp-json\/wp\/v2\/product_tag?post=3171"}],"curies":[{"name":"wp","href":"https:\/\/api.w.org\/{rel}","templated":true}]}}