{"id":2968,"date":"2022-07-14T16:32:20","date_gmt":"2022-07-14T14:32:20","guid":{"rendered":"https:\/\/www.the-gourmand.com\/?post_type=product&#038;p=2968"},"modified":"2024-12-13T14:37:55","modified_gmt":"2024-12-13T13:37:55","slug":"montreal-vert","status":"publish","type":"product","link":"https:\/\/www.the-gourmand.com\/es\/produit\/montreal-vert\/","title":{"rendered":"Montr\u00e9al Vert"},"content":{"rendered":"<p><span style=\"color: #000000;\">S\u00ed, los tesoros de Canad\u00e1 ahora tambi\u00e9n han conquistado el t\u00e9 verde. Sum\u00e9rjase en una experiencia de sabor inolvidable de jarabe de arce dulce y nueces crujientes. Montr\u00e9al Vert ser\u00e1 uno de sus favoritos, al igual que nuestro tradicional \u00a0<\/span><strong><a href=\"https:\/\/www.the-gourmand.com\/es\/producto\/montreal\/\">Montr\u00e9al Oolong<\/a>.\u00a0 <\/strong><span style=\"color: #000000;\">Un t\u00e9 ligero que hace perfecta\u00a0 esta combinaci\u00f3n. Le proponemos servirlo con un poco de leche y de sirope de arce para acompa\u00f1ar una torta o un helado.<\/span><\/p>\n<p><span style=\"color: #000000;\">Ingredientes: T\u00e9 verde Sencha, trozos de<\/span><strong> <span style=\"color: #ff0000;\">NUEZ, AVELLANAS y ALMENDRAS<\/span><\/strong><\/p>\n","protected":false},"excerpt":{"rendered":"<p><strong>Nivel de te\u00edna:<\/strong><\/p>\n<p><img loading=\"lazy\" decoding=\"async\" class=\"alignnone wp-image-595 size-full\" src=\"https:\/\/www.the-gourmand.com\/wp-content\/uploads\/2022\/03\/taux-de-theine-3-100x320px.png\" alt=\"\" width=\"291\" height=\"88\" \/><\/p>\n<p><span style=\"color: #000000;\">Montreal Vert es la version en t\u00e9 verde de nuestro cl\u00e1sico\u00a0<\/span><strong><a href=\"https:\/\/www.the-gourmand.com\/es\/producto\/montreal\/\"> Montr\u00e9al Oolong<\/a>; <\/strong><span style=\"color: #000000;\">pru\u00e9belo como t\u00e9 helado o disfr\u00fatelo de la manera cl\u00e1sica, con una rebanada de torta al lado. <\/span><\/p>\n<p><span style=\"color: #000000;\">Ingredientes: T\u00e9 verde Sencha, trozos de<\/span><strong><span style=\"color: #ff0000;\"> NUEZ, AVELLANAS y ALMENDRAS<\/span><\/strong><\/p>\n<p>&nbsp;<\/p>\n<p>&nbsp;<\/p>\n<p>&nbsp;<\/p>\n<p>&nbsp;<\/p>\n","protected":false},"featured_media":2986,"comment_status":"open","ping_status":"closed","template":"","meta":[],"product_brand":[],"product_cat":[305,166],"product_tag":[],"class_list":{"0":"post-2968","1":"product","2":"type-product","3":"status-publish","4":"has-post-thumbnail","6":"product_cat-tes-es","7":"product_cat-verde-fruta-flores-especias","8":"description-off","10":"first","11":"outofstock","12":"shipping-taxable","13":"purchasable","14":"product-type-variable"},"yoast_head":"<!-- This site is optimized with the Yoast SEO plugin v27.3 - https:\/\/yoast.com\/product\/yoast-seo-wordpress\/ -->\n<title>Montr\u00e9al Vert magn\u00edfico t\u00e9 verde con nuez, avellanas y almendras.<\/title>\n<meta name=\"description\" content=\"Montreal Vert es la version en t\u00e9 verde de nuestro cl\u00e1sico Montr\u00e9al Oolong; pru\u00e9belo como t\u00e9 helado o bien, a la manera cl\u00e1sica, con un pastel al lado.\" \/>\n<meta name=\"robots\" content=\"index, follow, max-snippet:-1, max-image-preview:large, max-video-preview:-1\" \/>\n<link rel=\"canonical\" href=\"https:\/\/www.the-gourmand.com\/es\/produit\/montreal-vert\/\" \/>\n<meta property=\"og:locale\" content=\"es_ES\" \/>\n<meta property=\"og:type\" content=\"article\" \/>\n<meta property=\"og:title\" content=\"Montr\u00e9al Vert magn\u00edfico t\u00e9 verde con nuez, avellanas y almendras.\" \/>\n<meta property=\"og:description\" content=\"Montreal Vert es la version en t\u00e9 verde de nuestro cl\u00e1sico Montr\u00e9al Oolong; pru\u00e9belo como t\u00e9 helado o bien, a la manera cl\u00e1sica, con un pastel al lado.\" \/>\n<meta property=\"og:url\" content=\"https:\/\/www.the-gourmand.com\/es\/produit\/montreal-vert\/\" \/>\n<meta property=\"og:site_name\" content=\"Th\u00e9 Gourmand\" \/>\n<meta property=\"article:modified_time\" content=\"2024-12-13T13:37:55+00:00\" \/>\n<meta property=\"og:image\" content=\"https:\/\/www.the-gourmand.com\/wp-content\/uploads\/2022\/07\/Copie-de-montreal-vert.jpeg\" \/>\n\t<meta property=\"og:image:width\" content=\"2000\" \/>\n\t<meta property=\"og:image:height\" content=\"2000\" \/>\n\t<meta property=\"og:image:type\" content=\"image\/jpeg\" \/>\n<meta name=\"twitter:card\" content=\"summary_large_image\" \/>\n<script type=\"application\/ld+json\" class=\"yoast-schema-graph\">{\"@context\":\"https:\\\/\\\/schema.org\",\"@graph\":[{\"@type\":\"WebPage\",\"@id\":\"https:\\\/\\\/www.the-gourmand.com\\\/es\\\/produit\\\/montreal-vert\\\/\",\"url\":\"https:\\\/\\\/www.the-gourmand.com\\\/es\\\/produit\\\/montreal-vert\\\/\",\"name\":\"Montr\u00e9al Vert magn\u00edfico t\u00e9 verde con nuez, avellanas y almendras.\",\"isPartOf\":{\"@id\":\"https:\\\/\\\/www.the-gourmand.com\\\/es\\\/#website\"},\"primaryImageOfPage\":{\"@id\":\"https:\\\/\\\/www.the-gourmand.com\\\/es\\\/produit\\\/montreal-vert\\\/#primaryimage\"},\"image\":{\"@id\":\"https:\\\/\\\/www.the-gourmand.com\\\/es\\\/produit\\\/montreal-vert\\\/#primaryimage\"},\"thumbnailUrl\":\"https:\\\/\\\/www.the-gourmand.com\\\/wp-content\\\/uploads\\\/2022\\\/07\\\/Copie-de-montreal-vert.jpeg\",\"datePublished\":\"2022-07-14T14:32:20+00:00\",\"dateModified\":\"2024-12-13T13:37:55+00:00\",\"description\":\"Montreal Vert es la version en t\u00e9 verde de nuestro cl\u00e1sico Montr\u00e9al Oolong; pru\u00e9belo como t\u00e9 helado o bien, a la manera cl\u00e1sica, con un pastel al lado.\",\"breadcrumb\":{\"@id\":\"https:\\\/\\\/www.the-gourmand.com\\\/es\\\/produit\\\/montreal-vert\\\/#breadcrumb\"},\"inLanguage\":\"es\",\"potentialAction\":[{\"@type\":\"ReadAction\",\"target\":[\"https:\\\/\\\/www.the-gourmand.com\\\/es\\\/produit\\\/montreal-vert\\\/\"]}]},{\"@type\":\"ImageObject\",\"inLanguage\":\"es\",\"@id\":\"https:\\\/\\\/www.the-gourmand.com\\\/es\\\/produit\\\/montreal-vert\\\/#primaryimage\",\"url\":\"https:\\\/\\\/www.the-gourmand.com\\\/wp-content\\\/uploads\\\/2022\\\/07\\\/Copie-de-montreal-vert.jpeg\",\"contentUrl\":\"https:\\\/\\\/www.the-gourmand.com\\\/wp-content\\\/uploads\\\/2022\\\/07\\\/Copie-de-montreal-vert.jpeg\",\"width\":2000,\"height\":2000},{\"@type\":\"BreadcrumbList\",\"@id\":\"https:\\\/\\\/www.the-gourmand.com\\\/es\\\/produit\\\/montreal-vert\\\/#breadcrumb\",\"itemListElement\":[{\"@type\":\"ListItem\",\"position\":1,\"name\":\"Accueil\",\"item\":\"https:\\\/\\\/www.the-gourmand.com\\\/es\\\/\"},{\"@type\":\"ListItem\",\"position\":2,\"name\":\"Productos\",\"item\":\"https:\\\/\\\/www.the-gourmand.com\\\/es\\\/productos\\\/\"},{\"@type\":\"ListItem\",\"position\":3,\"name\":\"Montr\u00e9al Vert\"}]},{\"@type\":\"WebSite\",\"@id\":\"https:\\\/\\\/www.the-gourmand.com\\\/es\\\/#website\",\"url\":\"https:\\\/\\\/www.the-gourmand.com\\\/es\\\/\",\"name\":\"Th\u00e9 Gourmand\",\"description\":\"Boutique en ligne de th\u00e9s.\",\"publisher\":{\"@id\":\"https:\\\/\\\/www.the-gourmand.com\\\/es\\\/#organization\"},\"potentialAction\":[{\"@type\":\"SearchAction\",\"target\":{\"@type\":\"EntryPoint\",\"urlTemplate\":\"https:\\\/\\\/www.the-gourmand.com\\\/es\\\/?s={search_term_string}\"},\"query-input\":{\"@type\":\"PropertyValueSpecification\",\"valueRequired\":true,\"valueName\":\"search_term_string\"}}],\"inLanguage\":\"es\"},{\"@type\":\"Organization\",\"@id\":\"https:\\\/\\\/www.the-gourmand.com\\\/es\\\/#organization\",\"name\":\"Th\u00e9 Gourmand\",\"url\":\"https:\\\/\\\/www.the-gourmand.com\\\/es\\\/\",\"logo\":{\"@type\":\"ImageObject\",\"inLanguage\":\"es\",\"@id\":\"https:\\\/\\\/www.the-gourmand.com\\\/es\\\/#\\\/schema\\\/logo\\\/image\\\/\",\"url\":\"https:\\\/\\\/www.the-gourmand.com\\\/wp-content\\\/uploads\\\/2022\\\/02\\\/logo-the-gourmand-320x132px.png\",\"contentUrl\":\"https:\\\/\\\/www.the-gourmand.com\\\/wp-content\\\/uploads\\\/2022\\\/02\\\/logo-the-gourmand-320x132px.png\",\"width\":320,\"height\":132,\"caption\":\"Th\u00e9 Gourmand\"},\"image\":{\"@id\":\"https:\\\/\\\/www.the-gourmand.com\\\/es\\\/#\\\/schema\\\/logo\\\/image\\\/\"}}]}<\/script>\n<!-- \/ Yoast SEO plugin. -->","yoast_head_json":{"title":"Montr\u00e9al Vert magn\u00edfico t\u00e9 verde con nuez, avellanas y almendras.","description":"Montreal Vert es la version en t\u00e9 verde de nuestro cl\u00e1sico Montr\u00e9al Oolong; pru\u00e9belo como t\u00e9 helado o bien, a la manera cl\u00e1sica, con un pastel al lado.","robots":{"index":"index","follow":"follow","max-snippet":"max-snippet:-1","max-image-preview":"max-image-preview:large","max-video-preview":"max-video-preview:-1"},"canonical":"https:\/\/www.the-gourmand.com\/es\/produit\/montreal-vert\/","og_locale":"es_ES","og_type":"article","og_title":"Montr\u00e9al Vert magn\u00edfico t\u00e9 verde con nuez, avellanas y almendras.","og_description":"Montreal Vert es la version en t\u00e9 verde de nuestro cl\u00e1sico Montr\u00e9al Oolong; pru\u00e9belo como t\u00e9 helado o bien, a la manera cl\u00e1sica, con un pastel al lado.","og_url":"https:\/\/www.the-gourmand.com\/es\/produit\/montreal-vert\/","og_site_name":"Th\u00e9 Gourmand","article_modified_time":"2024-12-13T13:37:55+00:00","og_image":[{"width":2000,"height":2000,"url":"https:\/\/www.the-gourmand.com\/wp-content\/uploads\/2022\/07\/Copie-de-montreal-vert.jpeg","type":"image\/jpeg"}],"twitter_card":"summary_large_image","schema":{"@context":"https:\/\/schema.org","@graph":[{"@type":"WebPage","@id":"https:\/\/www.the-gourmand.com\/es\/produit\/montreal-vert\/","url":"https:\/\/www.the-gourmand.com\/es\/produit\/montreal-vert\/","name":"Montr\u00e9al Vert magn\u00edfico t\u00e9 verde con nuez, avellanas y almendras.","isPartOf":{"@id":"https:\/\/www.the-gourmand.com\/es\/#website"},"primaryImageOfPage":{"@id":"https:\/\/www.the-gourmand.com\/es\/produit\/montreal-vert\/#primaryimage"},"image":{"@id":"https:\/\/www.the-gourmand.com\/es\/produit\/montreal-vert\/#primaryimage"},"thumbnailUrl":"https:\/\/www.the-gourmand.com\/wp-content\/uploads\/2022\/07\/Copie-de-montreal-vert.jpeg","datePublished":"2022-07-14T14:32:20+00:00","dateModified":"2024-12-13T13:37:55+00:00","description":"Montreal Vert es la version en t\u00e9 verde de nuestro cl\u00e1sico Montr\u00e9al Oolong; pru\u00e9belo como t\u00e9 helado o bien, a la manera cl\u00e1sica, con un pastel al lado.","breadcrumb":{"@id":"https:\/\/www.the-gourmand.com\/es\/produit\/montreal-vert\/#breadcrumb"},"inLanguage":"es","potentialAction":[{"@type":"ReadAction","target":["https:\/\/www.the-gourmand.com\/es\/produit\/montreal-vert\/"]}]},{"@type":"ImageObject","inLanguage":"es","@id":"https:\/\/www.the-gourmand.com\/es\/produit\/montreal-vert\/#primaryimage","url":"https:\/\/www.the-gourmand.com\/wp-content\/uploads\/2022\/07\/Copie-de-montreal-vert.jpeg","contentUrl":"https:\/\/www.the-gourmand.com\/wp-content\/uploads\/2022\/07\/Copie-de-montreal-vert.jpeg","width":2000,"height":2000},{"@type":"BreadcrumbList","@id":"https:\/\/www.the-gourmand.com\/es\/produit\/montreal-vert\/#breadcrumb","itemListElement":[{"@type":"ListItem","position":1,"name":"Accueil","item":"https:\/\/www.the-gourmand.com\/es\/"},{"@type":"ListItem","position":2,"name":"Productos","item":"https:\/\/www.the-gourmand.com\/es\/productos\/"},{"@type":"ListItem","position":3,"name":"Montr\u00e9al Vert"}]},{"@type":"WebSite","@id":"https:\/\/www.the-gourmand.com\/es\/#website","url":"https:\/\/www.the-gourmand.com\/es\/","name":"Th\u00e9 Gourmand","description":"Boutique en ligne de th\u00e9s.","publisher":{"@id":"https:\/\/www.the-gourmand.com\/es\/#organization"},"potentialAction":[{"@type":"SearchAction","target":{"@type":"EntryPoint","urlTemplate":"https:\/\/www.the-gourmand.com\/es\/?s={search_term_string}"},"query-input":{"@type":"PropertyValueSpecification","valueRequired":true,"valueName":"search_term_string"}}],"inLanguage":"es"},{"@type":"Organization","@id":"https:\/\/www.the-gourmand.com\/es\/#organization","name":"Th\u00e9 Gourmand","url":"https:\/\/www.the-gourmand.com\/es\/","logo":{"@type":"ImageObject","inLanguage":"es","@id":"https:\/\/www.the-gourmand.com\/es\/#\/schema\/logo\/image\/","url":"https:\/\/www.the-gourmand.com\/wp-content\/uploads\/2022\/02\/logo-the-gourmand-320x132px.png","contentUrl":"https:\/\/www.the-gourmand.com\/wp-content\/uploads\/2022\/02\/logo-the-gourmand-320x132px.png","width":320,"height":132,"caption":"Th\u00e9 Gourmand"},"image":{"@id":"https:\/\/www.the-gourmand.com\/es\/#\/schema\/logo\/image\/"}}]}},"_links":{"self":[{"href":"https:\/\/www.the-gourmand.com\/es\/wp-json\/wp\/v2\/product\/2968","targetHints":{"allow":["GET"]}}],"collection":[{"href":"https:\/\/www.the-gourmand.com\/es\/wp-json\/wp\/v2\/product"}],"about":[{"href":"https:\/\/www.the-gourmand.com\/es\/wp-json\/wp\/v2\/types\/product"}],"replies":[{"embeddable":true,"href":"https:\/\/www.the-gourmand.com\/es\/wp-json\/wp\/v2\/comments?post=2968"}],"wp:featuredmedia":[{"embeddable":true,"href":"https:\/\/www.the-gourmand.com\/es\/wp-json\/wp\/v2\/media\/2986"}],"wp:attachment":[{"href":"https:\/\/www.the-gourmand.com\/es\/wp-json\/wp\/v2\/media?parent=2968"}],"wp:term":[{"taxonomy":"product_brand","embeddable":true,"href":"https:\/\/www.the-gourmand.com\/es\/wp-json\/wp\/v2\/product_brand?post=2968"},{"taxonomy":"product_cat","embeddable":true,"href":"https:\/\/www.the-gourmand.com\/es\/wp-json\/wp\/v2\/product_cat?post=2968"},{"taxonomy":"product_tag","embeddable":true,"href":"https:\/\/www.the-gourmand.com\/es\/wp-json\/wp\/v2\/product_tag?post=2968"}],"curies":[{"name":"wp","href":"https:\/\/api.w.org\/{rel}","templated":true}]}}