{"id":1960,"date":"2022-05-31T21:38:57","date_gmt":"2022-05-31T19:38:57","guid":{"rendered":"https:\/\/www.the-gourmand.com\/?post_type=product&#038;p=1960"},"modified":"2024-12-13T17:44:51","modified_gmt":"2024-12-13T16:44:51","slug":"gateau-aux-cerises-de-maman","status":"publish","type":"product","link":"https:\/\/www.the-gourmand.com\/es\/produit\/gateau-aux-cerises-de-maman\/","title":{"rendered":"G\u00e2teau aux Cerises de Maman"},"content":{"rendered":"<p><span style=\"color: #000000;\">Mezcla afrutada, rica en sabor que sorprende con su aroma. Sin te\u00edna y de color vivo, celebra y acompa\u00f1a tus momentos de descanso, trabajo o compartir con familiares o amigos.\u00a0 Caliente o fr\u00edo es magn\u00edfico, como aperitivo sin alcohol, o, a\u00f1adido al ron, te regala un ron original arreglado, seco, que puede hacer el \u00e9xito del aperitivo o, que puede perfumar tus tartas. Para el ron, agregue 50 g de G\u00e2teau de Cerises de Maman a una botella de 75 cl. <\/span><\/p>\n<p><span style=\"color: #000000;\">Ingredientes: manzana, hibisco, uvas, pi\u00f1a, escaramujo, remolacha roja, cereza, flores de c\u00e1rtamo.<\/span><\/p>\n","protected":false},"excerpt":{"rendered":"<p><strong>Nivel de te\u00edna:<\/strong><\/p>\n<p><img loading=\"lazy\" decoding=\"async\" class=\"alignnone wp-image-208 size-full\" src=\"https:\/\/www.the-gourmand.com\/wp-content\/uploads\/2022\/03\/taux-de-theine-0-100x320px.png\" alt=\"\" width=\"291\" height=\"88\" \/><\/p>\n<p><span style=\"color: #000000;\">G\u00e2teau aux Cerises de Maman, mezcla de cerezas, frutas e hibisco, alegr\u00eda para ni\u00f1os y para adultos, rica en sabor y tan agradable caliente como fr\u00eda. <\/span><\/p>\n<p><span style=\"color: #000000;\">Ingredientes: manzana, hibisco, uvas, pi\u00f1a, escaramujo, remolacha roja, cereza, flores de c\u00e1rtamo.<\/span><\/p>\n<p>&nbsp;<\/p>\n","protected":false},"featured_media":1986,"comment_status":"open","ping_status":"closed","template":"","meta":[],"product_brand":[],"product_cat":[158,307,159],"product_tag":[],"class_list":{"0":"post-1960","1":"product","2":"type-product","3":"status-publish","4":"has-post-thumbnail","6":"product_cat-carcade","7":"product_cat-infusiones","8":"product_cat-tisanas-frutas","9":"description-off","11":"first","12":"instock","13":"shipping-taxable","14":"purchasable","15":"product-type-variable"},"yoast_head":"<!-- This site is optimized with the Yoast SEO plugin v27.4 - https:\/\/yoast.com\/product\/yoast-seo-wordpress\/ -->\n<title>G\u00e2teau aux Cerises de Maman (tisana - cerezas) - Th\u00e9 Gourmand<\/title>\n<meta name=\"description\" content=\"Mezcla de cerezas, frutas e hibisco, alegr\u00eda para ni\u00f1os y para adultos, rica en sabor y tan agradable caliente como fr\u00eda.\" \/>\n<meta name=\"robots\" content=\"index, follow, max-snippet:-1, max-image-preview:large, max-video-preview:-1\" \/>\n<link rel=\"canonical\" href=\"https:\/\/www.the-gourmand.com\/es\/produit\/gateau-aux-cerises-de-maman\/\" \/>\n<meta property=\"og:locale\" content=\"es_ES\" \/>\n<meta property=\"og:type\" content=\"article\" \/>\n<meta property=\"og:title\" content=\"G\u00e2teau aux Cerises de Maman (tisana - cerezas) - Th\u00e9 Gourmand\" \/>\n<meta property=\"og:description\" content=\"Mezcla de cerezas, frutas e hibisco, alegr\u00eda para ni\u00f1os y para adultos, rica en sabor y tan agradable caliente como fr\u00eda.\" \/>\n<meta property=\"og:url\" content=\"https:\/\/www.the-gourmand.com\/es\/produit\/gateau-aux-cerises-de-maman\/\" \/>\n<meta property=\"og:site_name\" content=\"Th\u00e9 Gourmand\" \/>\n<meta property=\"article:modified_time\" content=\"2024-12-13T16:44:51+00:00\" \/>\n<meta property=\"og:image\" content=\"https:\/\/www.the-gourmand.com\/wp-content\/uploads\/2022\/05\/gateau-cerises-maman.jpeg\" \/>\n\t<meta property=\"og:image:width\" content=\"2000\" \/>\n\t<meta property=\"og:image:height\" content=\"2000\" \/>\n\t<meta property=\"og:image:type\" content=\"image\/jpeg\" \/>\n<meta name=\"twitter:card\" content=\"summary_large_image\" \/>\n<script type=\"application\/ld+json\" class=\"yoast-schema-graph\">{\"@context\":\"https:\\\/\\\/schema.org\",\"@graph\":[{\"@type\":\"WebPage\",\"@id\":\"https:\\\/\\\/www.the-gourmand.com\\\/es\\\/produit\\\/gateau-aux-cerises-de-maman\\\/\",\"url\":\"https:\\\/\\\/www.the-gourmand.com\\\/es\\\/produit\\\/gateau-aux-cerises-de-maman\\\/\",\"name\":\"G\u00e2teau aux Cerises de Maman (tisana - cerezas) - Th\u00e9 Gourmand\",\"isPartOf\":{\"@id\":\"https:\\\/\\\/www.the-gourmand.com\\\/es\\\/#website\"},\"primaryImageOfPage\":{\"@id\":\"https:\\\/\\\/www.the-gourmand.com\\\/es\\\/produit\\\/gateau-aux-cerises-de-maman\\\/#primaryimage\"},\"image\":{\"@id\":\"https:\\\/\\\/www.the-gourmand.com\\\/es\\\/produit\\\/gateau-aux-cerises-de-maman\\\/#primaryimage\"},\"thumbnailUrl\":\"https:\\\/\\\/www.the-gourmand.com\\\/wp-content\\\/uploads\\\/2022\\\/05\\\/gateau-cerises-maman.jpeg\",\"datePublished\":\"2022-05-31T19:38:57+00:00\",\"dateModified\":\"2024-12-13T16:44:51+00:00\",\"description\":\"Mezcla de cerezas, frutas e hibisco, alegr\u00eda para ni\u00f1os y para adultos, rica en sabor y tan agradable caliente como fr\u00eda.\",\"breadcrumb\":{\"@id\":\"https:\\\/\\\/www.the-gourmand.com\\\/es\\\/produit\\\/gateau-aux-cerises-de-maman\\\/#breadcrumb\"},\"inLanguage\":\"es\",\"potentialAction\":[{\"@type\":\"ReadAction\",\"target\":[\"https:\\\/\\\/www.the-gourmand.com\\\/es\\\/produit\\\/gateau-aux-cerises-de-maman\\\/\"]}]},{\"@type\":\"ImageObject\",\"inLanguage\":\"es\",\"@id\":\"https:\\\/\\\/www.the-gourmand.com\\\/es\\\/produit\\\/gateau-aux-cerises-de-maman\\\/#primaryimage\",\"url\":\"https:\\\/\\\/www.the-gourmand.com\\\/wp-content\\\/uploads\\\/2022\\\/05\\\/gateau-cerises-maman.jpeg\",\"contentUrl\":\"https:\\\/\\\/www.the-gourmand.com\\\/wp-content\\\/uploads\\\/2022\\\/05\\\/gateau-cerises-maman.jpeg\",\"width\":2000,\"height\":2000},{\"@type\":\"BreadcrumbList\",\"@id\":\"https:\\\/\\\/www.the-gourmand.com\\\/es\\\/produit\\\/gateau-aux-cerises-de-maman\\\/#breadcrumb\",\"itemListElement\":[{\"@type\":\"ListItem\",\"position\":1,\"name\":\"Accueil\",\"item\":\"https:\\\/\\\/www.the-gourmand.com\\\/es\\\/\"},{\"@type\":\"ListItem\",\"position\":2,\"name\":\"Productos\",\"item\":\"https:\\\/\\\/www.the-gourmand.com\\\/es\\\/productos\\\/\"},{\"@type\":\"ListItem\",\"position\":3,\"name\":\"G\u00e2teau aux Cerises de Maman\"}]},{\"@type\":\"WebSite\",\"@id\":\"https:\\\/\\\/www.the-gourmand.com\\\/es\\\/#website\",\"url\":\"https:\\\/\\\/www.the-gourmand.com\\\/es\\\/\",\"name\":\"Th\u00e9 Gourmand\",\"description\":\"Boutique en ligne de th\u00e9s.\",\"publisher\":{\"@id\":\"https:\\\/\\\/www.the-gourmand.com\\\/es\\\/#organization\"},\"potentialAction\":[{\"@type\":\"SearchAction\",\"target\":{\"@type\":\"EntryPoint\",\"urlTemplate\":\"https:\\\/\\\/www.the-gourmand.com\\\/es\\\/?s={search_term_string}\"},\"query-input\":{\"@type\":\"PropertyValueSpecification\",\"valueRequired\":true,\"valueName\":\"search_term_string\"}}],\"inLanguage\":\"es\"},{\"@type\":\"Organization\",\"@id\":\"https:\\\/\\\/www.the-gourmand.com\\\/es\\\/#organization\",\"name\":\"Th\u00e9 Gourmand\",\"url\":\"https:\\\/\\\/www.the-gourmand.com\\\/es\\\/\",\"logo\":{\"@type\":\"ImageObject\",\"inLanguage\":\"es\",\"@id\":\"https:\\\/\\\/www.the-gourmand.com\\\/es\\\/#\\\/schema\\\/logo\\\/image\\\/\",\"url\":\"https:\\\/\\\/www.the-gourmand.com\\\/wp-content\\\/uploads\\\/2022\\\/02\\\/logo-the-gourmand-320x132px.png\",\"contentUrl\":\"https:\\\/\\\/www.the-gourmand.com\\\/wp-content\\\/uploads\\\/2022\\\/02\\\/logo-the-gourmand-320x132px.png\",\"width\":320,\"height\":132,\"caption\":\"Th\u00e9 Gourmand\"},\"image\":{\"@id\":\"https:\\\/\\\/www.the-gourmand.com\\\/es\\\/#\\\/schema\\\/logo\\\/image\\\/\"}}]}<\/script>\n<!-- \/ Yoast SEO plugin. -->","yoast_head_json":{"title":"G\u00e2teau aux Cerises de Maman (tisana - cerezas) - Th\u00e9 Gourmand","description":"Mezcla de cerezas, frutas e hibisco, alegr\u00eda para ni\u00f1os y para adultos, rica en sabor y tan agradable caliente como fr\u00eda.","robots":{"index":"index","follow":"follow","max-snippet":"max-snippet:-1","max-image-preview":"max-image-preview:large","max-video-preview":"max-video-preview:-1"},"canonical":"https:\/\/www.the-gourmand.com\/es\/produit\/gateau-aux-cerises-de-maman\/","og_locale":"es_ES","og_type":"article","og_title":"G\u00e2teau aux Cerises de Maman (tisana - cerezas) - Th\u00e9 Gourmand","og_description":"Mezcla de cerezas, frutas e hibisco, alegr\u00eda para ni\u00f1os y para adultos, rica en sabor y tan agradable caliente como fr\u00eda.","og_url":"https:\/\/www.the-gourmand.com\/es\/produit\/gateau-aux-cerises-de-maman\/","og_site_name":"Th\u00e9 Gourmand","article_modified_time":"2024-12-13T16:44:51+00:00","og_image":[{"width":2000,"height":2000,"url":"https:\/\/www.the-gourmand.com\/wp-content\/uploads\/2022\/05\/gateau-cerises-maman.jpeg","type":"image\/jpeg"}],"twitter_card":"summary_large_image","schema":{"@context":"https:\/\/schema.org","@graph":[{"@type":"WebPage","@id":"https:\/\/www.the-gourmand.com\/es\/produit\/gateau-aux-cerises-de-maman\/","url":"https:\/\/www.the-gourmand.com\/es\/produit\/gateau-aux-cerises-de-maman\/","name":"G\u00e2teau aux Cerises de Maman (tisana - cerezas) - Th\u00e9 Gourmand","isPartOf":{"@id":"https:\/\/www.the-gourmand.com\/es\/#website"},"primaryImageOfPage":{"@id":"https:\/\/www.the-gourmand.com\/es\/produit\/gateau-aux-cerises-de-maman\/#primaryimage"},"image":{"@id":"https:\/\/www.the-gourmand.com\/es\/produit\/gateau-aux-cerises-de-maman\/#primaryimage"},"thumbnailUrl":"https:\/\/www.the-gourmand.com\/wp-content\/uploads\/2022\/05\/gateau-cerises-maman.jpeg","datePublished":"2022-05-31T19:38:57+00:00","dateModified":"2024-12-13T16:44:51+00:00","description":"Mezcla de cerezas, frutas e hibisco, alegr\u00eda para ni\u00f1os y para adultos, rica en sabor y tan agradable caliente como fr\u00eda.","breadcrumb":{"@id":"https:\/\/www.the-gourmand.com\/es\/produit\/gateau-aux-cerises-de-maman\/#breadcrumb"},"inLanguage":"es","potentialAction":[{"@type":"ReadAction","target":["https:\/\/www.the-gourmand.com\/es\/produit\/gateau-aux-cerises-de-maman\/"]}]},{"@type":"ImageObject","inLanguage":"es","@id":"https:\/\/www.the-gourmand.com\/es\/produit\/gateau-aux-cerises-de-maman\/#primaryimage","url":"https:\/\/www.the-gourmand.com\/wp-content\/uploads\/2022\/05\/gateau-cerises-maman.jpeg","contentUrl":"https:\/\/www.the-gourmand.com\/wp-content\/uploads\/2022\/05\/gateau-cerises-maman.jpeg","width":2000,"height":2000},{"@type":"BreadcrumbList","@id":"https:\/\/www.the-gourmand.com\/es\/produit\/gateau-aux-cerises-de-maman\/#breadcrumb","itemListElement":[{"@type":"ListItem","position":1,"name":"Accueil","item":"https:\/\/www.the-gourmand.com\/es\/"},{"@type":"ListItem","position":2,"name":"Productos","item":"https:\/\/www.the-gourmand.com\/es\/productos\/"},{"@type":"ListItem","position":3,"name":"G\u00e2teau aux Cerises de Maman"}]},{"@type":"WebSite","@id":"https:\/\/www.the-gourmand.com\/es\/#website","url":"https:\/\/www.the-gourmand.com\/es\/","name":"Th\u00e9 Gourmand","description":"Boutique en ligne de th\u00e9s.","publisher":{"@id":"https:\/\/www.the-gourmand.com\/es\/#organization"},"potentialAction":[{"@type":"SearchAction","target":{"@type":"EntryPoint","urlTemplate":"https:\/\/www.the-gourmand.com\/es\/?s={search_term_string}"},"query-input":{"@type":"PropertyValueSpecification","valueRequired":true,"valueName":"search_term_string"}}],"inLanguage":"es"},{"@type":"Organization","@id":"https:\/\/www.the-gourmand.com\/es\/#organization","name":"Th\u00e9 Gourmand","url":"https:\/\/www.the-gourmand.com\/es\/","logo":{"@type":"ImageObject","inLanguage":"es","@id":"https:\/\/www.the-gourmand.com\/es\/#\/schema\/logo\/image\/","url":"https:\/\/www.the-gourmand.com\/wp-content\/uploads\/2022\/02\/logo-the-gourmand-320x132px.png","contentUrl":"https:\/\/www.the-gourmand.com\/wp-content\/uploads\/2022\/02\/logo-the-gourmand-320x132px.png","width":320,"height":132,"caption":"Th\u00e9 Gourmand"},"image":{"@id":"https:\/\/www.the-gourmand.com\/es\/#\/schema\/logo\/image\/"}}]}},"_links":{"self":[{"href":"https:\/\/www.the-gourmand.com\/es\/wp-json\/wp\/v2\/product\/1960","targetHints":{"allow":["GET"]}}],"collection":[{"href":"https:\/\/www.the-gourmand.com\/es\/wp-json\/wp\/v2\/product"}],"about":[{"href":"https:\/\/www.the-gourmand.com\/es\/wp-json\/wp\/v2\/types\/product"}],"replies":[{"embeddable":true,"href":"https:\/\/www.the-gourmand.com\/es\/wp-json\/wp\/v2\/comments?post=1960"}],"wp:featuredmedia":[{"embeddable":true,"href":"https:\/\/www.the-gourmand.com\/es\/wp-json\/wp\/v2\/media\/1986"}],"wp:attachment":[{"href":"https:\/\/www.the-gourmand.com\/es\/wp-json\/wp\/v2\/media?parent=1960"}],"wp:term":[{"taxonomy":"product_brand","embeddable":true,"href":"https:\/\/www.the-gourmand.com\/es\/wp-json\/wp\/v2\/product_brand?post=1960"},{"taxonomy":"product_cat","embeddable":true,"href":"https:\/\/www.the-gourmand.com\/es\/wp-json\/wp\/v2\/product_cat?post=1960"},{"taxonomy":"product_tag","embeddable":true,"href":"https:\/\/www.the-gourmand.com\/es\/wp-json\/wp\/v2\/product_tag?post=1960"}],"curies":[{"name":"wp","href":"https:\/\/api.w.org\/{rel}","templated":true}]}}