{"id":1942,"date":"2022-05-31T16:51:18","date_gmt":"2022-05-31T14:51:18","guid":{"rendered":"https:\/\/www.the-gourmand.com\/?post_type=product&#038;p=1942"},"modified":"2024-12-13T17:49:46","modified_gmt":"2024-12-13T16:49:46","slug":"marchande-de-violettes","status":"publish","type":"product","link":"https:\/\/www.the-gourmand.com\/es\/produit\/marchande-de-violettes\/","title":{"rendered":"Marchande de Violettes"},"content":{"rendered":"<p><span style=\"color: #000000;\">Un d\u00eda una madre quiso ofrecer un peque\u00f1o ramo de violetas a su hija para traerle felicidad, porque por primera vez el nombre de su hija aparecia en la marquesina del teatro. La violetera al saberlo, ofreci\u00f3 el ramito de violetas y la buena estrella acompa\u00f1\u00f3 toda la vida de esa chiquilla que se convirti\u00f3 una grande del escenario. \u00bfEl nombre de la joven? <strong>\u00a1Julie Andrews!<\/strong> <\/span><\/p>\n<p><span style=\"color: #000000;\">Perm\u00edtanos ofrecerle un t\u00e9 dulce, florido y delicado con el aroma de las violetas con ligeras notas de frambuesa como el recuerdo de la infancia de Julie. Excelente para acompa\u00f1arte durante todo el d\u00eda porque bajo en te\u00edna.\u00a0<\/span><\/p>\n<p><span style=\"color: #000000;\"> Ingredientes: T\u00e9 verde Chino Sencha, T\u00e9 Blanco de China White Monkey, violetas, frambuesas y flores de malva.<\/span><strong><br \/>\n<\/strong><\/p>\n","protected":false},"excerpt":{"rendered":"<p><strong>Nivel de te\u00edna:<\/strong><\/p>\n<p><img loading=\"lazy\" decoding=\"async\" class=\"alignnone wp-image-204 size-full\" src=\"https:\/\/www.the-gourmand.com\/wp-content\/uploads\/2022\/03\/taux-de-theine-2-100x320px.png\" alt=\"\" width=\"291\" height=\"88\" \/><\/p>\n<p><span style=\"color: #000000;\">T\u00e9 ligero con violetas con notas de frambuesas. Especial en el momento de un descanso, en la merienda o al final de una comida. Bajo en te\u00edna.<\/span><\/p>\n<p><span style=\"color: #000000;\">Ingredientes: T\u00e9 verde Chino Sencha, T\u00e9 Blanco de China White Monkey, violetas, frambuesas y flores de malva.<\/span><\/p>\n<p>&nbsp;<\/p>\n","protected":false},"featured_media":1958,"comment_status":"open","ping_status":"closed","template":"","meta":[],"product_brand":[],"product_cat":[305,166],"product_tag":[],"class_list":{"0":"post-1942","1":"product","2":"type-product","3":"status-publish","4":"has-post-thumbnail","6":"product_cat-tes-es","7":"product_cat-verde-fruta-flores-especias","8":"description-off","10":"first","11":"instock","12":"shipping-taxable","13":"purchasable","14":"product-type-variable"},"yoast_head":"<!-- This site is optimized with the Yoast SEO plugin v27.4 - https:\/\/yoast.com\/product\/yoast-seo-wordpress\/ -->\n<title>Marchande de Violettes t\u00e9 verde florido - Th\u00e9 Gourmand<\/title>\n<meta name=\"description\" content=\"T\u00e9 ligero con violetas con notas de frambuesas. Especial en el momento de un descanso, en la merienda o al final de una comida. Bajo en te\u00edna\" \/>\n<meta name=\"robots\" content=\"index, follow, max-snippet:-1, max-image-preview:large, max-video-preview:-1\" \/>\n<link rel=\"canonical\" href=\"https:\/\/www.the-gourmand.com\/es\/produit\/marchande-de-violettes\/\" \/>\n<meta property=\"og:locale\" content=\"es_ES\" \/>\n<meta property=\"og:type\" content=\"article\" \/>\n<meta property=\"og:title\" content=\"Marchande de Violettes t\u00e9 verde florido - Th\u00e9 Gourmand\" \/>\n<meta property=\"og:description\" content=\"T\u00e9 ligero con violetas con notas de frambuesas. Especial en el momento de un descanso, en la merienda o al final de una comida. Bajo en te\u00edna\" \/>\n<meta property=\"og:url\" content=\"https:\/\/www.the-gourmand.com\/es\/produit\/marchande-de-violettes\/\" \/>\n<meta property=\"og:site_name\" content=\"Th\u00e9 Gourmand\" \/>\n<meta property=\"article:modified_time\" content=\"2024-12-13T16:49:46+00:00\" \/>\n<meta property=\"og:image\" content=\"https:\/\/www.the-gourmand.com\/wp-content\/uploads\/2022\/05\/marchande-violettes.jpeg\" \/>\n\t<meta property=\"og:image:width\" content=\"2000\" \/>\n\t<meta property=\"og:image:height\" content=\"2000\" \/>\n\t<meta property=\"og:image:type\" content=\"image\/jpeg\" \/>\n<meta name=\"twitter:card\" content=\"summary_large_image\" \/>\n<meta name=\"twitter:label1\" content=\"Tiempo de lectura\" \/>\n\t<meta name=\"twitter:data1\" content=\"1 minuto\" \/>\n<script type=\"application\/ld+json\" class=\"yoast-schema-graph\">{\"@context\":\"https:\\\/\\\/schema.org\",\"@graph\":[{\"@type\":\"WebPage\",\"@id\":\"https:\\\/\\\/www.the-gourmand.com\\\/es\\\/produit\\\/marchande-de-violettes\\\/\",\"url\":\"https:\\\/\\\/www.the-gourmand.com\\\/es\\\/produit\\\/marchande-de-violettes\\\/\",\"name\":\"Marchande de Violettes t\u00e9 verde florido - Th\u00e9 Gourmand\",\"isPartOf\":{\"@id\":\"https:\\\/\\\/www.the-gourmand.com\\\/es\\\/#website\"},\"primaryImageOfPage\":{\"@id\":\"https:\\\/\\\/www.the-gourmand.com\\\/es\\\/produit\\\/marchande-de-violettes\\\/#primaryimage\"},\"image\":{\"@id\":\"https:\\\/\\\/www.the-gourmand.com\\\/es\\\/produit\\\/marchande-de-violettes\\\/#primaryimage\"},\"thumbnailUrl\":\"https:\\\/\\\/www.the-gourmand.com\\\/wp-content\\\/uploads\\\/2022\\\/05\\\/marchande-violettes.jpeg\",\"datePublished\":\"2022-05-31T14:51:18+00:00\",\"dateModified\":\"2024-12-13T16:49:46+00:00\",\"description\":\"T\u00e9 ligero con violetas con notas de frambuesas. Especial en el momento de un descanso, en la merienda o al final de una comida. Bajo en te\u00edna\",\"breadcrumb\":{\"@id\":\"https:\\\/\\\/www.the-gourmand.com\\\/es\\\/produit\\\/marchande-de-violettes\\\/#breadcrumb\"},\"inLanguage\":\"es\",\"potentialAction\":[{\"@type\":\"ReadAction\",\"target\":[\"https:\\\/\\\/www.the-gourmand.com\\\/es\\\/produit\\\/marchande-de-violettes\\\/\"]}]},{\"@type\":\"ImageObject\",\"inLanguage\":\"es\",\"@id\":\"https:\\\/\\\/www.the-gourmand.com\\\/es\\\/produit\\\/marchande-de-violettes\\\/#primaryimage\",\"url\":\"https:\\\/\\\/www.the-gourmand.com\\\/wp-content\\\/uploads\\\/2022\\\/05\\\/marchande-violettes.jpeg\",\"contentUrl\":\"https:\\\/\\\/www.the-gourmand.com\\\/wp-content\\\/uploads\\\/2022\\\/05\\\/marchande-violettes.jpeg\",\"width\":2000,\"height\":2000},{\"@type\":\"BreadcrumbList\",\"@id\":\"https:\\\/\\\/www.the-gourmand.com\\\/es\\\/produit\\\/marchande-de-violettes\\\/#breadcrumb\",\"itemListElement\":[{\"@type\":\"ListItem\",\"position\":1,\"name\":\"Accueil\",\"item\":\"https:\\\/\\\/www.the-gourmand.com\\\/es\\\/\"},{\"@type\":\"ListItem\",\"position\":2,\"name\":\"Productos\",\"item\":\"https:\\\/\\\/www.the-gourmand.com\\\/es\\\/productos\\\/\"},{\"@type\":\"ListItem\",\"position\":3,\"name\":\"Marchande de Violettes\"}]},{\"@type\":\"WebSite\",\"@id\":\"https:\\\/\\\/www.the-gourmand.com\\\/es\\\/#website\",\"url\":\"https:\\\/\\\/www.the-gourmand.com\\\/es\\\/\",\"name\":\"Th\u00e9 Gourmand\",\"description\":\"Boutique en ligne de th\u00e9s.\",\"publisher\":{\"@id\":\"https:\\\/\\\/www.the-gourmand.com\\\/es\\\/#organization\"},\"potentialAction\":[{\"@type\":\"SearchAction\",\"target\":{\"@type\":\"EntryPoint\",\"urlTemplate\":\"https:\\\/\\\/www.the-gourmand.com\\\/es\\\/?s={search_term_string}\"},\"query-input\":{\"@type\":\"PropertyValueSpecification\",\"valueRequired\":true,\"valueName\":\"search_term_string\"}}],\"inLanguage\":\"es\"},{\"@type\":\"Organization\",\"@id\":\"https:\\\/\\\/www.the-gourmand.com\\\/es\\\/#organization\",\"name\":\"Th\u00e9 Gourmand\",\"url\":\"https:\\\/\\\/www.the-gourmand.com\\\/es\\\/\",\"logo\":{\"@type\":\"ImageObject\",\"inLanguage\":\"es\",\"@id\":\"https:\\\/\\\/www.the-gourmand.com\\\/es\\\/#\\\/schema\\\/logo\\\/image\\\/\",\"url\":\"https:\\\/\\\/www.the-gourmand.com\\\/wp-content\\\/uploads\\\/2022\\\/02\\\/logo-the-gourmand-320x132px.png\",\"contentUrl\":\"https:\\\/\\\/www.the-gourmand.com\\\/wp-content\\\/uploads\\\/2022\\\/02\\\/logo-the-gourmand-320x132px.png\",\"width\":320,\"height\":132,\"caption\":\"Th\u00e9 Gourmand\"},\"image\":{\"@id\":\"https:\\\/\\\/www.the-gourmand.com\\\/es\\\/#\\\/schema\\\/logo\\\/image\\\/\"}}]}<\/script>\n<!-- \/ Yoast SEO plugin. -->","yoast_head_json":{"title":"Marchande de Violettes t\u00e9 verde florido - Th\u00e9 Gourmand","description":"T\u00e9 ligero con violetas con notas de frambuesas. Especial en el momento de un descanso, en la merienda o al final de una comida. Bajo en te\u00edna","robots":{"index":"index","follow":"follow","max-snippet":"max-snippet:-1","max-image-preview":"max-image-preview:large","max-video-preview":"max-video-preview:-1"},"canonical":"https:\/\/www.the-gourmand.com\/es\/produit\/marchande-de-violettes\/","og_locale":"es_ES","og_type":"article","og_title":"Marchande de Violettes t\u00e9 verde florido - Th\u00e9 Gourmand","og_description":"T\u00e9 ligero con violetas con notas de frambuesas. Especial en el momento de un descanso, en la merienda o al final de una comida. Bajo en te\u00edna","og_url":"https:\/\/www.the-gourmand.com\/es\/produit\/marchande-de-violettes\/","og_site_name":"Th\u00e9 Gourmand","article_modified_time":"2024-12-13T16:49:46+00:00","og_image":[{"width":2000,"height":2000,"url":"https:\/\/www.the-gourmand.com\/wp-content\/uploads\/2022\/05\/marchande-violettes.jpeg","type":"image\/jpeg"}],"twitter_card":"summary_large_image","twitter_misc":{"Tiempo de lectura":"1 minuto"},"schema":{"@context":"https:\/\/schema.org","@graph":[{"@type":"WebPage","@id":"https:\/\/www.the-gourmand.com\/es\/produit\/marchande-de-violettes\/","url":"https:\/\/www.the-gourmand.com\/es\/produit\/marchande-de-violettes\/","name":"Marchande de Violettes t\u00e9 verde florido - Th\u00e9 Gourmand","isPartOf":{"@id":"https:\/\/www.the-gourmand.com\/es\/#website"},"primaryImageOfPage":{"@id":"https:\/\/www.the-gourmand.com\/es\/produit\/marchande-de-violettes\/#primaryimage"},"image":{"@id":"https:\/\/www.the-gourmand.com\/es\/produit\/marchande-de-violettes\/#primaryimage"},"thumbnailUrl":"https:\/\/www.the-gourmand.com\/wp-content\/uploads\/2022\/05\/marchande-violettes.jpeg","datePublished":"2022-05-31T14:51:18+00:00","dateModified":"2024-12-13T16:49:46+00:00","description":"T\u00e9 ligero con violetas con notas de frambuesas. Especial en el momento de un descanso, en la merienda o al final de una comida. Bajo en te\u00edna","breadcrumb":{"@id":"https:\/\/www.the-gourmand.com\/es\/produit\/marchande-de-violettes\/#breadcrumb"},"inLanguage":"es","potentialAction":[{"@type":"ReadAction","target":["https:\/\/www.the-gourmand.com\/es\/produit\/marchande-de-violettes\/"]}]},{"@type":"ImageObject","inLanguage":"es","@id":"https:\/\/www.the-gourmand.com\/es\/produit\/marchande-de-violettes\/#primaryimage","url":"https:\/\/www.the-gourmand.com\/wp-content\/uploads\/2022\/05\/marchande-violettes.jpeg","contentUrl":"https:\/\/www.the-gourmand.com\/wp-content\/uploads\/2022\/05\/marchande-violettes.jpeg","width":2000,"height":2000},{"@type":"BreadcrumbList","@id":"https:\/\/www.the-gourmand.com\/es\/produit\/marchande-de-violettes\/#breadcrumb","itemListElement":[{"@type":"ListItem","position":1,"name":"Accueil","item":"https:\/\/www.the-gourmand.com\/es\/"},{"@type":"ListItem","position":2,"name":"Productos","item":"https:\/\/www.the-gourmand.com\/es\/productos\/"},{"@type":"ListItem","position":3,"name":"Marchande de Violettes"}]},{"@type":"WebSite","@id":"https:\/\/www.the-gourmand.com\/es\/#website","url":"https:\/\/www.the-gourmand.com\/es\/","name":"Th\u00e9 Gourmand","description":"Boutique en ligne de th\u00e9s.","publisher":{"@id":"https:\/\/www.the-gourmand.com\/es\/#organization"},"potentialAction":[{"@type":"SearchAction","target":{"@type":"EntryPoint","urlTemplate":"https:\/\/www.the-gourmand.com\/es\/?s={search_term_string}"},"query-input":{"@type":"PropertyValueSpecification","valueRequired":true,"valueName":"search_term_string"}}],"inLanguage":"es"},{"@type":"Organization","@id":"https:\/\/www.the-gourmand.com\/es\/#organization","name":"Th\u00e9 Gourmand","url":"https:\/\/www.the-gourmand.com\/es\/","logo":{"@type":"ImageObject","inLanguage":"es","@id":"https:\/\/www.the-gourmand.com\/es\/#\/schema\/logo\/image\/","url":"https:\/\/www.the-gourmand.com\/wp-content\/uploads\/2022\/02\/logo-the-gourmand-320x132px.png","contentUrl":"https:\/\/www.the-gourmand.com\/wp-content\/uploads\/2022\/02\/logo-the-gourmand-320x132px.png","width":320,"height":132,"caption":"Th\u00e9 Gourmand"},"image":{"@id":"https:\/\/www.the-gourmand.com\/es\/#\/schema\/logo\/image\/"}}]}},"_links":{"self":[{"href":"https:\/\/www.the-gourmand.com\/es\/wp-json\/wp\/v2\/product\/1942","targetHints":{"allow":["GET"]}}],"collection":[{"href":"https:\/\/www.the-gourmand.com\/es\/wp-json\/wp\/v2\/product"}],"about":[{"href":"https:\/\/www.the-gourmand.com\/es\/wp-json\/wp\/v2\/types\/product"}],"replies":[{"embeddable":true,"href":"https:\/\/www.the-gourmand.com\/es\/wp-json\/wp\/v2\/comments?post=1942"}],"wp:featuredmedia":[{"embeddable":true,"href":"https:\/\/www.the-gourmand.com\/es\/wp-json\/wp\/v2\/media\/1958"}],"wp:attachment":[{"href":"https:\/\/www.the-gourmand.com\/es\/wp-json\/wp\/v2\/media?parent=1942"}],"wp:term":[{"taxonomy":"product_brand","embeddable":true,"href":"https:\/\/www.the-gourmand.com\/es\/wp-json\/wp\/v2\/product_brand?post=1942"},{"taxonomy":"product_cat","embeddable":true,"href":"https:\/\/www.the-gourmand.com\/es\/wp-json\/wp\/v2\/product_cat?post=1942"},{"taxonomy":"product_tag","embeddable":true,"href":"https:\/\/www.the-gourmand.com\/es\/wp-json\/wp\/v2\/product_tag?post=1942"}],"curies":[{"name":"wp","href":"https:\/\/api.w.org\/{rel}","templated":true}]}}