{"id":1141,"date":"2022-03-02T16:55:15","date_gmt":"2022-03-02T15:55:15","guid":{"rendered":"https:\/\/www.the-gourmand.com\/plano-del-sitio\/"},"modified":"2022-05-25T10:42:02","modified_gmt":"2022-05-25T08:42:02","slug":"plano-del-sitio","status":"publish","type":"page","link":"https:\/\/www.the-gourmand.com\/es\/plano-del-sitio\/","title":{"rendered":"Plano del sitio"},"content":{"rendered":"<div class=\"wsp-container\"><h2 class=\"wsp-pages-title\">P\u00e1ginas<\/h2>\n<ul class=\"wsp-pages-list\">\n<li class=\"page_item page-item-1085\"><a href=\"https:\/\/www.the-gourmand.com\/es\/sabias-que\/\">\u00bfSab\u00edas qu\u00e9?<\/a><\/li>\n<li class=\"page_item page-item-531\"><a href=\"https:\/\/www.the-gourmand.com\/es\/carrito\/\">Carrito<\/a><\/li>\n<li class=\"page_item page-item-532\"><a href=\"https:\/\/www.the-gourmand.com\/es\/confirmar\/\">Confirmar<\/a><\/li>\n<li class=\"page_item page-item-1088\"><a href=\"https:\/\/www.the-gourmand.com\/es\/contactenos\/\">Cont\u00e1ctenos<\/a><\/li>\n<li class=\"page_item page-item-533\"><a href=\"https:\/\/www.the-gourmand.com\/es\/mi-cuenta\/\">Mi cuenta<\/a><\/li>\n<li class=\"page_item page-item-1186\"><a href=\"https:\/\/www.the-gourmand.com\/es\/notas-legales\/\">Notas legales<\/a><\/li>\n<li class=\"page_item page-item-1141\"><a href=\"https:\/\/www.the-gourmand.com\/es\/plano-del-sitio\/\">Plano del sitio<\/a><\/li>\n<li class=\"page_item page-item-1155\"><a href=\"https:\/\/www.the-gourmand.com\/es\/politica-confidencialidad\/\">Pol\u00edtica de confidencialidad<\/a><\/li>\n<li class=\"page_item page-item-1201\"><a href=\"https:\/\/www.the-gourmand.com\/es\/reembolsos-devoluciones\/\">Pol\u00edtica de reembolsos y devoluciones<\/a><\/li>\n<li class=\"page_item page-item-1021\"><a href=\"https:\/\/www.the-gourmand.com\/es\/\">Portada<\/a><\/li>\n<li class=\"page_item page-item-1076\"><a href=\"https:\/\/www.the-gourmand.com\/es\/presentacion\/\">Presentaci\u00f3n<\/a><\/li>\n<li class=\"page_item page-item-530\"><a href=\"https:\/\/www.the-gourmand.com\/es\/productos\/\">Productos<\/a><\/li>\n<li class=\"page_item page-item-5760\"><a href=\"https:\/\/www.the-gourmand.com\/es\/promocion\/\">Promoci\u00f3n<\/a><\/li>\n<li class=\"page_item page-item-1086\"><a href=\"https:\/\/www.the-gourmand.com\/es\/sus-opiniones\/\">Sus Opiniones<\/a><\/li>\n<li class=\"page_item page-item-1178\"><a href=\"https:\/\/www.the-gourmand.com\/es\/terminos-condiciones\/\">T\u00e9rminos y condiciones<\/a><\/li>\n<li class=\"page_item page-item-1105\"><a href=\"https:\/\/www.the-gourmand.com\/es\/tienda\/\">Tienda<\/a><\/li>\n<\/ul>\n<h2 class=\"wsp-posts-title\">Posts por categor\u00eda<\/h2>\n<ul class=\"wsp-posts-list\">\n\t<li><strong class=\"wsp-category-title\">Category: <a href=\"https:\/\/www.the-gourmand.com\/es\/categorie\/recetas\/\">recetas<\/a><\/strong>\n<ul class=\"wsp-posts-list\">\t\t<li class=\"wsp-post\"><a href=\"https:\/\/www.the-gourmand.com\/es\/arroz-con-matcha-para-sushis\/\">ARROZ CON MATCHA PARA SUSHIS<\/a><\/li>\n\t\t<li class=\"wsp-post\"><a href=\"https:\/\/www.the-gourmand.com\/es\/filete-de-salmon-marinado-lapsang-souchong\/\">FILETE DE SALM\u00d3N MARINADO CON LAPSANG SOUCHONG<\/a><\/li>\n\t\t<li class=\"wsp-post\"><a href=\"https:\/\/www.the-gourmand.com\/es\/bebidas-de-verano\/\">BEBIDAS DE VERANO<\/a><\/li>\n<\/ul><\/li>\n\t<li><strong class=\"wsp-category-title\">Category: <a href=\"https:\/\/www.the-gourmand.com\/es\/categorie\/sin-categorizar\/\">Sin categorizar<\/a><\/strong>\n<ul class=\"wsp-posts-list\">\t\t<li class=\"wsp-post\"><a href=\"https:\/\/www.the-gourmand.com\/es\/nos-esforzamos-en-consentirlo\/\">Nos esforzamos en consentirlo<\/a><\/li>\n<\/ul><\/li>\n<\/ul>\n<h2 class=\"wsp-products-title\">Productos<\/h2>\n<ul class=\"wsp-products-list\">\n<li><a href=\"https:\/\/www.the-gourmand.com\/produit\/l-ete-indien\/\">L'\u00c9t\u00e9 Indien<\/a><\/li>\n<li><a href=\"https:\/\/www.the-gourmand.com\/es\/produit\/menta-yerbabuena\/\">Menta y Yierbabuena<\/a><\/li>\n<li><a href=\"https:\/\/www.the-gourmand.com\/es\/produit\/bisou-d-ange\/\">Bisous d'Ange (Beso de \u00c1ngel)<\/a><\/li>\n<li><a href=\"https:\/\/www.the-gourmand.com\/es\/produit\/agrumes-totalement\/\">Agrumes? Totalement ! Org\u00e1nico<\/a><\/li>\n<li><a href=\"https:\/\/www.the-gourmand.com\/produit\/camomille\/\">Camomille enti\u00e8re<\/a><\/li>\n<li><a href=\"https:\/\/www.the-gourmand.com\/produit\/lapacho\/\">Lapacho<\/a><\/li>\n<li><a href=\"https:\/\/www.the-gourmand.com\/es\/produit\/mezcla-ron-especiado\/\">Mezcla Gourmet para Ron Especiado<\/a><\/li>\n<li><a href=\"https:\/\/www.the-gourmand.com\/es\/produit\/pina-colada-infusion\/\">Pi\u00f1a Colada Infusi\u00f3n<\/a><\/li>\n<li><a href=\"https:\/\/www.the-gourmand.com\/produit\/poulfok-the\/\">Poulfok Th\u00e9<\/a><\/li>\n<li><a href=\"https:\/\/www.the-gourmand.com\/es\/produit\/poulfok-infusion\/\">Poulfok Tisana<\/a><\/li>\n<li><a href=\"https:\/\/www.the-gourmand.com\/produit\/rooibos-citron\/\">Rooibos Citron<\/a><\/li>\n<li><a href=\"https:\/\/www.the-gourmand.com\/es\/produit\/caramel-rooibos\/\">Caramel Rooibos<\/a><\/li>\n<li><a href=\"https:\/\/www.the-gourmand.com\/produit\/strudel\/\">Strudel<\/a><\/li>\n<li><a href=\"https:\/\/www.the-gourmand.com\/es\/produit\/orange-sanguine\/\">Orange Sanguine<\/a><\/li>\n<li><a href=\"https:\/\/www.the-gourmand.com\/produit\/orange-cacao-bio\/\">Orange Cacao Bio<\/a><\/li>\n<li><a href=\"https:\/\/www.the-gourmand.com\/es\/produit\/cafe-gourmet-avellana\/\">Caf\u00e9 Gourmet \"Noisette\" (Avellana)<\/a><\/li>\n<li><a href=\"https:\/\/www.the-gourmand.com\/es\/produit\/cafe-crema-vainilla\/\">Caf\u00e9 Gourmet \"Crema de Vainilla\"<\/a><\/li>\n<li><a href=\"https:\/\/www.the-gourmand.com\/es\/produit\/darjeeling-happy-valley\/\">Darjeeling FTGFOP1 HAPPY VALLEY 2d Flush BIO<\/a><\/li>\n<li><a href=\"https:\/\/www.the-gourmand.com\/es\/produit\/limoncino-citron\/\">Limoncino Citron<\/a><\/li>\n<li><a href=\"https:\/\/www.the-gourmand.com\/es\/produit\/manzanilla-organica\/\">Manzanilla org\u00e1nica<\/a><\/li>\n<li><a href=\"https:\/\/www.the-gourmand.com\/es\/produit\/chun-mee\/\">Chun Mee Bio<\/a><\/li>\n<li><a href=\"https:\/\/www.the-gourmand.com\/produit\/lady-pasteque\/\">Lady Past\u00e8que<\/a><\/li>\n<li><a href=\"https:\/\/www.the-gourmand.com\/es\/produit\/passion-mate\/\">Pasi\u00f3n Mate<\/a><\/li>\n<li><a href=\"https:\/\/www.the-gourmand.com\/produit\/doux-foyer\/\">Doux Foyer<\/a><\/li>\n<li><a href=\"https:\/\/www.the-gourmand.com\/es\/produit\/clochette\/\">Clochette<\/a><\/li>\n<li><a href=\"https:\/\/www.the-gourmand.com\/produit\/tasse-japonaise-fait-main\/\">Tasse en c\u00e9ramique fait - main<\/a><\/li>\n<li><a href=\"https:\/\/www.the-gourmand.com\/es\/produit\/carcade-hibisco\/\">Carcad\u00e9, Flores de Hibiscus<\/a><\/li>\n<li><a href=\"https:\/\/www.the-gourmand.com\/es\/produit\/el-jardin-secreto\/\">El Jard\u00edn Secreto<\/a><\/li>\n<li><a href=\"https:\/\/www.the-gourmand.com\/es\/produit\/cafe-kachalu-bio-colombia\/\">Caf\u00e9 Org\u00e1nico Kachal\u00fa de Colombia<\/a><\/li>\n<li><a href=\"https:\/\/www.the-gourmand.com\/es\/produit\/tendresse-aloe-vera-grenade\/\">Tendresse (Ternura) d'Aloe Vera et Grenade<\/a><\/li>\n<li><a href=\"https:\/\/www.the-gourmand.com\/es\/produit\/torta-de-te-negro-pu-erh-bio\/\">Torta de T\u00e9 Negro Pu Erh Bio 200g<\/a><\/li>\n<li><a href=\"https:\/\/www.the-gourmand.com\/es\/produit\/ladrillo-shu-pu-erh-bio\/\">Ladrillo de Shu Pu Erh Bio 500g<\/a><\/li>\n<li><a href=\"https:\/\/www.the-gourmand.com\/es\/produit\/torta-puerh-verde-organico\/\">Torta de T\u00e9 Verde Pu Erh Bio<\/a><\/li>\n<li><a href=\"https:\/\/www.the-gourmand.com\/es\/produit\/curcumangue\/\">Curcu'Mangue<\/a><\/li>\n<li><a href=\"https:\/\/www.the-gourmand.com\/es\/produit\/lata-metalica-para-100g\/\">Lata met\u00e1lica cuadrada para 100g de t\u00e9<\/a><\/li>\n<li><a href=\"https:\/\/www.the-gourmand.com\/es\/produit\/cafe-expresso-italiano\/\">Caf\u00e9 Expresso Siciliano<\/a><\/li>\n<li><a href=\"https:\/\/www.the-gourmand.com\/es\/produit\/ya-bao\/\">Ya Bao, t\u00e9 silvestre de invierno<\/a><\/li>\n<li><a href=\"https:\/\/www.the-gourmand.com\/es\/produit\/splendeur-maya\/\">Splendeur Maya<\/a><\/li>\n<li><a href=\"https:\/\/www.the-gourmand.com\/es\/produit\/bon-repas-bio\/\">Bon Repas Bio<\/a><\/li>\n<li><a href=\"https:\/\/www.the-gourmand.com\/es\/produit\/jenjibre\/\">Jenjibre<\/a><\/li>\n<li><a href=\"https:\/\/www.the-gourmand.com\/es\/produit\/vin-chaud-infusion\/\">Vin Chaud Infusion<\/a><\/li>\n<li><a href=\"https:\/\/www.the-gourmand.com\/es\/produit\/mate-mangue-banane\/\">Mat\u00e9 Mangue Banane<\/a><\/li>\n<li><a href=\"https:\/\/www.the-gourmand.com\/es\/produit\/hierba-limon\/\">Hierba Lim\u00f3n<\/a><\/li>\n<li><a href=\"https:\/\/www.the-gourmand.com\/es\/produit\/bissap-epice\/\">Bissap \u00e9pic\u00e9<\/a><\/li>\n<li><a href=\"https:\/\/www.the-gourmand.com\/es\/produit\/rooibos-bio\/\">Rooibos Bio<\/a><\/li>\n<li><a href=\"https:\/\/www.the-gourmand.com\/produit\/mon-nounours-prefere\/\">Mon Nounours Pr\u00e9f\u00e9r\u00e9<\/a><\/li>\n<li><a href=\"https:\/\/www.the-gourmand.com\/produit\/noir-au-cranberry\/\">Noir au Cranberry<\/a><\/li>\n<li><a href=\"https:\/\/www.the-gourmand.com\/es\/produit\/reglisse-au-sel\/\">R\u00e9glisse<\/a><\/li>\n<li><a href=\"https:\/\/www.the-gourmand.com\/es\/produit\/mages-d-orient\/\">Mages d'Orient<\/a><\/li>\n<li><a href=\"https:\/\/www.the-gourmand.com\/es\/produit\/breizh-caramel\/\">Caramel (au beurre sal\u00e9)<\/a><\/li>\n<li><a href=\"https:\/\/www.the-gourmand.com\/es\/produit\/kenilworth-ceylan-op1\/\">Kenilworth Ceylan OP1<\/a><\/li>\n<li><a href=\"https:\/\/www.the-gourmand.com\/es\/produit\/yunnan-imperial-bio\/\">Yunnan Imp\u00e9rial Bio<\/a><\/li>\n<li><a href=\"https:\/\/www.the-gourmand.com\/es\/produit\/jun-chiyabari-bio\/\">Jun Chiyabari Bio<\/a><\/li>\n<li><a href=\"https:\/\/www.the-gourmand.com\/es\/produit\/english-tea\/\">English Tea<\/a><\/li>\n<li><a href=\"https:\/\/www.the-gourmand.com\/es\/produit\/noel\/\">No\u00ebl<\/a><\/li>\n<li><a href=\"https:\/\/www.the-gourmand.com\/es\/produit\/montreal-vert\/\">Montr\u00e9al Vert<\/a><\/li>\n<li><a href=\"https:\/\/www.the-gourmand.com\/es\/produit\/pina-colada\/\">Pi\u00f1a Colada<\/a><\/li>\n<li><a href=\"https:\/\/www.the-gourmand.com\/es\/produit\/earl-grey-bleuets\/\">Earl Grey Bleuets<\/a><\/li>\n<li><a href=\"https:\/\/www.the-gourmand.com\/es\/produit\/taj-mahal\/\">Taj - Mahal<\/a><\/li>\n<li><a href=\"https:\/\/www.the-gourmand.com\/produit\/mojito-pu-erh-bio\/\">Mojito Pu Erh Bio<\/a><\/li>\n<li><a href=\"https:\/\/www.the-gourmand.com\/produit\/boite-a-the-en-metal-bouton-dore\/\">Bo\u00eete \u00e0 th\u00e9 en m\u00e9tal \"Bouton dor\u00e9\"<\/a><\/li>\n<li><a href=\"https:\/\/www.the-gourmand.com\/produit\/passoire-a-the-japonaise-en-acier-inoxydable\/\">Passoire \u00e0 th\u00e9 japonaise en acier inoxydable<\/a><\/li>\n<li><a href=\"https:\/\/www.the-gourmand.com\/es\/produit\/blues-de-prunes\/\">Blues de Prunes<\/a><\/li>\n<li><a href=\"https:\/\/www.the-gourmand.com\/es\/produit\/tamaryokucha-bio\/\">Tamaryokucha Bio<\/a><\/li>\n<li><a href=\"https:\/\/www.the-gourmand.com\/es\/produit\/melfort-special-de-ceylan-copie\/\">Sunda Purwa PS de Java<\/a><\/li>\n<li><a href=\"https:\/\/www.the-gourmand.com\/produit\/pomme-rotie\/\">Pomme R\u00f4tie<\/a><\/li>\n<li><a href=\"https:\/\/www.the-gourmand.com\/es\/produit\/relax-bio\/\">Relax Bio<\/a><\/li>\n<li><a href=\"https:\/\/www.the-gourmand.com\/es\/produit\/sencha-fukuyu\/\">Sencha Fukuyu<\/a><\/li>\n<li><a href=\"https:\/\/www.the-gourmand.com\/es\/produit\/jaune-huang-ya\/\">Jaune Huang Ya<\/a><\/li>\n<li><a href=\"https:\/\/www.the-gourmand.com\/es\/produit\/genmaicha-bio\/\">Genma\u00efcha du Japon Bio<\/a><\/li>\n<li><a href=\"https:\/\/www.the-gourmand.com\/es\/produit\/orangerie\/\">Orangerie<\/a><\/li>\n<li><a href=\"https:\/\/www.the-gourmand.com\/es\/produit\/the-noir-vanille\/\">Th\u00e9 noir Vanille<\/a><\/li>\n<li><a href=\"https:\/\/www.the-gourmand.com\/es\/produit\/gunpowder-temple-celeste-bio\/\">Gunpowder Temple C\u00e9leste Bio<\/a><\/li>\n<li><a href=\"https:\/\/www.the-gourmand.com\/es\/produit\/kukicha-grille-bio\/\">Kukicha Grill\u00e9 Bio<\/a><\/li>\n<li><a href=\"https:\/\/www.the-gourmand.com\/es\/produit\/bretagne-a-la-rose\/\">Bretagne \u00e0 la Rose<\/a><\/li>\n<li><a href=\"https:\/\/www.the-gourmand.com\/es\/produit\/blue-island-bio\/\">Blue Island<\/a><\/li>\n<li><a href=\"https:\/\/www.the-gourmand.com\/es\/produit\/earl-gre-vert-bio\/\">Earl Grey Vert Org\u00e1nico<\/a><\/li>\n<li><a href=\"https:\/\/www.the-gourmand.com\/es\/produit\/pakistani-bio\/\">Pakistani Bio<\/a><\/li>\n<li><a href=\"https:\/\/www.the-gourmand.com\/es\/produit\/melfort-special\/\">Melfort Sp\u00e9cial de Ceylan<\/a><\/li>\n<li><a href=\"https:\/\/www.the-gourmand.com\/es\/produit\/ginger-candy\/\">Ginger Candy<\/a><\/li>\n<li><a href=\"https:\/\/www.the-gourmand.com\/es\/produit\/gateau-aux-cerises-de-maman\/\">G\u00e2teau aux Cerises de Maman<\/a><\/li>\n<li><a href=\"https:\/\/www.the-gourmand.com\/es\/produit\/marchande-de-violettes\/\">Marchande de Violettes<\/a><\/li>\n<li><a href=\"https:\/\/www.the-gourmand.com\/es\/produit\/newyork\/\">New York<\/a><\/li>\n<li><a href=\"https:\/\/www.the-gourmand.com\/es\/produit\/marrakesch\/\">Marrakesch<\/a><\/li>\n<li><a href=\"https:\/\/www.the-gourmand.com\/es\/produit\/nuage-d-amandes\/\">Nuage d'Amandes<\/a><\/li>\n<li><a href=\"https:\/\/www.the-gourmand.com\/es\/produit\/jasmin-bio\/\">Jasmin Bio<\/a><\/li>\n<li><a href=\"https:\/\/www.the-gourmand.com\/es\/produit\/citron-de-fraicheur-bio\/\">Citron de Fra\u00eecheur Bio<\/a><\/li>\n<li><a href=\"https:\/\/www.the-gourmand.com\/es\/produit\/lapsang-souchong\/\">Lapsang Souchong<\/a><\/li>\n<li><a href=\"https:\/\/www.the-gourmand.com\/es\/produit\/de-bonne-humeur\/\">De Bonne Humeur<\/a><\/li>\n<li><a href=\"https:\/\/www.the-gourmand.com\/es\/produit\/coin-de-bonheur-bio\/\">Coin de Bonheur Bio<\/a><\/li>\n<li><a href=\"https:\/\/www.the-gourmand.com\/es\/produit\/citron-vert\/\">Citron Vert (Lima)<\/a><\/li>\n<li><a href=\"https:\/\/www.the-gourmand.com\/es\/produit\/montreal\/\">Montreal<\/a><\/li>\n<li><a href=\"https:\/\/www.the-gourmand.com\/es\/produit\/pur-exotisme-bio\/\">Pur Exotisme BIO<\/a><\/li>\n<li><a href=\"https:\/\/www.the-gourmand.com\/es\/produit\/verbena\/\">Verbena<\/a><\/li>\n<li><a href=\"https:\/\/www.the-gourmand.com\/es\/produit\/mate-vert\/\">Mat\u00e9 Vert<\/a><\/li>\n<li><a href=\"https:\/\/www.the-gourmand.com\/es\/produit\/tisane-du-matin-bio\/\">Tisana Matinal Org\u00e1nica<\/a><\/li>\n<li><a href=\"https:\/\/www.the-gourmand.com\/es\/produit\/bresil\/\">Br\u00e9sil!<\/a><\/li>\n<li><a href=\"https:\/\/www.the-gourmand.com\/es\/produit\/orange-dreams\/\">Orange Dreams<\/a><\/li>\n<li><a href=\"https:\/\/www.the-gourmand.com\/es\/produit\/noel-austral-bio\/\">No\u00ebl Austral Bio<\/a><\/li>\n<li><a href=\"https:\/\/www.the-gourmand.com\/es\/produit\/baies-sauvages-bio\/\">Baies sauvages Bio<\/a><\/li>\n<li><a href=\"https:\/\/www.the-gourmand.com\/es\/produit\/tchai-noir-bio\/\">Tcha\u00ef Noir Bio<\/a><\/li>\n<li><a href=\"https:\/\/www.the-gourmand.com\/es\/produit\/earl-grey-kirov\/\">Earl Grey Kirov<\/a><\/li>\n<li><a href=\"https:\/\/www.the-gourmand.com\/produit\/sonata-di-pistacchio\/\">Sonata di pistacchio (Pu Erh)<\/a><\/li>\n<li><a href=\"https:\/\/www.the-gourmand.com\/es\/produit\/moragalla-oolong\/\">Moragalla (Oolong)<\/a><\/li>\n<li><a href=\"https:\/\/www.the-gourmand.com\/es\/produit\/pu-erh-bio\/\">Pu Erh de Yunnan Bio<\/a><\/li>\n<li><a href=\"https:\/\/www.the-gourmand.com\/es\/produit\/rukeri-pekoe-bio\/\">Rukeri Pekoe Bio<\/a><\/li>\n<li><a href=\"https:\/\/www.the-gourmand.com\/es\/produit\/home-breakfast-bio\/\">Home Breakfast Bio<\/a><\/li>\n<li><a href=\"https:\/\/www.the-gourmand.com\/es\/produit\/yunnan-vert-bio\/\">Yunnan Vert Org\u00e1nico<\/a><\/li>\n<li><a href=\"https:\/\/www.the-gourmand.com\/es\/produit\/matcha-ujicha-bio\/\">Matcha Ujicha Bio<\/a><\/li>\n<li><a href=\"https:\/\/www.the-gourmand.com\/es\/produit\/milky-oolong-verde\/\">Milky (Oolong Vert)<\/a><\/li>\n<li><a href=\"https:\/\/www.the-gourmand.com\/es\/produit\/fleur-the-rose-royale\/\">Flor de t\u00e9 Rose Royale<\/a><\/li>\n<\/ul>\n<h2 class=\"wsp-product_cats-title\">Categor\u00edas del producto<\/h2>\n<ul class=\"wsp-product_cats-list\">\n<li><a href=\"https:\/\/www.the-gourmand.com\/es\/categorie-produit\/accesorios\/\">Accesorios<\/a><\/li>\n<li><a href=\"https:\/\/www.the-gourmand.com\/es\/categorie-produit\/cafe-es\/\">Caf\u00e9<\/a><\/li>\n<li><a href=\"https:\/\/www.the-gourmand.com\/es\/categorie-produit\/infusiones\/carcade\/\">Carcad\u00e9<\/a><\/li>\n<li><a href=\"https:\/\/www.the-gourmand.com\/es\/categorie-produit\/coffre-regalo\/\">Estuches de regalo<\/a><\/li>\n<li><a href=\"https:\/\/www.the-gourmand.com\/es\/categorie-produit\/infusiones\/\">Infusiones<\/a><\/li>\n<li><a href=\"https:\/\/www.the-gourmand.com\/es\/categorie-produit\/infusiones\/mate-y-otros\/\">Mate y otros<\/a><\/li>\n<li><a href=\"https:\/\/www.the-gourmand.com\/es\/categorie-produit\/tes-es\/negro-puerh-fruta-flores-especias\/\">Negro y Pu Erh + fruta flores especias<\/a><\/li>\n<li><a href=\"https:\/\/www.the-gourmand.com\/es\/categorie-produit\/tes-es\/negro-pu-erh-origen\/\">Negro y Pu Erh de origen<\/a><\/li>\n<li><a href=\"https:\/\/www.the-gourmand.com\/es\/categorie-produit\/infusiones\/para-el-bienestar\/\">Para el bienestar<\/a><\/li>\n<li><a href=\"https:\/\/www.the-gourmand.com\/es\/categorie-produit\/infusiones\/rooibos\/\">Rooibos<\/a><\/li>\n<li><a href=\"https:\/\/www.the-gourmand.com\/es\/categorie-produit\/tes-es\/\">T\u00e9s<\/a><\/li>\n<li><a href=\"https:\/\/www.the-gourmand.com\/es\/categorie-produit\/infusiones\/tisanas-frutas\/\">Tisanas de frutas<\/a><\/li>\n<li><a href=\"https:\/\/www.the-gourmand.com\/es\/categorie-produit\/tes-es\/verde-fruta-flores-especias\/\">Verde, Blanco y Oolong + frutas flores y especias<\/a><\/li>\n<li><a href=\"https:\/\/www.the-gourmand.com\/es\/categorie-produit\/tes-es\/verde-blanco-amarillo-origen\/\">Verde, Blanco, Oolong y Amarillo de origen<\/a><\/li>\n<\/ul>\n<h2 class=\"wsp-product_tags-title\">Etiquetas del producto<\/h2>\n<ul class=\"wsp-product_tags-list\">\n<li><a href=\"https:\/\/www.the-gourmand.com\/es\/etiqueta-producto\/mejores-ventas\/\">Mejores ventas<\/a><\/li>\n<\/ul>\n<\/div>\n","protected":false},"excerpt":{"rendered":"<p>P\u00e1ginas \u00bfSab\u00edas qu\u00e9? Carrito Confirmar Cont\u00e1ctenos Mi cuenta Notas legales Plano del sitio Pol\u00edtica de confidencialidad Pol\u00edtica de reembolsos y devoluciones Portada Presentaci\u00f3n Productos Promoci\u00f3n Sus Opiniones T\u00e9rminos y condiciones Tienda Posts por categor\u00eda Category: recetas ARROZ CON MATCHA PARA SUSHIS FILETE DE SALM\u00d3N MARINADO CON LAPSANG SOUCHONG BEBIDAS DE VERANO Category: Sin categorizar Nos&hellip;<\/p>\n","protected":false},"author":1,"featured_media":0,"parent":0,"menu_order":0,"comment_status":"closed","ping_status":"closed","template":"","meta":{"footnotes":""},"class_list":["post-1141","page","type-page","status-publish","hentry","description-off"],"yoast_head":"<!-- This site is optimized with the Yoast SEO plugin v27.4 - https:\/\/yoast.com\/product\/yoast-seo-wordpress\/ -->\n<title>Mapa del sitio web Th\u00e9 Gourmand, tienda online.<\/title>\n<meta name=\"description\" content=\"Encuentra todas las p\u00e1ginas que componen la web de Th\u00e9 Gourmand, venta online de t\u00e9, infusiones y rooibos.\" \/>\n<meta name=\"robots\" content=\"index, follow, max-snippet:-1, max-image-preview:large, max-video-preview:-1\" \/>\n<link rel=\"canonical\" href=\"https:\/\/www.the-gourmand.com\/es\/plano-del-sitio\/\" \/>\n<meta property=\"og:locale\" content=\"es_ES\" \/>\n<meta property=\"og:type\" content=\"article\" \/>\n<meta property=\"og:title\" content=\"Mapa del sitio web Th\u00e9 Gourmand, tienda online.\" \/>\n<meta property=\"og:description\" content=\"Encuentra todas las p\u00e1ginas que componen la web de Th\u00e9 Gourmand, venta online de t\u00e9, infusiones y rooibos.\" \/>\n<meta property=\"og:url\" content=\"https:\/\/www.the-gourmand.com\/es\/plano-del-sitio\/\" \/>\n<meta property=\"og:site_name\" content=\"Th\u00e9 Gourmand\" \/>\n<meta property=\"article:modified_time\" content=\"2022-05-25T08:42:02+00:00\" \/>\n<meta name=\"twitter:card\" content=\"summary_large_image\" \/>\n<script type=\"application\/ld+json\" class=\"yoast-schema-graph\">{\"@context\":\"https:\\\/\\\/schema.org\",\"@graph\":[{\"@type\":\"WebPage\",\"@id\":\"https:\\\/\\\/www.the-gourmand.com\\\/es\\\/plano-del-sitio\\\/\",\"url\":\"https:\\\/\\\/www.the-gourmand.com\\\/es\\\/plano-del-sitio\\\/\",\"name\":\"Mapa del sitio web Th\u00e9 Gourmand, tienda online.\",\"isPartOf\":{\"@id\":\"https:\\\/\\\/www.the-gourmand.com\\\/es\\\/#website\"},\"datePublished\":\"2022-03-02T15:55:15+00:00\",\"dateModified\":\"2022-05-25T08:42:02+00:00\",\"description\":\"Encuentra todas las p\u00e1ginas que componen la web de Th\u00e9 Gourmand, venta online de t\u00e9, infusiones y rooibos.\",\"breadcrumb\":{\"@id\":\"https:\\\/\\\/www.the-gourmand.com\\\/es\\\/plano-del-sitio\\\/#breadcrumb\"},\"inLanguage\":\"es\",\"potentialAction\":[{\"@type\":\"ReadAction\",\"target\":[\"https:\\\/\\\/www.the-gourmand.com\\\/es\\\/plano-del-sitio\\\/\"]}]},{\"@type\":\"BreadcrumbList\",\"@id\":\"https:\\\/\\\/www.the-gourmand.com\\\/es\\\/plano-del-sitio\\\/#breadcrumb\",\"itemListElement\":[{\"@type\":\"ListItem\",\"position\":1,\"name\":\"Accueil\",\"item\":\"https:\\\/\\\/www.the-gourmand.com\\\/es\\\/\"},{\"@type\":\"ListItem\",\"position\":2,\"name\":\"Plano del sitio\"}]},{\"@type\":\"WebSite\",\"@id\":\"https:\\\/\\\/www.the-gourmand.com\\\/es\\\/#website\",\"url\":\"https:\\\/\\\/www.the-gourmand.com\\\/es\\\/\",\"name\":\"Th\u00e9 Gourmand\",\"description\":\"Boutique en ligne de th\u00e9s.\",\"publisher\":{\"@id\":\"https:\\\/\\\/www.the-gourmand.com\\\/es\\\/#organization\"},\"potentialAction\":[{\"@type\":\"SearchAction\",\"target\":{\"@type\":\"EntryPoint\",\"urlTemplate\":\"https:\\\/\\\/www.the-gourmand.com\\\/es\\\/?s={search_term_string}\"},\"query-input\":{\"@type\":\"PropertyValueSpecification\",\"valueRequired\":true,\"valueName\":\"search_term_string\"}}],\"inLanguage\":\"es\"},{\"@type\":\"Organization\",\"@id\":\"https:\\\/\\\/www.the-gourmand.com\\\/es\\\/#organization\",\"name\":\"Th\u00e9 Gourmand\",\"url\":\"https:\\\/\\\/www.the-gourmand.com\\\/es\\\/\",\"logo\":{\"@type\":\"ImageObject\",\"inLanguage\":\"es\",\"@id\":\"https:\\\/\\\/www.the-gourmand.com\\\/es\\\/#\\\/schema\\\/logo\\\/image\\\/\",\"url\":\"https:\\\/\\\/www.the-gourmand.com\\\/wp-content\\\/uploads\\\/2022\\\/02\\\/logo-the-gourmand-320x132px.png\",\"contentUrl\":\"https:\\\/\\\/www.the-gourmand.com\\\/wp-content\\\/uploads\\\/2022\\\/02\\\/logo-the-gourmand-320x132px.png\",\"width\":320,\"height\":132,\"caption\":\"Th\u00e9 Gourmand\"},\"image\":{\"@id\":\"https:\\\/\\\/www.the-gourmand.com\\\/es\\\/#\\\/schema\\\/logo\\\/image\\\/\"}}]}<\/script>\n<!-- \/ Yoast SEO plugin. -->","yoast_head_json":{"title":"Mapa del sitio web Th\u00e9 Gourmand, tienda online.","description":"Encuentra todas las p\u00e1ginas que componen la web de Th\u00e9 Gourmand, venta online de t\u00e9, infusiones y rooibos.","robots":{"index":"index","follow":"follow","max-snippet":"max-snippet:-1","max-image-preview":"max-image-preview:large","max-video-preview":"max-video-preview:-1"},"canonical":"https:\/\/www.the-gourmand.com\/es\/plano-del-sitio\/","og_locale":"es_ES","og_type":"article","og_title":"Mapa del sitio web Th\u00e9 Gourmand, tienda online.","og_description":"Encuentra todas las p\u00e1ginas que componen la web de Th\u00e9 Gourmand, venta online de t\u00e9, infusiones y rooibos.","og_url":"https:\/\/www.the-gourmand.com\/es\/plano-del-sitio\/","og_site_name":"Th\u00e9 Gourmand","article_modified_time":"2022-05-25T08:42:02+00:00","twitter_card":"summary_large_image","schema":{"@context":"https:\/\/schema.org","@graph":[{"@type":"WebPage","@id":"https:\/\/www.the-gourmand.com\/es\/plano-del-sitio\/","url":"https:\/\/www.the-gourmand.com\/es\/plano-del-sitio\/","name":"Mapa del sitio web Th\u00e9 Gourmand, tienda online.","isPartOf":{"@id":"https:\/\/www.the-gourmand.com\/es\/#website"},"datePublished":"2022-03-02T15:55:15+00:00","dateModified":"2022-05-25T08:42:02+00:00","description":"Encuentra todas las p\u00e1ginas que componen la web de Th\u00e9 Gourmand, venta online de t\u00e9, infusiones y rooibos.","breadcrumb":{"@id":"https:\/\/www.the-gourmand.com\/es\/plano-del-sitio\/#breadcrumb"},"inLanguage":"es","potentialAction":[{"@type":"ReadAction","target":["https:\/\/www.the-gourmand.com\/es\/plano-del-sitio\/"]}]},{"@type":"BreadcrumbList","@id":"https:\/\/www.the-gourmand.com\/es\/plano-del-sitio\/#breadcrumb","itemListElement":[{"@type":"ListItem","position":1,"name":"Accueil","item":"https:\/\/www.the-gourmand.com\/es\/"},{"@type":"ListItem","position":2,"name":"Plano del sitio"}]},{"@type":"WebSite","@id":"https:\/\/www.the-gourmand.com\/es\/#website","url":"https:\/\/www.the-gourmand.com\/es\/","name":"Th\u00e9 Gourmand","description":"Boutique en ligne de th\u00e9s.","publisher":{"@id":"https:\/\/www.the-gourmand.com\/es\/#organization"},"potentialAction":[{"@type":"SearchAction","target":{"@type":"EntryPoint","urlTemplate":"https:\/\/www.the-gourmand.com\/es\/?s={search_term_string}"},"query-input":{"@type":"PropertyValueSpecification","valueRequired":true,"valueName":"search_term_string"}}],"inLanguage":"es"},{"@type":"Organization","@id":"https:\/\/www.the-gourmand.com\/es\/#organization","name":"Th\u00e9 Gourmand","url":"https:\/\/www.the-gourmand.com\/es\/","logo":{"@type":"ImageObject","inLanguage":"es","@id":"https:\/\/www.the-gourmand.com\/es\/#\/schema\/logo\/image\/","url":"https:\/\/www.the-gourmand.com\/wp-content\/uploads\/2022\/02\/logo-the-gourmand-320x132px.png","contentUrl":"https:\/\/www.the-gourmand.com\/wp-content\/uploads\/2022\/02\/logo-the-gourmand-320x132px.png","width":320,"height":132,"caption":"Th\u00e9 Gourmand"},"image":{"@id":"https:\/\/www.the-gourmand.com\/es\/#\/schema\/logo\/image\/"}}]}},"_links":{"self":[{"href":"https:\/\/www.the-gourmand.com\/es\/wp-json\/wp\/v2\/pages\/1141","targetHints":{"allow":["GET"]}}],"collection":[{"href":"https:\/\/www.the-gourmand.com\/es\/wp-json\/wp\/v2\/pages"}],"about":[{"href":"https:\/\/www.the-gourmand.com\/es\/wp-json\/wp\/v2\/types\/page"}],"author":[{"embeddable":true,"href":"https:\/\/www.the-gourmand.com\/es\/wp-json\/wp\/v2\/users\/1"}],"replies":[{"embeddable":true,"href":"https:\/\/www.the-gourmand.com\/es\/wp-json\/wp\/v2\/comments?post=1141"}],"version-history":[{"count":1,"href":"https:\/\/www.the-gourmand.com\/es\/wp-json\/wp\/v2\/pages\/1141\/revisions"}],"predecessor-version":[{"id":1517,"href":"https:\/\/www.the-gourmand.com\/es\/wp-json\/wp\/v2\/pages\/1141\/revisions\/1517"}],"wp:attachment":[{"href":"https:\/\/www.the-gourmand.com\/es\/wp-json\/wp\/v2\/media?parent=1141"}],"curies":[{"name":"wp","href":"https:\/\/api.w.org\/{rel}","templated":true}]}}