{"id":1086,"date":"2022-02-28T14:45:05","date_gmt":"2022-02-28T13:45:05","guid":{"rendered":"https:\/\/www.the-gourmand.com\/sus-opiniones\/"},"modified":"2022-05-25T10:05:55","modified_gmt":"2022-05-25T08:05:55","slug":"sus-opiniones","status":"publish","type":"page","link":"https:\/\/www.the-gourmand.com\/es\/sus-opiniones\/","title":{"rendered":"Sus Opiniones"},"content":{"rendered":"","protected":false},"excerpt":{"rendered":"","protected":false},"author":1,"featured_media":0,"parent":0,"menu_order":0,"comment_status":"closed","ping_status":"closed","template":"","meta":{"footnotes":""},"class_list":["post-1086","page","type-page","status-publish","hentry","description-off"],"yoast_head":"<!-- This site is optimized with the Yoast SEO plugin v27.4 - https:\/\/yoast.com\/product\/yoast-seo-wordpress\/ -->\n<title>Descubra las opiniones de los clientes de la tienda Th\u00e9 Gourmand.<\/title>\n<meta name=\"description\" content=\"\u00bfCu\u00e1l es el mejor t\u00e9? Encuentre los que m\u00e1s le convengan gracias a las opiniones dejadas en l\u00ednea por los clientes de Th\u00e9 Groumant\" \/>\n<meta name=\"robots\" content=\"index, follow, max-snippet:-1, max-image-preview:large, max-video-preview:-1\" \/>\n<link rel=\"canonical\" href=\"https:\/\/www.the-gourmand.com\/es\/sus-opiniones\/\" \/>\n<meta property=\"og:locale\" content=\"es_ES\" \/>\n<meta property=\"og:type\" content=\"article\" \/>\n<meta property=\"og:title\" content=\"Descubra las opiniones de los clientes de la tienda Th\u00e9 Gourmand.\" \/>\n<meta property=\"og:description\" content=\"\u00bfCu\u00e1l es el mejor t\u00e9? Encuentre los que m\u00e1s le convengan gracias a las opiniones dejadas en l\u00ednea por los clientes de Th\u00e9 Groumant\" \/>\n<meta property=\"og:url\" content=\"https:\/\/www.the-gourmand.com\/es\/sus-opiniones\/\" \/>\n<meta property=\"og:site_name\" content=\"Th\u00e9 Gourmand\" \/>\n<meta property=\"article:modified_time\" content=\"2022-05-25T08:05:55+00:00\" \/>\n<meta name=\"twitter:card\" content=\"summary_large_image\" \/>\n<script type=\"application\/ld+json\" class=\"yoast-schema-graph\">{\"@context\":\"https:\\\/\\\/schema.org\",\"@graph\":[{\"@type\":\"WebPage\",\"@id\":\"https:\\\/\\\/www.the-gourmand.com\\\/es\\\/sus-opiniones\\\/\",\"url\":\"https:\\\/\\\/www.the-gourmand.com\\\/es\\\/sus-opiniones\\\/\",\"name\":\"Descubra las opiniones de los clientes de la tienda Th\u00e9 Gourmand.\",\"isPartOf\":{\"@id\":\"https:\\\/\\\/www.the-gourmand.com\\\/es\\\/#website\"},\"datePublished\":\"2022-02-28T13:45:05+00:00\",\"dateModified\":\"2022-05-25T08:05:55+00:00\",\"description\":\"\u00bfCu\u00e1l es el mejor t\u00e9? Encuentre los que m\u00e1s le convengan gracias a las opiniones dejadas en l\u00ednea por los clientes de Th\u00e9 Groumant\",\"breadcrumb\":{\"@id\":\"https:\\\/\\\/www.the-gourmand.com\\\/es\\\/sus-opiniones\\\/#breadcrumb\"},\"inLanguage\":\"es\",\"potentialAction\":[{\"@type\":\"ReadAction\",\"target\":[\"https:\\\/\\\/www.the-gourmand.com\\\/es\\\/sus-opiniones\\\/\"]}]},{\"@type\":\"BreadcrumbList\",\"@id\":\"https:\\\/\\\/www.the-gourmand.com\\\/es\\\/sus-opiniones\\\/#breadcrumb\",\"itemListElement\":[{\"@type\":\"ListItem\",\"position\":1,\"name\":\"Accueil\",\"item\":\"https:\\\/\\\/www.the-gourmand.com\\\/es\\\/\"},{\"@type\":\"ListItem\",\"position\":2,\"name\":\"Sus Opiniones\"}]},{\"@type\":\"WebSite\",\"@id\":\"https:\\\/\\\/www.the-gourmand.com\\\/es\\\/#website\",\"url\":\"https:\\\/\\\/www.the-gourmand.com\\\/es\\\/\",\"name\":\"Th\u00e9 Gourmand\",\"description\":\"Boutique en ligne de th\u00e9s.\",\"publisher\":{\"@id\":\"https:\\\/\\\/www.the-gourmand.com\\\/es\\\/#organization\"},\"potentialAction\":[{\"@type\":\"SearchAction\",\"target\":{\"@type\":\"EntryPoint\",\"urlTemplate\":\"https:\\\/\\\/www.the-gourmand.com\\\/es\\\/?s={search_term_string}\"},\"query-input\":{\"@type\":\"PropertyValueSpecification\",\"valueRequired\":true,\"valueName\":\"search_term_string\"}}],\"inLanguage\":\"es\"},{\"@type\":\"Organization\",\"@id\":\"https:\\\/\\\/www.the-gourmand.com\\\/es\\\/#organization\",\"name\":\"Th\u00e9 Gourmand\",\"url\":\"https:\\\/\\\/www.the-gourmand.com\\\/es\\\/\",\"logo\":{\"@type\":\"ImageObject\",\"inLanguage\":\"es\",\"@id\":\"https:\\\/\\\/www.the-gourmand.com\\\/es\\\/#\\\/schema\\\/logo\\\/image\\\/\",\"url\":\"https:\\\/\\\/www.the-gourmand.com\\\/wp-content\\\/uploads\\\/2022\\\/02\\\/logo-the-gourmand-320x132px.png\",\"contentUrl\":\"https:\\\/\\\/www.the-gourmand.com\\\/wp-content\\\/uploads\\\/2022\\\/02\\\/logo-the-gourmand-320x132px.png\",\"width\":320,\"height\":132,\"caption\":\"Th\u00e9 Gourmand\"},\"image\":{\"@id\":\"https:\\\/\\\/www.the-gourmand.com\\\/es\\\/#\\\/schema\\\/logo\\\/image\\\/\"}}]}<\/script>\n<!-- \/ Yoast SEO plugin. -->","yoast_head_json":{"title":"Descubra las opiniones de los clientes de la tienda Th\u00e9 Gourmand.","description":"\u00bfCu\u00e1l es el mejor t\u00e9? Encuentre los que m\u00e1s le convengan gracias a las opiniones dejadas en l\u00ednea por los clientes de Th\u00e9 Groumant","robots":{"index":"index","follow":"follow","max-snippet":"max-snippet:-1","max-image-preview":"max-image-preview:large","max-video-preview":"max-video-preview:-1"},"canonical":"https:\/\/www.the-gourmand.com\/es\/sus-opiniones\/","og_locale":"es_ES","og_type":"article","og_title":"Descubra las opiniones de los clientes de la tienda Th\u00e9 Gourmand.","og_description":"\u00bfCu\u00e1l es el mejor t\u00e9? Encuentre los que m\u00e1s le convengan gracias a las opiniones dejadas en l\u00ednea por los clientes de Th\u00e9 Groumant","og_url":"https:\/\/www.the-gourmand.com\/es\/sus-opiniones\/","og_site_name":"Th\u00e9 Gourmand","article_modified_time":"2022-05-25T08:05:55+00:00","twitter_card":"summary_large_image","schema":{"@context":"https:\/\/schema.org","@graph":[{"@type":"WebPage","@id":"https:\/\/www.the-gourmand.com\/es\/sus-opiniones\/","url":"https:\/\/www.the-gourmand.com\/es\/sus-opiniones\/","name":"Descubra las opiniones de los clientes de la tienda Th\u00e9 Gourmand.","isPartOf":{"@id":"https:\/\/www.the-gourmand.com\/es\/#website"},"datePublished":"2022-02-28T13:45:05+00:00","dateModified":"2022-05-25T08:05:55+00:00","description":"\u00bfCu\u00e1l es el mejor t\u00e9? Encuentre los que m\u00e1s le convengan gracias a las opiniones dejadas en l\u00ednea por los clientes de Th\u00e9 Groumant","breadcrumb":{"@id":"https:\/\/www.the-gourmand.com\/es\/sus-opiniones\/#breadcrumb"},"inLanguage":"es","potentialAction":[{"@type":"ReadAction","target":["https:\/\/www.the-gourmand.com\/es\/sus-opiniones\/"]}]},{"@type":"BreadcrumbList","@id":"https:\/\/www.the-gourmand.com\/es\/sus-opiniones\/#breadcrumb","itemListElement":[{"@type":"ListItem","position":1,"name":"Accueil","item":"https:\/\/www.the-gourmand.com\/es\/"},{"@type":"ListItem","position":2,"name":"Sus Opiniones"}]},{"@type":"WebSite","@id":"https:\/\/www.the-gourmand.com\/es\/#website","url":"https:\/\/www.the-gourmand.com\/es\/","name":"Th\u00e9 Gourmand","description":"Boutique en ligne de th\u00e9s.","publisher":{"@id":"https:\/\/www.the-gourmand.com\/es\/#organization"},"potentialAction":[{"@type":"SearchAction","target":{"@type":"EntryPoint","urlTemplate":"https:\/\/www.the-gourmand.com\/es\/?s={search_term_string}"},"query-input":{"@type":"PropertyValueSpecification","valueRequired":true,"valueName":"search_term_string"}}],"inLanguage":"es"},{"@type":"Organization","@id":"https:\/\/www.the-gourmand.com\/es\/#organization","name":"Th\u00e9 Gourmand","url":"https:\/\/www.the-gourmand.com\/es\/","logo":{"@type":"ImageObject","inLanguage":"es","@id":"https:\/\/www.the-gourmand.com\/es\/#\/schema\/logo\/image\/","url":"https:\/\/www.the-gourmand.com\/wp-content\/uploads\/2022\/02\/logo-the-gourmand-320x132px.png","contentUrl":"https:\/\/www.the-gourmand.com\/wp-content\/uploads\/2022\/02\/logo-the-gourmand-320x132px.png","width":320,"height":132,"caption":"Th\u00e9 Gourmand"},"image":{"@id":"https:\/\/www.the-gourmand.com\/es\/#\/schema\/logo\/image\/"}}]}},"_links":{"self":[{"href":"https:\/\/www.the-gourmand.com\/es\/wp-json\/wp\/v2\/pages\/1086","targetHints":{"allow":["GET"]}}],"collection":[{"href":"https:\/\/www.the-gourmand.com\/es\/wp-json\/wp\/v2\/pages"}],"about":[{"href":"https:\/\/www.the-gourmand.com\/es\/wp-json\/wp\/v2\/types\/page"}],"author":[{"embeddable":true,"href":"https:\/\/www.the-gourmand.com\/es\/wp-json\/wp\/v2\/users\/1"}],"replies":[{"embeddable":true,"href":"https:\/\/www.the-gourmand.com\/es\/wp-json\/wp\/v2\/comments?post=1086"}],"version-history":[{"count":1,"href":"https:\/\/www.the-gourmand.com\/es\/wp-json\/wp\/v2\/pages\/1086\/revisions"}],"predecessor-version":[{"id":1508,"href":"https:\/\/www.the-gourmand.com\/es\/wp-json\/wp\/v2\/pages\/1086\/revisions\/1508"}],"wp:attachment":[{"href":"https:\/\/www.the-gourmand.com\/es\/wp-json\/wp\/v2\/media?parent=1086"}],"curies":[{"name":"wp","href":"https:\/\/api.w.org\/{rel}","templated":true}]}}