{"id":6661,"date":"2025-09-20T15:00:40","date_gmt":"2025-09-20T13:00:40","guid":{"rendered":"https:\/\/www.the-gourmand.com\/?post_type=product&#038;p=6661"},"modified":"2025-09-20T15:18:26","modified_gmt":"2025-09-20T13:18:26","slug":"l-ete-indien","status":"publish","type":"product","link":"https:\/\/www.the-gourmand.com\/en\/produit\/l-ete-indien\/","title":{"rendered":"l&#8217;\u00c9t\u00e9 Indien"},"content":{"rendered":"<p><span style=\"color: #000000;\">In North America, when in the middle or end of autumn there is a period of abnormally mild temperatures with sunny weather, cool nights and morning fog, we say that there is an <strong>&#8220;Indian Summer&#8221;, <\/strong>and we let ourselves be caressed by these mild days that fill us with strength to enter winter.\u00a0 That&#8217;s why our autumn aroma infusion is called that, because it caresses us to prepare us for winter.\u00a0 Apple, maple, ginger combine perfectly and enchant us. The right cup to accompany us and make us smile despite everything!<\/span><\/p>\n<p><span style=\"color: #000000;\"> <strong>Ingredients:<\/strong>\u00a0 diced ginger, apple pieces, silver linden flowers, rosehip bark, Rooibos, sweet blackberry leaves, maple syrup.<\/span><\/p>\n","protected":false},"excerpt":{"rendered":"<p><strong>Theine level:<\/strong><\/p>\n<p><img loading=\"lazy\" decoding=\"async\" class=\"alignnone wp-image-208 size-full\" src=\"https:\/\/www.the-gourmand.com\/wp-content\/uploads\/2022\/03\/taux-de-theine-0-100x320px.png\" alt=\"\" width=\"291\" height=\"88\" \/><\/p>\n<p><span style=\"color: #000000;\">Apple, maple, ginger combine perfectly and enchant us. The right cup to accompany us and make us smile despite everything!<\/span><\/p>\n<p><span style=\"color: #000000;\"><strong>Ingredients:<\/strong>\u00a0 diced ginger, apple pieces, silver linden flowers, rosehip bark, Rooibos, sweet blackberry leaves, maple syrup.<\/span><\/p>\n<p>&nbsp;<\/p>\n","protected":false},"featured_media":6672,"comment_status":"open","ping_status":"closed","template":"","meta":[],"product_brand":[],"product_cat":[175,306,177],"product_tag":[],"class_list":{"0":"post-6661","1":"product","2":"type-product","3":"status-publish","4":"has-post-thumbnail","6":"product_cat-fruits-infusions","7":"product_cat-infusions-en","8":"product_cat-rooibos","9":"description-off","11":"first","12":"instock","13":"shipping-taxable","14":"purchasable","15":"product-type-variable"},"yoast_head":"<!-- This site is optimized with the Yoast SEO plugin v27.4 - https:\/\/yoast.com\/product\/yoast-seo-wordpress\/ -->\n<title>L&#039;\u00c9t\u00e9 Indien - Th\u00e9 Gourmand<\/title>\n<meta name=\"description\" content=\"Apple, maple, ginger combine perfectly and enchant us. The right cup to accompany us and make us smile despite everything!\" \/>\n<meta name=\"robots\" content=\"index, follow, max-snippet:-1, max-image-preview:large, max-video-preview:-1\" \/>\n<link rel=\"canonical\" href=\"https:\/\/www.the-gourmand.com\/en\/produit\/l-ete-indien\/\" \/>\n<meta property=\"og:locale\" content=\"en_US\" \/>\n<meta property=\"og:type\" content=\"article\" \/>\n<meta property=\"og:title\" content=\"L&#039;\u00c9t\u00e9 Indien - Th\u00e9 Gourmand\" \/>\n<meta property=\"og:description\" content=\"Apple, maple, ginger combine perfectly and enchant us. The right cup to accompany us and make us smile despite everything!\" \/>\n<meta property=\"og:url\" content=\"https:\/\/www.the-gourmand.com\/en\/produit\/l-ete-indien\/\" \/>\n<meta property=\"og:site_name\" content=\"Th\u00e9 Gourmand\" \/>\n<meta property=\"article:modified_time\" content=\"2025-09-20T13:18:26+00:00\" \/>\n<meta property=\"og:image\" content=\"https:\/\/www.the-gourmand.com\/wp-content\/uploads\/2025\/09\/LETE-INDIEN.jpeg\" \/>\n\t<meta property=\"og:image:width\" content=\"2000\" \/>\n\t<meta property=\"og:image:height\" content=\"2000\" \/>\n\t<meta property=\"og:image:type\" content=\"image\/jpeg\" \/>\n<meta name=\"twitter:card\" content=\"summary_large_image\" \/>\n<meta name=\"twitter:label1\" content=\"Est. reading time\" \/>\n\t<meta name=\"twitter:data1\" content=\"1 minute\" \/>\n<script type=\"application\/ld+json\" class=\"yoast-schema-graph\">{\"@context\":\"https:\\\/\\\/schema.org\",\"@graph\":[{\"@type\":\"WebPage\",\"@id\":\"https:\\\/\\\/www.the-gourmand.com\\\/en\\\/produit\\\/l-ete-indien\\\/\",\"url\":\"https:\\\/\\\/www.the-gourmand.com\\\/en\\\/produit\\\/l-ete-indien\\\/\",\"name\":\"L'\u00c9t\u00e9 Indien - Th\u00e9 Gourmand\",\"isPartOf\":{\"@id\":\"https:\\\/\\\/www.the-gourmand.com\\\/en\\\/#website\"},\"primaryImageOfPage\":{\"@id\":\"https:\\\/\\\/www.the-gourmand.com\\\/en\\\/produit\\\/l-ete-indien\\\/#primaryimage\"},\"image\":{\"@id\":\"https:\\\/\\\/www.the-gourmand.com\\\/en\\\/produit\\\/l-ete-indien\\\/#primaryimage\"},\"thumbnailUrl\":\"https:\\\/\\\/www.the-gourmand.com\\\/wp-content\\\/uploads\\\/2025\\\/09\\\/LETE-INDIEN.jpeg\",\"datePublished\":\"2025-09-20T13:00:40+00:00\",\"dateModified\":\"2025-09-20T13:18:26+00:00\",\"description\":\"Apple, maple, ginger combine perfectly and enchant us. The right cup to accompany us and make us smile despite everything!\",\"breadcrumb\":{\"@id\":\"https:\\\/\\\/www.the-gourmand.com\\\/en\\\/produit\\\/l-ete-indien\\\/#breadcrumb\"},\"inLanguage\":\"en-US\",\"potentialAction\":[{\"@type\":\"ReadAction\",\"target\":[\"https:\\\/\\\/www.the-gourmand.com\\\/en\\\/produit\\\/l-ete-indien\\\/\"]}]},{\"@type\":\"ImageObject\",\"inLanguage\":\"en-US\",\"@id\":\"https:\\\/\\\/www.the-gourmand.com\\\/en\\\/produit\\\/l-ete-indien\\\/#primaryimage\",\"url\":\"https:\\\/\\\/www.the-gourmand.com\\\/wp-content\\\/uploads\\\/2025\\\/09\\\/LETE-INDIEN.jpeg\",\"contentUrl\":\"https:\\\/\\\/www.the-gourmand.com\\\/wp-content\\\/uploads\\\/2025\\\/09\\\/LETE-INDIEN.jpeg\",\"width\":2000,\"height\":2000},{\"@type\":\"BreadcrumbList\",\"@id\":\"https:\\\/\\\/www.the-gourmand.com\\\/en\\\/produit\\\/l-ete-indien\\\/#breadcrumb\",\"itemListElement\":[{\"@type\":\"ListItem\",\"position\":1,\"name\":\"Accueil\",\"item\":\"https:\\\/\\\/www.the-gourmand.com\\\/en\\\/\"},{\"@type\":\"ListItem\",\"position\":2,\"name\":\"Products\",\"item\":\"https:\\\/\\\/www.the-gourmand.com\\\/en\\\/shop\\\/\"},{\"@type\":\"ListItem\",\"position\":3,\"name\":\"l&rsquo;\u00c9t\u00e9 Indien\"}]},{\"@type\":\"WebSite\",\"@id\":\"https:\\\/\\\/www.the-gourmand.com\\\/en\\\/#website\",\"url\":\"https:\\\/\\\/www.the-gourmand.com\\\/en\\\/\",\"name\":\"Th\u00e9 Gourmand\",\"description\":\"Boutique en ligne de th\u00e9s.\",\"publisher\":{\"@id\":\"https:\\\/\\\/www.the-gourmand.com\\\/en\\\/#organization\"},\"potentialAction\":[{\"@type\":\"SearchAction\",\"target\":{\"@type\":\"EntryPoint\",\"urlTemplate\":\"https:\\\/\\\/www.the-gourmand.com\\\/en\\\/?s={search_term_string}\"},\"query-input\":{\"@type\":\"PropertyValueSpecification\",\"valueRequired\":true,\"valueName\":\"search_term_string\"}}],\"inLanguage\":\"en-US\"},{\"@type\":\"Organization\",\"@id\":\"https:\\\/\\\/www.the-gourmand.com\\\/en\\\/#organization\",\"name\":\"Th\u00e9 Gourmand\",\"url\":\"https:\\\/\\\/www.the-gourmand.com\\\/en\\\/\",\"logo\":{\"@type\":\"ImageObject\",\"inLanguage\":\"en-US\",\"@id\":\"https:\\\/\\\/www.the-gourmand.com\\\/en\\\/#\\\/schema\\\/logo\\\/image\\\/\",\"url\":\"https:\\\/\\\/www.the-gourmand.com\\\/wp-content\\\/uploads\\\/2022\\\/02\\\/logo-the-gourmand-320x132px.png\",\"contentUrl\":\"https:\\\/\\\/www.the-gourmand.com\\\/wp-content\\\/uploads\\\/2022\\\/02\\\/logo-the-gourmand-320x132px.png\",\"width\":320,\"height\":132,\"caption\":\"Th\u00e9 Gourmand\"},\"image\":{\"@id\":\"https:\\\/\\\/www.the-gourmand.com\\\/en\\\/#\\\/schema\\\/logo\\\/image\\\/\"}}]}<\/script>\n<!-- \/ Yoast SEO plugin. -->","yoast_head_json":{"title":"L'\u00c9t\u00e9 Indien - Th\u00e9 Gourmand","description":"Apple, maple, ginger combine perfectly and enchant us. The right cup to accompany us and make us smile despite everything!","robots":{"index":"index","follow":"follow","max-snippet":"max-snippet:-1","max-image-preview":"max-image-preview:large","max-video-preview":"max-video-preview:-1"},"canonical":"https:\/\/www.the-gourmand.com\/en\/produit\/l-ete-indien\/","og_locale":"en_US","og_type":"article","og_title":"L'\u00c9t\u00e9 Indien - Th\u00e9 Gourmand","og_description":"Apple, maple, ginger combine perfectly and enchant us. The right cup to accompany us and make us smile despite everything!","og_url":"https:\/\/www.the-gourmand.com\/en\/produit\/l-ete-indien\/","og_site_name":"Th\u00e9 Gourmand","article_modified_time":"2025-09-20T13:18:26+00:00","og_image":[{"width":2000,"height":2000,"url":"https:\/\/www.the-gourmand.com\/wp-content\/uploads\/2025\/09\/LETE-INDIEN.jpeg","type":"image\/jpeg"}],"twitter_card":"summary_large_image","twitter_misc":{"Est. reading time":"1 minute"},"schema":{"@context":"https:\/\/schema.org","@graph":[{"@type":"WebPage","@id":"https:\/\/www.the-gourmand.com\/en\/produit\/l-ete-indien\/","url":"https:\/\/www.the-gourmand.com\/en\/produit\/l-ete-indien\/","name":"L'\u00c9t\u00e9 Indien - Th\u00e9 Gourmand","isPartOf":{"@id":"https:\/\/www.the-gourmand.com\/en\/#website"},"primaryImageOfPage":{"@id":"https:\/\/www.the-gourmand.com\/en\/produit\/l-ete-indien\/#primaryimage"},"image":{"@id":"https:\/\/www.the-gourmand.com\/en\/produit\/l-ete-indien\/#primaryimage"},"thumbnailUrl":"https:\/\/www.the-gourmand.com\/wp-content\/uploads\/2025\/09\/LETE-INDIEN.jpeg","datePublished":"2025-09-20T13:00:40+00:00","dateModified":"2025-09-20T13:18:26+00:00","description":"Apple, maple, ginger combine perfectly and enchant us. The right cup to accompany us and make us smile despite everything!","breadcrumb":{"@id":"https:\/\/www.the-gourmand.com\/en\/produit\/l-ete-indien\/#breadcrumb"},"inLanguage":"en-US","potentialAction":[{"@type":"ReadAction","target":["https:\/\/www.the-gourmand.com\/en\/produit\/l-ete-indien\/"]}]},{"@type":"ImageObject","inLanguage":"en-US","@id":"https:\/\/www.the-gourmand.com\/en\/produit\/l-ete-indien\/#primaryimage","url":"https:\/\/www.the-gourmand.com\/wp-content\/uploads\/2025\/09\/LETE-INDIEN.jpeg","contentUrl":"https:\/\/www.the-gourmand.com\/wp-content\/uploads\/2025\/09\/LETE-INDIEN.jpeg","width":2000,"height":2000},{"@type":"BreadcrumbList","@id":"https:\/\/www.the-gourmand.com\/en\/produit\/l-ete-indien\/#breadcrumb","itemListElement":[{"@type":"ListItem","position":1,"name":"Accueil","item":"https:\/\/www.the-gourmand.com\/en\/"},{"@type":"ListItem","position":2,"name":"Products","item":"https:\/\/www.the-gourmand.com\/en\/shop\/"},{"@type":"ListItem","position":3,"name":"l&rsquo;\u00c9t\u00e9 Indien"}]},{"@type":"WebSite","@id":"https:\/\/www.the-gourmand.com\/en\/#website","url":"https:\/\/www.the-gourmand.com\/en\/","name":"Th\u00e9 Gourmand","description":"Boutique en ligne de th\u00e9s.","publisher":{"@id":"https:\/\/www.the-gourmand.com\/en\/#organization"},"potentialAction":[{"@type":"SearchAction","target":{"@type":"EntryPoint","urlTemplate":"https:\/\/www.the-gourmand.com\/en\/?s={search_term_string}"},"query-input":{"@type":"PropertyValueSpecification","valueRequired":true,"valueName":"search_term_string"}}],"inLanguage":"en-US"},{"@type":"Organization","@id":"https:\/\/www.the-gourmand.com\/en\/#organization","name":"Th\u00e9 Gourmand","url":"https:\/\/www.the-gourmand.com\/en\/","logo":{"@type":"ImageObject","inLanguage":"en-US","@id":"https:\/\/www.the-gourmand.com\/en\/#\/schema\/logo\/image\/","url":"https:\/\/www.the-gourmand.com\/wp-content\/uploads\/2022\/02\/logo-the-gourmand-320x132px.png","contentUrl":"https:\/\/www.the-gourmand.com\/wp-content\/uploads\/2022\/02\/logo-the-gourmand-320x132px.png","width":320,"height":132,"caption":"Th\u00e9 Gourmand"},"image":{"@id":"https:\/\/www.the-gourmand.com\/en\/#\/schema\/logo\/image\/"}}]}},"_links":{"self":[{"href":"https:\/\/www.the-gourmand.com\/en\/wp-json\/wp\/v2\/product\/6661","targetHints":{"allow":["GET"]}}],"collection":[{"href":"https:\/\/www.the-gourmand.com\/en\/wp-json\/wp\/v2\/product"}],"about":[{"href":"https:\/\/www.the-gourmand.com\/en\/wp-json\/wp\/v2\/types\/product"}],"replies":[{"embeddable":true,"href":"https:\/\/www.the-gourmand.com\/en\/wp-json\/wp\/v2\/comments?post=6661"}],"wp:featuredmedia":[{"embeddable":true,"href":"https:\/\/www.the-gourmand.com\/en\/wp-json\/wp\/v2\/media\/6672"}],"wp:attachment":[{"href":"https:\/\/www.the-gourmand.com\/en\/wp-json\/wp\/v2\/media?parent=6661"}],"wp:term":[{"taxonomy":"product_brand","embeddable":true,"href":"https:\/\/www.the-gourmand.com\/en\/wp-json\/wp\/v2\/product_brand?post=6661"},{"taxonomy":"product_cat","embeddable":true,"href":"https:\/\/www.the-gourmand.com\/en\/wp-json\/wp\/v2\/product_cat?post=6661"},{"taxonomy":"product_tag","embeddable":true,"href":"https:\/\/www.the-gourmand.com\/en\/wp-json\/wp\/v2\/product_tag?post=6661"}],"curies":[{"name":"wp","href":"https:\/\/api.w.org\/{rel}","templated":true}]}}