{"id":1749,"date":"2022-05-30T19:17:27","date_gmt":"2022-05-30T17:17:27","guid":{"rendered":"https:\/\/www.the-gourmand.com\/?post_type=product&#038;p=1749"},"modified":"2025-10-10T16:54:18","modified_gmt":"2025-10-10T14:54:18","slug":"citron-de-fraicheur-bio","status":"publish","type":"product","link":"https:\/\/www.the-gourmand.com\/en\/produit\/citron-de-fraicheur-bio\/","title":{"rendered":"Citron de Fra\u00eecheur Organic"},"content":{"rendered":"<p><span style=\"color: #000000;\">Four natural flavors to make the light and refreshing combination we love: <strong>Citron de Fra\u00eecheur<\/strong>. Great hot or cold. Tip for preparing your cold tea in a simple way: prepare your tea with simmering water, with double amount of tea you use to drink it hot and after 4 min strain using a strainer, then let cool and serve decorated with ice cubes and a slice of lemon. <\/span><\/p>\n<p><span style=\"color: #000000;\"><strong>Ingredients:<\/strong> Chinese Sencha green tea*, mint*, lemongrass*, lemon peel*, marigold flowers*, mango*, natural aroma*.*<strong>Organic origin.<\/strong><br \/>\n<\/span><\/p>\n","protected":false},"excerpt":{"rendered":"<p><strong>Theine level:<\/strong><\/p>\n<p><img loading=\"lazy\" decoding=\"async\" class=\"alignnone wp-image-204 size-full\" src=\"https:\/\/www.the-gourmand.com\/wp-content\/uploads\/2022\/03\/taux-de-theine-2-100x320px.png\" alt=\"\" width=\"291\" height=\"88\" \/><\/p>\n<p><span style=\"color: #000000;\"><strong>Citron de Fra\u00eecheur Organic<\/strong>, a green tea of Organic Origin, light and fresh, with lemon, lemongrass and mint. Delicious during meals, excellent cold. To drink throughout the day. <\/span><\/p>\n<p><span style=\"color: #000000;\"><strong>Ingredients:<\/strong> Chinese Sencha green tea*, mint*, lemongrass*, lemon peel*, natural flavour*, marigold flowers*, mango*, natural aroma*. <strong>*Organic origin.<\/strong><br \/>\n<\/span><\/p>\n","protected":false},"featured_media":1768,"comment_status":"open","ping_status":"closed","template":"","meta":[],"product_brand":[],"product_cat":[181,300],"product_tag":[],"class_list":{"0":"post-1749","1":"product","2":"type-product","3":"status-publish","4":"has-post-thumbnail","6":"product_cat-green-fruits-spice-flowers","7":"product_cat-teas","8":"description-off","10":"first","11":"instock","12":"shipping-taxable","13":"purchasable","14":"product-type-variable"},"yoast_head":"<!-- This site is optimized with the Yoast SEO plugin v27.4 - https:\/\/yoast.com\/product\/yoast-seo-wordpress\/ -->\n<title>Citron de Fra\u00eecheur Organic - Th\u00e9 Gourmand<\/title>\n<meta name=\"description\" content=\"Citron de Fra\u00eecheur Organic, a green tea, light and fresh, with lemon, lemongrass and mint. Delicious during meals, excellent cold.\" \/>\n<meta name=\"robots\" content=\"index, follow, max-snippet:-1, max-image-preview:large, max-video-preview:-1\" \/>\n<link rel=\"canonical\" href=\"https:\/\/www.the-gourmand.com\/en\/produit\/citron-de-fraicheur-bio\/\" \/>\n<meta property=\"og:locale\" content=\"en_US\" \/>\n<meta property=\"og:type\" content=\"article\" \/>\n<meta property=\"og:title\" content=\"Citron de Fra\u00eecheur Organic - Th\u00e9 Gourmand\" \/>\n<meta property=\"og:description\" content=\"Citron de Fra\u00eecheur Organic, a green tea, light and fresh, with lemon, lemongrass and mint. Delicious during meals, excellent cold.\" \/>\n<meta property=\"og:url\" content=\"https:\/\/www.the-gourmand.com\/en\/produit\/citron-de-fraicheur-bio\/\" \/>\n<meta property=\"og:site_name\" content=\"Th\u00e9 Gourmand\" \/>\n<meta property=\"article:modified_time\" content=\"2025-10-10T14:54:18+00:00\" \/>\n<meta property=\"og:image\" content=\"https:\/\/www.the-gourmand.com\/wp-content\/uploads\/2022\/05\/citron-fraicheur-bio.jpeg\" \/>\n\t<meta property=\"og:image:width\" content=\"2000\" \/>\n\t<meta property=\"og:image:height\" content=\"2000\" \/>\n\t<meta property=\"og:image:type\" content=\"image\/jpeg\" \/>\n<meta name=\"twitter:card\" content=\"summary_large_image\" \/>\n<script type=\"application\/ld+json\" class=\"yoast-schema-graph\">{\"@context\":\"https:\\\/\\\/schema.org\",\"@graph\":[{\"@type\":\"WebPage\",\"@id\":\"https:\\\/\\\/www.the-gourmand.com\\\/en\\\/produit\\\/citron-de-fraicheur-bio\\\/\",\"url\":\"https:\\\/\\\/www.the-gourmand.com\\\/en\\\/produit\\\/citron-de-fraicheur-bio\\\/\",\"name\":\"Citron de Fra\u00eecheur Organic - Th\u00e9 Gourmand\",\"isPartOf\":{\"@id\":\"https:\\\/\\\/www.the-gourmand.com\\\/en\\\/#website\"},\"primaryImageOfPage\":{\"@id\":\"https:\\\/\\\/www.the-gourmand.com\\\/en\\\/produit\\\/citron-de-fraicheur-bio\\\/#primaryimage\"},\"image\":{\"@id\":\"https:\\\/\\\/www.the-gourmand.com\\\/en\\\/produit\\\/citron-de-fraicheur-bio\\\/#primaryimage\"},\"thumbnailUrl\":\"https:\\\/\\\/www.the-gourmand.com\\\/wp-content\\\/uploads\\\/2022\\\/05\\\/citron-fraicheur-bio.jpeg\",\"datePublished\":\"2022-05-30T17:17:27+00:00\",\"dateModified\":\"2025-10-10T14:54:18+00:00\",\"description\":\"Citron de Fra\u00eecheur Organic, a green tea, light and fresh, with lemon, lemongrass and mint. Delicious during meals, excellent cold.\",\"breadcrumb\":{\"@id\":\"https:\\\/\\\/www.the-gourmand.com\\\/en\\\/produit\\\/citron-de-fraicheur-bio\\\/#breadcrumb\"},\"inLanguage\":\"en-US\",\"potentialAction\":[{\"@type\":\"ReadAction\",\"target\":[\"https:\\\/\\\/www.the-gourmand.com\\\/en\\\/produit\\\/citron-de-fraicheur-bio\\\/\"]}]},{\"@type\":\"ImageObject\",\"inLanguage\":\"en-US\",\"@id\":\"https:\\\/\\\/www.the-gourmand.com\\\/en\\\/produit\\\/citron-de-fraicheur-bio\\\/#primaryimage\",\"url\":\"https:\\\/\\\/www.the-gourmand.com\\\/wp-content\\\/uploads\\\/2022\\\/05\\\/citron-fraicheur-bio.jpeg\",\"contentUrl\":\"https:\\\/\\\/www.the-gourmand.com\\\/wp-content\\\/uploads\\\/2022\\\/05\\\/citron-fraicheur-bio.jpeg\",\"width\":2000,\"height\":2000},{\"@type\":\"BreadcrumbList\",\"@id\":\"https:\\\/\\\/www.the-gourmand.com\\\/en\\\/produit\\\/citron-de-fraicheur-bio\\\/#breadcrumb\",\"itemListElement\":[{\"@type\":\"ListItem\",\"position\":1,\"name\":\"Accueil\",\"item\":\"https:\\\/\\\/www.the-gourmand.com\\\/en\\\/\"},{\"@type\":\"ListItem\",\"position\":2,\"name\":\"Products\",\"item\":\"https:\\\/\\\/www.the-gourmand.com\\\/en\\\/shop\\\/\"},{\"@type\":\"ListItem\",\"position\":3,\"name\":\"Citron de Fra\u00eecheur Organic\"}]},{\"@type\":\"WebSite\",\"@id\":\"https:\\\/\\\/www.the-gourmand.com\\\/en\\\/#website\",\"url\":\"https:\\\/\\\/www.the-gourmand.com\\\/en\\\/\",\"name\":\"Th\u00e9 Gourmand\",\"description\":\"Boutique en ligne de th\u00e9s.\",\"publisher\":{\"@id\":\"https:\\\/\\\/www.the-gourmand.com\\\/en\\\/#organization\"},\"potentialAction\":[{\"@type\":\"SearchAction\",\"target\":{\"@type\":\"EntryPoint\",\"urlTemplate\":\"https:\\\/\\\/www.the-gourmand.com\\\/en\\\/?s={search_term_string}\"},\"query-input\":{\"@type\":\"PropertyValueSpecification\",\"valueRequired\":true,\"valueName\":\"search_term_string\"}}],\"inLanguage\":\"en-US\"},{\"@type\":\"Organization\",\"@id\":\"https:\\\/\\\/www.the-gourmand.com\\\/en\\\/#organization\",\"name\":\"Th\u00e9 Gourmand\",\"url\":\"https:\\\/\\\/www.the-gourmand.com\\\/en\\\/\",\"logo\":{\"@type\":\"ImageObject\",\"inLanguage\":\"en-US\",\"@id\":\"https:\\\/\\\/www.the-gourmand.com\\\/en\\\/#\\\/schema\\\/logo\\\/image\\\/\",\"url\":\"https:\\\/\\\/www.the-gourmand.com\\\/wp-content\\\/uploads\\\/2022\\\/02\\\/logo-the-gourmand-320x132px.png\",\"contentUrl\":\"https:\\\/\\\/www.the-gourmand.com\\\/wp-content\\\/uploads\\\/2022\\\/02\\\/logo-the-gourmand-320x132px.png\",\"width\":320,\"height\":132,\"caption\":\"Th\u00e9 Gourmand\"},\"image\":{\"@id\":\"https:\\\/\\\/www.the-gourmand.com\\\/en\\\/#\\\/schema\\\/logo\\\/image\\\/\"}}]}<\/script>\n<!-- \/ Yoast SEO plugin. -->","yoast_head_json":{"title":"Citron de Fra\u00eecheur Organic - Th\u00e9 Gourmand","description":"Citron de Fra\u00eecheur Organic, a green tea, light and fresh, with lemon, lemongrass and mint. Delicious during meals, excellent cold.","robots":{"index":"index","follow":"follow","max-snippet":"max-snippet:-1","max-image-preview":"max-image-preview:large","max-video-preview":"max-video-preview:-1"},"canonical":"https:\/\/www.the-gourmand.com\/en\/produit\/citron-de-fraicheur-bio\/","og_locale":"en_US","og_type":"article","og_title":"Citron de Fra\u00eecheur Organic - Th\u00e9 Gourmand","og_description":"Citron de Fra\u00eecheur Organic, a green tea, light and fresh, with lemon, lemongrass and mint. Delicious during meals, excellent cold.","og_url":"https:\/\/www.the-gourmand.com\/en\/produit\/citron-de-fraicheur-bio\/","og_site_name":"Th\u00e9 Gourmand","article_modified_time":"2025-10-10T14:54:18+00:00","og_image":[{"width":2000,"height":2000,"url":"https:\/\/www.the-gourmand.com\/wp-content\/uploads\/2022\/05\/citron-fraicheur-bio.jpeg","type":"image\/jpeg"}],"twitter_card":"summary_large_image","schema":{"@context":"https:\/\/schema.org","@graph":[{"@type":"WebPage","@id":"https:\/\/www.the-gourmand.com\/en\/produit\/citron-de-fraicheur-bio\/","url":"https:\/\/www.the-gourmand.com\/en\/produit\/citron-de-fraicheur-bio\/","name":"Citron de Fra\u00eecheur Organic - Th\u00e9 Gourmand","isPartOf":{"@id":"https:\/\/www.the-gourmand.com\/en\/#website"},"primaryImageOfPage":{"@id":"https:\/\/www.the-gourmand.com\/en\/produit\/citron-de-fraicheur-bio\/#primaryimage"},"image":{"@id":"https:\/\/www.the-gourmand.com\/en\/produit\/citron-de-fraicheur-bio\/#primaryimage"},"thumbnailUrl":"https:\/\/www.the-gourmand.com\/wp-content\/uploads\/2022\/05\/citron-fraicheur-bio.jpeg","datePublished":"2022-05-30T17:17:27+00:00","dateModified":"2025-10-10T14:54:18+00:00","description":"Citron de Fra\u00eecheur Organic, a green tea, light and fresh, with lemon, lemongrass and mint. Delicious during meals, excellent cold.","breadcrumb":{"@id":"https:\/\/www.the-gourmand.com\/en\/produit\/citron-de-fraicheur-bio\/#breadcrumb"},"inLanguage":"en-US","potentialAction":[{"@type":"ReadAction","target":["https:\/\/www.the-gourmand.com\/en\/produit\/citron-de-fraicheur-bio\/"]}]},{"@type":"ImageObject","inLanguage":"en-US","@id":"https:\/\/www.the-gourmand.com\/en\/produit\/citron-de-fraicheur-bio\/#primaryimage","url":"https:\/\/www.the-gourmand.com\/wp-content\/uploads\/2022\/05\/citron-fraicheur-bio.jpeg","contentUrl":"https:\/\/www.the-gourmand.com\/wp-content\/uploads\/2022\/05\/citron-fraicheur-bio.jpeg","width":2000,"height":2000},{"@type":"BreadcrumbList","@id":"https:\/\/www.the-gourmand.com\/en\/produit\/citron-de-fraicheur-bio\/#breadcrumb","itemListElement":[{"@type":"ListItem","position":1,"name":"Accueil","item":"https:\/\/www.the-gourmand.com\/en\/"},{"@type":"ListItem","position":2,"name":"Products","item":"https:\/\/www.the-gourmand.com\/en\/shop\/"},{"@type":"ListItem","position":3,"name":"Citron de Fra\u00eecheur Organic"}]},{"@type":"WebSite","@id":"https:\/\/www.the-gourmand.com\/en\/#website","url":"https:\/\/www.the-gourmand.com\/en\/","name":"Th\u00e9 Gourmand","description":"Boutique en ligne de th\u00e9s.","publisher":{"@id":"https:\/\/www.the-gourmand.com\/en\/#organization"},"potentialAction":[{"@type":"SearchAction","target":{"@type":"EntryPoint","urlTemplate":"https:\/\/www.the-gourmand.com\/en\/?s={search_term_string}"},"query-input":{"@type":"PropertyValueSpecification","valueRequired":true,"valueName":"search_term_string"}}],"inLanguage":"en-US"},{"@type":"Organization","@id":"https:\/\/www.the-gourmand.com\/en\/#organization","name":"Th\u00e9 Gourmand","url":"https:\/\/www.the-gourmand.com\/en\/","logo":{"@type":"ImageObject","inLanguage":"en-US","@id":"https:\/\/www.the-gourmand.com\/en\/#\/schema\/logo\/image\/","url":"https:\/\/www.the-gourmand.com\/wp-content\/uploads\/2022\/02\/logo-the-gourmand-320x132px.png","contentUrl":"https:\/\/www.the-gourmand.com\/wp-content\/uploads\/2022\/02\/logo-the-gourmand-320x132px.png","width":320,"height":132,"caption":"Th\u00e9 Gourmand"},"image":{"@id":"https:\/\/www.the-gourmand.com\/en\/#\/schema\/logo\/image\/"}}]}},"_links":{"self":[{"href":"https:\/\/www.the-gourmand.com\/en\/wp-json\/wp\/v2\/product\/1749","targetHints":{"allow":["GET"]}}],"collection":[{"href":"https:\/\/www.the-gourmand.com\/en\/wp-json\/wp\/v2\/product"}],"about":[{"href":"https:\/\/www.the-gourmand.com\/en\/wp-json\/wp\/v2\/types\/product"}],"replies":[{"embeddable":true,"href":"https:\/\/www.the-gourmand.com\/en\/wp-json\/wp\/v2\/comments?post=1749"}],"wp:featuredmedia":[{"embeddable":true,"href":"https:\/\/www.the-gourmand.com\/en\/wp-json\/wp\/v2\/media\/1768"}],"wp:attachment":[{"href":"https:\/\/www.the-gourmand.com\/en\/wp-json\/wp\/v2\/media?parent=1749"}],"wp:term":[{"taxonomy":"product_brand","embeddable":true,"href":"https:\/\/www.the-gourmand.com\/en\/wp-json\/wp\/v2\/product_brand?post=1749"},{"taxonomy":"product_cat","embeddable":true,"href":"https:\/\/www.the-gourmand.com\/en\/wp-json\/wp\/v2\/product_cat?post=1749"},{"taxonomy":"product_tag","embeddable":true,"href":"https:\/\/www.the-gourmand.com\/en\/wp-json\/wp\/v2\/product_tag?post=1749"}],"curies":[{"name":"wp","href":"https:\/\/api.w.org\/{rel}","templated":true}]}}