{"id":1140,"date":"2022-03-02T16:55:15","date_gmt":"2022-03-02T15:55:15","guid":{"rendered":"https:\/\/www.the-gourmand.com\/sitemap\/"},"modified":"2022-05-25T10:42:36","modified_gmt":"2022-05-25T08:42:36","slug":"sitemap","status":"publish","type":"page","link":"https:\/\/www.the-gourmand.com\/en\/sitemap\/","title":{"rendered":"Sitemap"},"content":{"rendered":"<div class=\"wsp-container\"><h2 class=\"wsp-pages-title\">Pages<\/h2>\n<ul class=\"wsp-pages-list\">\n<li class=\"page_item page-item-1080\"><a href=\"https:\/\/www.the-gourmand.com\/en\/about-us\/\">About us<\/a><\/li>\n<li class=\"page_item page-item-527\"><a href=\"https:\/\/www.the-gourmand.com\/en\/cart\/\">Cart<\/a><\/li>\n<li class=\"page_item page-item-528\"><a href=\"https:\/\/www.the-gourmand.com\/en\/checkout\/\">Checkout<\/a><\/li>\n<li class=\"page_item page-item-1091\"><a href=\"https:\/\/www.the-gourmand.com\/en\/contact-us\/\">Contact us<\/a><\/li>\n<li class=\"page_item page-item-1012\"><a href=\"https:\/\/www.the-gourmand.com\/en\/\">Home<\/a><\/li>\n<li class=\"page_item page-item-1189\"><a href=\"https:\/\/www.the-gourmand.com\/en\/legal-notice\/\">Legal Notice<\/a><\/li>\n<li class=\"page_item page-item-529\"><a href=\"https:\/\/www.the-gourmand.com\/en\/my-account\/\">My Account<\/a><\/li>\n<li class=\"page_item page-item-1084\"><a href=\"https:\/\/www.the-gourmand.com\/en\/news\/\">News<\/a><\/li>\n<li class=\"page_item page-item-1153\"><a href=\"https:\/\/www.the-gourmand.com\/en\/privacy-policy\/\">Privacy Policy<\/a><\/li>\n<li class=\"page_item page-item-526\"><a href=\"https:\/\/www.the-gourmand.com\/en\/shop\/\">Products<\/a><\/li>\n<li class=\"page_item page-item-1194\"><a href=\"https:\/\/www.the-gourmand.com\/en\/refunds-returns\/\">Refunds and Returns Policy<\/a><\/li>\n<li class=\"page_item page-item-5758\"><a href=\"https:\/\/www.the-gourmand.com\/en\/sales\/\">Sales<\/a><\/li>\n<li class=\"page_item page-item-1103\"><a href=\"https:\/\/www.the-gourmand.com\/en\/boutique\/\">Shop<\/a><\/li>\n<li class=\"page_item page-item-1140\"><a href=\"https:\/\/www.the-gourmand.com\/en\/sitemap\/\">Sitemap<\/a><\/li>\n<li class=\"page_item page-item-1180\"><a href=\"https:\/\/www.the-gourmand.com\/en\/terms-conditions\/\">Terms and conditions<\/a><\/li>\n<li class=\"page_item page-item-1087\"><a href=\"https:\/\/www.the-gourmand.com\/en\/your-reviews\/\">Your reviews<\/a><\/li>\n<\/ul>\n<h2 class=\"wsp-posts-title\">Posts by category<\/h2>\n<ul class=\"wsp-posts-list\">\n\t<li><strong class=\"wsp-category-title\">Category: <a href=\"https:\/\/www.the-gourmand.com\/en\/categorie\/recipes\/\">Recipes<\/a><\/strong>\n<ul class=\"wsp-posts-list\">\t\t<li class=\"wsp-post\"><a href=\"https:\/\/www.the-gourmand.com\/en\/matcha-sushi-rice\/\">MATCHA SUSHI RICE<\/a><\/li>\n\t\t<li class=\"wsp-post\"><a href=\"https:\/\/www.the-gourmand.com\/en\/marinated-salmon-fillet-with-lapsang-souchong\/\">MARINATED SALMON FILLET WITH LAPSANG SOUCHONG<\/a><\/li>\n\t\t<li class=\"wsp-post\"><a href=\"https:\/\/www.the-gourmand.com\/en\/our-iced-spicy-bissap\/\">OUR ICED SPICY BISSAP<\/a><\/li>\n\t\t<li class=\"wsp-post\"><a href=\"https:\/\/www.the-gourmand.com\/en\/summer-drinks\/\">SUMMER DRINKS<\/a><\/li>\n<\/ul><\/li>\n\t<li><strong class=\"wsp-category-title\">Category: <a href=\"https:\/\/www.the-gourmand.com\/en\/categorie\/uncategorized\/\">Uncategorized<\/a><\/strong>\n<ul class=\"wsp-posts-list\">\t\t<li class=\"wsp-post\"><a href=\"https:\/\/www.the-gourmand.com\/en\/letus-take-care-of-you\/\">Let&#8217;us take care of you!<\/a><\/li>\n<\/ul><\/li>\n<\/ul>\n<h2 class=\"wsp-products-title\">Products<\/h2>\n<ul class=\"wsp-products-list\">\n<li><a href=\"https:\/\/www.the-gourmand.com\/en\/produit\/l-ete-indien\/\">l'\u00c9t\u00e9 Indien<\/a><\/li>\n<li><a href=\"https:\/\/www.the-gourmand.com\/en\/produit\/peppermint-green-mint\/\">Peppermint and Green Mint<\/a><\/li>\n<li><a href=\"https:\/\/www.the-gourmand.com\/produit\/bisou-d-ange\/\">Bisou d'Ange<\/a><\/li>\n<li><a href=\"https:\/\/www.the-gourmand.com\/produit\/agrumes-totalement-bio\/\">Agrumes? Totalement! BIO<\/a><\/li>\n<li><a href=\"https:\/\/www.the-gourmand.com\/produit\/camomille\/\">Camomille enti\u00e8re<\/a><\/li>\n<li><a href=\"https:\/\/www.the-gourmand.com\/produit\/lapacho\/\">Lapacho<\/a><\/li>\n<li><a href=\"https:\/\/www.the-gourmand.com\/en\/produit\/blend-arranged-rum\/\">Arranged Rum Gourmet Blend<\/a><\/li>\n<li><a href=\"https:\/\/www.the-gourmand.com\/produit\/pina-colada-infusion\/\">Pi\u00f1a Colada (infusion)<\/a><\/li>\n<li><a href=\"https:\/\/www.the-gourmand.com\/en\/produit\/poulfok-the\/\">Poulfok green tea<\/a><\/li>\n<li><a href=\"https:\/\/www.the-gourmand.com\/en\/produit\/poulfok-infusion\/\">Poulfok Infusion<\/a><\/li>\n<li><a href=\"https:\/\/www.the-gourmand.com\/produit\/rooibos-citron\/\">Rooibos Citron<\/a><\/li>\n<li><a href=\"https:\/\/www.the-gourmand.com\/en\/produit\/caramel-rooibos\/\">Caramel Rooibos<\/a><\/li>\n<li><a href=\"https:\/\/www.the-gourmand.com\/produit\/strudel\/\">Strudel<\/a><\/li>\n<li><a href=\"https:\/\/www.the-gourmand.com\/en\/produit\/orange-sanguine\/\">Orange Sanguine<\/a><\/li>\n<li><a href=\"https:\/\/www.the-gourmand.com\/produit\/orange-cacao-bio\/\">Orange Cacao Bio<\/a><\/li>\n<li><a href=\"https:\/\/www.the-gourmand.com\/en\/produit\/cafe-gourmet-noisette\/\">Caf\u00e9 Gourmet Noisette (Hazelnut)<\/a><\/li>\n<li><a href=\"https:\/\/www.the-gourmand.com\/en\/produit\/cafe-creme-vanille\/\">Caf\u00e9 Gourmet Cr\u00e8me de Vanille<\/a><\/li>\n<li><a href=\"https:\/\/www.the-gourmand.com\/en\/produit\/darjeeling-happy-valley\/\">Darjeeling FTGFOP1 HAPPY VALLEY 2d Flush BIO<\/a><\/li>\n<li><a href=\"https:\/\/www.the-gourmand.com\/en\/produit\/limoncino-citron\/\">Limoncino Citron<\/a><\/li>\n<li><a href=\"https:\/\/www.the-gourmand.com\/en\/produit\/chamomile-organic\/\">Chamomile Organic<\/a><\/li>\n<li><a href=\"https:\/\/www.the-gourmand.com\/en\/produit\/chun-mee\/\">Chun Mee, Organic<\/a><\/li>\n<li><a href=\"https:\/\/www.the-gourmand.com\/produit\/lady-pasteque\/\">Lady Past\u00e8que<\/a><\/li>\n<li><a href=\"https:\/\/www.the-gourmand.com\/en\/produit\/passion-mate\/\">Passion Mat\u00e9<\/a><\/li>\n<li><a href=\"https:\/\/www.the-gourmand.com\/produit\/doux-foyer\/\">Doux Foyer<\/a><\/li>\n<li><a href=\"https:\/\/www.the-gourmand.com\/en\/produit\/clochette\/\">Clochette<\/a><\/li>\n<li><a href=\"https:\/\/www.the-gourmand.com\/produit\/tasse-japonaise-fait-main\/\">Tasse en c\u00e9ramique fait - main<\/a><\/li>\n<li><a href=\"https:\/\/www.the-gourmand.com\/en\/produit\/carcade-hibiscus\/\">Karcade, Whole Hibiscus flowers<\/a><\/li>\n<li><a href=\"https:\/\/www.the-gourmand.com\/en\/produit\/au-jardin-secret\/\">Au Jardin Secret (The Secret Garden)<\/a><\/li>\n<li><a href=\"https:\/\/www.the-gourmand.com\/en\/produit\/cafe-kachalu-bio-colombie\/\">Caf\u00e9 Kachalu from Colombia, Organic<\/a><\/li>\n<li><a href=\"https:\/\/www.the-gourmand.com\/en\/produit\/tendresse-aloe-vera-grenade\/\">Tendresse d'AloeVera et Grenade<\/a><\/li>\n<li><a href=\"https:\/\/www.the-gourmand.com\/en\/produit\/yunnan-black-pu-erh-tea-cake-200g-organic\/\">Yunnan Black Pu Erh Tea Cake 200g Organic<\/a><\/li>\n<li><a href=\"https:\/\/www.the-gourmand.com\/en\/produit\/shu-pu-erh-tea-bick-500g-organic\/\">Shu Pu Erh Brick 500g Organic<\/a><\/li>\n<li><a href=\"https:\/\/www.the-gourmand.com\/en\/produit\/green-puerh-cake-organic\/\">Yunnan Green Pu Erh Tea Cake 200g Organic<\/a><\/li>\n<li><a href=\"https:\/\/www.the-gourmand.com\/en\/produit\/curcumangue\/\">Curcu'Mangue<\/a><\/li>\n<li><a href=\"https:\/\/www.the-gourmand.com\/en\/produit\/metal-tin-100g\/\">Metal tin for 100g of tea.<\/a><\/li>\n<li><a href=\"https:\/\/www.the-gourmand.com\/en\/produit\/cafe-expresso-siciliano\/\">Caf\u00e9 Expresso Siciliano<\/a><\/li>\n<li><a href=\"https:\/\/www.the-gourmand.com\/en\/produit\/ya-bao\/\">Ya Bao, wild winter tea<\/a><\/li>\n<li><a href=\"https:\/\/www.the-gourmand.com\/en\/produit\/splendeur-maya\/\">Splendeur Maya<\/a><\/li>\n<li><a href=\"https:\/\/www.the-gourmand.com\/en\/produit\/bon-repas-bio\/\">Bon Repas Bio<\/a><\/li>\n<li><a href=\"https:\/\/www.the-gourmand.com\/en\/produit\/ginger\/\">Ginger<\/a><\/li>\n<li><a href=\"https:\/\/www.the-gourmand.com\/en\/produit\/vin-chaud-infusion\/\">Vin Chaud Infusion<\/a><\/li>\n<li><a href=\"https:\/\/www.the-gourmand.com\/en\/produit\/mate-mangue-banane\/\">Mat\u00e9 Mangue Banane<\/a><\/li>\n<li><a href=\"https:\/\/www.the-gourmand.com\/en\/produit\/lemongrass\/\">Lemongrass<\/a><\/li>\n<li><a href=\"https:\/\/www.the-gourmand.com\/en\/produit\/bissap-epice\/\">Bissap \u00e9pic\u00e9<\/a><\/li>\n<li><a href=\"https:\/\/www.the-gourmand.com\/en\/produit\/rooibos-bio\/\">Rooibos Bio<\/a><\/li>\n<li><a href=\"https:\/\/www.the-gourmand.com\/produit\/mon-nounours-prefere\/\">Mon Nounours Pr\u00e9f\u00e9r\u00e9<\/a><\/li>\n<li><a href=\"https:\/\/www.the-gourmand.com\/produit\/noir-au-cranberry\/\">Noir au Cranberry<\/a><\/li>\n<li><a href=\"https:\/\/www.the-gourmand.com\/en\/produit\/reglisse-au-sel\/\">R\u00e9glisse<\/a><\/li>\n<li><a href=\"https:\/\/www.the-gourmand.com\/en\/produit\/mages-d-orient\/\">Mages d'Orient<\/a><\/li>\n<li><a href=\"https:\/\/www.the-gourmand.com\/en\/produit\/breizh-caramel\/\">Caramel (au beurre sal\u00e9)<\/a><\/li>\n<li><a href=\"https:\/\/www.the-gourmand.com\/en\/produit\/kenilworth-ceylan-op1\/\">Kenilworth Ceylan OP1<\/a><\/li>\n<li><a href=\"https:\/\/www.the-gourmand.com\/en\/produit\/yunnan-imperial-bio\/\">Yunnan Imp\u00e9rial Bio<\/a><\/li>\n<li><a href=\"https:\/\/www.the-gourmand.com\/en\/produit\/jun-chiyabari-bio\/\">Jun Chiyabari Bio<\/a><\/li>\n<li><a href=\"https:\/\/www.the-gourmand.com\/en\/produit\/english-tea\/\">English Tea<\/a><\/li>\n<li><a href=\"https:\/\/www.the-gourmand.com\/en\/produit\/noel\/\">No\u00ebl<\/a><\/li>\n<li><a href=\"https:\/\/www.the-gourmand.com\/en\/produit\/montreal-vert\/\">Montr\u00e9al Vert<\/a><\/li>\n<li><a href=\"https:\/\/www.the-gourmand.com\/en\/produit\/pina-colada-2\/\">Pi\u00f1a Colada<\/a><\/li>\n<li><a href=\"https:\/\/www.the-gourmand.com\/en\/produit\/earl-grey-bleuets\/\">Earl Grey Bleuets<\/a><\/li>\n<li><a href=\"https:\/\/www.the-gourmand.com\/en\/produit\/taj-mahal\/\">Taj - Mahal<\/a><\/li>\n<li><a href=\"https:\/\/www.the-gourmand.com\/produit\/mojito-pu-erh-bio\/\">Mojito Pu Erh Bio<\/a><\/li>\n<li><a href=\"https:\/\/www.the-gourmand.com\/produit\/boite-a-the-en-metal-bouton-dore\/\">Bo\u00eete \u00e0 th\u00e9 en m\u00e9tal \"Bouton dor\u00e9\"<\/a><\/li>\n<li><a href=\"https:\/\/www.the-gourmand.com\/produit\/passoire-a-the-japonaise-en-acier-inoxydable\/\">Passoire \u00e0 th\u00e9 japonaise en acier inoxydable<\/a><\/li>\n<li><a href=\"https:\/\/www.the-gourmand.com\/en\/produit\/blues-de-prunes\/\">Blues de Prunes<\/a><\/li>\n<li><a href=\"https:\/\/www.the-gourmand.com\/en\/produit\/tamaryokucha-bio\/\">Tamaryokucha Bio (Japan)<\/a><\/li>\n<li><a href=\"https:\/\/www.the-gourmand.com\/en\/produit\/sunda-purwa-ps-java\/\">Sunda Purwa PS de Java<\/a><\/li>\n<li><a href=\"https:\/\/www.the-gourmand.com\/produit\/pomme-rotie\/\">Pomme R\u00f4tie<\/a><\/li>\n<li><a href=\"https:\/\/www.the-gourmand.com\/produit\/relax-bio\/\">Relax Bio<\/a><\/li>\n<li><a href=\"https:\/\/www.the-gourmand.com\/en\/produit\/sencha-fukuyu\/\">Sencha Fukuyu (Japan)<\/a><\/li>\n<li><a href=\"https:\/\/www.the-gourmand.com\/en\/produit\/jaune-huang-ya\/\">Jaune Huang Ya<\/a><\/li>\n<li><a href=\"https:\/\/www.the-gourmand.com\/en\/produit\/genmaicha-bio\/\">Genma\u00efcha du Japon Bio<\/a><\/li>\n<li><a href=\"https:\/\/www.the-gourmand.com\/en\/produit\/orangerie\/\">Orangerie<\/a><\/li>\n<li><a href=\"https:\/\/www.the-gourmand.com\/en\/produit\/the-noir-vanille\/\">Th\u00e9 noir Vanille<\/a><\/li>\n<li><a href=\"https:\/\/www.the-gourmand.com\/en\/produit\/gunpowder-temple-celeste-bio\/\">Gunpowder Temple C\u00e9leste Bio<\/a><\/li>\n<li><a href=\"https:\/\/www.the-gourmand.com\/en\/produit\/kukicha-grille-bio\/\">Kukicha Grill\u00e9 Bio<\/a><\/li>\n<li><a href=\"https:\/\/www.the-gourmand.com\/en\/produit\/bretagne-a-la-rose\/\">Bretagne \u00e0 la Rose<\/a><\/li>\n<li><a href=\"https:\/\/www.the-gourmand.com\/en\/produit\/blue-island-bio\/\">Blue Island<\/a><\/li>\n<li><a href=\"https:\/\/www.the-gourmand.com\/en\/produit\/earl-grey-vert-bio\/\">Earl Grey Green Tea Organic<\/a><\/li>\n<li><a href=\"https:\/\/www.the-gourmand.com\/en\/produit\/pakistani-bio\/\">Pakistani Bio<\/a><\/li>\n<li><a href=\"https:\/\/www.the-gourmand.com\/en\/produit\/melfort-special\/\">Melfort Sp\u00e9cial de Ceylan<\/a><\/li>\n<li><a href=\"https:\/\/www.the-gourmand.com\/en\/produit\/ginger-candy\/\">Ginger Candy<\/a><\/li>\n<li><a href=\"https:\/\/www.the-gourmand.com\/en\/produit\/gateau-cerises-maman\/\">G\u00e2teau aux Cerises de Maman<\/a><\/li>\n<li><a href=\"https:\/\/www.the-gourmand.com\/en\/produit\/marchande-de-violettes\/\">Marchande de Violettes<\/a><\/li>\n<li><a href=\"https:\/\/www.the-gourmand.com\/en\/produit\/newyork\/\">New York<\/a><\/li>\n<li><a href=\"https:\/\/www.the-gourmand.com\/en\/produit\/marrakesch\/\">Marrakesch<\/a><\/li>\n<li><a href=\"https:\/\/www.the-gourmand.com\/en\/produit\/nuage-d-amandes\/\">Nuage d'Amandes<\/a><\/li>\n<li><a href=\"https:\/\/www.the-gourmand.com\/en\/produit\/jasmin-bio\/\">Jasmin Bio<\/a><\/li>\n<li><a href=\"https:\/\/www.the-gourmand.com\/en\/produit\/citron-de-fraicheur-bio\/\">Citron de Fra\u00eecheur Organic<\/a><\/li>\n<li><a href=\"https:\/\/www.the-gourmand.com\/en\/produit\/lapsang-souchong\/\">Lapsang Souchong<\/a><\/li>\n<li><a href=\"https:\/\/www.the-gourmand.com\/en\/produit\/de-bonne-humeur\/\">De Bonne Humeur<\/a><\/li>\n<li><a href=\"https:\/\/www.the-gourmand.com\/en\/produit\/coin-de-bonheur-bio\/\">Coin de Bonheur Bio<\/a><\/li>\n<li><a href=\"https:\/\/www.the-gourmand.com\/en\/produit\/bitterlimonade\/\">Bitter Limonade (Lime)<\/a><\/li>\n<li><a href=\"https:\/\/www.the-gourmand.com\/en\/produit\/montreal\/\">Montreal<\/a><\/li>\n<li><a href=\"https:\/\/www.the-gourmand.com\/en\/produit\/pur-exotisme-bio\/\">Pur Exotisme BIO<\/a><\/li>\n<li><a href=\"https:\/\/www.the-gourmand.com\/en\/produit\/verveine\/\">Verveine<\/a><\/li>\n<li><a href=\"https:\/\/www.the-gourmand.com\/en\/produit\/mate-vert\/\">Mat\u00e9 Vert<\/a><\/li>\n<li><a href=\"https:\/\/www.the-gourmand.com\/en\/produit\/tisane-du-matin-bio\/\">Organic Morning Herbal Tea<\/a><\/li>\n<li><a href=\"https:\/\/www.the-gourmand.com\/en\/produit\/bresil\/\">Br\u00e9sil!<\/a><\/li>\n<li><a href=\"https:\/\/www.the-gourmand.com\/en\/produit\/orange-dreams\/\">Orange Dreams<\/a><\/li>\n<li><a href=\"https:\/\/www.the-gourmand.com\/en\/produit\/noel-austral-bio\/\">No\u00ebl Austral Bio<\/a><\/li>\n<li><a href=\"https:\/\/www.the-gourmand.com\/en\/produit\/wild-berries-bio\/\">Baies sauvages Bio<\/a><\/li>\n<li><a href=\"https:\/\/www.the-gourmand.com\/en\/produit\/tchai-noir-bio\/\">Tcha\u00ef Noir BIO<\/a><\/li>\n<li><a href=\"https:\/\/www.the-gourmand.com\/en\/produit\/earl-grey-kirov\/\">Earl Grey Kirov<\/a><\/li>\n<li><a href=\"https:\/\/www.the-gourmand.com\/produit\/sonata-di-pistacchio\/\">Sonata di pistacchio (Pu Erh)<\/a><\/li>\n<li><a href=\"https:\/\/www.the-gourmand.com\/en\/produit\/moragalla-oolong\/\">Moragalla (Oolong)<\/a><\/li>\n<li><a href=\"https:\/\/www.the-gourmand.com\/en\/produit\/pu-erh-bio\/\">Pu Erh from Yunnan Bio<\/a><\/li>\n<li><a href=\"https:\/\/www.the-gourmand.com\/en\/produit\/rukeri-pekoe-bio\/\">Rukeri Pekoe Bio<\/a><\/li>\n<li><a href=\"https:\/\/www.the-gourmand.com\/en\/produit\/home-breakfast-bio\/\">Home Breakfast Bio<\/a><\/li>\n<li><a href=\"https:\/\/www.the-gourmand.com\/en\/produit\/yunnan-vert\/\">Yunnan Vert Organic<\/a><\/li>\n<li><a href=\"https:\/\/www.the-gourmand.com\/en\/produit\/matcha-ujicha-organic\/\">Matcha Ujicha Organic<\/a><\/li>\n<li><a href=\"https:\/\/www.the-gourmand.com\/en\/produit\/milky-oolong-vert\/\">Milky (Oolong Vert)<\/a><\/li>\n<li><a href=\"https:\/\/www.the-gourmand.com\/en\/produit\/fleur-the-rose-royale\/\">Fleur de Th\u00e9 Rose Royale<\/a><\/li>\n<\/ul>\n<h2 class=\"wsp-product_cats-title\">Product categories<\/h2>\n<ul class=\"wsp-product_cats-list\">\n<li><a href=\"https:\/\/www.the-gourmand.com\/en\/categorie-produit\/accessories\/\">Accessories<\/a><\/li>\n<li><a href=\"https:\/\/www.the-gourmand.com\/en\/categorie-produit\/teas\/black-puerh-fruits-spice-flowers\/\">Black &amp; Pu Erh + fruits spice flowers<\/a><\/li>\n<li><a href=\"https:\/\/www.the-gourmand.com\/en\/categorie-produit\/teas\/black-pu-erh-appellation\/\">Black and Pu Erh Appellation<\/a><\/li>\n<li><a href=\"https:\/\/www.the-gourmand.com\/en\/categorie-produit\/coffee\/\">Coffee<\/a><\/li>\n<li><a href=\"https:\/\/www.the-gourmand.com\/en\/categorie-produit\/infusions-en\/for-well-being\/\">For well-being<\/a><\/li>\n<li><a href=\"https:\/\/www.the-gourmand.com\/en\/categorie-produit\/infusions-en\/fruits-infusions\/\">Fruits infusions<\/a><\/li>\n<li><a href=\"https:\/\/www.the-gourmand.com\/en\/categorie-produit\/gift-box\/\">Gift box<\/a><\/li>\n<li><a href=\"https:\/\/www.the-gourmand.com\/en\/categorie-produit\/teas\/green-fruits-spice-flowers\/\">Green, White &amp; Oolong + fruits spice flowers<\/a><\/li>\n<li><a href=\"https:\/\/www.the-gourmand.com\/en\/categorie-produit\/teas\/green-white-yellow-appellation\/\">Green, White, Oolong and Yellow appellation<\/a><\/li>\n<li><a href=\"https:\/\/www.the-gourmand.com\/en\/categorie-produit\/infusions-en\/\">Infusions<\/a><\/li>\n<li><a href=\"https:\/\/www.the-gourmand.com\/en\/categorie-produit\/infusions-en\/carcade\/\">Karkade<\/a><\/li>\n<li><a href=\"https:\/\/www.the-gourmand.com\/en\/categorie-produit\/infusions-en\/mate-and-others\/\">Mate and others<\/a><\/li>\n<li><a href=\"https:\/\/www.the-gourmand.com\/en\/categorie-produit\/infusions-en\/rooibos\/\">Rooibos<\/a><\/li>\n<li><a href=\"https:\/\/www.the-gourmand.com\/en\/categorie-produit\/teas\/\">Teas<\/a><\/li>\n<\/ul>\n<\/div>\n","protected":false},"excerpt":{"rendered":"<p>Pages About us Cart Checkout Contact us Home Legal Notice My Account News Privacy Policy Products Refunds and Returns Policy Sales Shop Sitemap Terms and conditions Your reviews Posts by category Category: Recipes MATCHA SUSHI RICE MARINATED SALMON FILLET WITH LAPSANG SOUCHONG OUR ICED SPICY BISSAP SUMMER DRINKS Category: Uncategorized Let&#8217;us take care of you!&hellip;<\/p>\n","protected":false},"author":1,"featured_media":0,"parent":0,"menu_order":0,"comment_status":"closed","ping_status":"closed","template":"","meta":{"footnotes":""},"class_list":["post-1140","page","type-page","status-publish","hentry","description-off"],"yoast_head":"<!-- This site is optimized with the Yoast SEO plugin v27.4 - https:\/\/yoast.com\/product\/yoast-seo-wordpress\/ -->\n<title>Map of the Th\u00e9 Gourmand website, online store.<\/title>\n<meta name=\"description\" content=\"Find all the pages that make up the Th\u00e9 Gourmand website, online sale of tea, infusions and rooibos.\" \/>\n<meta name=\"robots\" content=\"index, follow, max-snippet:-1, max-image-preview:large, max-video-preview:-1\" \/>\n<link rel=\"canonical\" href=\"https:\/\/www.the-gourmand.com\/en\/sitemap\/\" \/>\n<meta property=\"og:locale\" content=\"en_US\" \/>\n<meta property=\"og:type\" content=\"article\" \/>\n<meta property=\"og:title\" content=\"Map of the Th\u00e9 Gourmand website, online store.\" \/>\n<meta property=\"og:description\" content=\"Find all the pages that make up the Th\u00e9 Gourmand website, online sale of tea, infusions and rooibos.\" \/>\n<meta property=\"og:url\" content=\"https:\/\/www.the-gourmand.com\/en\/sitemap\/\" \/>\n<meta property=\"og:site_name\" content=\"Th\u00e9 Gourmand\" \/>\n<meta property=\"article:modified_time\" content=\"2022-05-25T08:42:36+00:00\" \/>\n<meta name=\"twitter:card\" content=\"summary_large_image\" \/>\n<script type=\"application\/ld+json\" class=\"yoast-schema-graph\">{\"@context\":\"https:\\\/\\\/schema.org\",\"@graph\":[{\"@type\":\"WebPage\",\"@id\":\"https:\\\/\\\/www.the-gourmand.com\\\/en\\\/sitemap\\\/\",\"url\":\"https:\\\/\\\/www.the-gourmand.com\\\/en\\\/sitemap\\\/\",\"name\":\"Map of the Th\u00e9 Gourmand website, online store.\",\"isPartOf\":{\"@id\":\"https:\\\/\\\/www.the-gourmand.com\\\/en\\\/#website\"},\"datePublished\":\"2022-03-02T15:55:15+00:00\",\"dateModified\":\"2022-05-25T08:42:36+00:00\",\"description\":\"Find all the pages that make up the Th\u00e9 Gourmand website, online sale of tea, infusions and rooibos.\",\"breadcrumb\":{\"@id\":\"https:\\\/\\\/www.the-gourmand.com\\\/en\\\/sitemap\\\/#breadcrumb\"},\"inLanguage\":\"en-US\",\"potentialAction\":[{\"@type\":\"ReadAction\",\"target\":[\"https:\\\/\\\/www.the-gourmand.com\\\/en\\\/sitemap\\\/\"]}]},{\"@type\":\"BreadcrumbList\",\"@id\":\"https:\\\/\\\/www.the-gourmand.com\\\/en\\\/sitemap\\\/#breadcrumb\",\"itemListElement\":[{\"@type\":\"ListItem\",\"position\":1,\"name\":\"Accueil\",\"item\":\"https:\\\/\\\/www.the-gourmand.com\\\/en\\\/\"},{\"@type\":\"ListItem\",\"position\":2,\"name\":\"Sitemap\"}]},{\"@type\":\"WebSite\",\"@id\":\"https:\\\/\\\/www.the-gourmand.com\\\/en\\\/#website\",\"url\":\"https:\\\/\\\/www.the-gourmand.com\\\/en\\\/\",\"name\":\"Th\u00e9 Gourmand\",\"description\":\"Boutique en ligne de th\u00e9s.\",\"publisher\":{\"@id\":\"https:\\\/\\\/www.the-gourmand.com\\\/en\\\/#organization\"},\"potentialAction\":[{\"@type\":\"SearchAction\",\"target\":{\"@type\":\"EntryPoint\",\"urlTemplate\":\"https:\\\/\\\/www.the-gourmand.com\\\/en\\\/?s={search_term_string}\"},\"query-input\":{\"@type\":\"PropertyValueSpecification\",\"valueRequired\":true,\"valueName\":\"search_term_string\"}}],\"inLanguage\":\"en-US\"},{\"@type\":\"Organization\",\"@id\":\"https:\\\/\\\/www.the-gourmand.com\\\/en\\\/#organization\",\"name\":\"Th\u00e9 Gourmand\",\"url\":\"https:\\\/\\\/www.the-gourmand.com\\\/en\\\/\",\"logo\":{\"@type\":\"ImageObject\",\"inLanguage\":\"en-US\",\"@id\":\"https:\\\/\\\/www.the-gourmand.com\\\/en\\\/#\\\/schema\\\/logo\\\/image\\\/\",\"url\":\"https:\\\/\\\/www.the-gourmand.com\\\/wp-content\\\/uploads\\\/2022\\\/02\\\/logo-the-gourmand-320x132px.png\",\"contentUrl\":\"https:\\\/\\\/www.the-gourmand.com\\\/wp-content\\\/uploads\\\/2022\\\/02\\\/logo-the-gourmand-320x132px.png\",\"width\":320,\"height\":132,\"caption\":\"Th\u00e9 Gourmand\"},\"image\":{\"@id\":\"https:\\\/\\\/www.the-gourmand.com\\\/en\\\/#\\\/schema\\\/logo\\\/image\\\/\"}}]}<\/script>\n<!-- \/ Yoast SEO plugin. -->","yoast_head_json":{"title":"Map of the Th\u00e9 Gourmand website, online store.","description":"Find all the pages that make up the Th\u00e9 Gourmand website, online sale of tea, infusions and rooibos.","robots":{"index":"index","follow":"follow","max-snippet":"max-snippet:-1","max-image-preview":"max-image-preview:large","max-video-preview":"max-video-preview:-1"},"canonical":"https:\/\/www.the-gourmand.com\/en\/sitemap\/","og_locale":"en_US","og_type":"article","og_title":"Map of the Th\u00e9 Gourmand website, online store.","og_description":"Find all the pages that make up the Th\u00e9 Gourmand website, online sale of tea, infusions and rooibos.","og_url":"https:\/\/www.the-gourmand.com\/en\/sitemap\/","og_site_name":"Th\u00e9 Gourmand","article_modified_time":"2022-05-25T08:42:36+00:00","twitter_card":"summary_large_image","schema":{"@context":"https:\/\/schema.org","@graph":[{"@type":"WebPage","@id":"https:\/\/www.the-gourmand.com\/en\/sitemap\/","url":"https:\/\/www.the-gourmand.com\/en\/sitemap\/","name":"Map of the Th\u00e9 Gourmand website, online store.","isPartOf":{"@id":"https:\/\/www.the-gourmand.com\/en\/#website"},"datePublished":"2022-03-02T15:55:15+00:00","dateModified":"2022-05-25T08:42:36+00:00","description":"Find all the pages that make up the Th\u00e9 Gourmand website, online sale of tea, infusions and rooibos.","breadcrumb":{"@id":"https:\/\/www.the-gourmand.com\/en\/sitemap\/#breadcrumb"},"inLanguage":"en-US","potentialAction":[{"@type":"ReadAction","target":["https:\/\/www.the-gourmand.com\/en\/sitemap\/"]}]},{"@type":"BreadcrumbList","@id":"https:\/\/www.the-gourmand.com\/en\/sitemap\/#breadcrumb","itemListElement":[{"@type":"ListItem","position":1,"name":"Accueil","item":"https:\/\/www.the-gourmand.com\/en\/"},{"@type":"ListItem","position":2,"name":"Sitemap"}]},{"@type":"WebSite","@id":"https:\/\/www.the-gourmand.com\/en\/#website","url":"https:\/\/www.the-gourmand.com\/en\/","name":"Th\u00e9 Gourmand","description":"Boutique en ligne de th\u00e9s.","publisher":{"@id":"https:\/\/www.the-gourmand.com\/en\/#organization"},"potentialAction":[{"@type":"SearchAction","target":{"@type":"EntryPoint","urlTemplate":"https:\/\/www.the-gourmand.com\/en\/?s={search_term_string}"},"query-input":{"@type":"PropertyValueSpecification","valueRequired":true,"valueName":"search_term_string"}}],"inLanguage":"en-US"},{"@type":"Organization","@id":"https:\/\/www.the-gourmand.com\/en\/#organization","name":"Th\u00e9 Gourmand","url":"https:\/\/www.the-gourmand.com\/en\/","logo":{"@type":"ImageObject","inLanguage":"en-US","@id":"https:\/\/www.the-gourmand.com\/en\/#\/schema\/logo\/image\/","url":"https:\/\/www.the-gourmand.com\/wp-content\/uploads\/2022\/02\/logo-the-gourmand-320x132px.png","contentUrl":"https:\/\/www.the-gourmand.com\/wp-content\/uploads\/2022\/02\/logo-the-gourmand-320x132px.png","width":320,"height":132,"caption":"Th\u00e9 Gourmand"},"image":{"@id":"https:\/\/www.the-gourmand.com\/en\/#\/schema\/logo\/image\/"}}]}},"_links":{"self":[{"href":"https:\/\/www.the-gourmand.com\/en\/wp-json\/wp\/v2\/pages\/1140","targetHints":{"allow":["GET"]}}],"collection":[{"href":"https:\/\/www.the-gourmand.com\/en\/wp-json\/wp\/v2\/pages"}],"about":[{"href":"https:\/\/www.the-gourmand.com\/en\/wp-json\/wp\/v2\/types\/page"}],"author":[{"embeddable":true,"href":"https:\/\/www.the-gourmand.com\/en\/wp-json\/wp\/v2\/users\/1"}],"replies":[{"embeddable":true,"href":"https:\/\/www.the-gourmand.com\/en\/wp-json\/wp\/v2\/comments?post=1140"}],"version-history":[{"count":1,"href":"https:\/\/www.the-gourmand.com\/en\/wp-json\/wp\/v2\/pages\/1140\/revisions"}],"predecessor-version":[{"id":1518,"href":"https:\/\/www.the-gourmand.com\/en\/wp-json\/wp\/v2\/pages\/1140\/revisions\/1518"}],"wp:attachment":[{"href":"https:\/\/www.the-gourmand.com\/en\/wp-json\/wp\/v2\/media?parent=1140"}],"curies":[{"name":"wp","href":"https:\/\/api.w.org\/{rel}","templated":true}]}}