{"id":1080,"date":"2022-02-28T14:41:30","date_gmt":"2022-02-28T13:41:30","guid":{"rendered":"https:\/\/www.the-gourmand.com\/about-us\/"},"modified":"2022-05-25T11:13:27","modified_gmt":"2022-05-25T09:13:27","slug":"about-us","status":"publish","type":"page","link":"https:\/\/www.the-gourmand.com\/en\/about-us\/","title":{"rendered":"About us"},"content":{"rendered":"<div class=\"wpb-content-wrapper\"><p>[vc_row][vc_column][vc_column_text]<\/p>\n<p style=\"text-align: justify;\">Th\u00e9 Gourmand, your online store, is a family business, created by T\u00e9r\u00e9 and Olivier LACHEVRE after many years of experience in the food industry.<\/p>\n<p style=\"text-align: justify;\">\u00a0After working in Oceania, America, Asia and Europe, they put their knowledge at your service to ensure you a unique experience.<\/p>\n<p style=\"text-align: justify;\">The choice of teas and infusions, as well as accessories was made with the care of the one who loves his job. Each tea or infusion, once chosen for a fine tasting, is included in our collection, to earn your approval. \u00a0The criterion that guides us is that of quality, either for an economical tea or a rare tea, for a classic or for a novelty.\u00a0 We have always listened successfully to \u00a0our customers. \u00a0Feel free to\u00a0 share your opinions and comments with us.<\/p>\n<p style=\"text-align: justify;\">To make you live new experiences, T\u00e9r\u00e9 and Olivier also offer you variants to the use of tea and infusions, creating for you cold drinks, non-alcoholic aperitifs, cocktails and cooking recipes, to open the horizon of what we know as the world of tea.<\/p>\n<p style=\"text-align: justify;\"><strong>Th\u00e9 Gourmand<\/strong> has offers specially designed for professionals, grocery stores, tea rooms, restaurants. Do not hesitate to contact T\u00e9r\u00e9 and Olivier to discover special conditions of sale made to measure to initiate you or for a more dynamic performance of your activity &#8220;Sale of tea.<\/p>\n<p>[\/vc_column_text]\n\t\t\t<div class=\"ult_dual_button  ult-adjust-bottom-margin to-center  \"  data-response=\"on\" id=\"ult_btn_1446420229\">\n\n\t\t\t<div id=\"dualbtn-3575\" class=\"ulitmate_dual_buttons ult-dual-btn3 ult_main_dualbtn \" data-bcolor=\"#333333\"data-bhcolor=\"\">\n\n\t\t\t<div class=\"ult_dualbutton-wrapper btn-inline place-template bt1 \"><a href=\"javascript:void(0);\"  class=\"ult_ivan_button round-square with-icon icon-before with-text place-template ult_dual1\" style=\";margin-right:px;;background-color:#9b7e46 !important;; border-color:#333333;border-style:;border-width:0px;border-radius:25px;;\">\n\t\t\t<span class=\"ult-dual-btn-1 Style 2\" style=\"\"  data-bgcolor=\"#9b7e46\" data-bghovercolor=\"#ffffff\" data-icon_color=\"#333333\" data-icon_hover_color=\"#333333\" data-textcolor=\"#ffffff\" data-texthovercolor=\"#9b7e46\" data-iconbgcolor=\"transperent\" data-iconbghovercolor=\"transperent\" data-iconborder=\"transperent\" data-iconhoverborder=\"transperent\" >\n\t\t\t<span class=\"icon-simple icon-left1 ult_btn1span ult-dual-btn-no-icon\"  style=\";padding-left:0px; \"><\/span>\n\t\t\t<span class=\"text-btn ult-dual-button-title ult-responsive\"  data-ultimate-target='#dualbtn-3575 .ult-dual-button-title'  data-responsive-json-new='{\"font-size\":\"desktop:15px;\",\"line-height\":\"desktop:15px;\"}'  style=\"font-weight:normal;color:#ffffff;\">Contact<\/span>\n\n\t\t\t<\/span>\n\t\t\t<\/a><span class=\"middle-text\" style=\"width: 25px;\n\t\t\t\theight: 25px;\n\t\t\t\tborder-radius: 50%;\n\t\t\t\tbackground-color:#ffffff;\">\n\t\t\t<span class=\"middle-inner\"  ><img decoding=\"async\" class=\"img-icon\" alt=\"null\" src=\"https:\/\/www.the-gourmand.com\/wp-content\/uploads\/2022\/04\/picto-the-gourmand-25x25px.png\" style=\"width: 25px;\n\t\t\t\theight: 25px;\n\t\t\t\tborder-radius: 50%;\n\t\t\t\tbackground-color:#ffffff;\" \/><\/span>\n\t\t\t<\/span>\n\n\t\t\t<\/div>\n\n\t\t\t<div class=\"ult_dualbutton-wrapper btn-inline place-template btn2 \"><a href=\"javascript:void(0);\"  class=\"ult_ivan_button round-square with-icon icon-after with-text place-template ult_dual2\"  style=\";background-color:#9b7e46 !important;;margin-left:px;;border-color:#333333;border-style:;border-width:0px;border-radius:25px;\">\n\t\t\t<span class=\"ult-dual-btn-2 Style 2\"  data-bgcolor=\"#9b7e46\" data-bghovercolor=\"#ffffff\" data-icon_color=\"#333333\" data-icon_hover_color=\"#333333\" data-textcolor=\"#ffffff\" data-texthovercolor=\"#9b7e46\" data-iconbgcolor=\"transperent\" data-iconbghovercolor=\"transperent\" data-iconborder=\"transperent\" data-iconhoverborder=\"transperent\" >\n\t\t\t<span class=\"text-btn ult-dual-button-title\" style=\"font-weight:normal;color:#ffffff;\">06 70 08 13 39<\/span>\n\n\t\t\t<span class=\"icon-simple icon-right2 ult_btn1span ult-dual-btn-no-icon\"  style=\";padding-left:0px; \"><\/span>\n\t\t\t<\/span>\n\t\t\t<\/a><\/div>\n\t\t\t<\/div>\n\t\t\t<\/div>[\/vc_column][\/vc_row][vc_row type=&#8221;vc_default&#8221; full_width=&#8221;stretch_row&#8221; bg_type=&#8221;image&#8221; parallax_style=&#8221;vcpb-default&#8221; bg_image_new=&#8221;id^995|url^https:\/\/www.the-gourmand.com\/wp-content\/uploads\/2022\/04\/Banniere-decoupe-2000x1020px.jpg|caption^null|alt^null|title^Banniere-decoupe-2000x1020px|description^null&#8221; bg_image_repeat=&#8221;no-repeat&#8221;][vc_column][vc_empty_space][vc_empty_space][vc_row_inner][vc_column_inner width=&#8221;1\/3&#8243;]<div class=\"ult-content-box-container \" >\t<a class=\"ult-content-box-anchor\" href=\"https:\/\/www.the-gourmand.com\/categorie-produit\/thes\/\" title=\"D\u00e9couvrez nos th\u00e9s\" >\t\t<div class=\"ult-content-box\" style=\"background-color:rgba(255,255,255,0.6);box-shadow: px px px px none;border-style:solid;border-radius:25px;border-color:#ffffff;-webkit-transition: all 700ms ease;-moz-transition: all 700ms ease;-ms-transition: all 700ms ease;-o-transition: all 700ms ease;transition: all 700ms ease;\"  data-hover_box_shadow=\"none\"     data-bg=\"rgba(255,255,255,0.6)\"  data-border_color=\"#ffffff\" >[vc_empty_space][vc_single_image image=&#8221;568&#8243; img_size=&#8221;full&#8221; alignment=&#8221;center&#8221;][vc_column_text]<\/p>\n<h3 style=\"text-align: center;\">Teas<\/h3>\n<p>[\/vc_column_text][vc_empty_space]\t\t<\/div>\t<\/a><\/div>[\/vc_column_inner][vc_column_inner width=&#8221;1\/3&#8243;]<div class=\"ult-content-box-container \" >\t<a class=\"ult-content-box-anchor\" href=\"https:\/\/www.the-gourmand.com\/categorie-produit\/infusions\/\" title=\"D\u00e9couvrez nos infusions\" >\t\t<div class=\"ult-content-box\" style=\"background-color:rgba(255,255,255,0.6);box-shadow: px px px px none;border-style:solid;border-radius:25px;border-color:#ffffff;-webkit-transition: all 700ms ease;-moz-transition: all 700ms ease;-ms-transition: all 700ms ease;-o-transition: all 700ms ease;transition: all 700ms ease;\"  data-hover_box_shadow=\"none\"     data-bg=\"rgba(255,255,255,0.6)\"  data-border_color=\"#ffffff\" >[vc_empty_space][vc_single_image image=&#8221;574&#8243; img_size=&#8221;full&#8221; alignment=&#8221;center&#8221;][vc_column_text]<\/p>\n<h3 style=\"text-align: center;\">Infusions<\/h3>\n<p>[\/vc_column_text][vc_empty_space]\t\t<\/div>\t<\/a><\/div>[\/vc_column_inner][vc_column_inner width=&#8221;1\/3&#8243;]<div class=\"ult-content-box-container \" >\t<a class=\"ult-content-box-anchor\" href=\"https:\/\/www.the-gourmand.com\/categorie-produit\/accessoires\/\" title=\"D\u00e9couvrez nos accessoires\" >\t\t<div class=\"ult-content-box\" style=\"background-color:rgba(255,255,255,0.6);box-shadow: px px px px none;border-style:solid;border-radius:25px;border-color:#ffffff;-webkit-transition: all 700ms ease;-moz-transition: all 700ms ease;-ms-transition: all 700ms ease;-o-transition: all 700ms ease;transition: all 700ms ease;\"  data-hover_box_shadow=\"none\"     data-bg=\"rgba(255,255,255,0.6)\"  data-border_color=\"#ffffff\" >[vc_empty_space][vc_single_image image=&#8221;572&#8243; img_size=&#8221;full&#8221; alignment=&#8221;center&#8221;][vc_column_text]<\/p>\n<h3 style=\"text-align: center;\">Accessories<\/h3>\n<p>[\/vc_column_text][vc_empty_space]\t\t<\/div>\t<\/a><\/div>[\/vc_column_inner][\/vc_row_inner][vc_empty_space][vc_empty_space][\/vc_column][\/vc_row][vc_row][vc_column][vc_empty_space][\/vc_column][\/vc_row][vc_row content_placement=&#8221;bottom&#8221;][vc_column width=&#8221;1\/3&#8243;]<div id=\"ultimate-heading-646369ecd4e8ab97f\" class=\"uvc-heading ult-adjust-bottom-margin ultimate-heading-646369ecd4e8ab97f uvc-5320  uvc-heading-default-font-sizes\" data-hspacer=\"image_only\"  data-halign=\"center\" style=\"text-align:center\"><div class=\"uvc-heading-spacer image_only\" style=\"top\"><img decoding=\"async\" src=\"https:\/\/www.the-gourmand.com\/wp-content\/uploads\/2022\/03\/puce-the-gourmand-150x150px.png\" class=\"ultimate-headings-icon-image\" alt=\"null\" style=\"width:50px\"\/><\/div><div class=\"uvc-main-heading ult-responsive\"  data-ultimate-target='.uvc-heading.ultimate-heading-646369ecd4e8ab97f h2'  data-responsive-json-new='{\"font-size\":\"\",\"line-height\":\"\"}' ><h2 style=\"--font-weight:theme;margin-top:10px;\">Sale of teas and infusions in France and Europe<\/h2><\/div><\/div>[vc_empty_space height=&#8221;16px&#8221;]<style type=\"text\/css\" data-type=\"the7_shortcodes-inline-css\">#default-btn-de7b1de7770e9de5e749b85ca46e6624.ico-right-side > i {\n  margin-right: 0px;\n  margin-left: 8px;\n}\n#default-btn-de7b1de7770e9de5e749b85ca46e6624 > i {\n  margin-right: 8px;\n}<\/style><div class=\"btn-align-center\"><a href=\"#\" class=\"default-btn-shortcode dt-btn dt-btn-m link-hover-off \" id=\"default-btn-de7b1de7770e9de5e749b85ca46e6624\"><i class=\"icomoon-the7-font-icon-cart-detailed\"><\/i><span>D\u00e9couvrir la boutique en ligne<\/span><\/a><\/div>[vc_empty_space height=&#8221;16px&#8221;][\/vc_column][vc_column width=&#8221;2\/3&#8243;][vc_empty_space height=&#8221;16px&#8221;][vc_column_text css=&#8221;.vc_custom_1650354239333{margin-bottom: 0px !important;}&#8221;]<\/p>\n<p style=\"text-align: center;\">Our online shop finds high quality teas and infusions for you and regularly offers you new products. We will be very happy to guide you personally in the choice of your tea or infusion.<\/p>\n<p style=\"text-align: center;\">Our products are aimed at both individuals and professionals, whether you have a Tea Room, a Grocery Store, a Cafeteria or a Restaurant. We can also train your staff and advise you in your approach.<\/p>\n<p>[\/vc_column_text][vc_empty_space]<style type=\"text\/css\" data-type=\"the7_shortcodes-inline-css\">#default-btn-24d91d53b6100f21434274fc20ff8840.ico-right-side > i {\n  margin-right: 0px;\n  margin-left: 8px;\n}\n#default-btn-24d91d53b6100f21434274fc20ff8840 > i {\n  margin-right: 8px;\n}<\/style><div class=\"btn-align-center\"><a href=\"#\" class=\"default-btn-shortcode dt-btn dt-btn-m link-hover-off \" id=\"default-btn-24d91d53b6100f21434274fc20ff8840\"><i class=\"icomoon-the7-font-the7-login-04\"><\/i><span>Contact Clients Professionnels<\/span><\/a><\/div>[vc_empty_space][vc_column_text]<br \/>\nTo learn more about our products, don&#8217;t wait any longer and visit our <a href=\"https:\/\/www.the-gourmand.com\/en\/boutique\/\">Online Store<\/a>!<br \/>\n[\/vc_column_text][\/vc_column][\/vc_row]<\/p>\n<\/div>","protected":false},"excerpt":{"rendered":"<p>[vc_row][vc_column][vc_column_text] Th\u00e9 Gourmand, your online store, is a family business, created by T\u00e9r\u00e9 and Olivier LACHEVRE after many years of experience in the food industry. \u00a0After working in Oceania, America, Asia and Europe, they put their knowledge at your service to ensure you a unique experience. The choice of teas and infusions, as well as&hellip;<\/p>\n","protected":false},"author":1,"featured_media":0,"parent":0,"menu_order":0,"comment_status":"closed","ping_status":"closed","template":"","meta":{"footnotes":""},"class_list":["post-1080","page","type-page","status-publish","hentry","description-off"],"yoast_head":"<!-- This site is optimized with the Yoast SEO plugin v27.4 - https:\/\/yoast.com\/product\/yoast-seo-wordpress\/ -->\n<title>Th\u00e9 Gourmand - Online store of teas and infusions, selected, made and distributed by Th\u00e9 Gourmand. Tea specialist for over 20 years.<\/title>\n<meta name=\"description\" content=\"Find a wide selection of teas, infusions, rooibos and accessories in our online store, for individuals &amp; professionals.\" \/>\n<meta name=\"robots\" content=\"index, follow, max-snippet:-1, max-image-preview:large, max-video-preview:-1\" \/>\n<link rel=\"canonical\" href=\"https:\/\/www.the-gourmand.com\/en\/about-us\/\" \/>\n<meta property=\"og:locale\" content=\"en_US\" \/>\n<meta property=\"og:type\" content=\"article\" \/>\n<meta property=\"og:title\" content=\"Th\u00e9 Gourmand - Online store of teas and infusions, selected, made and distributed by Th\u00e9 Gourmand. Tea specialist for over 20 years.\" \/>\n<meta property=\"og:description\" content=\"Find a wide selection of teas, infusions, rooibos and accessories in our online store, for individuals &amp; professionals.\" \/>\n<meta property=\"og:url\" content=\"https:\/\/www.the-gourmand.com\/en\/about-us\/\" \/>\n<meta property=\"og:site_name\" content=\"Th\u00e9 Gourmand\" \/>\n<meta property=\"article:modified_time\" content=\"2022-05-25T09:13:27+00:00\" \/>\n<meta name=\"twitter:card\" content=\"summary_large_image\" \/>\n<meta name=\"twitter:label1\" content=\"Est. reading time\" \/>\n\t<meta name=\"twitter:data1\" content=\"3 minutes\" \/>\n<script type=\"application\/ld+json\" class=\"yoast-schema-graph\">{\"@context\":\"https:\\\/\\\/schema.org\",\"@graph\":[{\"@type\":\"WebPage\",\"@id\":\"https:\\\/\\\/www.the-gourmand.com\\\/en\\\/about-us\\\/\",\"url\":\"https:\\\/\\\/www.the-gourmand.com\\\/en\\\/about-us\\\/\",\"name\":\"Th\u00e9 Gourmand - Online store of teas and infusions, selected, made and distributed by Th\u00e9 Gourmand. Tea specialist for over 20 years.\",\"isPartOf\":{\"@id\":\"https:\\\/\\\/www.the-gourmand.com\\\/en\\\/#website\"},\"datePublished\":\"2022-02-28T13:41:30+00:00\",\"dateModified\":\"2022-05-25T09:13:27+00:00\",\"description\":\"Find a wide selection of teas, infusions, rooibos and accessories in our online store, for individuals & professionals.\",\"breadcrumb\":{\"@id\":\"https:\\\/\\\/www.the-gourmand.com\\\/en\\\/about-us\\\/#breadcrumb\"},\"inLanguage\":\"en-US\",\"potentialAction\":[{\"@type\":\"ReadAction\",\"target\":[\"https:\\\/\\\/www.the-gourmand.com\\\/en\\\/about-us\\\/\"]}]},{\"@type\":\"BreadcrumbList\",\"@id\":\"https:\\\/\\\/www.the-gourmand.com\\\/en\\\/about-us\\\/#breadcrumb\",\"itemListElement\":[{\"@type\":\"ListItem\",\"position\":1,\"name\":\"Accueil\",\"item\":\"https:\\\/\\\/www.the-gourmand.com\\\/en\\\/\"},{\"@type\":\"ListItem\",\"position\":2,\"name\":\"About us\"}]},{\"@type\":\"WebSite\",\"@id\":\"https:\\\/\\\/www.the-gourmand.com\\\/en\\\/#website\",\"url\":\"https:\\\/\\\/www.the-gourmand.com\\\/en\\\/\",\"name\":\"Th\u00e9 Gourmand\",\"description\":\"Boutique en ligne de th\u00e9s.\",\"publisher\":{\"@id\":\"https:\\\/\\\/www.the-gourmand.com\\\/en\\\/#organization\"},\"potentialAction\":[{\"@type\":\"SearchAction\",\"target\":{\"@type\":\"EntryPoint\",\"urlTemplate\":\"https:\\\/\\\/www.the-gourmand.com\\\/en\\\/?s={search_term_string}\"},\"query-input\":{\"@type\":\"PropertyValueSpecification\",\"valueRequired\":true,\"valueName\":\"search_term_string\"}}],\"inLanguage\":\"en-US\"},{\"@type\":\"Organization\",\"@id\":\"https:\\\/\\\/www.the-gourmand.com\\\/en\\\/#organization\",\"name\":\"Th\u00e9 Gourmand\",\"url\":\"https:\\\/\\\/www.the-gourmand.com\\\/en\\\/\",\"logo\":{\"@type\":\"ImageObject\",\"inLanguage\":\"en-US\",\"@id\":\"https:\\\/\\\/www.the-gourmand.com\\\/en\\\/#\\\/schema\\\/logo\\\/image\\\/\",\"url\":\"https:\\\/\\\/www.the-gourmand.com\\\/wp-content\\\/uploads\\\/2022\\\/02\\\/logo-the-gourmand-320x132px.png\",\"contentUrl\":\"https:\\\/\\\/www.the-gourmand.com\\\/wp-content\\\/uploads\\\/2022\\\/02\\\/logo-the-gourmand-320x132px.png\",\"width\":320,\"height\":132,\"caption\":\"Th\u00e9 Gourmand\"},\"image\":{\"@id\":\"https:\\\/\\\/www.the-gourmand.com\\\/en\\\/#\\\/schema\\\/logo\\\/image\\\/\"}}]}<\/script>\n<!-- \/ Yoast SEO plugin. -->","yoast_head_json":{"title":"Th\u00e9 Gourmand - Online store of teas and infusions, selected, made and distributed by Th\u00e9 Gourmand. Tea specialist for over 20 years.","description":"Find a wide selection of teas, infusions, rooibos and accessories in our online store, for individuals & professionals.","robots":{"index":"index","follow":"follow","max-snippet":"max-snippet:-1","max-image-preview":"max-image-preview:large","max-video-preview":"max-video-preview:-1"},"canonical":"https:\/\/www.the-gourmand.com\/en\/about-us\/","og_locale":"en_US","og_type":"article","og_title":"Th\u00e9 Gourmand - Online store of teas and infusions, selected, made and distributed by Th\u00e9 Gourmand. Tea specialist for over 20 years.","og_description":"Find a wide selection of teas, infusions, rooibos and accessories in our online store, for individuals & professionals.","og_url":"https:\/\/www.the-gourmand.com\/en\/about-us\/","og_site_name":"Th\u00e9 Gourmand","article_modified_time":"2022-05-25T09:13:27+00:00","twitter_card":"summary_large_image","twitter_misc":{"Est. reading time":"3 minutes"},"schema":{"@context":"https:\/\/schema.org","@graph":[{"@type":"WebPage","@id":"https:\/\/www.the-gourmand.com\/en\/about-us\/","url":"https:\/\/www.the-gourmand.com\/en\/about-us\/","name":"Th\u00e9 Gourmand - Online store of teas and infusions, selected, made and distributed by Th\u00e9 Gourmand. Tea specialist for over 20 years.","isPartOf":{"@id":"https:\/\/www.the-gourmand.com\/en\/#website"},"datePublished":"2022-02-28T13:41:30+00:00","dateModified":"2022-05-25T09:13:27+00:00","description":"Find a wide selection of teas, infusions, rooibos and accessories in our online store, for individuals & professionals.","breadcrumb":{"@id":"https:\/\/www.the-gourmand.com\/en\/about-us\/#breadcrumb"},"inLanguage":"en-US","potentialAction":[{"@type":"ReadAction","target":["https:\/\/www.the-gourmand.com\/en\/about-us\/"]}]},{"@type":"BreadcrumbList","@id":"https:\/\/www.the-gourmand.com\/en\/about-us\/#breadcrumb","itemListElement":[{"@type":"ListItem","position":1,"name":"Accueil","item":"https:\/\/www.the-gourmand.com\/en\/"},{"@type":"ListItem","position":2,"name":"About us"}]},{"@type":"WebSite","@id":"https:\/\/www.the-gourmand.com\/en\/#website","url":"https:\/\/www.the-gourmand.com\/en\/","name":"Th\u00e9 Gourmand","description":"Boutique en ligne de th\u00e9s.","publisher":{"@id":"https:\/\/www.the-gourmand.com\/en\/#organization"},"potentialAction":[{"@type":"SearchAction","target":{"@type":"EntryPoint","urlTemplate":"https:\/\/www.the-gourmand.com\/en\/?s={search_term_string}"},"query-input":{"@type":"PropertyValueSpecification","valueRequired":true,"valueName":"search_term_string"}}],"inLanguage":"en-US"},{"@type":"Organization","@id":"https:\/\/www.the-gourmand.com\/en\/#organization","name":"Th\u00e9 Gourmand","url":"https:\/\/www.the-gourmand.com\/en\/","logo":{"@type":"ImageObject","inLanguage":"en-US","@id":"https:\/\/www.the-gourmand.com\/en\/#\/schema\/logo\/image\/","url":"https:\/\/www.the-gourmand.com\/wp-content\/uploads\/2022\/02\/logo-the-gourmand-320x132px.png","contentUrl":"https:\/\/www.the-gourmand.com\/wp-content\/uploads\/2022\/02\/logo-the-gourmand-320x132px.png","width":320,"height":132,"caption":"Th\u00e9 Gourmand"},"image":{"@id":"https:\/\/www.the-gourmand.com\/en\/#\/schema\/logo\/image\/"}}]}},"_links":{"self":[{"href":"https:\/\/www.the-gourmand.com\/en\/wp-json\/wp\/v2\/pages\/1080","targetHints":{"allow":["GET"]}}],"collection":[{"href":"https:\/\/www.the-gourmand.com\/en\/wp-json\/wp\/v2\/pages"}],"about":[{"href":"https:\/\/www.the-gourmand.com\/en\/wp-json\/wp\/v2\/types\/page"}],"author":[{"embeddable":true,"href":"https:\/\/www.the-gourmand.com\/en\/wp-json\/wp\/v2\/users\/1"}],"replies":[{"embeddable":true,"href":"https:\/\/www.the-gourmand.com\/en\/wp-json\/wp\/v2\/comments?post=1080"}],"version-history":[{"count":10,"href":"https:\/\/www.the-gourmand.com\/en\/wp-json\/wp\/v2\/pages\/1080\/revisions"}],"predecessor-version":[{"id":1525,"href":"https:\/\/www.the-gourmand.com\/en\/wp-json\/wp\/v2\/pages\/1080\/revisions\/1525"}],"wp:attachment":[{"href":"https:\/\/www.the-gourmand.com\/en\/wp-json\/wp\/v2\/media?parent=1080"}],"curies":[{"name":"wp","href":"https:\/\/api.w.org\/{rel}","templated":true}]}}